{"id":3372,"date":"2024-11-01T14:57:52","date_gmt":"2024-11-01T14:57:52","guid":{"rendered":"https:\/\/nfc-readers.com\/?post_type=product&#038;p=3372"},"modified":"2024-11-01T14:57:52","modified_gmt":"2024-11-01T14:57:52","slug":"13-56mhz-iso14443a-anti-fake-ntag-424-tamper-nfc-sticker","status":"publish","type":"product","link":"https:\/\/nfc-readers.com\/nl\/ic-reader\/13-56mhz-iso14443a-anti-fake-ntag-424-tamper-nfc-sticker\/","title":{"rendered":"13,56 MHZ ISO14443A anti-nep NTAG 424-manipulatie NFC-sticker"},"content":{"rendered":"<h1 style=\"text-align: center;\"><strong>13,56 MHZ ISO14443A anti-nep NTAG 424-manipulatie NFC-sticker<\/strong><\/h1>\n<p>&nbsp;<\/p>\n<p>De\u00a0<strong>13,56 MHz ISO14443A anti-nep NTAG 424-manipulatie NFC-sticker<\/strong>\u00a0vertegenwoordigt een geavanceerde oplossing in digitale authenticatie en anti-namaaktechnologie. Deze NFC-sticker is ontworpen met geavanceerde functies, benut de kracht van RFID-communicatie en is ingebed met de NTAG424 DNA-chip, waarmee bedrijven en individuen producten en gevoelige informatie kunnen beschermen tegen namaakbedreigingen.<\/p>\n<p>In de huidige markt is het cruciaal om de authenticiteit van producten te garanderen, en deze NFC-tag biedt bedrijven een betaalbare en effectieve manier om dat te doen. Of u nu een retailer bent die de productbeveiliging wil verbeteren of een individu dat de authenticiteit van goederen wil verifi\u00ebren, investeren in onze NTAG 424 NFC-stickers is een slimme keuze.<\/p>\n<p>&nbsp;<\/p>\n<h3><strong>Productkenmerken en voordelen<\/strong><\/h3>\n<p>&nbsp;<\/p>\n<h3>1. Geavanceerde anti-namaaktechnologie<\/h3>\n<p>De\u00a0<strong>NTAG 424 DNA NFC-tag<\/strong>\u00a0maakt gebruik van geavanceerde anti-namaaktechnologie waarmee gebruikers de authenticiteit van producten naadloos kunnen verifi\u00ebren. De ingebouwde wachtwoordbeveiliging en veilige gecodeerde communicatie zorgen ervoor dat alleen geautoriseerde gebruikers toegang hebben tot gevoelige informatie. Of u het nu gebruikt voor merkartikelen, verzamelobjecten of zelfs persoonlijke bezittingen, deze NFC-sticker biedt gemoedsrust, wetende dat elke tag fraudebestendig is.<\/p>\n<ul>\n<li><strong>Ingebouwde beveiligingsfuncties:<\/strong>\u00a0De NTAG 424-chip beschikt over meerdere encryptieopties om uw gegevens effectief te beveiligen.<\/li>\n<li><strong>Gebruiksvriendelijke toegang:<\/strong>\u00a0Consumenten kunnen de authenticiteit met \u00e9\u00e9n tik verifi\u00ebren, wat het proces geheel probleemloos maakt.<\/li>\n<\/ul>\n<h3>2. Veelzijdige communicatie-interface<\/h3>\n<p>Onze NFC-sticker is gebaseerd op het ISO 14443A-protocol en ondersteunt beide\u00a0<strong>RFID<\/strong>\u00a0en NFC-communicatie-interfaces, waardoor het compatibel is met een breed scala aan apparaten, waaronder smartphones, tablets en NFC-readers. Deze veelzijdigheid zorgt ervoor dat klanten eenvoudig toegang hebben tot productinformatie, wat de betrokkenheid en klantloyaliteit vergroot.<\/p>\n<ul>\n<li><strong>Compatibele apparaten:<\/strong>\u00a0Werkt naadloos met Android, iPhone en andere NFC-apparaten.<\/li>\n<li><strong>Verbeterde gebruikerservaring:<\/strong>\u00a0Klanten kunnen moeiteloos met producten interacteren.<\/li>\n<\/ul>\n<h3>3. Aangepaste maatopties<\/h3>\n<p>Terwijl de\u00a0<strong>NTAG 424 NFC-manipulatiesticker<\/strong>\u00a0is beschikbaar in standaardmaten, wij bieden maatwerk om aan specifieke behoeften te voldoen. Opties omvatten:<\/p>\n<ul>\n<li><strong>Diameteropties:<\/strong>\u00a0Configureerbare formaten, waaronder 25 mm en 45 mm x 30 mm.<\/li>\n<li><strong>Verschillende vormen:<\/strong>\u00a0Rechthoekige, ronde of aangepaste contouren die passen bij de esthetiek van uw merk.<\/li>\n<\/ul>\n<p>Dankzij deze verschillende formaten en vormen kunnen bedrijven unieke merkbelevingen cre\u00ebren, waardoor hun producten opvallen in de schappen.<\/p>\n<h3>4. Duurzaam en betrouwbaar materiaal<\/h3>\n<p>Deze NFC-stickers zijn gemaakt van gecoat papier en PET en zijn ontworpen voor duurzaamheid en betrouwbaarheid in verschillende omgevingsomstandigheden. Hun robuuste materiaal is bestand tegen slijtage, waardoor ze geschikt zijn voor binnen- en buitentoepassingen.<\/p>\n<ul>\n<li><strong>Waterdichte opties:<\/strong>\u00a0Verbetert de duurzaamheid en levensduur, ideaal voor producten die aan vocht worden blootgesteld.<\/li>\n<li><strong>Kleefkwaliteit:<\/strong>\u00a0Dankzij de sterke hechting blijven de stickers op verschillende ondergronden intact.<\/li>\n<\/ul>\n<p>&nbsp;<\/p>\n<h3><strong>Technische specificaties<\/strong><\/h3>\n<p>&nbsp;<\/p>\n<table class=\"w-fit !mb-0 !max-w-none\" style=\"height: 373px;\" width=\"446\">\n<thead>\n<tr>\n<th>Functie<\/th>\n<th>Specificatie<\/th>\n<\/tr>\n<\/thead>\n<tbody>\n<tr>\n<td>Frequentie<\/td>\n<td>13,56 MHz<\/td>\n<\/tr>\n<tr>\n<td>Protocol<\/td>\n<td>ISO 14443A<\/td>\n<\/tr>\n<tr>\n<td>Spaander<\/td>\n<td>NTAG424-DNA<\/td>\n<\/tr>\n<tr>\n<td>Materiaal<\/td>\n<td>Gecoat papier, PET<\/td>\n<\/tr>\n<tr>\n<td>Maatopties<\/td>\n<td>Diameter 25mm, 45mm x 30mm (op maat)<\/td>\n<\/tr>\n<tr>\n<td>Leesafstand<\/td>\n<td>1-10cm<\/td>\n<\/tr>\n<tr>\n<td>Afdrukopties<\/td>\n<td>CMYK, Offset, Zeefdruk<\/td>\n<\/tr>\n<tr>\n<td>Plaats van herkomst<\/td>\n<td>Guangdong, China<\/td>\n<\/tr>\n<tr>\n<td>Merknaam<\/td>\n<td>SHUNXIN-ZIN<\/td>\n<\/tr>\n<tr>\n<td>Modelnummer<\/td>\n<td>SX-NFC<\/td>\n<\/tr>\n<tr>\n<td>Verkoopeenheden<\/td>\n<td>Enkel item<\/td>\n<\/tr>\n<tr>\n<td>Pakketgrootte<\/td>\n<td>0,3x0,3x0,02 cm<\/td>\n<\/tr>\n<tr>\n<td>Brutogewicht<\/td>\n<td>0,001 kg<\/td>\n<\/tr>\n<\/tbody>\n<\/table>\n<h3><\/h3>\n<h3><strong>Veelgestelde vragen (FAQ&#039;s)<\/strong><\/h3>\n<p><strong>V: Kan ik de grootte van de NFC-sticker aanpassen?<\/strong><br \/>\n<strong>A:<\/strong>\u00a0Ja, wij bieden maatwerk voor de grootte van de NFC-stickers. Terwijl de standaardmaten een diameter van 25 mm en 45 mm x 30 mm omvatten, kunt u specifieke afmetingen aanvragen om aan uw vereisten te voldoen.<\/p>\n<hr \/>\n<p><strong>V: Hoe werkt de anti-namaakfunctie?<\/strong><br \/>\n<strong>A:<\/strong>\u00a0De NTAG 424 DNA-chip bevat geavanceerde encryptie- en authenticatieprotocollen. Wanneer een gebruiker de NFC-sticker scant met een NFC-apparaat, wordt de integriteit van de gegevens geverifieerd, zodat gebruikers de authenticiteit van het product kunnen bevestigen.<\/p>\n<hr \/>\n<p><strong>V: Welke apparaten zijn compatibel met de NTAG 424 NFC-sticker?<\/strong><br \/>\n<strong>A:<\/strong>\u00a0Onze NFC-stickers zijn compatibel met alle NFC-apparaten, waaronder de meeste moderne smartphones en tablets met Android en iOS. Zorg er gewoon voor dat uw apparaat NFC-mogelijkheden heeft.<\/p>\n<hr \/>\n<p><strong>V: Welke materialen worden gebruikt om NFC-stickers te produceren?<\/strong><br \/>\n<strong>A:<\/strong>\u00a0De stickers zijn gemaakt van gecoat papier en PET, wat duurzaamheid en weerstand tegen slijtage biedt. Ze zijn ontworpen om de kwaliteit te behouden, zelfs in verschillende omgevingsomstandigheden.<\/p>\n<p>&nbsp;<\/p>","protected":false},"excerpt":{"rendered":"<p>De 13,56MHz ISO14443A Anti-Fake NTAG 424 Tamper NFC Sticker biedt geavanceerde anti-namaakfuncties, wat de authenticiteit en veiligheid van het product garandeert. Het compacte ontwerp zorgt voor eenvoudige integratie in verschillende toepassingen, wat betrouwbare NFC-functionaliteit biedt voor veilige toegang en gegevensoverdracht.<\/p>","protected":false},"featured_media":3373,"template":"","meta":[],"product_brand":[],"product_cat":[48],"product_tag":[],"class_list":{"0":"post-3372","1":"product","2":"type-product","3":"status-publish","4":"has-post-thumbnail","6":"product_cat-nfc-stickers","8":"first","9":"instock","10":"shipping-taxable","11":"product-type-simple"},"_links":{"self":[{"href":"https:\/\/nfc-readers.com\/nl\/wp-json\/wp\/v2\/product\/3372","targetHints":{"allow":["GET"]}}],"collection":[{"href":"https:\/\/nfc-readers.com\/nl\/wp-json\/wp\/v2\/product"}],"about":[{"href":"https:\/\/nfc-readers.com\/nl\/wp-json\/wp\/v2\/types\/product"}],"wp:featuredmedia":[{"embeddable":true,"href":"https:\/\/nfc-readers.com\/nl\/wp-json\/wp\/v2\/media\/3373"}],"wp:attachment":[{"href":"https:\/\/nfc-readers.com\/nl\/wp-json\/wp\/v2\/media?parent=3372"}],"wp:term":[{"taxonomy":"product_brand","embeddable":true,"href":"https:\/\/nfc-readers.com\/nl\/wp-json\/wp\/v2\/product_brand?post=3372"},{"taxonomy":"product_cat","embeddable":true,"href":"https:\/\/nfc-readers.com\/nl\/wp-json\/wp\/v2\/product_cat?post=3372"},{"taxonomy":"product_tag","embeddable":true,"href":"https:\/\/nfc-readers.com\/nl\/wp-json\/wp\/v2\/product_tag?post=3372"}],"curies":[{"name":"wp","href":"https:\/\/api.w.org\/{rel}","templated":true}]}}