{"id":1493,"date":"2024-04-07T02:35:08","date_gmt":"2024-04-07T02:35:08","guid":{"rendered":"https:\/\/nfc-readers.com\/?post_type=product&#038;p=1493"},"modified":"2024-10-16T07:54:06","modified_gmt":"2024-10-16T07:54:06","slug":"acr1255u-j1-bluetooth-nfc-reader-writer","status":"publish","type":"product","link":"https:\/\/nfc-readers.com\/pt\/ic-reader\/acr1255u-j1-bluetooth-nfc-reader-writer\/","title":{"rendered":"ACR1255U-J1 \u2013 Leitor\/gravador Bluetooth\u00ae NFC"},"content":{"rendered":"<h1>ACR1255U-J1 \u2013 Leitor\/gravador Bluetooth\u00ae NFC<\/h1>\n<p>O leitor\/gravador NFC ACR1255U-J1 ACS Secure Bluetooth\u00ae NFC foi projetado para permitir aplicativos m\u00f3veis de cart\u00e3o inteligente e NFC com facilidade. Incorporando tecnologia avan\u00e7ada sem contato de 13,56 MHz junto com a integra\u00e7\u00e3o Bluetooth\u00ae, este dispositivo \u00e9 uma prova da tecnologia port\u00e1til moderna. Ele suporta uma variedade de formatos, incluindo cart\u00f5es inteligentes ISO 14443 Tipo A e B, MIFARE\u00ae, FeliCa\u00ae, bem como a maioria das etiquetas NFC e dispositivos que atendem ao padr\u00e3o ISO 18092, garantindo a aplicabilidade do ACR1255U-J1 a uma ampla gama de usos. Desde autentica\u00e7\u00e3o sem toque para controle de acesso at\u00e9 gerenciamento de invent\u00e1rio log\u00edstico, sua gama de aplica\u00e7\u00f5es \u00e9 diversificada. O ACR1255U-J1 oferece recursos de interface dupla. Ele utiliza Bluetooth Low Energy (BLE), tamb\u00e9m conhecido simplesmente como Bluetooth, para conectividade m\u00f3vel e USB Full Speed para intera\u00e7\u00f5es diretas com o PC. O dispositivo executa opera\u00e7\u00f5es de leitura\/grava\u00e7\u00e3o em velocidades que chegam a 424 Kbps, permitindo transfer\u00eancias r\u00e1pidas de dados com cart\u00f5es inteligentes sem contato e dispositivos NFC. Projetado para atividades em movimento, o ACR1255U-J1 possui uma constru\u00e7\u00e3o compacta e consome energia de um \u00edon de l\u00edtio recarreg\u00e1vel interno bateria. Sua portabilidade o torna uma ferramenta pronta para opera\u00e7\u00e3o com a maioria dos smartphones e tablets habilitados para Bluetooth, onde quer que voc\u00ea esteja. O firmware atualiz\u00e1vel em campo \u00e9 uma vantagem adicional do ACR1255U-J1, oferecendo benef\u00edcios econ\u00f4micos e que economizam tempo, ao mesmo tempo que acompanha o ritmo r\u00e1pido progresso tecnol\u00f3gico e adapta\u00e7\u00e3o \u00e0s diversas necessidades do usu\u00e1rio.Protegido pela criptografia AES-128, o leitor NFC Bluetooth se conecta de maneira f\u00e1cil e segura a dispositivos Android\u2122 (vers\u00e3o 4.3 e superior), iOS (vers\u00e3o 8.0 e superior), bem como Windows\u00ae ( 7 e superior) e Mac OS\u00ae (10.7 e superior). Para uso em desktop, o ACR1255U-J1 \u00e9 muito f\u00e1cil de instalar em computadores com Windows\u00ae, gra\u00e7as \u00e0 conformidade com PC\/SC e CCID. Al\u00e9m disso, \u00e9 compat\u00edvel com drivers Linux\u00ae e Mac OS\u00ae.<\/p>\n<ul>\n<li>\n<h2>Interface Bluetooth\u00ae<\/h2>\n<\/li>\n<li>\n<h2>Interface USB 2.0 de velocidade total<\/h2>\n<\/li>\n<li>\n<h2>Fonte de energia:<\/h2>\n<ul>\n<li>\n<h3>Alimentado por bateria (incorpora uma bateria de \u00edons de l\u00edtio recarreg\u00e1vel atrav\u00e9s da porta USB Mini-B)<\/h3>\n<\/li>\n<li>\n<h3>Alimentado por USB (atrav\u00e9s do modo vinculado ao PC)<\/h3>\n<\/li>\n<\/ul>\n<\/li>\n<li>\n<h2>Conformidade com CCID<\/h2>\n<\/li>\n<li>\n<h2>Leitor de cart\u00e3o inteligente:<\/h2>\n<ul>\n<li>\n<h3>Interface sem contato:<\/h3>\n<ul>\n<li>\n<h4>Velocidade de leitura\/grava\u00e7\u00e3o de at\u00e9 424 kbps<\/h4>\n<\/li>\n<li>\n<h4>Antena integrada para acesso a tags sem contato, com dist\u00e2ncia de leitura de cart\u00e3o de at\u00e9 60 mm (dependendo do tipo de tag)<\/h4>\n<\/li>\n<li>\n<h4>Suporta cart\u00f5es ISO 14443 Tipo A e B, MIFARE, FeliCa e todos os 4 tipos de tags NFC (ISO\/IEC 18092)<\/h4>\n<\/li>\n<li>\n<h4>Recurso anticolis\u00e3o integrado (apenas 1 tag \u00e9 acessada por vez)<\/h4>\n<\/li>\n<li>\n<h4>Suporte NFC<\/h4>\n<\/li>\n<li>\n<h4>Modo leitor\/gravador de cart\u00e3o<\/h4>\n<\/li>\n<\/ul>\n<\/li>\n<\/ul>\n<\/li>\n<li>\n<h2>Perif\u00e9ricos integrados:<\/h2>\n<ul>\n<li>\n<h3>Dois LEDs bicolores control\u00e1veis pelo usu\u00e1rio<\/h3>\n<\/li>\n<li>\n<h3>Campainha control\u00e1vel pelo usu\u00e1rio<\/h3>\n<\/li>\n<\/ul>\n<\/li>\n<li>\n<h2>Interface de programa\u00e7\u00e3o de aplicativos:<\/h2>\n<ul>\n<li>\n<h3>Suporta PC\/SC<\/h3>\n<\/li>\n<li>\n<h3>Suporta CT-API (atrav\u00e9s de wrapper em cima de PC\/SC)<\/h3>\n<\/li>\n<\/ul>\n<\/li>\n<li>\n<h2>Capacidade de atualiza\u00e7\u00e3o de firmware USB<\/h2>\n<\/li>\n<li>\n<h2>Suporta Android\u2122 4.3 e posterior<\/h2>\n<\/li>\n<li>\n<h2>Suporta iOS 8.0 e posterior<\/h2>\n<\/li>\n<li>\n<table width=\"719\">\n<tbody>\n<tr>\n<td colspan=\"2\" width=\"719\">Caracter\u00edsticas f\u00edsicas<\/td>\n<\/tr>\n<tr>\n<td width=\"326\">Dimens\u00f5es (mm)<\/td>\n<td width=\"393\">85 mm (C) x 54 mm (L) x 10 mm (A)<\/td>\n<\/tr>\n<tr>\n<td width=\"326\">Peso (g)<\/td>\n<td width=\"393\">37,5 g (74,1 g com cabo \u00b1 toler\u00e2ncia de 5 g)<\/td>\n<\/tr>\n<tr>\n<td colspan=\"2\" width=\"719\">Interface Bluetooth<\/td>\n<\/tr>\n<tr>\n<td width=\"326\">Protocolo<\/td>\n<td width=\"393\">Bluetooth\u00ae(Bluetooth 4.0)<\/td>\n<\/tr>\n<tr>\n<td width=\"326\">Fonte de energia<\/td>\n<td width=\"393\">Bateria recarreg\u00e1vel de \u00edons de l\u00edtio (carregamento via USB)<\/td>\n<\/tr>\n<tr>\n<td width=\"326\">Velocidade<\/td>\n<td width=\"393\">1Mbps<\/td>\n<\/tr>\n<tr>\n<td colspan=\"2\" width=\"719\">Interface USB<\/td>\n<\/tr>\n<tr>\n<td width=\"326\">Protocolo<\/td>\n<td width=\"393\">IDCC USB<\/td>\n<\/tr>\n<tr>\n<td width=\"326\">Tipo de conector<\/td>\n<td width=\"393\">USB Mini-B<\/td>\n<\/tr>\n<tr>\n<td width=\"326\">Fonte de energia<\/td>\n<td width=\"393\">Da porta USB<\/td>\n<\/tr>\n<tr>\n<td width=\"326\">Velocidade<\/td>\n<td width=\"393\">Velocidade total USB (12 Mbps)<\/td>\n<\/tr>\n<tr>\n<td width=\"326\">Comprimento do cabo<\/td>\n<td width=\"393\">1m, Destac\u00e1vel<\/td>\n<\/tr>\n<tr>\n<td colspan=\"2\" width=\"719\">Interface de cart\u00e3o inteligente sem contato<\/td>\n<\/tr>\n<tr>\n<td width=\"326\">Padr\u00e3o<\/td>\n<td width=\"393\">ISO\/IEC 18092 NFC, ISO 14443 Tipo A e B, MIFARE, FeliCa<\/td>\n<\/tr>\n<tr>\n<td width=\"326\">Protocolo<\/td>\n<td width=\"393\">Placa compat\u00edvel com ISO 14443-4, T=CL<br \/>\nCart\u00e3o Cl\u00e1ssico MIFARE, T=CL<br \/>\nISO 18092, etiquetas NFC<br \/>\nFeliCa<\/td>\n<\/tr>\n<tr>\n<td colspan=\"2\" width=\"719\">Perif\u00e9ricos integrados<\/td>\n<\/tr>\n<tr>\n<td width=\"326\">LIDERADO<\/td>\n<td width=\"393\">2 bicolores: vermelho e azul, vermelho e verde<\/td>\n<\/tr>\n<tr>\n<td width=\"326\">Campainha<\/td>\n<td width=\"393\">Mon\u00f3tono<\/td>\n<\/tr>\n<tr>\n<td colspan=\"2\" width=\"719\">Outras caracter\u00edsticas<\/td>\n<\/tr>\n<tr>\n<td width=\"326\">Criptografia<\/td>\n<td width=\"393\">Algoritmo de criptografia AES no dispositivo<\/td>\n<\/tr>\n<tr>\n<td width=\"326\">Atualiza\u00e7\u00e3o de firmware<\/td>\n<td width=\"393\">Suportado<\/td>\n<\/tr>\n<tr>\n<td colspan=\"2\" width=\"719\">Certifica\u00e7\u00f5es\/Conformidade<\/td>\n<\/tr>\n<tr>\n<td rowspan=\"14\" width=\"326\">Certifica\u00e7\u00f5es\/Conformidade<\/td>\n<td>EN 60950\/IEC 60950<\/td>\n<\/tr>\n<tr>\n<td>ISO 18092<\/td>\n<\/tr>\n<tr>\n<td>ISO 14443<\/td>\n<\/tr>\n<tr>\n<td>Velocidade total USB<\/td>\n<\/tr>\n<tr>\n<td>Bluetooth\u00ae<\/td>\n<\/tr>\n<tr>\n<td>PC\/SC<\/td>\n<\/tr>\n<tr>\n<td>CCID<\/td>\n<\/tr>\n<tr>\n<td>CE<\/td>\n<\/tr>\n<tr>\n<td>FCC<\/td>\n<\/tr>\n<tr>\n<td>RoHS<\/td>\n<\/tr>\n<tr>\n<td>ALCAN\u00c7AR<\/td>\n<\/tr>\n<tr>\n<td>VCCI (Jap\u00e3o)<\/td>\n<\/tr>\n<tr>\n<td>BIS (\u00cdndia)<\/td>\n<\/tr>\n<tr>\n<td>Microsoft\u00aeWHQL<\/td>\n<\/tr>\n<tr>\n<td colspan=\"2\" width=\"719\">Suporte ao sistema operacional de driver de dispositivo<\/td>\n<\/tr>\n<tr>\n<td rowspan=\"5\" width=\"326\">Suporte ao sistema operacional de driver de dispositivo<\/td>\n<td width=\"393\">Windows\u00ae<\/td>\n<\/tr>\n<tr>\n<td width=\"393\">Linux\u00ae<\/td>\n<\/tr>\n<tr>\n<td width=\"393\">MAC OS\u00ae 10.7 e posterior<\/td>\n<\/tr>\n<tr>\n<td width=\"393\">Android\u2122 4.3 e posterior<\/td>\n<\/tr>\n<tr>\n<td width=\"393\">iOS 8.0 e posterior<\/td>\n<\/tr>\n<\/tbody>\n<\/table>\n<\/li>\n<\/ul>","protected":false},"excerpt":{"rendered":"<p>O ACR1255U-J1 \u00e9 um leitor NFC Bluetooth\u00ae vers\u00e1til equipado com tecnologia RFID, permitindo intera\u00e7\u00f5es perfeitas em dispositivos m\u00f3veis e de mesa com cart\u00f5es inteligentes e dispositivos NFC.<\/p>","protected":false},"featured_media":1496,"template":"","meta":[],"product_brand":[],"product_cat":[38,40],"product_tag":[],"class_list":{"0":"post-1493","1":"product","2":"type-product","3":"status-publish","4":"has-post-thumbnail","6":"product_cat-mobile-ble-nfc-reader","7":"product_cat-rfid-nfc-reader","9":"first","10":"instock","11":"shipping-taxable","12":"product-type-simple"},"_links":{"self":[{"href":"https:\/\/nfc-readers.com\/pt\/wp-json\/wp\/v2\/product\/1493","targetHints":{"allow":["GET"]}}],"collection":[{"href":"https:\/\/nfc-readers.com\/pt\/wp-json\/wp\/v2\/product"}],"about":[{"href":"https:\/\/nfc-readers.com\/pt\/wp-json\/wp\/v2\/types\/product"}],"wp:featuredmedia":[{"embeddable":true,"href":"https:\/\/nfc-readers.com\/pt\/wp-json\/wp\/v2\/media\/1496"}],"wp:attachment":[{"href":"https:\/\/nfc-readers.com\/pt\/wp-json\/wp\/v2\/media?parent=1493"}],"wp:term":[{"taxonomy":"product_brand","embeddable":true,"href":"https:\/\/nfc-readers.com\/pt\/wp-json\/wp\/v2\/product_brand?post=1493"},{"taxonomy":"product_cat","embeddable":true,"href":"https:\/\/nfc-readers.com\/pt\/wp-json\/wp\/v2\/product_cat?post=1493"},{"taxonomy":"product_tag","embeddable":true,"href":"https:\/\/nfc-readers.com\/pt\/wp-json\/wp\/v2\/product_tag?post=1493"}],"curies":[{"name":"wp","href":"https:\/\/api.w.org\/{rel}","templated":true}]}}