{"id":1511,"date":"2024-04-07T02:55:34","date_gmt":"2024-04-07T02:55:34","guid":{"rendered":"https:\/\/nfc-readers.com\/?post_type=product&#038;p=1511"},"modified":"2024-10-16T08:11:19","modified_gmt":"2024-10-16T08:11:19","slug":"acr1311u-n2-nfc-bluetooth-reader","status":"publish","type":"product","link":"https:\/\/nfc-readers.com\/pt\/ic-reader\/acr1311u-n2-nfc-bluetooth-reader\/","title":{"rendered":"Leitor NFC Bluetooth ACR1311U-N2"},"content":{"rendered":"<h1>Leitor NFC Bluetooth ACR1311U-N2<\/h1>\n<p>O ACR1311U-N2 exemplifica um dispositivo Bluetooth leitor NFC adapt\u00e1vel e eficiente. Sua ampla compatibilidade com v\u00e1rios padr\u00f5es de cart\u00f5es inteligentes e NFC, combinada com firmware atualiz\u00e1vel e f\u00e1cil de usar, garante que ele se destaque como uma ferramenta multifuncional e preparada para o futuro, adequada para diversas aplica\u00e7\u00f5es RFID e NFC.<\/p>\n<ul>\n<li><iframe loading=\"lazy\" title=\"Gravador de leitor NFC Bluetooth ACR1311\" width=\"1020\" height=\"574\" src=\"https:\/\/www.youtube.com\/embed\/gTAp1gC83Q8?feature=oembed\" frameborder=\"0\" allow=\"accelerometer; autoplay; clipboard-write; encrypted-media; gyroscope; picture-in-picture; web-share\" referrerpolicy=\"strict-origin-when-cross-origin\" allowfullscreen><\/iframe>\n<p>Interface Bluetooth\u00ae<\/li>\n<li>\n<h2>Interface USB 2.0 de velocidade total<\/h2>\n<\/li>\n<li>\n<h2>Fonte de energia:<\/h2>\n<ul>\n<li>\n<h3>Alimentado por bateria (incorpora uma bateria de \u00edons de l\u00edtio recarreg\u00e1vel atrav\u00e9s da porta USB Mini-B)<\/h3>\n<\/li>\n<li>\n<h3>Alimentado por USB (atrav\u00e9s do modo vinculado ao PC)<\/h3>\n<\/li>\n<\/ul>\n<\/li>\n<li>\n<h2>Conformidade com CCID<\/h2>\n<\/li>\n<li>\n<h2>Leitor de cart\u00e3o inteligente:<\/h2>\n<ul>\n<li>\n<h3>Interface sem contato:<\/h3>\n<ul>\n<li>\n<h4>Velocidade de leitura\/grava\u00e7\u00e3o de at\u00e9 424 kbps<\/h4>\n<\/li>\n<li>\n<h4>Antena integrada para acesso a tags sem contato, com dist\u00e2ncia de leitura de cart\u00e3o de at\u00e9 60 mm (dependendo do tipo de tag)<\/h4>\n<\/li>\n<li>\n<h4>Suporta cart\u00f5es ISO 14443 Tipo A e B, MIFARE, FeliCa e todos os 4 tipos de tags NFC (ISO\/IEC 18092)<\/h4>\n<\/li>\n<li>\n<h4>Recurso anticolis\u00e3o integrado (apenas 1 tag \u00e9 acessada por vez)<\/h4>\n<\/li>\n<li>\n<h4>Suporte NFC<\/h4>\n<\/li>\n<li>\n<h4>Modo leitor\/gravador de cart\u00e3o<\/h4>\n<\/li>\n<\/ul>\n<\/li>\n<\/ul>\n<\/li>\n<li>\n<h2>Perif\u00e9ricos integrados:<\/h2>\n<ul>\n<li>\n<h3>Dois LEDs bicolores control\u00e1veis pelo usu\u00e1rio<\/h3>\n<\/li>\n<li>\n<h3>Campainha control\u00e1vel pelo usu\u00e1rio<\/h3>\n<\/li>\n<\/ul>\n<\/li>\n<li>\n<h2>Interface de programa\u00e7\u00e3o de aplicativos:<\/h2>\n<ul>\n<li>\n<h3>Suporta PC\/SC<\/h3>\n<\/li>\n<li>\n<h3>Suporta CT-API (atrav\u00e9s de wrapper em cima de PC\/SC)<\/h3>\n<\/li>\n<\/ul>\n<\/li>\n<li>\n<h2>Capacidade de atualiza\u00e7\u00e3o de firmware USB<\/h2>\n<\/li>\n<li>\n<h2>Suporta Android\u2122 4.3 e posterior<\/h2>\n<\/li>\n<li>\n<h2>Suporta iOS 8.0 e posterior<\/h2>\n<\/li>\n<\/ul>\n<p><iframe loading=\"lazy\" title=\"Gravador de leitor de cart\u00e3o NFC sem fio | ACR1311U N2\" width=\"1020\" height=\"574\" src=\"https:\/\/www.youtube.com\/embed\/mSzbe8xRJLQ?feature=oembed\" frameborder=\"0\" allow=\"accelerometer; autoplay; clipboard-write; encrypted-media; gyroscope; picture-in-picture; web-share\" referrerpolicy=\"strict-origin-when-cross-origin\" allowfullscreen><\/iframe><\/p>\n<ul>\n<li>\n<table style=\"height: 1029px;\" width=\"722\">\n<tbody>\n<tr>\n<td colspan=\"2\" width=\"775\">Caracter\u00edsticas f\u00edsicas<\/td>\n<\/tr>\n<tr>\n<td width=\"382\">Dimens\u00f5es (mm)<\/td>\n<td width=\"393\">60 mm (C) \u00d7 47,98 mm (L) \u00d7 12 mm (A)<\/td>\n<\/tr>\n<tr>\n<td width=\"382\">Peso (g)<\/td>\n<td width=\"393\">30g<\/td>\n<\/tr>\n<tr>\n<td colspan=\"2\" width=\"775\">Interface Bluetooth<\/td>\n<\/tr>\n<tr>\n<td width=\"382\">Protocolo<\/td>\n<td width=\"393\">Bluetooth\u00ae(Bluetooth 4.0)<\/td>\n<\/tr>\n<tr>\n<td width=\"382\">Fonte de energia<\/td>\n<td width=\"393\">Bateria recarreg\u00e1vel de \u00edons de l\u00edtio (carregamento via USB)<\/td>\n<\/tr>\n<tr>\n<td width=\"382\">Velocidade<\/td>\n<td width=\"393\">1Mbps<\/td>\n<\/tr>\n<tr>\n<td colspan=\"2\" width=\"775\">Interface USB<\/td>\n<\/tr>\n<tr>\n<td width=\"382\">Protocolo<\/td>\n<td width=\"393\">IDCC USB<\/td>\n<\/tr>\n<tr>\n<td width=\"382\">Tipo de conector<\/td>\n<td width=\"393\">Micro USB<\/td>\n<\/tr>\n<tr>\n<td width=\"382\">Fonte de energia<\/td>\n<td width=\"393\">Da porta USB<\/td>\n<\/tr>\n<tr>\n<td width=\"382\">Velocidade<\/td>\n<td width=\"393\">Velocidade total USB (12 Mbps)<\/td>\n<\/tr>\n<tr>\n<td width=\"382\">Comprimento do cabo<\/td>\n<td width=\"393\">1m, Destac\u00e1vel<\/td>\n<\/tr>\n<tr>\n<td colspan=\"2\" width=\"775\">Interface de cart\u00e3o inteligente sem contato<\/td>\n<\/tr>\n<tr>\n<td width=\"382\">Padr\u00e3o<\/td>\n<td width=\"393\">ISO 14443 Tipo A e B, MIFARE, DESFire<\/td>\n<\/tr>\n<tr>\n<td width=\"382\">Protocolo<\/td>\n<td width=\"393\">ISO 14443 T=CL para placas compat\u00edveis com ISO14443-4 e emula\u00e7\u00e3o T=CL para tags MIFARE Classic 1K\/4K e NFC<\/td>\n<\/tr>\n<tr>\n<td colspan=\"2\" width=\"775\">Perif\u00e9ricos integrados<\/td>\n<\/tr>\n<tr>\n<td width=\"382\">LIDERADO<\/td>\n<td width=\"393\">2 bicolores: vermelho e azul, vermelho e verde<\/td>\n<\/tr>\n<tr>\n<td width=\"382\">Campainha<\/td>\n<td width=\"393\">Mon\u00f3tono<\/td>\n<\/tr>\n<tr>\n<td colspan=\"2\" width=\"775\">Outras caracter\u00edsticas<\/td>\n<\/tr>\n<tr>\n<td width=\"382\">Atualiza\u00e7\u00e3o de firmware<\/td>\n<td width=\"393\">Suportado<\/td>\n<\/tr>\n<tr>\n<td colspan=\"2\" width=\"775\">Certifica\u00e7\u00f5es\/Conformidade<\/td>\n<\/tr>\n<tr>\n<td rowspan=\"9\" width=\"382\">Certifica\u00e7\u00f5es\/Conformidade<\/td>\n<td>EN 60950\/IEC 60950<\/td>\n<\/tr>\n<tr>\n<td>ISO 14443<\/td>\n<\/tr>\n<tr>\n<td>Velocidade total USB<\/td>\n<\/tr>\n<tr>\n<td>Bluetooth\u00ae<\/td>\n<\/tr>\n<tr>\n<td>PC\/SC<\/td>\n<\/tr>\n<tr>\n<td>CCID<\/td>\n<\/tr>\n<tr>\n<td>RoHS2<\/td>\n<\/tr>\n<tr>\n<td>ALCAN\u00c7AR<\/td>\n<\/tr>\n<tr>\n<td>Microsoft\u00aeWHQL<\/td>\n<\/tr>\n<tr>\n<td colspan=\"2\" width=\"775\">Suporte ao sistema operacional de driver de dispositivo<\/td>\n<\/tr>\n<tr>\n<td rowspan=\"5\" width=\"382\">Suporte ao sistema operacional de driver de dispositivo<\/td>\n<td width=\"393\">Windows\u00ae<\/td>\n<\/tr>\n<tr>\n<td width=\"393\">Linux\u00ae<\/td>\n<\/tr>\n<tr>\n<td width=\"393\">MAC OS\u00ae 10.7 e posterior<\/td>\n<\/tr>\n<tr>\n<td width=\"393\">Android\u2122 4.3 e posterior<\/td>\n<\/tr>\n<tr>\n<td width=\"393\">iOS 8.0 e posterior<\/td>\n<\/tr>\n<\/tbody>\n<\/table>\n<\/li>\n<\/ul>","protected":false},"excerpt":{"rendered":"<p>O ACR1311U-N2 \u00e9 um leitor seguro Bluetooth NFC vers\u00e1til, compat\u00edvel com aplica\u00e7\u00f5es RFID para controle de acesso e gerenciamento de estoque.<\/p>","protected":false},"featured_media":1507,"template":"","meta":[],"product_brand":[],"product_cat":[38,40],"product_tag":[],"class_list":{"0":"post-1511","1":"product","2":"type-product","3":"status-publish","4":"has-post-thumbnail","6":"product_cat-mobile-ble-nfc-reader","7":"product_cat-rfid-nfc-reader","9":"first","10":"instock","11":"shipping-taxable","12":"product-type-simple"},"_links":{"self":[{"href":"https:\/\/nfc-readers.com\/pt\/wp-json\/wp\/v2\/product\/1511","targetHints":{"allow":["GET"]}}],"collection":[{"href":"https:\/\/nfc-readers.com\/pt\/wp-json\/wp\/v2\/product"}],"about":[{"href":"https:\/\/nfc-readers.com\/pt\/wp-json\/wp\/v2\/types\/product"}],"wp:featuredmedia":[{"embeddable":true,"href":"https:\/\/nfc-readers.com\/pt\/wp-json\/wp\/v2\/media\/1507"}],"wp:attachment":[{"href":"https:\/\/nfc-readers.com\/pt\/wp-json\/wp\/v2\/media?parent=1511"}],"wp:term":[{"taxonomy":"product_brand","embeddable":true,"href":"https:\/\/nfc-readers.com\/pt\/wp-json\/wp\/v2\/product_brand?post=1511"},{"taxonomy":"product_cat","embeddable":true,"href":"https:\/\/nfc-readers.com\/pt\/wp-json\/wp\/v2\/product_cat?post=1511"},{"taxonomy":"product_tag","embeddable":true,"href":"https:\/\/nfc-readers.com\/pt\/wp-json\/wp\/v2\/product_tag?post=1511"}],"curies":[{"name":"wp","href":"https:\/\/api.w.org\/{rel}","templated":true}]}}