{"id":1527,"date":"2024-04-07T04:11:14","date_gmt":"2024-04-07T04:11:14","guid":{"rendered":"https:\/\/nfc-readers.com\/?post_type=product&#038;p=1527"},"modified":"2024-10-16T08:04:40","modified_gmt":"2024-10-16T08:04:40","slug":"acr39u-nf-pocketmate-ii-usb-type-c-smart-card-reader","status":"publish","type":"product","link":"https:\/\/nfc-readers.com\/pt\/ic-reader\/acr39u-nf-pocketmate-ii-usb-type-c-smart-card-reader\/","title":{"rendered":"Leitor de cart\u00e3o inteligente ACR39U-NF PocketMate II (USB tipo C)"},"content":{"rendered":"<h1>Leitor de cart\u00e3o inteligente ACR39U-NF PocketMate II (USB tipo C)<\/h1>\n<p>O ACR39 PocketMate II representa um leitor NFC port\u00e1til compacto e robusto e uma solu\u00e7\u00e3o de leitor de cart\u00e3o inteligente que atende a um vasto espectro de aplica\u00e7\u00f5es seguras. Sua conectividade USB Tipo C de \u00faltima gera\u00e7\u00e3o, amplo suporte a placas e integra\u00e7\u00e3o multiplataforma tornam-no uma ferramenta indispens\u00e1vel para opera\u00e7\u00f5es seguras e flex\u00edveis em dom\u00ednios de computadores e m\u00f3veis.<\/p>\n<ul>\n<li>\n<h2>Interface USB 2.0 de velocidade total<\/h2>\n<\/li>\n<li>\n<h2>Conector USB tipo C<\/h2>\n<\/li>\n<li>\n<h2>Plug and Play \u2013 o suporte CCID traz m\u00e1xima mobilidade<\/h2>\n<\/li>\n<li>\n<h2>Design de movimento girat\u00f3rio<\/h2>\n<\/li>\n<li>\n<h2>Leitor de cart\u00e3o inteligente:<\/h2>\n<ul>\n<li>\n<h3>Suporta placas ISO 7816 Classe A, B e C (5 V, 3 V, 1,8 V)<\/h3>\n<\/li>\n<li>\n<h3>Suporta CAC<\/h3>\n<\/li>\n<li>\n<h3>Suporta cart\u00e3o SIPRNET<\/h3>\n<\/li>\n<li>\n<h3>Suporta cart\u00e3o J-LIS<\/h3>\n<\/li>\n<li>\n<h3>Suporta cart\u00e3o Mykad<\/h3>\n<\/li>\n<li>\n<h3>Suporta placas microprocessadas com protocolo T=0 ou T=1<\/h3>\n<\/li>\n<li>\n<h3>Suporta cart\u00f5es de mem\u00f3ria<\/h3>\n<\/li>\n<li>\n<h3>Suporta PPS (sele\u00e7\u00e3o de protocolo e par\u00e2metros)<\/h3>\n<\/li>\n<li>\n<h3>Possui prote\u00e7\u00e3o contra curto-circuito<\/h3>\n<\/li>\n<\/ul>\n<\/li>\n<li>\n<h2>Interface de programa\u00e7\u00e3o de aplicativos:<\/h2>\n<ul>\n<li>\n<h3>Suporta PC\/SC<\/h3>\n<\/li>\n<li>\n<h3>Suporta CT-API CT-API (atrav\u00e9s de wrapper em cima de PC\/SC)<\/h3>\n<\/li>\n<\/ul>\n<\/li>\n<li>\n<h2>Suporta Android\u2122 3.1 e posterior<\/h2>\n<\/li>\n<li>\n<div>\n<table width=\"719\">\n<tbody>\n<tr>\n<td colspan=\"2\" width=\"719\">Caracter\u00edsticas f\u00edsicas<\/td>\n<\/tr>\n<tr>\n<td width=\"326\">Dimens\u00f5es (mm)<\/td>\n<td width=\"393\">58,0 mm (C) x 20,0 mm (L) x13,9 mm (A)<\/td>\n<\/tr>\n<tr>\n<td width=\"326\">Peso (g)<\/td>\n<td width=\"393\">10g<\/td>\n<\/tr>\n<tr>\n<td colspan=\"2\" width=\"719\">Interface USB<\/td>\n<\/tr>\n<tr>\n<td width=\"326\">Protocolo<\/td>\n<td width=\"393\">IDCC USB<\/td>\n<\/tr>\n<tr>\n<td width=\"326\">Tipo de conector<\/td>\n<td width=\"393\">Padr\u00e3o Tipo C<\/td>\n<\/tr>\n<tr>\n<td width=\"326\">Fonte de energia<\/td>\n<td width=\"393\">Da porta USB<\/td>\n<\/tr>\n<tr>\n<td width=\"326\">Velocidade<\/td>\n<td width=\"393\">Velocidade total USB (12 Mbps)<\/td>\n<\/tr>\n<tr>\n<td colspan=\"2\" width=\"719\">Interface de cart\u00e3o inteligente de contato<\/td>\n<\/tr>\n<tr>\n<td width=\"326\">N\u00famero de slots<\/td>\n<td width=\"393\">1 slot para cart\u00e3o de tamanho normal<\/td>\n<\/tr>\n<tr>\n<td width=\"326\">Padr\u00e3o<\/td>\n<td width=\"393\">ISO 7816 Partes 1-3, Classe A, B, C (5 V, 3 V, 1,8 V)<\/td>\n<\/tr>\n<tr>\n<td width=\"326\">Protocolo<\/td>\n<td width=\"393\">T=0; T=1; Suporte para cart\u00e3o de mem\u00f3ria<\/td>\n<\/tr>\n<tr>\n<td width=\"326\">Outros<\/td>\n<td width=\"393\">Cart\u00f5es inteligentes CAC, PIV, SIPRNET, J-LIS<\/td>\n<\/tr>\n<tr>\n<td colspan=\"2\" width=\"719\">Certifica\u00e7\u00f5es\/Conformidade<\/td>\n<\/tr>\n<tr>\n<td rowspan=\"16\" width=\"326\">Certifica\u00e7\u00f5es\/Conformidade<\/td>\n<td>EN 60950\/IEC 60950<\/td>\n<\/tr>\n<tr>\n<td>ISO 7816<\/td>\n<\/tr>\n<tr>\n<td>Velocidade total USB<\/td>\n<\/tr>\n<tr>\n<td>EMV\u2122 N\u00edvel 1 (Contato)<\/td>\n<\/tr>\n<tr>\n<td>PC\/SC<\/td>\n<\/tr>\n<tr>\n<td>CCID<\/td>\n<\/tr>\n<tr>\n<td>TAA (EUA)<\/td>\n<\/tr>\n<tr>\n<td>VCCI (Jap\u00e3o)<\/td>\n<\/tr>\n<tr>\n<td>J-LIS (Jap\u00e3o)<\/td>\n<\/tr>\n<tr>\n<td>Banco Popular da China (China)<\/td>\n<\/tr>\n<tr>\n<td>CE<\/td>\n<\/tr>\n<tr>\n<td>FCC<\/td>\n<\/tr>\n<tr>\n<td>REEE<\/td>\n<\/tr>\n<tr>\n<td>RoHS 2<\/td>\n<\/tr>\n<tr>\n<td>ALCAN\u00c7AR<\/td>\n<\/tr>\n<tr>\n<td>Microsoft\u00aeWHQL<\/td>\n<\/tr>\n<tr>\n<td colspan=\"2\" width=\"719\">Suporte ao sistema operacional de driver de dispositivo<\/td>\n<\/tr>\n<tr>\n<td rowspan=\"5\" width=\"326\">Suporte ao sistema operacional de driver de dispositivo<\/td>\n<td>Windows\u00ae<\/td>\n<\/tr>\n<tr>\n<td>Linux\u00ae<\/td>\n<\/tr>\n<tr>\n<td>MAC OS\u00ae<\/td>\n<\/tr>\n<tr>\n<td>Solaris<\/td>\n<\/tr>\n<tr>\n<td>Android\u2122 3.1 e posterior<\/td>\n<\/tr>\n<\/tbody>\n<\/table>\n<\/div>\n<\/li>\n<\/ul>","protected":false},"excerpt":{"rendered":"<p>O ACR39U PocketMate II \u00e9 um leitor seguro USB Tipo C compacto que oferece desempenho de alta velocidade para aplica\u00e7\u00f5es de cart\u00e3o inteligente, incluindo assinaturas digitais e opera\u00e7\u00f5es banc\u00e1rias seguras.<\/p>","protected":false},"featured_media":1530,"template":"","meta":[],"product_brand":[],"product_cat":[39],"product_tag":[],"class_list":{"0":"post-1527","1":"product","2":"type-product","3":"status-publish","4":"has-post-thumbnail","6":"product_cat-usb-ic-smartcard-reader","8":"first","9":"instock","10":"shipping-taxable","11":"product-type-simple"},"_links":{"self":[{"href":"https:\/\/nfc-readers.com\/pt\/wp-json\/wp\/v2\/product\/1527","targetHints":{"allow":["GET"]}}],"collection":[{"href":"https:\/\/nfc-readers.com\/pt\/wp-json\/wp\/v2\/product"}],"about":[{"href":"https:\/\/nfc-readers.com\/pt\/wp-json\/wp\/v2\/types\/product"}],"wp:featuredmedia":[{"embeddable":true,"href":"https:\/\/nfc-readers.com\/pt\/wp-json\/wp\/v2\/media\/1530"}],"wp:attachment":[{"href":"https:\/\/nfc-readers.com\/pt\/wp-json\/wp\/v2\/media?parent=1527"}],"wp:term":[{"taxonomy":"product_brand","embeddable":true,"href":"https:\/\/nfc-readers.com\/pt\/wp-json\/wp\/v2\/product_brand?post=1527"},{"taxonomy":"product_cat","embeddable":true,"href":"https:\/\/nfc-readers.com\/pt\/wp-json\/wp\/v2\/product_cat?post=1527"},{"taxonomy":"product_tag","embeddable":true,"href":"https:\/\/nfc-readers.com\/pt\/wp-json\/wp\/v2\/product_tag?post=1527"}],"curies":[{"name":"wp","href":"https:\/\/api.w.org\/{rel}","templated":true}]}}