{"id":1532,"date":"2024-04-07T04:16:02","date_gmt":"2024-04-07T04:16:02","guid":{"rendered":"https:\/\/nfc-readers.com\/?post_type=product&#038;p=1532"},"modified":"2024-10-16T08:01:13","modified_gmt":"2024-10-16T08:01:13","slug":"acr39u-nd-pocketmate-ii-micro-usb-smart-card-reader","status":"publish","type":"product","link":"https:\/\/nfc-readers.com\/pt\/ic-reader\/acr39u-nd-pocketmate-ii-micro-usb-smart-card-reader\/","title":{"rendered":"Leitor de cart\u00e3o inteligente ACR39U-ND PocketMate II (Micro-USB)"},"content":{"rendered":"<div>\n<h1>Leitor de cart\u00e3o inteligente ACR39U-ND PocketMate II (Micro-USB)<\/h1>\n<p>O ACR39 Pocketmate II, dotado de um conector Micro-USB, engenhosamente evolui para um leitor de cart\u00e3o inteligente de contato de tamanho completo com uma a\u00e7\u00e3o girat\u00f3ria simples. Compacto o suficiente para caber em um chaveiro, este dispositivo est\u00e1 pronto para suportar aplica\u00e7\u00f5es sofisticadas de cart\u00e3o inteligente com efici\u00eancia. Este leitor port\u00e1til acomoda habilmente cart\u00f5es inteligentes em conformidade com ISO 7816 Classe A, B e C (5 V, 3 V e 1,8 V), juntamente com cart\u00f5es de microprocessador operando em protocolos T=0 e T=1. Sua versatilidade se estende a uma variedade de cart\u00f5es de mem\u00f3ria, incluindo aqueles utilizados pelo Departamento de Defesa para Acesso Comum (CAC) e SIPRNET. O ACR39U PocketMate II prospera em v\u00e1rios cen\u00e1rios, incluindo Verifica\u00e7\u00e3o de Identidade Pessoal, controles de acesso, assinaturas digitais e transa\u00e7\u00f5es on-line seguras. A variante Micro-USB garante que o ACR39U Pocketmate II retenha todos os recursos renomados da s\u00e9rie ACR39U, ao mesmo tempo em que fornece compatibilidade reversa e facilidade de orienta\u00e7\u00e3o. Bem adequado para integra\u00e7\u00f5es de desktop e m\u00f3veis, seus drivers harmonizam-se com uma infinidade de sistemas operacionais como Windows\u00ae, Linux\u00ae, Solaris e Mac OS\u00ae. Al\u00e9m disso, o ACR39U PocketMate II expandiu sua utilidade para dispositivos Android\u2122 executando a vers\u00e3o 3.1 ou superior.<\/p>\n<ul>\n<li>\n<h2>Interface USB 2.0 de velocidade total<\/h2>\n<\/li>\n<li>\n<h2>Conector Micro-USB USB<\/h2>\n<\/li>\n<li>\n<h2>Plug and Play \u2013 o suporte CCID traz m\u00e1xima mobilidade<\/h2>\n<\/li>\n<li>\n<h2>Design de movimento girat\u00f3rio<\/h2>\n<\/li>\n<li>\n<h2>Leitor de cart\u00e3o inteligente:<\/h2>\n<ul>\n<li>\n<h3>Suporta placas ISO 7816 Classe A, B e C (5 V, 3 V, 1,8 V)<\/h3>\n<\/li>\n<li>\n<h3>Suporta CAC<\/h3>\n<\/li>\n<li>\n<h3>Suporta cart\u00e3o SIPRNET<\/h3>\n<\/li>\n<li>\n<h3>Suporta cart\u00e3o J-LIS<\/h3>\n<\/li>\n<li>\n<h3>Suporta cart\u00e3o Mykad<\/h3>\n<\/li>\n<li>\n<h3>Suporta placas microprocessadas com protocolo T=0 ou T=1<\/h3>\n<\/li>\n<li>\n<h3>Suporta cart\u00f5es de mem\u00f3ria<\/h3>\n<\/li>\n<li>\n<h3>Suporta PPS (sele\u00e7\u00e3o de protocolo e par\u00e2metros)<\/h3>\n<\/li>\n<li>\n<h3>Possui prote\u00e7\u00e3o contra curto-circuito<\/h3>\n<\/li>\n<\/ul>\n<\/li>\n<li>\n<h2>Interface de programa\u00e7\u00e3o de aplicativos:<\/h2>\n<ul>\n<li>\n<h3>Suporta PC\/SC<\/h3>\n<\/li>\n<li>\n<h3>Suporta CT-API CT-API (atrav\u00e9s de wrapper em cima de PC\/SC)<\/h3>\n<\/li>\n<\/ul>\n<\/li>\n<li>\n<h2>Suporta Android\u2122 3.1 e posterior<\/h2>\n<\/li>\n<li>\n<table width=\"719\">\n<tbody>\n<tr>\n<td colspan=\"2\" width=\"719\">Caracter\u00edsticas f\u00edsicas<\/td>\n<\/tr>\n<tr>\n<td width=\"326\">Dimens\u00f5es (mm)<\/td>\n<td width=\"393\">58,0 mm (C) x 20,0 mm (L) x 13,7 mm (A)<\/td>\n<\/tr>\n<tr>\n<td width=\"326\">Peso (g)<\/td>\n<td width=\"393\">9,7g<\/td>\n<\/tr>\n<tr>\n<td colspan=\"2\" width=\"719\">Interface USB<\/td>\n<\/tr>\n<tr>\n<td width=\"326\">Protocolo<\/td>\n<td width=\"393\">IDCC USB<\/td>\n<\/tr>\n<tr>\n<td width=\"326\">Tipo de conector<\/td>\n<td width=\"393\">Micro USB<\/td>\n<\/tr>\n<tr>\n<td width=\"326\">Fonte de energia<\/td>\n<td width=\"393\">Da porta USB<\/td>\n<\/tr>\n<tr>\n<td width=\"326\">Velocidade<\/td>\n<td width=\"393\">Velocidade total USB (12 Mbps)<\/td>\n<\/tr>\n<tr>\n<td colspan=\"2\" width=\"719\">Interface de cart\u00e3o inteligente de contato<\/td>\n<\/tr>\n<tr>\n<td width=\"326\">N\u00famero de slots<\/td>\n<td width=\"393\">1 slot para cart\u00e3o de tamanho normal<\/td>\n<\/tr>\n<tr>\n<td width=\"326\">Padr\u00e3o<\/td>\n<td width=\"393\">ISO 7816 Partes 1-3, Classe A, B, C (5 V, 3 V, 1,8 V)<\/td>\n<\/tr>\n<tr>\n<td width=\"326\">Protocolo<\/td>\n<td width=\"393\">T=0; T=1; Suporte para cart\u00e3o de mem\u00f3ria<\/td>\n<\/tr>\n<tr>\n<td width=\"326\">Outros<\/td>\n<td width=\"393\">Cart\u00f5es inteligentes CAC, PIV, SIPRNET, J-LIS<\/td>\n<\/tr>\n<tr>\n<td colspan=\"2\" width=\"719\">Certifica\u00e7\u00f5es\/Conformidade<\/td>\n<\/tr>\n<tr>\n<td rowspan=\"16\" width=\"326\">Certifica\u00e7\u00f5es\/Conformidade<\/td>\n<td>EN 60950\/IEC 60950<\/td>\n<\/tr>\n<tr>\n<td>ISO 7816<\/td>\n<\/tr>\n<tr>\n<td>Velocidade total USB<\/td>\n<\/tr>\n<tr>\n<td>EMV\u2122 N\u00edvel 1 (Contato)<\/td>\n<\/tr>\n<tr>\n<td>PC\/SC<\/td>\n<\/tr>\n<tr>\n<td>CCID<\/td>\n<\/tr>\n<tr>\n<td>TAA (EUA)<\/td>\n<\/tr>\n<tr>\n<td>VCCI (Jap\u00e3o)<\/td>\n<\/tr>\n<tr>\n<td>J-LIS (Jap\u00e3o)<\/td>\n<\/tr>\n<tr>\n<td>Banco Popular da China (China)<\/td>\n<\/tr>\n<tr>\n<td>CE<\/td>\n<\/tr>\n<tr>\n<td>FCC<\/td>\n<\/tr>\n<tr>\n<td>REEE<\/td>\n<\/tr>\n<tr>\n<td>RoHS 2<\/td>\n<\/tr>\n<tr>\n<td>ALCAN\u00c7AR<\/td>\n<\/tr>\n<tr>\n<td>Microsoft\u00aeWHQL<\/td>\n<\/tr>\n<tr>\n<td colspan=\"2\" width=\"719\">Suporte ao sistema operacional de driver de dispositivo<\/td>\n<\/tr>\n<tr>\n<td rowspan=\"5\" width=\"326\">Suporte ao sistema operacional de driver de dispositivo<\/td>\n<td>Windows\u00ae<\/td>\n<\/tr>\n<tr>\n<td>Linux\u00ae<\/td>\n<\/tr>\n<tr>\n<td>MAC OS\u00ae<\/td>\n<\/tr>\n<tr>\n<td>Solaris<\/td>\n<\/tr>\n<tr>\n<td>Android\u2122 3.1 e posterior<\/td>\n<\/tr>\n<\/tbody>\n<\/table>\n<\/li>\n<\/ul>\n<\/div>\n<div><\/div>","protected":false},"excerpt":{"rendered":"<p>O ACR39U Pocketmate II \u00e9 um leitor USB seguro compacto que oferece suporte de alta velocidade para v\u00e1rios aplicativos de cart\u00e3o inteligente.<\/p>","protected":false},"featured_media":1534,"template":"","meta":[],"product_brand":[],"product_cat":[39],"product_tag":[],"class_list":{"0":"post-1532","1":"product","2":"type-product","3":"status-publish","4":"has-post-thumbnail","6":"product_cat-usb-ic-smartcard-reader","8":"first","9":"instock","10":"shipping-taxable","11":"product-type-simple"},"_links":{"self":[{"href":"https:\/\/nfc-readers.com\/pt\/wp-json\/wp\/v2\/product\/1532","targetHints":{"allow":["GET"]}}],"collection":[{"href":"https:\/\/nfc-readers.com\/pt\/wp-json\/wp\/v2\/product"}],"about":[{"href":"https:\/\/nfc-readers.com\/pt\/wp-json\/wp\/v2\/types\/product"}],"wp:featuredmedia":[{"embeddable":true,"href":"https:\/\/nfc-readers.com\/pt\/wp-json\/wp\/v2\/media\/1534"}],"wp:attachment":[{"href":"https:\/\/nfc-readers.com\/pt\/wp-json\/wp\/v2\/media?parent=1532"}],"wp:term":[{"taxonomy":"product_brand","embeddable":true,"href":"https:\/\/nfc-readers.com\/pt\/wp-json\/wp\/v2\/product_brand?post=1532"},{"taxonomy":"product_cat","embeddable":true,"href":"https:\/\/nfc-readers.com\/pt\/wp-json\/wp\/v2\/product_cat?post=1532"},{"taxonomy":"product_tag","embeddable":true,"href":"https:\/\/nfc-readers.com\/pt\/wp-json\/wp\/v2\/product_tag?post=1532"}],"curies":[{"name":"wp","href":"https:\/\/api.w.org\/{rel}","templated":true}]}}