{"id":1537,"date":"2024-04-07T06:01:23","date_gmt":"2024-04-07T06:01:23","guid":{"rendered":"https:\/\/nfc-readers.com\/?post_type=product&#038;p=1537"},"modified":"2024-10-16T07:57:49","modified_gmt":"2024-10-16T07:57:49","slug":"acr3901u-s1-bluetooth-smart-card-reader-writer","status":"publish","type":"product","link":"https:\/\/nfc-readers.com\/pt\/ic-reader\/acr3901u-s1-bluetooth-smart-card-reader-writer\/","title":{"rendered":"Leitor de cart\u00e3o inteligente Bluetooth\u00ae ACR3901U-S1 - gravador"},"content":{"rendered":"<h1>Leitor de cart\u00e3o inteligente Bluetooth\u00ae ACR3901U-S1 - gravador<\/h1>\n<p>O ACR3901U-S1 apresenta-se como um leitor NFC bluetooth de alta tecnologia, adequado para o indiv\u00edduo moderno que entende de tecnologia. Ele garante ampla compatibilidade com cart\u00f5es inteligentes e dispositivos pessoais, combinando r\u00e1pidas taxas de transfer\u00eancia de dados com portabilidade, elevada por sua capacidade Bluetooth sem fio, tornando-o uma ferramenta indispens\u00e1vel para aqueles que exigem transa\u00e7\u00f5es seguras e flex\u00edveis com cart\u00f5es inteligentes.<\/p>\n<ul>\n<li>\n<h2>Interface Bluetooth\u00ae<\/h2>\n<\/li>\n<li>\n<h2>Interface USB 2.0 de velocidade total<\/h2>\n<\/li>\n<li>\n<h2>Fonte de energia<\/h2>\n<ul>\n<li>\n<h3>Alimentado por bateria (incorpora uma bateria de \u00edon de l\u00edtio recarreg\u00e1vel atrav\u00e9s da porta Micro-USB)<\/h3>\n<\/li>\n<li>\n<h3>Alimentado por USB (atrav\u00e9s do modo vinculado ao PC)<\/h3>\n<\/li>\n<\/ul>\n<\/li>\n<li>\n<h2>Conformidade com CCID<\/h2>\n<\/li>\n<li>\n<h2>Leitor de cart\u00e3o inteligente:<\/h2>\n<ul>\n<li>\n<h3>Interface de contato:<\/h3>\n<ul>\n<li>\n<h4>Suporta placas ISO 7816 Classe A, B e C (5 V, 3 V, 1,8 V)<\/h4>\n<\/li>\n<li>\n<h4>Suporta placas microprocessadas com protocolo T=0 ou T=1<\/h4>\n<\/li>\n<li>\n<h4>Suporta cart\u00f5es de mem\u00f3ria<\/h4>\n<\/li>\n<li>\n<h4>Suporta PPS (sele\u00e7\u00e3o de protocolo e par\u00e2metros)<\/h4>\n<\/li>\n<li>\n<h4>Possui prote\u00e7\u00e3o contra curto-circuito<\/h4>\n<\/li>\n<li>\n<h4>Suporta algoritmo de criptografia AES-128<\/h4>\n<\/li>\n<\/ul>\n<\/li>\n<\/ul>\n<\/li>\n<li>\n<h2>Perif\u00e9rico integrado:<\/h2>\n<ul>\n<li>\n<h3>Tr\u00eas LEDs de cor \u00fanica<\/h3>\n<\/li>\n<\/ul>\n<\/li>\n<li>\n<h2>Interface de programa\u00e7\u00e3o de aplicativos:<\/h2>\n<ul>\n<li>\n<h3>Suporta PC\/SC<\/h3>\n<\/li>\n<li>\n<h3>Suporta CT-API (atrav\u00e9s de wrapper em cima de PC\/SC)<\/h3>\n<\/li>\n<\/ul>\n<\/li>\n<li>\n<h2>Capacidade de atualiza\u00e7\u00e3o de firmware USB<\/h2>\n<\/li>\n<li>\n<h2>Suporta Android\u2122 4.3 e posterior<\/h2>\n<\/li>\n<li>\n<h2>Suporta iOS 8.0 e posterior<\/h2>\n<\/li>\n<li>\n<div>\n<table width=\"556\">\n<tbody>\n<tr>\n<td colspan=\"2\" width=\"556\">Caracter\u00edsticas f\u00edsicas<\/td>\n<\/tr>\n<tr>\n<td width=\"190\">Dimens\u00f5es (mm)<\/td>\n<td width=\"366\">94 mm (C) \u00d7 60 mm (L) \u00d7 12 mm (A)<\/td>\n<\/tr>\n<tr>\n<td width=\"190\">Peso (g)<\/td>\n<td width=\"366\">30,8 g (59,7 g com cabo \u00b1 toler\u00e2ncia de 5 g)<\/td>\n<\/tr>\n<tr>\n<td colspan=\"2\" width=\"556\">Interface Bluetooth<\/td>\n<\/tr>\n<tr>\n<td width=\"190\">Protocolo<\/td>\n<td width=\"366\">Bluetooth\u00ae (Bluetooth de baixa energia \/ Bluetooth 4.0)<\/td>\n<\/tr>\n<tr>\n<td width=\"190\">Fonte de energia<\/td>\n<td width=\"366\">Bateria recarreg\u00e1vel de \u00edons de l\u00edtio (carregamento via USB)<\/td>\n<\/tr>\n<tr>\n<td width=\"190\">Velocidade<\/td>\n<td width=\"366\">1Mbps<\/td>\n<\/tr>\n<tr>\n<td colspan=\"2\" width=\"556\">Interface USB<\/td>\n<\/tr>\n<tr>\n<td width=\"190\">Protocolo<\/td>\n<td width=\"366\">IDCC USB<\/td>\n<\/tr>\n<tr>\n<td width=\"190\">Tipo de conector<\/td>\n<td width=\"366\">Micro USB<\/td>\n<\/tr>\n<tr>\n<td width=\"190\">Fonte de energia<\/td>\n<td width=\"366\">Da porta USB<\/td>\n<\/tr>\n<tr>\n<td width=\"190\">Velocidade<\/td>\n<td width=\"366\">Velocidade total USB (12 Mbps)<\/td>\n<\/tr>\n<tr>\n<td width=\"190\">Comprimento do cabo<\/td>\n<td width=\"366\">1m, Destac\u00e1vel<\/td>\n<\/tr>\n<tr>\n<td colspan=\"2\" width=\"556\">Interface de cart\u00e3o inteligente de contato<\/td>\n<\/tr>\n<tr>\n<td width=\"190\">N\u00famero de slots<\/td>\n<td width=\"366\">1 slot para cart\u00e3o de tamanho normal<\/td>\n<\/tr>\n<tr>\n<td width=\"190\">Padr\u00e3o<\/td>\n<td width=\"366\">ISO 7816 Partes 1-4, Classe A, B, C (5 V, 3 V, 1,8 V)<\/td>\n<\/tr>\n<tr>\n<td width=\"190\">Protocolo<\/td>\n<td width=\"366\">T=0; T=1; Suporte para cart\u00e3o de mem\u00f3ria<\/td>\n<\/tr>\n<tr>\n<td colspan=\"2\" width=\"556\">Perif\u00e9ricos integrados<\/td>\n<\/tr>\n<tr>\n<td width=\"190\">LIDERADO<\/td>\n<td width=\"366\">3 cores \u00fanicas: Vermelho, Azul e Verde<\/td>\n<\/tr>\n<tr>\n<td colspan=\"2\" width=\"556\">Outras caracter\u00edsticas<\/td>\n<\/tr>\n<tr>\n<td width=\"190\">Criptografia<\/td>\n<td width=\"366\">Algoritmo de criptografia AES no dispositivo<\/td>\n<\/tr>\n<tr>\n<td width=\"190\">Atualiza\u00e7\u00e3o de firmware<\/td>\n<td width=\"366\">Suportado<\/td>\n<\/tr>\n<tr>\n<td colspan=\"2\" width=\"556\">Certifica\u00e7\u00f5es\/Conformidade<\/td>\n<\/tr>\n<tr>\n<td rowspan=\"14\" width=\"190\">Certifica\u00e7\u00f5es\/Conformidade<\/td>\n<td width=\"366\">EN 60950\/IEC 60950<\/td>\n<\/tr>\n<tr>\n<td width=\"366\">ISO 7816<\/td>\n<\/tr>\n<tr>\n<td width=\"366\">Velocidade total USB<\/td>\n<\/tr>\n<tr>\n<td width=\"366\">Bluetooth\u00ae<\/td>\n<\/tr>\n<tr>\n<td width=\"366\">EMV\u2122 N\u00edvel 1 (Contato)<\/td>\n<\/tr>\n<tr>\n<td width=\"366\">PC\/SC<\/td>\n<\/tr>\n<tr>\n<td width=\"366\">CCID<\/td>\n<\/tr>\n<tr>\n<td width=\"366\">CE<\/td>\n<\/tr>\n<tr>\n<td width=\"366\">FCC<\/td>\n<\/tr>\n<tr>\n<td width=\"366\">RoHS<\/td>\n<\/tr>\n<tr>\n<td width=\"366\">ALCAN\u00c7AR<\/td>\n<\/tr>\n<tr>\n<td width=\"366\">VCCI (Jap\u00e3o)<\/td>\n<\/tr>\n<tr>\n<td width=\"366\">MIC (Jap\u00e3o)<\/td>\n<\/tr>\n<tr>\n<td width=\"366\">Microsoft\u00aeWHQL<\/td>\n<\/tr>\n<tr>\n<td colspan=\"2\" width=\"556\">Suporte ao sistema operacional de driver de dispositivo<\/td>\n<\/tr>\n<tr>\n<td rowspan=\"5\" width=\"190\">Suporte ao sistema operacional de driver de dispositivo<\/td>\n<td width=\"366\">Windows\u00ae<\/td>\n<\/tr>\n<tr>\n<td width=\"366\">Linux\u00ae<\/td>\n<\/tr>\n<tr>\n<td width=\"366\">MAC OS\u00ae 10.7 e posterior<\/td>\n<\/tr>\n<tr>\n<td width=\"366\">Android\u2122 4.3 e posterior<\/td>\n<\/tr>\n<tr>\n<td width=\"366\">iOS 8.0 e posterior<\/td>\n<\/tr>\n<\/tbody>\n<\/table>\n<\/div>\n<\/li>\n<\/ul>","protected":false},"excerpt":{"rendered":"<p>O ACR3901U-S1 \u00e9 um leitor USB seguro port\u00e1til e leitor de contatos Bluetooth\u00ae que oferece desempenho de alta velocidade para aplica\u00e7\u00f5es de cart\u00e3o inteligente em qualquer lugar.<\/p>","protected":false},"featured_media":1538,"template":"","meta":[],"product_brand":[],"product_cat":[39],"product_tag":[],"class_list":{"0":"post-1537","1":"product","2":"type-product","3":"status-publish","4":"has-post-thumbnail","6":"product_cat-usb-ic-smartcard-reader","8":"first","9":"instock","10":"shipping-taxable","11":"product-type-simple"},"_links":{"self":[{"href":"https:\/\/nfc-readers.com\/pt\/wp-json\/wp\/v2\/product\/1537","targetHints":{"allow":["GET"]}}],"collection":[{"href":"https:\/\/nfc-readers.com\/pt\/wp-json\/wp\/v2\/product"}],"about":[{"href":"https:\/\/nfc-readers.com\/pt\/wp-json\/wp\/v2\/types\/product"}],"wp:featuredmedia":[{"embeddable":true,"href":"https:\/\/nfc-readers.com\/pt\/wp-json\/wp\/v2\/media\/1538"}],"wp:attachment":[{"href":"https:\/\/nfc-readers.com\/pt\/wp-json\/wp\/v2\/media?parent=1537"}],"wp:term":[{"taxonomy":"product_brand","embeddable":true,"href":"https:\/\/nfc-readers.com\/pt\/wp-json\/wp\/v2\/product_brand?post=1537"},{"taxonomy":"product_cat","embeddable":true,"href":"https:\/\/nfc-readers.com\/pt\/wp-json\/wp\/v2\/product_cat?post=1537"},{"taxonomy":"product_tag","embeddable":true,"href":"https:\/\/nfc-readers.com\/pt\/wp-json\/wp\/v2\/product_tag?post=1537"}],"curies":[{"name":"wp","href":"https:\/\/api.w.org\/{rel}","templated":true}]}}