{"id":1542,"date":"2024-04-07T06:09:00","date_gmt":"2024-04-07T06:09:00","guid":{"rendered":"https:\/\/nfc-readers.com\/?post_type=product&#038;p=1542"},"modified":"2024-10-16T07:16:12","modified_gmt":"2024-10-16T07:16:12","slug":"acr122u-nfc-reader-writer","status":"publish","type":"product","link":"https:\/\/nfc-readers.com\/pt\/ic-reader\/acr122u-nfc-reader-writer\/","title":{"rendered":"Gravador de leitor NFC ACR122U"},"content":{"rendered":"<h1>Gravador de leitor NFC ACR122U<\/h1>\n<p><span style=\"color: #555555;\">O ACR122U \u00e9 um leitor e gravador de cart\u00f5es NFC de primeira linha, caracterizado por sua ampla compatibilidade de cart\u00f5es, facilidade de integra\u00e7\u00e3o e r\u00e1pidas velocidades de opera\u00e7\u00e3o. Ele serve como um terminal POS seguro e f\u00e1cil de usar com recursos de leitor NFC. Fortalecido por recursos adicionais, como um SDK amig\u00e1vel ao desenvolvedor, um formato resistente e criptografia robusta, o ACR122U representa uma solu\u00e7\u00e3o completa e confi\u00e1vel para qualquer pessoa que necessite de intera\u00e7\u00e3o sem contato avan\u00e7ada e segura em sua infraestrutura operacional.<\/span><\/p>\n<p><iframe loading=\"lazy\" title=\"Gravador de leitor NFC ACR122U\" width=\"1020\" height=\"574\" src=\"https:\/\/www.youtube.com\/embed\/uWYpJXXT7_Q?feature=oembed\" frameborder=\"0\" allow=\"accelerometer; autoplay; clipboard-write; encrypted-media; gyroscope; picture-in-picture; web-share\" referrerpolicy=\"strict-origin-when-cross-origin\" allowfullscreen><\/iframe><\/p>\n<ul>\n<li>\n<h2>Interface USB de velocidade total<\/h2>\n<\/li>\n<li>\n<h2>Conformidade com CCID<\/h2>\n<\/li>\n<li>\n<h2>Leitor de cart\u00e3o inteligente:<\/h2>\n<ul>\n<li>\n<h3>Interface sem contato:<\/h3>\n<ul>\n<li>\n<h4>Velocidade de leitura\/grava\u00e7\u00e3o de at\u00e9 424 kbps<\/h4>\n<\/li>\n<li>\n<h4>Antena integrada para acesso a tags sem contato, com dist\u00e2ncia de leitura de cart\u00e3o de at\u00e9 30 mm (dependendo do tipo de tag)<\/h4>\n<\/li>\n<li>\n<h4>Suporta cart\u00f5es ISO 14443 Tipo A e B, MIFARE\u00ae, FeliCa e todos os 4 tipos de tags NFC (ISO\/IEC 18092)<\/h4>\n<\/li>\n<li>\n<h4>Recurso anticolis\u00e3o integrado (apenas 1 tag \u00e9 acessada por vez)<\/h4>\n<\/li>\n<li>\n<h4>Suporte NFC<\/h4>\n<\/li>\n<li>\n<h4>Modo leitor\/gravador de cart\u00e3o<\/h4>\n<\/li>\n<\/ul>\n<\/li>\n<\/ul>\n<\/li>\n<li>\n<h2>Perif\u00e9ricos integrados:<\/h2>\n<ul>\n<li>\n<h3>LEDs:<\/h3>\n<ul>\n<li>\n<h4>LED bicolor control\u00e1vel pelo usu\u00e1rio<\/h4>\n<\/li>\n<\/ul>\n<\/li>\n<\/ul>\n<\/li>\n<li>\n<h2>Interface de programa\u00e7\u00e3o de aplicativos:<\/h2>\n<ul>\n<li>\n<h3>Suporta PC\/SC<\/h3>\n<\/li>\n<li>\n<h3>Suporta CT-API (atrav\u00e9s de wrapper em cima de PC\/SC)<\/h3>\n<\/li>\n<\/ul>\n<\/li>\n<li>\n<h2>Capacidade de atualiza\u00e7\u00e3o de firmware USB<\/h2>\n<\/li>\n<li>\n<h2>Suporta Android\u2122 3.1 e posterior<\/h2>\n<\/li>\n<li>\n<div>\n<table width=\"854\">\n<tbody>\n<tr>\n<td colspan=\"3\" width=\"854\">Caracter\u00edsticas f\u00edsicas<\/td>\n<\/tr>\n<tr>\n<td width=\"400\">Dimens\u00f5es (mm)<\/td>\n<td width=\"61\"><\/td>\n<td width=\"393\">98,0 mm (C) x 65,0 mm (L) x 12,8 mm (A)<\/td>\n<\/tr>\n<tr>\n<td width=\"400\">Peso (g)<\/td>\n<td width=\"61\"><\/td>\n<td width=\"393\">70g<\/td>\n<\/tr>\n<tr>\n<td colspan=\"3\" width=\"854\">Interface USB<\/td>\n<\/tr>\n<tr>\n<td width=\"400\">Protocolo<\/td>\n<td width=\"61\"><\/td>\n<td width=\"393\">IDCC USB<\/td>\n<\/tr>\n<tr>\n<td width=\"400\">Fonte de energia<\/td>\n<td width=\"61\"><\/td>\n<td width=\"393\">Da porta USB<\/td>\n<\/tr>\n<tr>\n<td width=\"400\">Velocidade<\/td>\n<td width=\"61\"><\/td>\n<td width=\"393\">Velocidade total USB (12 Mbps)<\/td>\n<\/tr>\n<tr>\n<td width=\"400\">Comprimento do cabo<\/td>\n<td width=\"61\"><\/td>\n<td width=\"393\">1,0 m, Fixo<\/td>\n<\/tr>\n<tr>\n<td colspan=\"3\" width=\"854\">Interface de cart\u00e3o inteligente sem contato<\/td>\n<\/tr>\n<tr>\n<td width=\"400\">Padr\u00e3o<\/td>\n<td width=\"61\"><\/td>\n<td width=\"393\">ISO\/IEC 18092 NFC, ISO 14443 Tipo A e B, MIFARE\u00ae, FeliCa<\/td>\n<\/tr>\n<tr>\n<td rowspan=\"4\" width=\"400\">Protocolo<\/td>\n<td width=\"61\"><\/td>\n<td width=\"393\">Placa compat\u00edvel com ISO 14443-4, T=CL<\/td>\n<\/tr>\n<tr>\n<td width=\"61\"><\/td>\n<td width=\"393\">Cart\u00e3o Cl\u00e1ssico MIFARE\u00ae, T=CL<\/td>\n<\/tr>\n<tr>\n<td width=\"61\"><\/td>\n<td width=\"393\">ISO18092, etiquetas NFC<\/td>\n<\/tr>\n<tr>\n<td width=\"61\"><\/td>\n<td width=\"393\">FeliCa<\/td>\n<\/tr>\n<tr>\n<td colspan=\"3\" width=\"854\">Perif\u00e9ricos integrados<\/td>\n<\/tr>\n<tr>\n<td width=\"400\">LIDERADO<\/td>\n<td width=\"61\"><\/td>\n<td width=\"393\">1 bicolor: Vermelho e Verde<\/td>\n<\/tr>\n<tr>\n<td width=\"400\">Campainha<\/td>\n<td width=\"61\"><\/td>\n<td width=\"393\">Mon\u00f3tono<\/td>\n<\/tr>\n<tr>\n<td colspan=\"3\" width=\"854\">Certifica\u00e7\u00f5es\/Conformidade<\/td>\n<\/tr>\n<tr>\n<td rowspan=\"13\" width=\"400\">Certifica\u00e7\u00f5es\/Conformidade<\/td>\n<td width=\"61\"><\/td>\n<td width=\"393\">EN 60950\/IEC 60950<\/td>\n<\/tr>\n<tr>\n<td width=\"61\"><\/td>\n<td width=\"393\">ISO 18092<\/td>\n<\/tr>\n<tr>\n<td width=\"61\"><\/td>\n<td width=\"393\">ISO 14443<\/td>\n<\/tr>\n<tr>\n<td width=\"61\"><\/td>\n<td width=\"393\">Velocidade total USB<\/td>\n<\/tr>\n<tr>\n<td width=\"61\"><\/td>\n<td width=\"393\">PC\/SC<\/td>\n<\/tr>\n<tr>\n<td width=\"61\"><\/td>\n<td width=\"393\">CCID<\/td>\n<\/tr>\n<tr>\n<td width=\"61\"><\/td>\n<td width=\"393\">VCCI (Jap\u00e3o)<\/td>\n<\/tr>\n<tr>\n<td width=\"61\"><\/td>\n<td width=\"393\">KC (Coreia)<\/td>\n<\/tr>\n<tr>\n<td width=\"61\"><\/td>\n<td width=\"393\">Microsoft\u00aeWHQL<\/td>\n<\/tr>\n<tr>\n<td width=\"61\"><\/td>\n<td width=\"393\">CE<\/td>\n<\/tr>\n<tr>\n<td width=\"61\"><\/td>\n<td width=\"393\">FCC<\/td>\n<\/tr>\n<tr>\n<td width=\"61\"><\/td>\n<td width=\"393\">RoHS 2<\/td>\n<\/tr>\n<tr>\n<td width=\"61\"><\/td>\n<td width=\"393\">ALCAN\u00c7AR<\/td>\n<\/tr>\n<tr>\n<td colspan=\"3\" width=\"854\">Suporte ao sistema operacional de driver de dispositivo<\/td>\n<\/tr>\n<tr>\n<td rowspan=\"6\" width=\"400\">Suporte ao sistema operacional de driver de dispositivo<\/td>\n<td width=\"61\"><\/td>\n<td width=\"393\">Windows\u00ae CE<\/td>\n<\/tr>\n<tr>\n<td width=\"61\"><\/td>\n<td width=\"393\">Windows\u00ae<\/td>\n<\/tr>\n<tr>\n<td width=\"61\"><\/td>\n<td width=\"393\">Linux\u00ae<\/td>\n<\/tr>\n<tr>\n<td width=\"61\"><\/td>\n<td width=\"393\">MAC OS\u00ae<\/td>\n<\/tr>\n<tr>\n<td width=\"61\"><\/td>\n<td width=\"393\">Solaris<\/td>\n<\/tr>\n<tr>\n<td width=\"61\"><\/td>\n<td width=\"393\">Android\u2122<\/td>\n<\/tr>\n<\/tbody>\n<\/table>\n<\/div>\n<\/li>\n<\/ul>","protected":false},"excerpt":{"rendered":"<div class=\"auto-hide-last-sibling-br paragraph_4183d\">O ACR122U \u00e9 um leitor NFC USB vers\u00e1til que usa tecnologia RFID, suportando os padr\u00f5es CCID e PC\/SC para comunica\u00e7\u00e3o sem contato perfeita com cart\u00f5es inteligentes.<\/div>\n<div class=\"auto-hide-last-sibling-br paragraph_4183d\"><\/div>","protected":false},"featured_media":1544,"template":"","meta":[],"product_brand":[],"product_cat":[45,40],"product_tag":[],"class_list":{"0":"post-1542","1":"product","2":"type-product","3":"status-publish","4":"has-post-thumbnail","6":"product_cat-contactless-nfc-reader","7":"product_cat-rfid-nfc-reader","9":"first","10":"instock","11":"shipping-taxable","12":"product-type-simple"},"_links":{"self":[{"href":"https:\/\/nfc-readers.com\/pt\/wp-json\/wp\/v2\/product\/1542","targetHints":{"allow":["GET"]}}],"collection":[{"href":"https:\/\/nfc-readers.com\/pt\/wp-json\/wp\/v2\/product"}],"about":[{"href":"https:\/\/nfc-readers.com\/pt\/wp-json\/wp\/v2\/types\/product"}],"wp:featuredmedia":[{"embeddable":true,"href":"https:\/\/nfc-readers.com\/pt\/wp-json\/wp\/v2\/media\/1544"}],"wp:attachment":[{"href":"https:\/\/nfc-readers.com\/pt\/wp-json\/wp\/v2\/media?parent=1542"}],"wp:term":[{"taxonomy":"product_brand","embeddable":true,"href":"https:\/\/nfc-readers.com\/pt\/wp-json\/wp\/v2\/product_brand?post=1542"},{"taxonomy":"product_cat","embeddable":true,"href":"https:\/\/nfc-readers.com\/pt\/wp-json\/wp\/v2\/product_cat?post=1542"},{"taxonomy":"product_tag","embeddable":true,"href":"https:\/\/nfc-readers.com\/pt\/wp-json\/wp\/v2\/product_tag?post=1542"}],"curies":[{"name":"wp","href":"https:\/\/api.w.org\/{rel}","templated":true}]}}