{"id":1545,"date":"2024-04-07T06:11:51","date_gmt":"2024-04-07T06:11:51","guid":{"rendered":"https:\/\/nfc-readers.com\/?post_type=product&#038;p=1545"},"modified":"2024-10-16T06:54:40","modified_gmt":"2024-10-16T06:54:40","slug":"acr1251u-nfc-reader-writer","status":"publish","type":"product","link":"https:\/\/nfc-readers.com\/pt\/ic-reader\/acr1251u-nfc-reader-writer\/","title":{"rendered":"Leitor\/gravador NFC ACR1251U"},"content":{"rendered":"<h1>Leitor\/gravador NFC ACR1251U<\/h1>\n<p>O ACR1251U-A1 surge como o leitor NFC sem contato de \u00faltima gera\u00e7\u00e3o, aprimorando a experi\u00eancia do usu\u00e1rio com recursos como capacidade de atualiza\u00e7\u00e3o de firmware, um slot SAM (m\u00f3dulo de acesso seguro) e a capacidade de interagir com tags e dispositivos NFC. Ele se destaca no reino das funcionalidades sem contato, oferecendo uma camada extra de seguran\u00e7a. Gra\u00e7as ao SAM, ele pode executar diversifica\u00e7\u00e3o de chaves e autentica\u00e7\u00e3o m\u00fatua, reduzindo drasticamente a exposi\u00e7\u00e3o das chaves e minimizando o risco de comprometimento das chaves, refor\u00e7ando assim a seguran\u00e7a das opera\u00e7\u00f5es sem contato. Projetado para uma variedade de prop\u00f3sitos de cart\u00e3o inteligente sem contato, o ACR1251U-A1 \u00e9 adequado para aplica\u00e7\u00f5es como autentica\u00e7\u00e3o de identidade pessoal, acesso \u00e0 rede, e-banking e transa\u00e7\u00f5es de pequena escala. Seus recursos NFC avan\u00e7ados o tornam tamb\u00e9m adequado para usos inovadores como p\u00f4steres inteligentes para publicidade e comunica\u00e7\u00e3o com um amplo espectro de smartphones compat\u00edveis com NFC. A compatibilidade com PC\/SC promove uma integra\u00e7\u00e3o suave entre plataformas e em todo o aplicativo. O ACR1251U-A1 tamb\u00e9m suporta atualiza\u00e7\u00f5es remotas de firmware p\u00f3s-implanta\u00e7\u00e3o, evitando a necessidade de altera\u00e7\u00f5es f\u00edsicas de hardware. Seu design elegante e com economia de espa\u00e7o, e funcionalidade abrangente tornam o ACR1251U-A1 uma ferramenta essencial para qualquer pessoa que busque todos os benef\u00edcios da tecnologia NFC.<\/p>\n<p><iframe loading=\"lazy\" title=\"LEITOR NFC ACR1251U C1\" width=\"1020\" height=\"574\" src=\"https:\/\/www.youtube.com\/embed\/8QiOKOoec6k?feature=oembed\" frameborder=\"0\" allow=\"accelerometer; autoplay; clipboard-write; encrypted-media; gyroscope; picture-in-picture; web-share\" referrerpolicy=\"strict-origin-when-cross-origin\" allowfullscreen><\/iframe><\/p>\n<ul>\n<li>\n<h2>Interface USB de velocidade total<\/h2>\n<\/li>\n<li>\n<h2>Conformidade com CCID<\/h2>\n<\/li>\n<li>\n<h2>Leitor de cart\u00e3o inteligente:<\/h2>\n<ul>\n<li>\n<h3>Interface sem contato:<\/h3>\n<ul>\n<li>\n<h4>Velocidade de leitura\/grava\u00e7\u00e3o de at\u00e9 424 kbps<\/h4>\n<\/li>\n<li>\n<h4>Antena integrada para acesso a tags sem contato, com dist\u00e2ncia de leitura de cart\u00e3o de at\u00e9 30 mm (dependendo do tipo de tag)<\/h4>\n<\/li>\n<li>\n<h4>Suporta cart\u00f5es ISO 14443 Tipo A e B, MIFARE\u00ae, FeliCa e todos os 4 tipos de tags NFC (ISO\/IEC 18092)<\/h4>\n<\/li>\n<li>\n<h4>Recurso anticolis\u00e3o integrado (apenas 1 tag \u00e9 acessada por vez)<\/h4>\n<\/li>\n<li>\n<h4>Suporte NFC<\/h4>\n<\/li>\n<li>\n<h4>Modo leitor\/gravador de cart\u00e3o<\/h4>\n<\/li>\n<\/ul>\n<\/li>\n<\/ul>\n<\/li>\n<li>\n<h2>Perif\u00e9ricos integrados:<\/h2>\n<ul>\n<li>\n<h3>LEDs:<\/h3>\n<ul>\n<li>\n<h4>LED bicolor control\u00e1vel pelo usu\u00e1rio<\/h4>\n<\/li>\n<\/ul>\n<\/li>\n<\/ul>\n<\/li>\n<li>\n<h2>Interface de programa\u00e7\u00e3o de aplicativos:<\/h2>\n<ul>\n<li>\n<h3>Suporta PC\/SC<\/h3>\n<\/li>\n<li>\n<h3>Suporta CT-API (atrav\u00e9s de wrapper em cima de PC\/SC)<\/h3>\n<\/li>\n<\/ul>\n<\/li>\n<li>\n<h2>Capacidade de atualiza\u00e7\u00e3o de firmware USB<\/h2>\n<\/li>\n<li>\n<h2>Suporta Android\u2122 3.1 e posterior<\/h2>\n<\/li>\n<li>\n<div>\n<table width=\"843\">\n<tbody>\n<tr>\n<td colspan=\"2\" width=\"843\">Caracter\u00edsticas f\u00edsicas<\/td>\n<\/tr>\n<tr>\n<td width=\"450\">Dimens\u00f5es (mm)<\/td>\n<td width=\"393\">98,0 mm (C) x 65,0 mm (L) x 12,8 mm (A)<\/td>\n<\/tr>\n<tr>\n<td width=\"450\">Peso (g)<\/td>\n<td width=\"393\">70g<\/td>\n<\/tr>\n<tr>\n<td colspan=\"2\" width=\"843\">Interface USB<\/td>\n<\/tr>\n<tr>\n<td width=\"450\">Protocolo<\/td>\n<td width=\"393\">IDCC USB<\/td>\n<\/tr>\n<tr>\n<td width=\"450\">Fonte de energia<\/td>\n<td width=\"393\">Da porta USB<\/td>\n<\/tr>\n<tr>\n<td width=\"450\">Velocidade<\/td>\n<td width=\"393\">Velocidade total USB (12 Mbps)<\/td>\n<\/tr>\n<tr>\n<td width=\"450\">Comprimento do cabo<\/td>\n<td width=\"393\">1,0 m, Fixo<\/td>\n<\/tr>\n<tr>\n<td colspan=\"2\" width=\"843\">Interface de cart\u00e3o inteligente sem contato<\/td>\n<\/tr>\n<tr>\n<td width=\"450\">Padr\u00e3o<\/td>\n<td width=\"393\">ISO\/IEC 18092 NFC, ISO 14443 Tipo A e B, MIFARE\u00ae, FeliCa<\/td>\n<\/tr>\n<tr>\n<td rowspan=\"4\" width=\"450\">Protocolo<\/td>\n<td width=\"393\">Placa compat\u00edvel com ISO 14443-4, T=CL<\/td>\n<\/tr>\n<tr>\n<td width=\"393\">Cart\u00e3o Cl\u00e1ssico MIFARE\u00ae, T=CL<\/td>\n<\/tr>\n<tr>\n<td width=\"393\">ISO18092, etiquetas NFC<\/td>\n<\/tr>\n<tr>\n<td width=\"393\">FeliCa<\/td>\n<\/tr>\n<tr>\n<td colspan=\"2\" width=\"843\">Perif\u00e9ricos integrados<\/td>\n<\/tr>\n<tr>\n<td width=\"450\">LIDERADO<\/td>\n<td width=\"393\">1 bicolor: Vermelho e Verde<\/td>\n<\/tr>\n<tr>\n<td width=\"450\">Campainha<\/td>\n<td width=\"393\">Mon\u00f3tono<\/td>\n<\/tr>\n<tr>\n<td colspan=\"2\" width=\"843\">Certifica\u00e7\u00f5es\/Conformidade<\/td>\n<\/tr>\n<tr>\n<td rowspan=\"13\" width=\"450\">Certifica\u00e7\u00f5es\/Conformidade<\/td>\n<td width=\"393\">EN 60950\/IEC 60950<\/td>\n<\/tr>\n<tr>\n<td width=\"393\">ISO 18092<\/td>\n<\/tr>\n<tr>\n<td width=\"393\">ISO 14443<\/td>\n<\/tr>\n<tr>\n<td width=\"393\">Velocidade total USB<\/td>\n<\/tr>\n<tr>\n<td width=\"393\">PC\/SC<\/td>\n<\/tr>\n<tr>\n<td width=\"393\">CCID<\/td>\n<\/tr>\n<tr>\n<td width=\"393\">VCCI (Jap\u00e3o)<\/td>\n<\/tr>\n<tr>\n<td width=\"393\">KC (Coreia)<\/td>\n<\/tr>\n<tr>\n<td width=\"393\">Microsoft\u00aeWHQL<\/td>\n<\/tr>\n<tr>\n<td width=\"393\">CE<\/td>\n<\/tr>\n<tr>\n<td width=\"393\">FCC<\/td>\n<\/tr>\n<tr>\n<td width=\"393\">RoHS 2<\/td>\n<\/tr>\n<tr>\n<td width=\"393\">ALCAN\u00c7AR<\/td>\n<\/tr>\n<tr>\n<td colspan=\"2\" width=\"843\">Suporte ao sistema operacional de driver de dispositivo<\/td>\n<\/tr>\n<tr>\n<td rowspan=\"6\" width=\"450\">Suporte ao sistema operacional de driver de dispositivo<\/td>\n<td width=\"393\">Windows\u00ae CE<\/td>\n<\/tr>\n<tr>\n<td width=\"393\">Windows\u00ae<\/td>\n<\/tr>\n<tr>\n<td width=\"393\">Linux\u00ae<\/td>\n<\/tr>\n<tr>\n<td width=\"393\">MAC OS\u00ae<\/td>\n<\/tr>\n<tr>\n<td width=\"393\">Solaris<\/td>\n<\/tr>\n<tr>\n<td width=\"393\">Android\u2122<\/td>\n<\/tr>\n<\/tbody>\n<\/table>\n<\/div>\n<\/li>\n<\/ul>","protected":false},"excerpt":{"rendered":"<p>O ACR1251U-A1 \u00e9 um leitor USB NFC de \u00faltima gera\u00e7\u00e3o com um slot SAM, que oferece maior seguran\u00e7a e versatilidade para diversas aplica\u00e7\u00f5es sem contato.<\/p>","protected":false},"featured_media":1549,"template":"","meta":[],"product_brand":[],"product_cat":[45,40],"product_tag":[],"class_list":{"0":"post-1545","1":"product","2":"type-product","3":"status-publish","4":"has-post-thumbnail","6":"product_cat-contactless-nfc-reader","7":"product_cat-rfid-nfc-reader","9":"first","10":"instock","11":"shipping-taxable","12":"product-type-simple"},"_links":{"self":[{"href":"https:\/\/nfc-readers.com\/pt\/wp-json\/wp\/v2\/product\/1545","targetHints":{"allow":["GET"]}}],"collection":[{"href":"https:\/\/nfc-readers.com\/pt\/wp-json\/wp\/v2\/product"}],"about":[{"href":"https:\/\/nfc-readers.com\/pt\/wp-json\/wp\/v2\/types\/product"}],"wp:featuredmedia":[{"embeddable":true,"href":"https:\/\/nfc-readers.com\/pt\/wp-json\/wp\/v2\/media\/1549"}],"wp:attachment":[{"href":"https:\/\/nfc-readers.com\/pt\/wp-json\/wp\/v2\/media?parent=1545"}],"wp:term":[{"taxonomy":"product_brand","embeddable":true,"href":"https:\/\/nfc-readers.com\/pt\/wp-json\/wp\/v2\/product_brand?post=1545"},{"taxonomy":"product_cat","embeddable":true,"href":"https:\/\/nfc-readers.com\/pt\/wp-json\/wp\/v2\/product_cat?post=1545"},{"taxonomy":"product_tag","embeddable":true,"href":"https:\/\/nfc-readers.com\/pt\/wp-json\/wp\/v2\/product_tag?post=1545"}],"curies":[{"name":"wp","href":"https:\/\/api.w.org\/{rel}","templated":true}]}}