{"id":1550,"date":"2024-04-07T06:15:08","date_gmt":"2024-04-07T06:15:08","guid":{"rendered":"https:\/\/nfc-readers.com\/?post_type=product&#038;p=1550"},"modified":"2024-10-16T06:43:39","modified_gmt":"2024-10-16T06:43:39","slug":"acr1281u-c1-usb-dual-interface-reader","status":"publish","type":"product","link":"https:\/\/nfc-readers.com\/pt\/ic-reader\/acr1281u-c1-usb-dual-interface-reader\/","title":{"rendered":"Leitor usb de interface dupla ACR1281U-C1"},"content":{"rendered":"<h1>Leitor usb de interface dupla ACR1281U-C1<\/h1>\n<p>O ACR1281U-C1 DualBoost II \u00e9 uma vers\u00e3o atualizada do ACR128 DualBoost Reader. Servindo como um leitor de cart\u00e3o inteligente, ele fornece uma interface dupla eficiente, capaz de interagir com qualquer cart\u00e3o inteligente que cumpra os padr\u00f5es ISO 7816 e ISO 14443. Este DualBoost II de segunda gera\u00e7\u00e3o combina opera\u00e7\u00f5es tradicionalmente distintas de cart\u00f5es inteligentes com e sem contato em uma unidade \u00fanica e coesa, permitindo o uso de um cart\u00e3o para diversas aplica\u00e7\u00f5es. A sua utilidade destaca-se no com\u00e9rcio eletr\u00f3nico, permitindo o processamento seguro de pagamentos online atrav\u00e9s de cart\u00f5es de cr\u00e9dito, e desempenha um papel fundamental no transporte p\u00fablico, auxiliando na recarga de cart\u00f5es sem contacto em sistemas tarif\u00e1rios automatizados. Ele incorpora a vis\u00e3o da solu\u00e7\u00e3o de cart\u00e3o \u00fanico, onde uma infinidade de funcionalidades de cart\u00e3o inteligente s\u00e3o unificadas em um \u00fanico cart\u00e3o. A s\u00e9rie DualBoost atualizada \u00e9 totalmente compat\u00edvel com PC\/SC para intera\u00e7\u00e3o perfeita com interfaces com e sem contato. Por ser um leitor NFC port\u00e1til, aumenta a comunica\u00e7\u00e3o de cart\u00f5es sem contato para velocidades de at\u00e9 848 kbps, atendendo aplica\u00e7\u00f5es avan\u00e7adas que exigem alto desempenho. O leitor tamb\u00e9m \u00e9 equipado com mecanismos inteligentes para lidar com cart\u00f5es h\u00edbridos e combi, oferecendo a capacidade de identificar cart\u00f5es sem contato inseridos incorretamente no slot de cart\u00e3o com contato. Parte integrante de seu design \u00e9 o slot SAM, que refor\u00e7a a seguran\u00e7a em ambas as interfaces. Recursos aprimorados, como a capacidade de atualizar firmware via USB, compatibilidade com cart\u00f5es de mem\u00f3ria de contato e suporte para comandos APDU expandidos, destacam o ACR1281U-C1 DualBoost II como um custo-benef\u00edcio. ferramenta completa, eficaz e poderosa, que eleva a conveni\u00eancia e a versatilidade em v\u00e1rios sistemas de cart\u00f5es inteligentes.<\/p>\n<p><iframe loading=\"lazy\" title=\"Leitor de cart\u00f5es inteligentes com e sem contato ACR1281U C1\" width=\"1020\" height=\"574\" src=\"https:\/\/www.youtube.com\/embed\/dABTVMG9dvI?feature=oembed\" frameborder=\"0\" allow=\"accelerometer; autoplay; clipboard-write; encrypted-media; gyroscope; picture-in-picture; web-share\" referrerpolicy=\"strict-origin-when-cross-origin\" allowfullscreen><\/iframe><\/p>\n<ul>\n<li>\n<h2>Interface USB 2.0 de velocidade total<\/h2>\n<\/li>\n<li>\n<h2>Conformidade com CCID<\/h2>\n<\/li>\n<li>\n<h2>Leitor de cart\u00e3o inteligente sem contato:<\/h2>\n<ul>\n<li>\n<h3>Velocidade de leitura\/grava\u00e7\u00e3o de at\u00e9 848 kbps<\/h3>\n<\/li>\n<li>\n<h3>Antena integrada para acesso a tags sem contato, com dist\u00e2ncia de leitura de cart\u00e3o de at\u00e9 50 mm (dependendo do tipo de tag)<\/h3>\n<\/li>\n<li>\n<h3>Suporta cart\u00f5es ISO 14443 Parte 4 Tipo A e B e s\u00e9rie MIFARE\u00ae<\/h3>\n<\/li>\n<li>\n<h3>Recurso anticolis\u00e3o integrado (apenas uma tag \u00e9 acessada por vez)<\/h3>\n<\/li>\n<li>\n<h3>Suporta APDU estendido (m\u00e1x. 64 kbytes)<\/h3>\n<\/li>\n<\/ul>\n<\/li>\n<li>\n<h2>Entre em contato com o leitor de cart\u00e3o inteligente:<\/h2>\n<ul>\n<li>\n<h3>Suporta ISO 7816 Classe A, B e C (5 V, 3 V e 1,8 V)<\/h3>\n<\/li>\n<li>\n<h3>Suporta CAC (cart\u00e3o de acesso comum)<\/h3>\n<\/li>\n<li>\n<h3>Suporta PIV (cart\u00e3o de verifica\u00e7\u00e3o de identidade pessoal)<\/h3>\n<\/li>\n<li>\n<h3>Suporta placas microprocessadas com protocolo T=0 ou T=1<\/h3>\n<\/li>\n<li>\n<h3>Suporta cart\u00f5es de mem\u00f3ria<\/h3>\n<\/li>\n<li>\n<h3>Slot SAM compat\u00edvel com ISO 7816<\/h3>\n<\/li>\n<\/ul>\n<\/li>\n<li>\n<h2>Interface de programa\u00e7\u00e3o de aplicativos:<\/h2>\n<ul>\n<li>\n<h3>Suporta PC\/SC<\/h3>\n<\/li>\n<li>\n<h3>Suporta CT-API (atrav\u00e9s de wrapper em cima de PC\/SC)<\/h3>\n<\/li>\n<\/ul>\n<\/li>\n<li>\n<h2>Perif\u00e9ricos integrados:<\/h2>\n<ul>\n<li>\n<h3>Dois LEDs control\u00e1veis pelo usu\u00e1rio<\/h3>\n<\/li>\n<li>\n<h3>Campainha control\u00e1vel pelo usu\u00e1rio<\/h3>\n<\/li>\n<\/ul>\n<\/li>\n<li>\n<h2>Capacidade de atualiza\u00e7\u00e3o de firmware USB<\/h2>\n<\/li>\n<li>\n<div>\n<table width=\"551\">\n<tbody>\n<tr>\n<td colspan=\"2\" width=\"551\">Caracter\u00edsticas f\u00edsicas<\/td>\n<\/tr>\n<tr>\n<td width=\"230\">Dimens\u00f5es (mm)<\/td>\n<td width=\"321\">120,5 mm (C) x 72,0 mm (L) x 20,4 mm (A)<\/td>\n<\/tr>\n<tr>\n<td width=\"230\">Peso (g)<\/td>\n<td width=\"321\">140g<\/td>\n<\/tr>\n<tr>\n<td colspan=\"2\" width=\"551\">Interface USB<\/td>\n<\/tr>\n<tr>\n<td width=\"230\">Protocolo<\/td>\n<td width=\"321\">IDCC USB<\/td>\n<\/tr>\n<tr>\n<td width=\"230\">Tipo de conector<\/td>\n<td width=\"321\">Padr\u00e3o Tipo A<\/td>\n<\/tr>\n<tr>\n<td width=\"230\">Fonte de energia<\/td>\n<td width=\"321\">Da porta USB<\/td>\n<\/tr>\n<tr>\n<td width=\"230\">Velocidade<\/td>\n<td width=\"321\">Velocidade total USB (12 Mbps)<\/td>\n<\/tr>\n<tr>\n<td width=\"230\">Comprimento do cabo<\/td>\n<td width=\"321\">2,0 m, Fixo<\/td>\n<\/tr>\n<tr>\n<td colspan=\"2\" width=\"551\">Interface de cart\u00e3o inteligente de contato<\/td>\n<\/tr>\n<tr>\n<td width=\"230\">N\u00famero de slots<\/td>\n<td width=\"321\">1 slot para cart\u00e3o de tamanho normal<\/td>\n<\/tr>\n<tr>\n<td width=\"230\">Padr\u00e3o<\/td>\n<td width=\"321\">ISO 7816 Classe A, B, C (5 V, 3 V, 1,8 V)<\/td>\n<\/tr>\n<tr>\n<td width=\"230\">Protocolo<\/td>\n<td width=\"321\">T=0; T=1<\/td>\n<\/tr>\n<tr>\n<td colspan=\"2\" width=\"551\">Interface de cart\u00e3o inteligente sem contato<\/td>\n<\/tr>\n<tr>\n<td width=\"230\">Padr\u00e3o<\/td>\n<td width=\"321\">ISO 14443 A e B Partes 1-4<\/td>\n<\/tr>\n<tr>\n<td rowspan=\"2\" width=\"230\">Protocolo<\/td>\n<td width=\"321\">Placa compat\u00edvel com ISO 14443-4, T=CL<\/td>\n<\/tr>\n<tr>\n<td width=\"321\">Cart\u00e3o Cl\u00e1ssico MIFARE\u00ae, T=CL<\/td>\n<\/tr>\n<tr>\n<td colspan=\"2\" width=\"551\">Interface do cart\u00e3o SAM<\/td>\n<\/tr>\n<tr>\n<td width=\"230\">N\u00famero de slots<\/td>\n<td width=\"321\">1 slot para cart\u00e3o de tamanho SIM padr\u00e3o<\/td>\n<\/tr>\n<tr>\n<td width=\"230\">Padr\u00e3o<\/td>\n<td width=\"321\">ISO 7816 Classe A (5V)<\/td>\n<\/tr>\n<tr>\n<td width=\"230\">Protocolo<\/td>\n<td width=\"321\">T=0; T=1<\/td>\n<\/tr>\n<tr>\n<td colspan=\"2\" width=\"551\">Perif\u00e9ricos integrados<\/td>\n<\/tr>\n<tr>\n<td width=\"230\">LIDERADO<\/td>\n<td width=\"321\">2 cores \u00fanicas: Vermelho e Verde<\/td>\n<\/tr>\n<tr>\n<td width=\"230\">Campainha<\/td>\n<td width=\"321\">Mon\u00f3tono<\/td>\n<\/tr>\n<tr>\n<td colspan=\"2\" width=\"551\">Outras caracter\u00edsticas<\/td>\n<\/tr>\n<tr>\n<td width=\"230\">Atualiza\u00e7\u00e3o de firmware<\/td>\n<td width=\"321\">Suportado<\/td>\n<\/tr>\n<tr>\n<td colspan=\"2\" width=\"551\">Certifica\u00e7\u00f5es\/Conformidade<\/td>\n<\/tr>\n<tr>\n<td rowspan=\"10\" width=\"230\">Certifica\u00e7\u00f5es\/Conformidade<\/td>\n<td width=\"321\">ISO 14443<\/td>\n<\/tr>\n<tr>\n<td width=\"321\">ISO 7816<\/td>\n<\/tr>\n<tr>\n<td width=\"321\">Velocidade total USB<\/td>\n<\/tr>\n<tr>\n<td width=\"321\">PC\/SC<\/td>\n<\/tr>\n<tr>\n<td width=\"321\">CCID<\/td>\n<\/tr>\n<tr>\n<td width=\"321\">Microsoft\u00aeWHQL<\/td>\n<\/tr>\n<tr>\n<td width=\"321\">CE<\/td>\n<\/tr>\n<tr>\n<td width=\"321\">FCC<\/td>\n<\/tr>\n<tr>\n<td width=\"321\">RoHS<\/td>\n<\/tr>\n<tr>\n<td width=\"321\">ALCAN\u00c7AR<\/td>\n<\/tr>\n<tr>\n<td colspan=\"2\" width=\"551\">Suporte ao sistema operacional de driver de dispositivo<\/td>\n<\/tr>\n<tr>\n<td rowspan=\"5\" width=\"230\">Suporte ao sistema operacional de driver de dispositivo<\/td>\n<td width=\"321\">Windows\u00ae<\/td>\n<\/tr>\n<tr>\n<td width=\"321\">Linux\u00ae<\/td>\n<\/tr>\n<tr>\n<td width=\"321\">MAC OS\u00ae<\/td>\n<\/tr>\n<tr>\n<td width=\"321\">Solaris<\/td>\n<\/tr>\n<tr>\n<td width=\"321\">Android\u2122<\/td>\n<\/tr>\n<\/tbody>\n<\/table>\n<\/div>\n<\/li>\n<\/ul>","protected":false},"excerpt":{"rendered":"<p>O ACR1281U-C1 \u00e9 um leitor USB vers\u00e1til com e sem contato, com um slot SAM e recursos NFC port\u00e1teis para melhor desempenho em aplica\u00e7\u00f5es de cart\u00e3o inteligente.<\/p>","protected":false},"featured_media":1557,"template":"","meta":[],"product_brand":[],"product_cat":[45],"product_tag":[],"class_list":{"0":"post-1550","1":"product","2":"type-product","3":"status-publish","4":"has-post-thumbnail","6":"product_cat-contactless-nfc-reader","8":"first","9":"instock","10":"shipping-taxable","11":"product-type-simple"},"_links":{"self":[{"href":"https:\/\/nfc-readers.com\/pt\/wp-json\/wp\/v2\/product\/1550","targetHints":{"allow":["GET"]}}],"collection":[{"href":"https:\/\/nfc-readers.com\/pt\/wp-json\/wp\/v2\/product"}],"about":[{"href":"https:\/\/nfc-readers.com\/pt\/wp-json\/wp\/v2\/types\/product"}],"wp:featuredmedia":[{"embeddable":true,"href":"https:\/\/nfc-readers.com\/pt\/wp-json\/wp\/v2\/media\/1557"}],"wp:attachment":[{"href":"https:\/\/nfc-readers.com\/pt\/wp-json\/wp\/v2\/media?parent=1550"}],"wp:term":[{"taxonomy":"product_brand","embeddable":true,"href":"https:\/\/nfc-readers.com\/pt\/wp-json\/wp\/v2\/product_brand?post=1550"},{"taxonomy":"product_cat","embeddable":true,"href":"https:\/\/nfc-readers.com\/pt\/wp-json\/wp\/v2\/product_cat?post=1550"},{"taxonomy":"product_tag","embeddable":true,"href":"https:\/\/nfc-readers.com\/pt\/wp-json\/wp\/v2\/product_tag?post=1550"}],"curies":[{"name":"wp","href":"https:\/\/api.w.org\/{rel}","templated":true}]}}