{"id":1555,"date":"2024-04-07T06:18:18","date_gmt":"2024-04-07T06:18:18","guid":{"rendered":"https:\/\/nfc-readers.com\/?post_type=product&#038;p=1555"},"modified":"2024-10-16T06:39:36","modified_gmt":"2024-10-16T06:39:36","slug":"acr1281s-c1-dualboost-ii-serial-reader","status":"publish","type":"product","link":"https:\/\/nfc-readers.com\/pt\/ic-reader\/acr1281s-c1-dualboost-ii-serial-reader\/","title":{"rendered":"Leitor serial ACR1281S-C1 DualBoost II"},"content":{"rendered":"<h1>Leitor serial ACR1281S-C1 DualBoost II<\/h1>\n<p>O ACR1281S-C1 DualBoost II \u00e9 um leitor multifacetado que facilita intera\u00e7\u00f5es com cart\u00f5es inteligentes com e sem contato em conformidade com os padr\u00f5es ISO 7816 e ISO 14443, respectivamente. Este leitor de interface dupla combina perfeitamente funcionalidades tradicionalmente encontradas em sistemas discretos em uma unidade \u00fanica que acomoda cart\u00f5es com e sem contato. Ele agiliza diversas transa\u00e7\u00f5es, seja na liquida\u00e7\u00e3o de pagamentos nos setores de com\u00e9rcio eletr\u00f4nico e banc\u00e1rio usando cart\u00f5es de cr\u00e9dito ou na valida\u00e7\u00e3o de cart\u00f5es sem contato para entrada segura em \u00e1reas ou sistemas designados. Isso se integra bem ao conceito de um cart\u00e3o inteligente universal que re\u00fane m\u00faltiplas fun\u00e7\u00f5es de cart\u00e3o inteligente em uma \u00fanica entidade f\u00edsica. Caracter\u00edstico dos dispositivos plug and play, o ACR1281S-C1 n\u00e3o necessita de instala\u00e7\u00f5es complexas de drivers. Ele incorpora um slot SAM (Secure Access Module), fortalecendo a seguran\u00e7a em intera\u00e7\u00f5es com e sem contato. A capacidade do dispositivo para comunica\u00e7\u00e3o r\u00e1pida atinge at\u00e9 848 kbps ao manusear cart\u00f5es sem contato, garantindo sua aptid\u00e3o para aplica\u00e7\u00f5es intensivas e de alto desempenho. Apresentando recursos como capacidade de atualiza\u00e7\u00e3o de firmware USB, suporte para cart\u00f5es de mem\u00f3ria de contato e a capacidade de lidar com APDU estendido, o ACR1281S-C1 Serial DualBoost II representa uma solu\u00e7\u00e3o econ\u00f4mica e robusta. Ele oferece a dupla vantagem de conveni\u00eancia e adaptabilidade em uma ampla gama de aplica\u00e7\u00f5es de cart\u00f5es inteligentes.<\/p>\n<ul>\n<li>\n<h2>Interface serial RS232<\/h2>\n<\/li>\n<li>\n<h2>Interface USB para fonte de alimenta\u00e7\u00e3o<\/h2>\n<\/li>\n<li>\n<h2>Formato de quadro semelhante ao CCID (formato bin\u00e1rio)<\/h2>\n<\/li>\n<li>\n<h2>Leitor de cart\u00e3o inteligente sem contato:<\/h2>\n<ul>\n<li>\n<h3>Velocidade de leitura\/grava\u00e7\u00e3o de at\u00e9 848 kbps<\/h3>\n<\/li>\n<li>\n<h3>Antena integrada para acesso a tags sem contato, com dist\u00e2ncia de leitura de cart\u00e3o de at\u00e9 50 mm (dependendo do tipo de tag)<\/h3>\n<\/li>\n<li>\n<h3>Suporta cart\u00f5es ISO 14443 Parte 4 Tipo A e B e s\u00e9rie MIFARE\u00ae<\/h3>\n<\/li>\n<li>\n<h3>Recurso anticolis\u00e3o integrado (apenas uma tag \u00e9 acessada por vez)<\/h3>\n<\/li>\n<li>\n<h3>Suporta APDU estendido (m\u00e1x. 64 kbytes)<\/h3>\n<\/li>\n<\/ul>\n<\/li>\n<li>\n<h2>Entre em contato com o leitor de cart\u00e3o inteligente:<\/h2>\n<ul>\n<li>\n<h3>Suporta ISO 7816 Classe A, B e C (5 V, 3 V e 1,8 V)<\/h3>\n<\/li>\n<li>\n<h3>Suporta placas microprocessadas com protocolo T=0 ou T=1<\/h3>\n<\/li>\n<li>\n<h3>Suporta cart\u00f5es de mem\u00f3ria<\/h3>\n<\/li>\n<li>\n<h3>Slot SAM compat\u00edvel com ISO 7816<\/h3>\n<\/li>\n<\/ul>\n<\/li>\n<li>\n<h2>Perif\u00e9ricos integrados:<\/h2>\n<ul>\n<li>\n<h3>Dois LEDs control\u00e1veis pelo usu\u00e1rio<\/h3>\n<\/li>\n<li>\n<h3>Campainha control\u00e1vel pelo usu\u00e1rio<\/h3>\n<\/li>\n<\/ul>\n<\/li>\n<li>\n<h2>Capacidade de atualiza\u00e7\u00e3o de firmware USB<\/h2>\n<\/li>\n<li>\n<div>\n<table width=\"500\">\n<tbody>\n<tr>\n<td colspan=\"2\" width=\"500\">Caracter\u00edsticas f\u00edsicas<\/td>\n<\/tr>\n<tr>\n<td width=\"181\">Dimens\u00f5es (mm)<\/td>\n<td width=\"319\">120,5 mm (C) x 72,0 mm (L) x 20,4 mm (A)<\/td>\n<\/tr>\n<tr>\n<td width=\"181\">Peso (g)<\/td>\n<td width=\"319\">150g<\/td>\n<\/tr>\n<tr>\n<td colspan=\"2\" width=\"500\">Interface serial<\/td>\n<\/tr>\n<tr>\n<td width=\"181\">Protocolo<\/td>\n<td width=\"319\">RS-232<\/td>\n<\/tr>\n<tr>\n<td width=\"181\">Tipo de conector<\/td>\n<td width=\"319\">Conector DB-9<\/td>\n<\/tr>\n<tr>\n<td width=\"181\">Fonte de energia<\/td>\n<td width=\"319\">Da porta USB<\/td>\n<\/tr>\n<tr>\n<td width=\"181\">Comprimento do cabo<\/td>\n<td width=\"319\">1,5 m, Fixo (DB9 + USB)<\/td>\n<\/tr>\n<tr>\n<td colspan=\"2\" width=\"500\">Interface de cart\u00e3o inteligente de contato<\/td>\n<\/tr>\n<tr>\n<td width=\"181\">N\u00famero de slots<\/td>\n<td width=\"319\">1 slot para cart\u00e3o de tamanho normal<\/td>\n<\/tr>\n<tr>\n<td width=\"181\">Padr\u00e3o<\/td>\n<td width=\"319\">ISO 7816 Classe A, B, C (5 V, 3 V, 1,8 V)<\/td>\n<\/tr>\n<tr>\n<td width=\"181\">Protocolo<\/td>\n<td width=\"319\">T=0; T=1<\/td>\n<\/tr>\n<tr>\n<td colspan=\"2\" width=\"500\">Interface de cart\u00e3o inteligente sem contato<\/td>\n<\/tr>\n<tr>\n<td width=\"181\">Padr\u00e3o<\/td>\n<td width=\"319\">ISO 14443 A e B Partes 1-4<\/td>\n<\/tr>\n<tr>\n<td rowspan=\"2\" width=\"181\">Protocolo<\/td>\n<td width=\"319\">Placa compat\u00edvel com ISO 14443-4, T=CL<\/td>\n<\/tr>\n<tr>\n<td width=\"319\">Cart\u00e3o Cl\u00e1ssico MIFARE\u00ae, T=CL<\/td>\n<\/tr>\n<tr>\n<td colspan=\"2\" width=\"500\">Interface do cart\u00e3o SAM<\/td>\n<\/tr>\n<tr>\n<td width=\"181\">N\u00famero de slots<\/td>\n<td width=\"319\">1 slot para cart\u00e3o de tamanho SIM padr\u00e3o<\/td>\n<\/tr>\n<tr>\n<td width=\"181\">Padr\u00e3o<\/td>\n<td width=\"319\">ISO 7816 Classe A (5V)<\/td>\n<\/tr>\n<tr>\n<td width=\"181\">Protocolo<\/td>\n<td width=\"319\">T=0; T=1<\/td>\n<\/tr>\n<tr>\n<td colspan=\"2\" width=\"500\">Perif\u00e9ricos integrados<\/td>\n<\/tr>\n<tr>\n<td width=\"181\">LIDERADO<\/td>\n<td width=\"319\">2 cores \u00fanicas: Vermelho e Verde<\/td>\n<\/tr>\n<tr>\n<td width=\"181\">Campainha<\/td>\n<td width=\"319\">Mon\u00f3tono<\/td>\n<\/tr>\n<tr>\n<td colspan=\"2\" width=\"500\">Outras caracter\u00edsticas<\/td>\n<\/tr>\n<tr>\n<td width=\"181\">Atualiza\u00e7\u00e3o de firmware<\/td>\n<td width=\"319\">Suportado<\/td>\n<\/tr>\n<tr>\n<td colspan=\"2\" width=\"500\">Certifica\u00e7\u00f5es\/Conformidade<\/td>\n<\/tr>\n<tr>\n<td rowspan=\"5\" width=\"181\">Certifica\u00e7\u00f5es\/Conformidade<\/td>\n<td width=\"319\">ISO 14443<\/td>\n<\/tr>\n<tr>\n<td width=\"319\">ISO 7816<\/td>\n<\/tr>\n<tr>\n<td width=\"319\">CE<\/td>\n<\/tr>\n<tr>\n<td width=\"319\">FCC<\/td>\n<\/tr>\n<tr>\n<td width=\"319\">RoHS<\/td>\n<\/tr>\n<tr>\n<td colspan=\"2\" width=\"500\">Suporte ao sistema operacional de driver de dispositivo<\/td>\n<\/tr>\n<tr>\n<td rowspan=\"2\" width=\"181\">Suporte ao sistema operacional de driver de dispositivo<\/td>\n<td width=\"319\">Windows\u00ae<\/td>\n<\/tr>\n<tr>\n<td width=\"319\">Linux\u00ae<\/td>\n<\/tr>\n<\/tbody>\n<\/table>\n<\/div>\n<\/li>\n<\/ul>","protected":false},"excerpt":{"rendered":"<p>O ACR1281S-C1 \u00e9 um leitor de contato e sem contato de fun\u00e7\u00e3o dupla, com um slot SAM para maior seguran\u00e7a e desempenho de alta velocidade em aplica\u00e7\u00f5es de cart\u00e3o inteligente.<\/p>","protected":false},"featured_media":1556,"template":"","meta":[],"product_brand":[],"product_cat":[45],"product_tag":[],"class_list":{"0":"post-1555","1":"product","2":"type-product","3":"status-publish","4":"has-post-thumbnail","6":"product_cat-contactless-nfc-reader","8":"first","9":"instock","10":"shipping-taxable","11":"product-type-simple"},"_links":{"self":[{"href":"https:\/\/nfc-readers.com\/pt\/wp-json\/wp\/v2\/product\/1555","targetHints":{"allow":["GET"]}}],"collection":[{"href":"https:\/\/nfc-readers.com\/pt\/wp-json\/wp\/v2\/product"}],"about":[{"href":"https:\/\/nfc-readers.com\/pt\/wp-json\/wp\/v2\/types\/product"}],"wp:featuredmedia":[{"embeddable":true,"href":"https:\/\/nfc-readers.com\/pt\/wp-json\/wp\/v2\/media\/1556"}],"wp:attachment":[{"href":"https:\/\/nfc-readers.com\/pt\/wp-json\/wp\/v2\/media?parent=1555"}],"wp:term":[{"taxonomy":"product_brand","embeddable":true,"href":"https:\/\/nfc-readers.com\/pt\/wp-json\/wp\/v2\/product_brand?post=1555"},{"taxonomy":"product_cat","embeddable":true,"href":"https:\/\/nfc-readers.com\/pt\/wp-json\/wp\/v2\/product_cat?post=1555"},{"taxonomy":"product_tag","embeddable":true,"href":"https:\/\/nfc-readers.com\/pt\/wp-json\/wp\/v2\/product_tag?post=1555"}],"curies":[{"name":"wp","href":"https:\/\/api.w.org\/{rel}","templated":true}]}}