{"id":1558,"date":"2024-04-07T06:20:55","date_gmt":"2024-04-07T06:20:55","guid":{"rendered":"https:\/\/nfc-readers.com\/?post_type=product&#038;p=1558"},"modified":"2024-10-16T06:35:34","modified_gmt":"2024-10-16T06:35:34","slug":"nfc-reader-with-lcd-acr1222l","status":"publish","type":"product","link":"https:\/\/nfc-readers.com\/pt\/ic-reader\/nfc-reader-with-lcd-acr1222l\/","title":{"rendered":"Leitor\/gravador NFC com LCD | ACR1222L"},"content":{"rendered":"<h1>Leitor\/gravador NFC com LCD | ACR1222L<\/h1>\n<p>O ACR1222L se destaca como um leitor de cart\u00e3o inteligente NFC vers\u00e1til e f\u00e1cil de usar, ideal para aplica\u00e7\u00f5es que incluem pagamento eletr\u00f4nico, programas de fidelidade e controle de acesso. Seu LCD e suporte multil\u00edngue, juntamente com seus robustos recursos de seguran\u00e7a com tr\u00eas slots SAM, posicionam-no como uma proposta de alto valor considerando o equil\u00edbrio entre recursos e pre\u00e7o do leitor NFC.<\/p>\n<p><iframe loading=\"lazy\" title=\"Leitor NFC ACR1222L\" width=\"1020\" height=\"765\" src=\"https:\/\/www.youtube.com\/embed\/i-7zrKP8WJo?feature=oembed\" frameborder=\"0\" allow=\"accelerometer; autoplay; clipboard-write; encrypted-media; gyroscope; picture-in-picture; web-share\" referrerpolicy=\"strict-origin-when-cross-origin\" allowfullscreen><\/iframe><\/p>\n<h2>Leitor NFC com LCD | ACR1222L<\/h2>\n<ul>\n<li data-sider-select-id=\"cbe5159f-0e15-4e91-8597-4873bf6b4e88\">\n<h2>Interface USB 2.0 de velocidade total<\/h2>\n<\/li>\n<li>\n<h2>Conformidade com CCID<\/h2>\n<\/li>\n<li>\n<h2>Leitor de cart\u00e3o inteligente:<\/h2>\n<ul>\n<li>\n<h3>Velocidade de leitura\/grava\u00e7\u00e3o de at\u00e9 424 kbps<\/h3>\n<\/li>\n<li>\n<h3>Antena integrada para acesso a tags sem contato, com dist\u00e2ncia de leitura de cart\u00e3o de at\u00e9 50 mm (dependendo do tipo de tag)<\/h3>\n<\/li>\n<li>\n<h3>Suporta cart\u00f5es ISO 14443 Tipo A e B, MIFARE\u00ae, FeliCa e todos os 4 tipos de tags NFC (ISO\/IEC 18092)<\/h3>\n<\/li>\n<li>\n<h3>Recurso anticolis\u00e3o integrado (apenas uma tag \u00e9 acessada por vez)<\/h3>\n<\/li>\n<li>\n<h3>Tr\u00eas slots SAM compat\u00edveis com ISO 7816<\/h3>\n<\/li>\n<\/ul>\n<\/li>\n<li>\n<h2>Perif\u00e9ricos integrados:<\/h2>\n<ul>\n<li>\n<h3>LCD gr\u00e1fico de duas linhas com operabilidade interativa (ou seja, rolar para cima e para baixo, para a esquerda e para a direita, etc.) e suporte multil\u00edngue (ou seja, chin\u00eas, ingl\u00eas, japon\u00eas e v\u00e1rios idiomas europeus)<\/h3>\n<\/li>\n<li>\n<h3>Quatro LEDs control\u00e1veis pelo usu\u00e1rio<\/h3>\n<\/li>\n<li>\n<h3>Campainha control\u00e1vel pelo usu\u00e1rio<\/h3>\n<\/li>\n<\/ul>\n<\/li>\n<li>\n<h2>Capacidade de atualiza\u00e7\u00e3o de firmware USB<\/h2>\n<\/li>\n<\/ul>\n<div>\n<h2 data-sider-select-id=\"d4706cbf-1e8e-448d-9503-dfee41ca8b25\"><strong>Recursos e funcionalidades do leitor sem contato NFC ACR1222L:<\/strong><\/h2>\n<ul>\n<li>\n<h3><strong>Integra\u00e7\u00e3o de tecnologia inovadora<\/strong><\/h3>\n<p>O ACR1222L integra perfeitamente a tecnologia LCD com os recursos NFC do PC-Link, oferecendo uma interface amig\u00e1vel para intera\u00e7\u00e3o sem esfor\u00e7o.<\/li>\n<li>\n<h3><strong>Compatibilidade Abrangente<\/strong><\/h3>\n<p>Desenvolvido com base na tecnologia RFID de 13,56 MHz e no padr\u00e3o ISO\/IEC 18092, o ACR1222L possui ampla compatibilidade com cart\u00f5es ISO14443 Tipo A e B, MIFARE, FeliCa e todos os quatro tipos de etiquetas NFC.<\/li>\n<li>\n<h3><strong>Experi\u00eancia de usu\u00e1rio aprimorada<\/strong><\/h3>\n<\/li>\n<\/ul>\n<p style=\"text-align: left; padding-left: 40px;\"><span style=\"color: #555555; font-size: 14.4px;\">Com compatibilidade com PC\/SC, o ACR1222L facilita atualiza\u00e7\u00f5es f\u00e1ceis de aplicativos de cart\u00e3o inteligente, garantindo uma transi\u00e7\u00e3o perfeita para usu\u00e1rios que buscam funcionalidades e intera\u00e7\u00f5es aprimoradas.<\/span><\/p>\n<ul>\n<li>\n<h3><strong>Interface intuitiva<\/strong><\/h3>\n<\/li>\n<\/ul>\n<p style=\"text-align: left; padding-left: 40px;\">\u00a0Equipado com 4 LEDs, uma campainha e um visor LCD multil\u00edngue, o ACR1222L fornece indica\u00e7\u00f5es claras do status do leitor e do aplicativo, melhorando a compreens\u00e3o e o envolvimento do usu\u00e1rio.<\/p>\n<ul>\n<li>\n<h3><strong>Suporte multil\u00edngue<\/strong><\/h3>\n<p>O LCD gr\u00e1fico de 2 linhas oferece suporte a v\u00e1rios idiomas, incluindo chin\u00eas, ingl\u00eas, japon\u00eas e alguns idiomas europeus, permitindo que uma base diversificada de usu\u00e1rios interaja sem esfor\u00e7o com o dispositivo.<\/li>\n<li>\n<h3><strong>Opera\u00e7\u00e3o interativa<\/strong><\/h3>\n<p>O LCD permite opera\u00e7\u00f5es interativas, como rolagem, melhorando ainda mais a conveni\u00eancia e a acessibilidade do usu\u00e1rio.<\/li>\n<li>\n<h3><strong>Recursos avan\u00e7ados de seguran\u00e7a<\/strong><\/h3>\n<p>Com tr\u00eas slots SAM integrados, o ACR1222L garante maior seguran\u00e7a durante opera\u00e7\u00f5es sem contato, protegendo dados e transa\u00e7\u00f5es confidenciais.<\/li>\n<\/ul>\n<\/div>\n<div><\/div>\n<div>\n<table width=\"702\">\n<tbody>\n<tr>\n<td colspan=\"2\" width=\"702\">Caracter\u00edsticas f\u00edsicas<\/td>\n<\/tr>\n<tr>\n<td rowspan=\"2\" width=\"250\">Dimens\u00f5es (mm)<\/td>\n<td width=\"452\">Corpo principal: 133,5 mm (C) x 88,5 mm (L) x 21,0 mm (A)<\/td>\n<\/tr>\n<tr>\n<td width=\"452\">Com suporte: 158,0 mm (C) x 95,0 mm (L) x 95,0 mm (A)<\/td>\n<\/tr>\n<tr>\n<td rowspan=\"2\" width=\"250\">Peso (g)<\/td>\n<td width=\"452\">Corpo principal: 173g<\/td>\n<\/tr>\n<tr>\n<td width=\"452\">Com suporte: 415g<\/td>\n<\/tr>\n<tr>\n<td colspan=\"2\" width=\"702\">Interface USB<\/td>\n<\/tr>\n<tr>\n<td width=\"250\">Protocolo<\/td>\n<td width=\"452\">IDCC USB<\/td>\n<\/tr>\n<tr>\n<td width=\"250\">Tipo de conector<\/td>\n<td width=\"452\">Padr\u00e3o Tipo A<\/td>\n<\/tr>\n<tr>\n<td width=\"250\">Fonte de energia<\/td>\n<td width=\"452\">Da porta USB<\/td>\n<\/tr>\n<tr>\n<td width=\"250\">Velocidade<\/td>\n<td width=\"452\">Velocidade total USB (12 Mbps)<\/td>\n<\/tr>\n<tr>\n<td width=\"250\">Comprimento do cabo<\/td>\n<td width=\"452\">1,5 m, Fixo<\/td>\n<\/tr>\n<tr>\n<td colspan=\"2\" width=\"702\">Interface de cart\u00e3o inteligente sem contato<\/td>\n<\/tr>\n<tr>\n<td width=\"250\">Padr\u00e3o<\/td>\n<td width=\"452\">ISO\/IEC 18092 NFC, ISO 14443 Tipo A e B, MIFARE\u00ae, FeliCa<\/td>\n<\/tr>\n<tr>\n<td rowspan=\"4\" width=\"250\">Protocolo<\/td>\n<td width=\"452\">Placa compat\u00edvel com ISO 14443-4, T=CL<\/td>\n<\/tr>\n<tr>\n<td width=\"452\">Cart\u00e3o Cl\u00e1ssico MIFARE\u00ae, T=CL<\/td>\n<\/tr>\n<tr>\n<td width=\"452\">ISO18092, etiquetas NFC<\/td>\n<\/tr>\n<tr>\n<td width=\"452\">FeliCa<\/td>\n<\/tr>\n<tr>\n<td colspan=\"2\" width=\"702\">Interface do cart\u00e3o SAM<\/td>\n<\/tr>\n<tr>\n<td width=\"250\">N\u00famero de slots<\/td>\n<td width=\"452\">3 slots de cart\u00e3o de tamanho SIM padr\u00e3o<\/td>\n<\/tr>\n<tr>\n<td width=\"250\">Padr\u00e3o<\/td>\n<td width=\"452\">ISO 7816 Classe A (5V)<\/td>\n<\/tr>\n<tr>\n<td width=\"250\">Protocolo<\/td>\n<td width=\"452\">T=0; T=1<\/td>\n<\/tr>\n<tr>\n<td colspan=\"2\" width=\"702\">Perif\u00e9ricos integrados<\/td>\n<\/tr>\n<tr>\n<td rowspan=\"3\" width=\"250\">LCD<\/td>\n<td width=\"452\">LCD gr\u00e1fico com luz de fundo amarelo-verde<\/td>\n<\/tr>\n<tr>\n<td width=\"452\">Resolu\u00e7\u00e3o: 128 x 32 pixels<\/td>\n<\/tr>\n<tr>\n<td width=\"452\">N\u00famero de caracteres: 16 caracteres x 2 linhas<\/td>\n<\/tr>\n<tr>\n<td width=\"250\">LIDERADO<\/td>\n<td width=\"452\">4 cores \u00fanicas: Verde, Azul, Laranja e Vermelho<\/td>\n<\/tr>\n<tr>\n<td width=\"250\">Campainha<\/td>\n<td width=\"452\">Mon\u00f3tono<\/td>\n<\/tr>\n<tr>\n<td colspan=\"2\" width=\"702\">Outras caracter\u00edsticas<\/td>\n<\/tr>\n<tr>\n<td width=\"250\">Atualiza\u00e7\u00e3o de firmware<\/td>\n<td width=\"452\">Suportado<\/td>\n<\/tr>\n<tr>\n<td colspan=\"2\" width=\"702\">Certifica\u00e7\u00f5es\/Conformidade<\/td>\n<\/tr>\n<tr>\n<td rowspan=\"13\" width=\"250\">Certifica\u00e7\u00f5es\/Conformidade<\/td>\n<td width=\"452\">ISO 18092<\/td>\n<\/tr>\n<tr>\n<td width=\"452\">ISO 14443<\/td>\n<\/tr>\n<tr>\n<td width=\"452\">ISO 7816 (slot SAM)<\/td>\n<\/tr>\n<tr>\n<td width=\"452\">Velocidade total USB<\/td>\n<\/tr>\n<tr>\n<td width=\"452\">PC\/SC<\/td>\n<\/tr>\n<tr>\n<td width=\"452\">CCID<\/td>\n<\/tr>\n<tr>\n<td width=\"452\">VCCI (Jap\u00e3o)<\/td>\n<\/tr>\n<tr>\n<td width=\"452\">KC (Coreia)<\/td>\n<\/tr>\n<tr>\n<td width=\"452\">Microsoft\u00aeWHQL<\/td>\n<\/tr>\n<tr>\n<td width=\"452\">CE<\/td>\n<\/tr>\n<tr>\n<td width=\"452\">FCC<\/td>\n<\/tr>\n<tr>\n<td width=\"452\">RoHS<\/td>\n<\/tr>\n<tr>\n<td width=\"452\">ALCAN\u00c7AR<\/td>\n<\/tr>\n<tr>\n<td colspan=\"2\" width=\"702\">Suporte ao sistema operacional de driver de dispositivo<\/td>\n<\/tr>\n<tr>\n<td rowspan=\"5\" width=\"250\">Suporte ao sistema operacional de driver de dispositivo<\/td>\n<td width=\"452\">Windows\u00ae<\/td>\n<\/tr>\n<tr>\n<td width=\"452\">Linux\u00ae<\/td>\n<\/tr>\n<tr>\n<td width=\"452\">MAC OS\u00ae<\/td>\n<\/tr>\n<tr>\n<td width=\"452\">Solaris<\/td>\n<\/tr>\n<tr>\n<td width=\"452\">Android\u2122<\/td>\n<\/tr>\n<\/tbody>\n<\/table>\n<\/div>\n<div><\/div>\n<div><\/div>\n<div><\/div>\n<div><\/div>","protected":false},"excerpt":{"rendered":"<p>O ACR1222L \u00e9 um leitor USB sem contato vers\u00e1til com LCD, compat\u00edvel com tecnologia RFID NFC e que oferece seguran\u00e7a aprimorada para aplica\u00e7\u00f5es de cart\u00e3o inteligente.<\/p>","protected":false},"featured_media":1563,"template":"","meta":[],"product_brand":[],"product_cat":[45,40],"product_tag":[],"class_list":{"0":"post-1558","1":"product","2":"type-product","3":"status-publish","4":"has-post-thumbnail","6":"product_cat-contactless-nfc-reader","7":"product_cat-rfid-nfc-reader","9":"first","10":"instock","11":"shipping-taxable","12":"product-type-simple"},"_links":{"self":[{"href":"https:\/\/nfc-readers.com\/pt\/wp-json\/wp\/v2\/product\/1558","targetHints":{"allow":["GET"]}}],"collection":[{"href":"https:\/\/nfc-readers.com\/pt\/wp-json\/wp\/v2\/product"}],"about":[{"href":"https:\/\/nfc-readers.com\/pt\/wp-json\/wp\/v2\/types\/product"}],"wp:featuredmedia":[{"embeddable":true,"href":"https:\/\/nfc-readers.com\/pt\/wp-json\/wp\/v2\/media\/1563"}],"wp:attachment":[{"href":"https:\/\/nfc-readers.com\/pt\/wp-json\/wp\/v2\/media?parent=1558"}],"wp:term":[{"taxonomy":"product_brand","embeddable":true,"href":"https:\/\/nfc-readers.com\/pt\/wp-json\/wp\/v2\/product_brand?post=1558"},{"taxonomy":"product_cat","embeddable":true,"href":"https:\/\/nfc-readers.com\/pt\/wp-json\/wp\/v2\/product_cat?post=1558"},{"taxonomy":"product_tag","embeddable":true,"href":"https:\/\/nfc-readers.com\/pt\/wp-json\/wp\/v2\/product_tag?post=1558"}],"curies":[{"name":"wp","href":"https:\/\/api.w.org\/{rel}","templated":true}]}}