{"id":1564,"date":"2024-04-07T06:24:04","date_gmt":"2024-04-07T06:24:04","guid":{"rendered":"https:\/\/nfc-readers.com\/?post_type=product&#038;p=1564"},"modified":"2024-10-16T06:23:32","modified_gmt":"2024-10-16T06:23:32","slug":"acm1281u-c7-usb-contactless-reader-module-with-sam-slot","status":"publish","type":"product","link":"https:\/\/nfc-readers.com\/pt\/ic-reader\/acm1281u-c7-usb-contactless-reader-module-with-sam-slot\/","title":{"rendered":"M\u00f3dulo leitor sem contato USB ACM1281U-C7 com slot SAM"},"content":{"rendered":"<h1>M\u00f3dulo leitor sem contato USB ACM1281U-C7 com slot SAM<\/h1>\n<p>O ACM1281U-C7 se destaca como um sofisticado leitor de cart\u00e3o inteligente projetado para integra\u00e7\u00e3o perfeita em v\u00e1rios sistemas embarcados. Ao suportar ISO 14443 A\/B para as principais tecnologias de cart\u00e3o e oferecer seguran\u00e7a profunda por meio de seu slot SAM compat\u00edvel, juntamente com a flexibilidade do firmware atualiz\u00e1vel em campo, este leitor NFC port\u00e1til \u00e9 feito sob medida para ambientes onde a seguran\u00e7a e a confiabilidade s\u00e3o fundamentais, como sistemas de pagamento e jogos.<\/p>\n<ul>\n<li>\n<h2>Interface USB 2.0 de velocidade total<\/h2>\n<\/li>\n<li>\n<h2>Conformidade com CCID<\/h2>\n<\/li>\n<li>\n<h2>Capacidade de atualiza\u00e7\u00e3o de firmware USB<\/h2>\n<\/li>\n<li>\n<h2>Leitor de cart\u00e3o inteligente:<\/h2>\n<ul>\n<li>\n<h3>Interface sem contato:<\/h3>\n<ul>\n<li>\n<h4>Velocidade de leitura\/grava\u00e7\u00e3o de at\u00e9 848 kbps<\/h4>\n<\/li>\n<li>\n<h4>Antena integrada para acesso a tags sem contato, com dist\u00e2ncia de leitura de cart\u00e3o de at\u00e9 50 mm (dependendo do tipo de tag)<\/h4>\n<\/li>\n<li>\n<h4>Suporta cart\u00f5es ISO 14443 Parte 4 Tipo A e B e s\u00e9rie MIFARE\u00ae Classic<\/h4>\n<\/li>\n<li>\n<h4>Recurso anticolis\u00e3o integrado (apenas 1 tag \u00e9 acessada por vez)<\/h4>\n<\/li>\n<li>\n<h4>Suporta APDU estendido (m\u00e1x. 64 kbytes)<\/h4>\n<\/li>\n<\/ul>\n<\/li>\n<li>\n<h3>Interface SAM:<\/h3>\n<ul>\n<li>\n<h4>Slot SAM compat\u00edvel com ISO 7816, Classe A (5V)<\/h4>\n<\/li>\n<\/ul>\n<\/li>\n<\/ul>\n<\/li>\n<li>\n<h2>Interface de programa\u00e7\u00e3o de aplicativos:<\/h2>\n<ul>\n<li>\n<h3>Suporta PC\/SC<\/h3>\n<\/li>\n<li>\n<h3>Suporta CT-API (atrav\u00e9s de wrapper em cima de PC\/SC)<\/h3>\n<\/li>\n<\/ul>\n<\/li>\n<li>\n<h2>Perif\u00e9ricos:<\/h2>\n<ul>\n<li>\n<h3>LED bicolor control\u00e1vel pelo usu\u00e1rio<\/h3>\n<\/li>\n<li>\n<h3>Campainha control\u00e1vel pelo usu\u00e1rio<\/h3>\n<\/li>\n<li>\n<div>\n<table width=\"558\">\n<tbody>\n<tr>\n<td colspan=\"2\" width=\"558\">Caracter\u00edsticas f\u00edsicas<\/td>\n<\/tr>\n<tr>\n<td width=\"234\">Dimens\u00f5es (mm)<\/td>\n<td width=\"324\">106,6 mm (C) x 67,0 mm (L) x 16,0 mm (A)<\/td>\n<\/tr>\n<tr>\n<td width=\"234\">Peso (g)<\/td>\n<td width=\"324\">20,8g<\/td>\n<\/tr>\n<tr>\n<td colspan=\"2\" width=\"558\">Interface USB<\/td>\n<\/tr>\n<tr>\n<td width=\"234\">Protocolo<\/td>\n<td width=\"324\">IDCC USB<\/td>\n<\/tr>\n<tr>\n<td width=\"234\">Tipo de conector<\/td>\n<td width=\"324\">Padr\u00e3o Tipo A<\/td>\n<\/tr>\n<tr>\n<td width=\"234\">Fonte de energia<\/td>\n<td width=\"324\">Da porta USB<\/td>\n<\/tr>\n<tr>\n<td width=\"234\">Velocidade<\/td>\n<td width=\"324\">Velocidade total USB (12 Mbps)<\/td>\n<\/tr>\n<tr>\n<td width=\"234\">Comprimento do cabo<\/td>\n<td width=\"324\">1,0 m, destac\u00e1vel (opcional)<\/td>\n<\/tr>\n<tr>\n<td colspan=\"2\" width=\"558\">Interface de cart\u00e3o inteligente sem contato<\/td>\n<\/tr>\n<tr>\n<td width=\"234\">Padr\u00e3o<\/td>\n<td width=\"324\">ISO 14443 A e B Partes 1-4<\/td>\n<\/tr>\n<tr>\n<td rowspan=\"2\" width=\"234\">Protocolo<\/td>\n<td width=\"324\">Cart\u00f5es compat\u00edveis com ISO14443-4, T=CL<\/td>\n<\/tr>\n<tr>\n<td width=\"324\">Protocolo de cart\u00e3o cl\u00e1ssico MIFARE\u00ae, T=CL<\/td>\n<\/tr>\n<tr>\n<td width=\"234\">Antena<\/td>\n<td width=\"324\">65mm x 60mm<\/td>\n<\/tr>\n<tr>\n<td colspan=\"2\" width=\"558\">Interface do cart\u00e3o SAM<\/td>\n<\/tr>\n<tr>\n<td width=\"234\">N\u00famero de slots<\/td>\n<td width=\"324\">1<\/td>\n<\/tr>\n<tr>\n<td width=\"234\">Padr\u00e3o<\/td>\n<td width=\"324\">ISO 7816 Partes 1-3, Classe A (5 V)<\/td>\n<\/tr>\n<tr>\n<td width=\"234\">Protocolo<\/td>\n<td width=\"324\">T=0; T=1<\/td>\n<\/tr>\n<tr>\n<td colspan=\"2\" width=\"558\">Perif\u00e9ricos integrados<\/td>\n<\/tr>\n<tr>\n<td width=\"234\">LIDERADO<\/td>\n<td width=\"324\">2 cores \u00fanicas: Vermelho e Verde<\/td>\n<\/tr>\n<tr>\n<td width=\"234\">Campainha<\/td>\n<td width=\"324\">Mon\u00f3tono<\/td>\n<\/tr>\n<tr>\n<td colspan=\"2\" width=\"558\">Outras caracter\u00edsticas<\/td>\n<\/tr>\n<tr>\n<td width=\"234\">Atualiza\u00e7\u00e3o de firmware<\/td>\n<td width=\"324\">Suportado<\/td>\n<\/tr>\n<tr>\n<td colspan=\"2\" width=\"558\">Certifica\u00e7\u00f5es\/Conformidade<\/td>\n<\/tr>\n<tr>\n<td rowspan=\"10\" width=\"234\">Certifica\u00e7\u00f5es\/Conformidade<\/td>\n<td width=\"324\">ISO 7816 (slot SAM)<\/td>\n<\/tr>\n<tr>\n<td width=\"324\">ISO 14443<\/td>\n<\/tr>\n<tr>\n<td width=\"324\">Velocidade total USB<\/td>\n<\/tr>\n<tr>\n<td width=\"324\">PC\/SC<\/td>\n<\/tr>\n<tr>\n<td width=\"324\">CCID<\/td>\n<\/tr>\n<tr>\n<td width=\"324\">CE<\/td>\n<\/tr>\n<tr>\n<td width=\"324\">FCC<\/td>\n<\/tr>\n<tr>\n<td width=\"324\">RoHS<\/td>\n<\/tr>\n<tr>\n<td width=\"324\">ALCAN\u00c7AR<\/td>\n<\/tr>\n<tr>\n<td width=\"324\">Microsoft\u00aeWHQL<\/td>\n<\/tr>\n<tr>\n<td colspan=\"2\" width=\"558\">Suporte ao sistema operacional de driver de dispositivo<\/td>\n<\/tr>\n<tr>\n<td rowspan=\"5\" width=\"234\">Suporte ao sistema operacional de driver de dispositivo<\/td>\n<td width=\"324\">Windows\u00ae<\/td>\n<\/tr>\n<tr>\n<td width=\"324\">Linux\u00ae<\/td>\n<\/tr>\n<tr>\n<td width=\"324\">MAC OS\u00ae<\/td>\n<\/tr>\n<tr>\n<td width=\"324\">Solaris<\/td>\n<\/tr>\n<tr>\n<td width=\"324\">Android\u2122<\/td>\n<\/tr>\n<\/tbody>\n<\/table>\n<\/div>\n<\/li>\n<\/ul>\n<\/li>\n<\/ul>","protected":false},"excerpt":{"rendered":"<p>O ACM1281U-C7 \u00e9 um leitor USB sem contato vers\u00e1til com SAM, compat\u00edvel com CCID e PC\/SC, ideal para aplica\u00e7\u00f5es NFC seguras, como pagamentos de m\u00e1quinas de venda autom\u00e1tica.<\/p>","protected":false},"featured_media":1565,"template":"","meta":[],"product_brand":[],"product_cat":[41],"product_tag":[],"class_list":{"0":"post-1564","1":"product","2":"type-product","3":"status-publish","4":"has-post-thumbnail","6":"product_cat-module-ic-reader","8":"first","9":"instock","10":"shipping-taxable","11":"product-type-simple"},"_links":{"self":[{"href":"https:\/\/nfc-readers.com\/pt\/wp-json\/wp\/v2\/product\/1564","targetHints":{"allow":["GET"]}}],"collection":[{"href":"https:\/\/nfc-readers.com\/pt\/wp-json\/wp\/v2\/product"}],"about":[{"href":"https:\/\/nfc-readers.com\/pt\/wp-json\/wp\/v2\/types\/product"}],"wp:featuredmedia":[{"embeddable":true,"href":"https:\/\/nfc-readers.com\/pt\/wp-json\/wp\/v2\/media\/1565"}],"wp:attachment":[{"href":"https:\/\/nfc-readers.com\/pt\/wp-json\/wp\/v2\/media?parent=1564"}],"wp:term":[{"taxonomy":"product_brand","embeddable":true,"href":"https:\/\/nfc-readers.com\/pt\/wp-json\/wp\/v2\/product_brand?post=1564"},{"taxonomy":"product_cat","embeddable":true,"href":"https:\/\/nfc-readers.com\/pt\/wp-json\/wp\/v2\/product_cat?post=1564"},{"taxonomy":"product_tag","embeddable":true,"href":"https:\/\/nfc-readers.com\/pt\/wp-json\/wp\/v2\/product_tag?post=1564"}],"curies":[{"name":"wp","href":"https:\/\/api.w.org\/{rel}","templated":true}]}}