{"id":1566,"date":"2024-04-07T06:26:05","date_gmt":"2024-04-07T06:26:05","guid":{"rendered":"https:\/\/nfc-readers.com\/?post_type=product&#038;p=1566"},"modified":"2024-10-16T06:20:36","modified_gmt":"2024-10-16T06:20:36","slug":"acm1281s-c7-serial-contactless-reader-module-with-sam-slot","status":"publish","type":"product","link":"https:\/\/nfc-readers.com\/pt\/ic-reader\/acm1281s-c7-serial-contactless-reader-module-with-sam-slot\/","title":{"rendered":"M\u00f3dulo de leitor serial sem contato ACM1281S-C7 com slot SAM"},"content":{"rendered":"<h1>M\u00f3dulo de leitor serial sem contato ACM1281S-C7 com slot SAM<\/h1>\n<p>O ACM1281S-C7 representa um avan\u00e7ado leitor de cart\u00e3o inteligente serial sem contato com atributos port\u00e1teis e de alta velocidade, adequado para uma vasta gama de aplica\u00e7\u00f5es que exigem intera\u00e7\u00f5es r\u00e1pidas, confi\u00e1veis e seguras. Sua capacidade de suportar APDU estendido, juntamente com sua facilidade de uso, fazem deste leitor uma solu\u00e7\u00e3o robusta para ambientes m\u00f3veis e fixos.<\/p>\n<ul>\n<li>\n<h2>Interface serial RS232<\/h2>\n<\/li>\n<li>\n<h2>Interface USB para fonte de alimenta\u00e7\u00e3o<\/h2>\n<\/li>\n<li>\n<h2>Formato de quadro semelhante ao CCID (formato bin\u00e1rio)<\/h2>\n<\/li>\n<li>\n<h2>Capacidade de atualiza\u00e7\u00e3o de firmware USB<\/h2>\n<\/li>\n<li>\n<h2>Leitor de cart\u00e3o inteligente:<\/h2>\n<ul>\n<li>\n<h3>Interface sem contato:<\/h3>\n<ul>\n<li>\n<h4>Velocidade de leitura\/grava\u00e7\u00e3o de at\u00e9 848 kbps<\/h4>\n<\/li>\n<li>\n<h4>Antena integrada para acesso a tags sem contato, com dist\u00e2ncia de leitura de cart\u00e3o de at\u00e9 50 mm (dependendo do tipo de tag)<\/h4>\n<\/li>\n<li>\n<h4>Suporta cart\u00f5es ISO 14443 Parte 4 Tipo A e B e s\u00e9rie MIFARE\u00ae Classic<\/h4>\n<\/li>\n<li>\n<h4>Recurso anticolis\u00e3o integrado (apenas 1 tag \u00e9 acessada por vez)<\/h4>\n<\/li>\n<li>\n<h4>Suporta APDU estendido (m\u00e1x. 64 kbytes)<\/h4>\n<\/li>\n<\/ul>\n<\/li>\n<li>\n<h3>Interface SAM:<\/h3>\n<ul>\n<li>\n<h4>Slot SAM compat\u00edvel com ISO 7816, Classe A (5V)<\/h4>\n<\/li>\n<\/ul>\n<\/li>\n<\/ul>\n<\/li>\n<li>\n<h2>Perif\u00e9ricos:<\/h2>\n<ul>\n<li>\n<h3>LED bicolor control\u00e1vel pelo usu\u00e1rio<\/h3>\n<\/li>\n<li>\n<h3>Campainha control\u00e1vel pelo usu\u00e1rio<\/h3>\n<\/li>\n<li>\n<div>\n<table width=\"551\">\n<tbody>\n<tr>\n<td colspan=\"2\" width=\"551\">Caracter\u00edsticas f\u00edsicas<\/td>\n<\/tr>\n<tr>\n<td width=\"226\">Dimens\u00f5es (mm)<\/td>\n<td width=\"325\">106,6 mm (C) x 67,0 g (L) x 16,0 g (A)<\/td>\n<\/tr>\n<tr>\n<td width=\"226\">Peso (g)<\/td>\n<td width=\"325\">20,8g<\/td>\n<\/tr>\n<tr>\n<td colspan=\"2\" width=\"551\">Interface serial<\/td>\n<\/tr>\n<tr>\n<td width=\"226\">Protocolo<\/td>\n<td width=\"325\">RS-232<\/td>\n<\/tr>\n<tr>\n<td width=\"226\">Tipo de conector<\/td>\n<td width=\"325\">Conector DB-9<\/td>\n<\/tr>\n<tr>\n<td width=\"226\">Fonte de energia<\/td>\n<td width=\"325\">Atrav\u00e9s de cabo USB<\/td>\n<\/tr>\n<tr>\n<td width=\"226\">Comprimento do cabo<\/td>\n<td width=\"325\">1,5 m, destac\u00e1vel (opcional)<\/td>\n<\/tr>\n<tr>\n<td colspan=\"2\" width=\"551\">Interface de cart\u00e3o inteligente sem contato<\/td>\n<\/tr>\n<tr>\n<td width=\"226\">Padr\u00e3o<\/td>\n<td width=\"325\">ISO 14443 A e B Partes 1-4<\/td>\n<\/tr>\n<tr>\n<td rowspan=\"2\" width=\"226\">Protocolo<\/td>\n<td width=\"325\">Cart\u00f5es compat\u00edveis com ISO14443-4, T=CL<\/td>\n<\/tr>\n<tr>\n<td width=\"325\">Protocolo de cart\u00e3o cl\u00e1ssico MIFARE\u00ae, T=CL<\/td>\n<\/tr>\n<tr>\n<td width=\"226\">Antena<\/td>\n<td width=\"325\">65mm x 60mm<\/td>\n<\/tr>\n<tr>\n<td colspan=\"2\" width=\"551\">Interface do cart\u00e3o SAM<\/td>\n<\/tr>\n<tr>\n<td width=\"226\">N\u00famero de slots<\/td>\n<td width=\"325\">1<\/td>\n<\/tr>\n<tr>\n<td width=\"226\">Padr\u00e3o<\/td>\n<td width=\"325\">ISO 7816 Partes 1-3, Classe A (5 V)<\/td>\n<\/tr>\n<tr>\n<td width=\"226\">Protocolo<\/td>\n<td width=\"325\">T=0; T=1<\/td>\n<\/tr>\n<tr>\n<td colspan=\"2\" width=\"551\">Perif\u00e9ricos integrados<\/td>\n<\/tr>\n<tr>\n<td width=\"226\">LIDERADO<\/td>\n<td width=\"325\">2 cores \u00fanicas: Vermelho e Verde<\/td>\n<\/tr>\n<tr>\n<td width=\"226\">Campainha<\/td>\n<td width=\"325\">Mon\u00f3tono<\/td>\n<\/tr>\n<tr>\n<td colspan=\"2\" width=\"551\">Outras caracter\u00edsticas<\/td>\n<\/tr>\n<tr>\n<td width=\"226\">Atualiza\u00e7\u00e3o de firmware<\/td>\n<td width=\"325\">Suportado<\/td>\n<\/tr>\n<tr>\n<td colspan=\"2\" width=\"551\">Certifica\u00e7\u00f5es\/Conformidade<\/td>\n<\/tr>\n<tr>\n<td rowspan=\"6\" width=\"226\">Certifica\u00e7\u00f5es\/Conformidade<\/td>\n<td width=\"325\">ISO 7816 (slot SAM)<\/td>\n<\/tr>\n<tr>\n<td width=\"325\">ISO 14443<\/td>\n<\/tr>\n<tr>\n<td width=\"325\">CE<\/td>\n<\/tr>\n<tr>\n<td width=\"325\">FCC<\/td>\n<\/tr>\n<tr>\n<td width=\"325\">RoHS<\/td>\n<\/tr>\n<tr>\n<td width=\"325\">ALCAN\u00c7AR<\/td>\n<\/tr>\n<tr>\n<td colspan=\"2\" width=\"551\">Suporte ao sistema operacional de driver de dispositivo<\/td>\n<\/tr>\n<tr>\n<td rowspan=\"2\" width=\"226\">Suporte ao sistema operacional de driver de dispositivo<\/td>\n<td width=\"325\">Windows\u00ae<\/td>\n<\/tr>\n<tr>\n<td width=\"325\">Linux\u00ae<\/td>\n<\/tr>\n<\/tbody>\n<\/table>\n<\/div>\n<\/li>\n<\/ul>\n<\/li>\n<\/ul>","protected":false},"excerpt":{"rendered":"<p>O ACM1281S-C7 \u00e9 um leitor serial sem contato compacto com um m\u00f3dulo SAM, oferecendo desempenho de alta velocidade e f\u00e1cil integra\u00e7\u00e3o para v\u00e1rias aplica\u00e7\u00f5es incorporadas.<\/p>","protected":false},"featured_media":1567,"template":"","meta":[],"product_brand":[],"product_cat":[45,41],"product_tag":[],"class_list":{"0":"post-1566","1":"product","2":"type-product","3":"status-publish","4":"has-post-thumbnail","6":"product_cat-contactless-nfc-reader","7":"product_cat-module-ic-reader","9":"first","10":"instock","11":"shipping-taxable","12":"product-type-simple"},"_links":{"self":[{"href":"https:\/\/nfc-readers.com\/pt\/wp-json\/wp\/v2\/product\/1566","targetHints":{"allow":["GET"]}}],"collection":[{"href":"https:\/\/nfc-readers.com\/pt\/wp-json\/wp\/v2\/product"}],"about":[{"href":"https:\/\/nfc-readers.com\/pt\/wp-json\/wp\/v2\/types\/product"}],"wp:featuredmedia":[{"embeddable":true,"href":"https:\/\/nfc-readers.com\/pt\/wp-json\/wp\/v2\/media\/1567"}],"wp:attachment":[{"href":"https:\/\/nfc-readers.com\/pt\/wp-json\/wp\/v2\/media?parent=1566"}],"wp:term":[{"taxonomy":"product_brand","embeddable":true,"href":"https:\/\/nfc-readers.com\/pt\/wp-json\/wp\/v2\/product_brand?post=1566"},{"taxonomy":"product_cat","embeddable":true,"href":"https:\/\/nfc-readers.com\/pt\/wp-json\/wp\/v2\/product_cat?post=1566"},{"taxonomy":"product_tag","embeddable":true,"href":"https:\/\/nfc-readers.com\/pt\/wp-json\/wp\/v2\/product_tag?post=1566"}],"curies":[{"name":"wp","href":"https:\/\/api.w.org\/{rel}","templated":true}]}}