{"id":1568,"date":"2024-04-07T06:30:24","date_gmt":"2024-04-07T06:30:24","guid":{"rendered":"https:\/\/nfc-readers.com\/?post_type=product&#038;p=1568"},"modified":"2024-10-16T06:16:19","modified_gmt":"2024-10-16T06:16:19","slug":"acm1252u-y3-usb-nfc-reader-module-with-detachable-antenna-board","status":"publish","type":"product","link":"https:\/\/nfc-readers.com\/pt\/ic-reader\/acm1252u-y3-usb-nfc-reader-module-with-detachable-antenna-board\/","title":{"rendered":"M\u00f3dulo leitor NFC USB ACM1252U-Y3 com placa de antena remov\u00edvel"},"content":{"rendered":"<h1>M\u00f3dulo leitor NFC USB ACM1252U-Y3 com placa de antena remov\u00edvel<\/h1>\n<p>O ACM1252U-Y3 \u00e9 um m\u00f3dulo leitor USB de cart\u00e3o inteligente NFC de \u00faltima gera\u00e7\u00e3o, ideal para aplica\u00e7\u00f5es diversificadas que requerem tecnologia NFC incorporada. Com seus recursos de alcance estendido, transfer\u00eancia de dados em alta velocidade e recursos adicionais que promovem adaptabilidade e facilidade de uso, este m\u00f3dulo \u00e9 uma op\u00e7\u00e3o premium para permitir transa\u00e7\u00f5es NFC em aplicativos de sistemas integrados.<\/p>\n<ul>\n<li>\n<h2>Interface USB 2.0 de velocidade total<\/h2>\n<\/li>\n<li>\n<h2>Conformidade com CCID<\/h2>\n<\/li>\n<li>\n<h2>Capacidade de atualiza\u00e7\u00e3o de firmware USB<\/h2>\n<\/li>\n<li>\n<h2>Leitor de cart\u00e3o inteligente:<\/h2>\n<ul>\n<li>\n<h3>Interface sem contato:<\/h3>\n<ul>\n<li>\n<h4>Velocidade de leitura\/grava\u00e7\u00e3o de at\u00e9 424 kbps<\/h4>\n<\/li>\n<li>\n<h4>Antena integrada para acesso a tags sem contato, com dist\u00e2ncia de leitura de cart\u00e3o de at\u00e9 50 mm (dependendo do tipo de tag)<\/h4>\n<\/li>\n<li>\n<h4>Suporta cart\u00f5es ISO 14443 Tipo A e B, MIFARE\u00ae e FeliCa e todos os 4 tipos de tags NFC (ISO\/IEC 18092)<\/h4>\n<\/li>\n<li>\n<h4>Suporta UID MIFARE\u00ae de 7 bytes, MIFARE\u00ae Plus e MIFARE\u00ae DESfire<\/h4>\n<\/li>\n<li>\n<h4>Recurso anticolis\u00e3o integrado (apenas 1 tag \u00e9 acessada por vez)<\/h4>\n<\/li>\n<li>\n<h4>Suporte NFC:<\/h4>\n<ul>\n<li>Modo leitor\/gravador NFC<\/li>\n<li>Modo ponto a ponto<\/li>\n<li>Modo de emula\u00e7\u00e3o de cart\u00e3o<\/li>\n<\/ul>\n<\/li>\n<\/ul>\n<\/li>\n<\/ul>\n<\/li>\n<li>\n<h2>Interface de programa\u00e7\u00e3o de aplicativos:<\/h2>\n<ul>\n<li>\n<h3>Suporta PC\/SC<\/h3>\n<\/li>\n<li>\n<h3>Suporta CT-API (atrav\u00e9s de wrapper em cima de PC\/SC)<\/h3>\n<\/li>\n<\/ul>\n<\/li>\n<li>\n<h2>Perif\u00e9ricos:<\/h2>\n<ul>\n<li>\n<h3>LED bicolor control\u00e1vel pelo usu\u00e1rio<\/h3>\n<\/li>\n<li>\n<h3>Campainha control\u00e1vel pelo usu\u00e1rio<\/h3>\n<\/li>\n<li>\n<div>\n<table width=\"495\">\n<tbody>\n<tr>\n<td colspan=\"2\" width=\"495\">Caracter\u00edsticas f\u00edsicas<\/td>\n<\/tr>\n<tr>\n<td rowspan=\"2\" width=\"187\">Dimens\u00f5es (mm)<\/td>\n<td width=\"308\">Placa principal: 55,0 mm (C) x 45,0 mm (L) x 5,1 mm (A)<\/td>\n<\/tr>\n<tr>\n<td width=\"308\">Placa da antena: 91,0 mm (C) x 49,5 mm (L) x 5,1 mm (A)<\/td>\n<\/tr>\n<tr>\n<td width=\"187\">Peso (g)<\/td>\n<td width=\"308\">26,6g<\/td>\n<\/tr>\n<tr>\n<td colspan=\"2\" width=\"495\">Interface USB<\/td>\n<\/tr>\n<tr>\n<td width=\"187\">Protocolo<\/td>\n<td width=\"308\">IDCC USB<\/td>\n<\/tr>\n<tr>\n<td width=\"187\">Tipo de conector<\/td>\n<td width=\"308\">Padr\u00e3o Tipo A<\/td>\n<\/tr>\n<tr>\n<td width=\"187\">Fonte de energia<\/td>\n<td width=\"308\">Da porta USB<\/td>\n<\/tr>\n<tr>\n<td width=\"187\">Velocidade<\/td>\n<td width=\"308\">Velocidade total USB (12 Mbps)<\/td>\n<\/tr>\n<tr>\n<td width=\"187\">Comprimento do cabo<\/td>\n<td width=\"308\">1,0 m, destac\u00e1vel (opcional)<\/td>\n<\/tr>\n<tr>\n<td colspan=\"2\" width=\"495\">Interface de cart\u00e3o inteligente sem contato<\/td>\n<\/tr>\n<tr>\n<td width=\"187\">Padr\u00e3o<\/td>\n<td width=\"308\">ISO\/IEC 18092 NFC, ISO 14443 Tipo A e B, MIFARE\u00ae, FeliCa<\/td>\n<\/tr>\n<tr>\n<td rowspan=\"4\" width=\"187\">Protocolo<\/td>\n<td width=\"308\">Placa compat\u00edvel com ISO 14443-4, T=CL<\/td>\n<\/tr>\n<tr>\n<td width=\"308\">Cart\u00e3o Cl\u00e1ssico MIFARE\u00ae, T=CL<\/td>\n<\/tr>\n<tr>\n<td width=\"308\">ISO18092, etiquetas NFC<\/td>\n<\/tr>\n<tr>\n<td width=\"308\">FeliCa<\/td>\n<\/tr>\n<tr>\n<td width=\"187\">Antena<\/td>\n<td width=\"308\">77 mm x 49,5 mm<\/td>\n<\/tr>\n<tr>\n<td colspan=\"2\" width=\"495\">Interface do cart\u00e3o SAM<\/td>\n<\/tr>\n<tr>\n<td width=\"187\">N\u00famero de slots<\/td>\n<td width=\"308\">1 (opcional)<\/td>\n<\/tr>\n<tr>\n<td colspan=\"2\" width=\"495\">Perif\u00e9ricos integrados<\/td>\n<\/tr>\n<tr>\n<td width=\"187\">LIDERADO<\/td>\n<td width=\"308\">1 bicolor: Vermelho e Verde<\/td>\n<\/tr>\n<tr>\n<td width=\"187\">Campainha<\/td>\n<td width=\"308\">Mon\u00f3tono<\/td>\n<\/tr>\n<tr>\n<td colspan=\"2\" width=\"495\">Outras caracter\u00edsticas<\/td>\n<\/tr>\n<tr>\n<td width=\"187\">Atualiza\u00e7\u00e3o de firmware<\/td>\n<td width=\"308\">Suportado<\/td>\n<\/tr>\n<tr>\n<td colspan=\"2\" width=\"495\">Certifica\u00e7\u00f5es\/Conformidade<\/td>\n<\/tr>\n<tr>\n<td rowspan=\"13\" width=\"187\">Certifica\u00e7\u00f5es\/Conformidade<\/td>\n<td width=\"308\">EN 60950\/IEC 60950<\/td>\n<\/tr>\n<tr>\n<td width=\"308\">ISO 7816 (slot SAM)<\/td>\n<\/tr>\n<tr>\n<td width=\"308\">ISO 14443<\/td>\n<\/tr>\n<tr>\n<td width=\"308\">ISO 18092<\/td>\n<\/tr>\n<tr>\n<td width=\"308\">Velocidade total USB<\/td>\n<\/tr>\n<tr>\n<td width=\"308\">PC\/SC<\/td>\n<\/tr>\n<tr>\n<td width=\"308\">CCID<\/td>\n<\/tr>\n<tr>\n<td width=\"308\">VCCI (Jap\u00e3o)<\/td>\n<\/tr>\n<tr>\n<td width=\"308\">CE<\/td>\n<\/tr>\n<tr>\n<td width=\"308\">FCC<\/td>\n<\/tr>\n<tr>\n<td width=\"308\">RoHS<\/td>\n<\/tr>\n<tr>\n<td width=\"308\">ALCAN\u00c7AR<\/td>\n<\/tr>\n<tr>\n<td width=\"308\">Microsoft\u00aeWHQL<\/td>\n<\/tr>\n<tr>\n<td colspan=\"2\" width=\"495\">Suporte ao sistema operacional de driver de dispositivo<\/td>\n<\/tr>\n<tr>\n<td rowspan=\"5\" width=\"187\">Suporte ao sistema operacional de driver de dispositivo<\/td>\n<td width=\"308\">Windows\u00ae<\/td>\n<\/tr>\n<tr>\n<td width=\"308\">Linux\u00ae<\/td>\n<\/tr>\n<tr>\n<td width=\"308\">MAC OS\u00ae<\/td>\n<\/tr>\n<tr>\n<td width=\"308\">Solaris<\/td>\n<\/tr>\n<tr>\n<td width=\"308\">Android\u2122<\/td>\n<\/tr>\n<\/tbody>\n<\/table>\n<\/div>\n<\/li>\n<\/ul>\n<\/li>\n<\/ul>","protected":false},"excerpt":{"rendered":"<p>O ACM1252U-Y3 \u00e9 um m\u00f3dulo USB NFC vers\u00e1til que utiliza tecnologia 13,56M, suportando troca de dados de alta velocidade e sendo ideal para diversas aplica\u00e7\u00f5es incorporadas.<\/p>","protected":false},"featured_media":1570,"template":"","meta":[],"product_brand":[],"product_cat":[45,41,40],"product_tag":[],"class_list":{"0":"post-1568","1":"product","2":"type-product","3":"status-publish","4":"has-post-thumbnail","6":"product_cat-contactless-nfc-reader","7":"product_cat-module-ic-reader","8":"product_cat-rfid-nfc-reader","10":"first","11":"instock","12":"shipping-taxable","13":"product-type-simple"},"_links":{"self":[{"href":"https:\/\/nfc-readers.com\/pt\/wp-json\/wp\/v2\/product\/1568","targetHints":{"allow":["GET"]}}],"collection":[{"href":"https:\/\/nfc-readers.com\/pt\/wp-json\/wp\/v2\/product"}],"about":[{"href":"https:\/\/nfc-readers.com\/pt\/wp-json\/wp\/v2\/types\/product"}],"wp:featuredmedia":[{"embeddable":true,"href":"https:\/\/nfc-readers.com\/pt\/wp-json\/wp\/v2\/media\/1570"}],"wp:attachment":[{"href":"https:\/\/nfc-readers.com\/pt\/wp-json\/wp\/v2\/media?parent=1568"}],"wp:term":[{"taxonomy":"product_brand","embeddable":true,"href":"https:\/\/nfc-readers.com\/pt\/wp-json\/wp\/v2\/product_brand?post=1568"},{"taxonomy":"product_cat","embeddable":true,"href":"https:\/\/nfc-readers.com\/pt\/wp-json\/wp\/v2\/product_cat?post=1568"},{"taxonomy":"product_tag","embeddable":true,"href":"https:\/\/nfc-readers.com\/pt\/wp-json\/wp\/v2\/product_tag?post=1568"}],"curies":[{"name":"wp","href":"https:\/\/api.w.org\/{rel}","templated":true}]}}