{"id":1598,"date":"2024-04-07T07:36:03","date_gmt":"2024-04-07T07:36:03","guid":{"rendered":"https:\/\/nfc-readers.com\/?post_type=product&#038;p=1598"},"modified":"2024-10-16T03:12:59","modified_gmt":"2024-10-16T03:12:59","slug":"acr1552u-m1-nfc-rfid-reader-writer","status":"publish","type":"product","link":"https:\/\/nfc-readers.com\/pt\/ic-reader\/acr1552u-m1-nfc-rfid-reader-writer\/","title":{"rendered":"Leitor\/gravador RFID NFC ACR1552U-M1"},"content":{"rendered":"<h1>Leitor\/gravador RFID NFC ACR1552U-M1<\/h1>\n<p>O leitor NFC USB-C ACR1552U-M1 encapsula um dispositivo poderoso e vers\u00e1til que atende a uma infinidade de funcionalidades de cart\u00e3o inteligente. Ele tranquiliza os usu\u00e1rios com recursos avan\u00e7ados que enfatizam a seguran\u00e7a, a adaptabilidade e a compatibilidade abrangente com cart\u00e3o inteligente, tornando-o uma ferramenta indispens\u00e1vel em uma variedade de setores.<\/p>\n<ul>\n<li>\n<h2>Interface USB 2.0 de velocidade total<\/h2>\n<\/li>\n<li>\n<h2>Conformidade com CCID<\/h2>\n<\/li>\n<li>\n<h2>Leitor de cart\u00e3o inteligente sem contato:<\/h2>\n<ul>\n<li>\n<h3>Velocidade de leitura\/grava\u00e7\u00e3o de at\u00e9 848 kbps<\/h3>\n<\/li>\n<li>\n<h3>Antena integrada para acesso a tags sem contato, com dist\u00e2ncia de leitura de cart\u00e3o de at\u00e9 70 mm (dependendo do tipo de tag)<\/h3>\n<\/li>\n<li>\n<h3>Suporta cart\u00f5es ISO 14443 Tipo A e B, cart\u00f5es ISO 15693 e ISO18092 NFC<\/h3>\n<\/li>\n<li>\n<h3>Suporta MIFARE\u00ae (T=CL), FeliCa, tags NFC, SRI\/SRIX, CTS, Innovatron, Picopass, Topaz Card<\/h3>\n<\/li>\n<li>\n<h3>Recurso anticolis\u00e3o integrado<\/h3>\n<\/li>\n<li>\n<h3>Suporta APDU estendido (m\u00e1x. 64 kbytes)<\/h3>\n<\/li>\n<li>\n<h3>Um slot SAM compat\u00edvel com ISO7816 (Classe A)<\/h3>\n<\/li>\n<li>\n<h3>Suporte NFC<\/h3>\n<ul>\n<li>\n<h4>\u00a0 \u00a0Modo leitor\/gravador de cart\u00e3o inteligente<\/h4>\n<\/li>\n<li>\n<h4>\u00a0 \u00a0Modo de emula\u00e7\u00e3o de cart\u00e3o<\/h4>\n<\/li>\n<li>\n<h4>\u00a0 \u00a0Modo de emula\u00e7\u00e3o de teclado<\/h4>\n<\/li>\n<\/ul>\n<\/li>\n<\/ul>\n<\/li>\n<li>\n<h2>Interface de programa\u00e7\u00e3o de aplicativos:<\/h2>\n<ul>\n<li>\n<h3>Suporta PC\/SC<\/h3>\n<\/li>\n<li>\n<h3>Suporta CT-API (atrav\u00e9s de wrapper em cima de PC\/SC)<\/h3>\n<\/li>\n<\/ul>\n<\/li>\n<li>\n<h2>Perif\u00e9ricos:<\/h2>\n<ul>\n<li>\n<h3>LED bicolor control\u00e1vel pelo usu\u00e1rio (azul e verde)<\/h3>\n<\/li>\n<li>\n<h3>Campainha control\u00e1vel pelo usu\u00e1rio (mon\u00f3tono)<\/h3>\n<\/li>\n<li>\n<h3>Um slot SAM<\/h3>\n<\/li>\n<\/ul>\n<\/li>\n<li>\n<h2>Capacidade de atualiza\u00e7\u00e3o de firmware USB<\/h2>\n<\/li>\n<li>\n<div>\n<table width=\"528\">\n<tbody>\n<tr>\n<td colspan=\"2\" width=\"528\">Caracter\u00edsticas f\u00edsicas<\/td>\n<\/tr>\n<tr>\n<td rowspan=\"2\" width=\"215\">Dimens\u00f5es (mm)<\/td>\n<td width=\"313\">Corpo principal: 98 x 65 x 12,8 mm<\/td>\n<\/tr>\n<tr>\n<td width=\"313\">Tamanho da antena: 50 x 40 mm<\/td>\n<\/tr>\n<tr>\n<td width=\"215\">Peso (g)<\/td>\n<td width=\"313\">89g<\/td>\n<\/tr>\n<tr>\n<td colspan=\"2\" width=\"528\">Interface USB<\/td>\n<\/tr>\n<tr>\n<td width=\"215\">Protocolo<\/td>\n<td width=\"313\">IDCC USB<\/td>\n<\/tr>\n<tr>\n<td width=\"215\">Tipo de conector<\/td>\n<td width=\"313\">USB Tipo A (ACR1552U-M1), USB Tipo C (ACR1552U-MF)<\/td>\n<\/tr>\n<tr>\n<td width=\"215\">Fonte de energia<\/td>\n<td width=\"313\">Da porta USB<\/td>\n<\/tr>\n<tr>\n<td width=\"215\">Velocidade<\/td>\n<td width=\"313\">Velocidade total USB (12 Mbps)<\/td>\n<\/tr>\n<tr>\n<td width=\"215\">Comprimento do cabo<\/td>\n<td width=\"313\">1m, n\u00e3o destac\u00e1vel<\/td>\n<\/tr>\n<tr>\n<td colspan=\"2\" width=\"528\">Interface de cart\u00e3o inteligente sem contato<\/td>\n<\/tr>\n<tr>\n<td width=\"215\">Padr\u00e3o<\/td>\n<td width=\"313\">ISO\/IEC 18092 NFC, ISO 14443 Tipo A e B, ISO 15693, MIFARE\u00ae, FeliCa<\/td>\n<\/tr>\n<tr>\n<td rowspan=\"5\" width=\"215\">Protocolo<\/td>\n<td width=\"313\">Placa compat\u00edvel com ISO 14443-4, T=CL<\/td>\n<\/tr>\n<tr>\n<td width=\"313\">Cart\u00e3o Cl\u00e1ssico MIFARE\u00ae, T=CL<\/td>\n<\/tr>\n<tr>\n<td width=\"313\">ISO 15693<\/td>\n<\/tr>\n<tr>\n<td width=\"313\">Etiquetas NFC ISO 18092<\/td>\n<\/tr>\n<tr>\n<td width=\"313\">FeliCa<\/td>\n<\/tr>\n<tr>\n<td colspan=\"2\" width=\"528\">Interface do cart\u00e3o SAM<\/td>\n<\/tr>\n<tr>\n<td width=\"215\">N\u00famero de slots<\/td>\n<td width=\"313\">1 slot para cart\u00e3o de tamanho SIM padr\u00e3o<\/td>\n<\/tr>\n<tr>\n<td width=\"215\">Padr\u00e3o<\/td>\n<td width=\"313\">ISO 7816 Classe A (5V)<\/td>\n<\/tr>\n<tr>\n<td width=\"215\">Protocolo<\/td>\n<td width=\"313\">T=0; T=1<\/td>\n<\/tr>\n<tr>\n<td colspan=\"2\" width=\"528\">Perif\u00e9ricos integrados<\/td>\n<\/tr>\n<tr>\n<td width=\"215\">LIDERADO<\/td>\n<td width=\"313\">1 bicolor: Azul e Verde<\/td>\n<\/tr>\n<tr>\n<td width=\"215\">Campainha<\/td>\n<td width=\"313\">Sim<\/td>\n<\/tr>\n<tr>\n<td colspan=\"2\" width=\"528\">Outras caracter\u00edsticas<\/td>\n<\/tr>\n<tr>\n<td rowspan=\"4\" width=\"215\">Outras caracter\u00edsticas<\/td>\n<td width=\"313\">Tipos de cart\u00e3o suportados:<\/td>\n<\/tr>\n<tr>\n<td width=\"313\">ISO 14443 Tipo A e B Partes 1-4, ISO 15693, ISO 18092 NFC, MIFARE\u00ae, FeliCa, SRI\/SRIX, CTS, Innovatron, Picopass, Topaz Card<\/td>\n<\/tr>\n<tr>\n<td width=\"313\">\u00a0 Recursos NFC:<\/td>\n<\/tr>\n<tr>\n<td width=\"313\">Leitor\/gravador de cart\u00e3o inteligente, emula\u00e7\u00e3o de teclado, emula\u00e7\u00e3o de cart\u00e3o<\/td>\n<\/tr>\n<tr>\n<td width=\"215\">Atualiza\u00e7\u00e3o de firmware<\/td>\n<td width=\"313\">Suportado<\/td>\n<\/tr>\n<tr>\n<td colspan=\"2\" width=\"528\">Certifica\u00e7\u00f5es\/Conformidade<\/td>\n<\/tr>\n<tr>\n<td rowspan=\"4\" width=\"215\">Certifica\u00e7\u00f5es\/Conformidade<\/td>\n<td width=\"313\">Certifica\u00e7\u00f5es:<\/td>\n<\/tr>\n<tr>\n<td width=\"313\">IEC\/EN 62368, CE, UKCA, FCC, VCCI, KC, J-LIS, RoHS, REACH, WEEE, Microsoft\u00ae WHQL<\/td>\n<\/tr>\n<tr>\n<td width=\"313\">Conformidade:<\/td>\n<\/tr>\n<tr>\n<td width=\"313\">CCID USB, PC\/SC<\/td>\n<\/tr>\n<tr>\n<td colspan=\"2\" width=\"528\">Suporte ao sistema operacional de driver de dispositivo<\/td>\n<\/tr>\n<tr>\n<td width=\"215\">Suporte ao sistema operacional de driver de dispositivo<\/td>\n<td width=\"313\">Windows\u00ae, Linux\u00ae, macOS, Android\u2122, iOS\/iPadOS (16 ou superior)<\/td>\n<\/tr>\n<\/tbody>\n<\/table>\n<\/div>\n<\/li>\n<\/ul>","protected":false},"excerpt":{"rendered":"<p>O ACR1552U \u00e9 um leitor USB NFC de alta velocidade compat\u00edvel com CCID e PC\/SC, com suporte a ISO 14443 e 15693, ideal para diversas aplica\u00e7\u00f5es de cart\u00e3o inteligente.<\/p>","protected":false},"featured_media":1599,"template":"","meta":[],"product_brand":[],"product_cat":[45,40],"product_tag":[],"class_list":{"0":"post-1598","1":"product","2":"type-product","3":"status-publish","4":"has-post-thumbnail","6":"product_cat-contactless-nfc-reader","7":"product_cat-rfid-nfc-reader","9":"first","10":"instock","11":"shipping-taxable","12":"product-type-simple"},"_links":{"self":[{"href":"https:\/\/nfc-readers.com\/pt\/wp-json\/wp\/v2\/product\/1598","targetHints":{"allow":["GET"]}}],"collection":[{"href":"https:\/\/nfc-readers.com\/pt\/wp-json\/wp\/v2\/product"}],"about":[{"href":"https:\/\/nfc-readers.com\/pt\/wp-json\/wp\/v2\/types\/product"}],"wp:featuredmedia":[{"embeddable":true,"href":"https:\/\/nfc-readers.com\/pt\/wp-json\/wp\/v2\/media\/1599"}],"wp:attachment":[{"href":"https:\/\/nfc-readers.com\/pt\/wp-json\/wp\/v2\/media?parent=1598"}],"wp:term":[{"taxonomy":"product_brand","embeddable":true,"href":"https:\/\/nfc-readers.com\/pt\/wp-json\/wp\/v2\/product_brand?post=1598"},{"taxonomy":"product_cat","embeddable":true,"href":"https:\/\/nfc-readers.com\/pt\/wp-json\/wp\/v2\/product_cat?post=1598"},{"taxonomy":"product_tag","embeddable":true,"href":"https:\/\/nfc-readers.com\/pt\/wp-json\/wp\/v2\/product_tag?post=1598"}],"curies":[{"name":"wp","href":"https:\/\/api.w.org\/{rel}","templated":true}]}}