{"id":1603,"date":"2024-04-07T07:42:37","date_gmt":"2024-04-07T07:42:37","guid":{"rendered":"https:\/\/nfc-readers.com\/?post_type=product&#038;p=1603"},"modified":"2024-10-16T02:49:08","modified_gmt":"2024-10-16T02:49:08","slug":"acr1581u-c1-15693-dualboost-iii-dual-interface-nfc-reader-writer","status":"publish","type":"product","link":"https:\/\/nfc-readers.com\/pt\/ic-reader\/acr1581u-c1-15693-dualboost-iii-dual-interface-nfc-reader-writer\/","title":{"rendered":"ACR1581U-C1 15693 DualBoost III Leitor Gravador NFC de Interface Dupla"},"content":{"rendered":"<h1>ACR1581U-C1 15693 DualBoost III Leitor Gravador NFC de Interface Dupla<\/h1>\n<p>O ACR1581U DualBoost III \u00e9 a personifica\u00e7\u00e3o de versatilidade e seguran\u00e7a avan\u00e7adas, combinando de forma eficiente tecnologias com e sem contato sob o mesmo teto, com amplo suporte para v\u00e1rios formatos de cart\u00f5es inteligentes. Quer as suas ambi\u00e7\u00f5es residam na progress\u00e3o tecnol\u00f3gica ou na seguran\u00e7a robusta para fun\u00e7\u00f5es de cart\u00f5es inteligentes, o ACR1581U \u00e9 um defensor incompar\u00e1vel da fiabilidade no dom\u00ednio dos leitores de cart\u00f5es inteligentes.<\/p>\n<ul>\n<li>\n<h2>Interface USB 2.0 de velocidade total<\/h2>\n<\/li>\n<li>\n<h2>Conformidade com CCID<\/h2>\n<\/li>\n<li>\n<h2>Leitor de cart\u00e3o inteligente sem contato:<\/h2>\n<ul>\n<li>\n<h3>Velocidade de leitura\/grava\u00e7\u00e3o ISO 14443A\/B de at\u00e9 848 kbps<\/h3>\n<\/li>\n<li>\n<h3>Frequ\u00eancia de clock de at\u00e9 13,56 MHz<\/h3>\n<\/li>\n<li>\n<h3>Antena integrada para acesso a tags sem contato, com dist\u00e2ncia de leitura de cart\u00e3o de at\u00e9 70 mm (dependendo do tipo de tag)<\/h3>\n<\/li>\n<li>\n<h3>Suporta cart\u00f5es ISO 14443 Tipo A e B, cart\u00f5es ISO 15693<\/h3>\n<\/li>\n<li>\n<h3>Suporta etiquetas MIFARE\u00ae, FeliCa, NFC, SRI\/SRIX, CTS, Innovatron, Picopass, Topaz Card<\/h3>\n<\/li>\n<\/ul>\n<\/li>\n<li>\n<h2>Suporta APDU estendido (m\u00e1x. 64 kbytes)<\/h2>\n<\/li>\n<li>\n<h2><strong>Entre em contato com o leitor de cart\u00e3o inteligente<\/strong><\/h2>\n<ul>\n<li>\n<h3>Suporta velocidade ISO 7816 Classe A, B e C (5 V, 3 V e 1,8 V) de at\u00e9 1.250 kbps<\/h3>\n<\/li>\n<li>\n<h3>Suporta CAC (cart\u00e3o de acesso comum)<\/h3>\n<\/li>\n<li>\n<h3>Suporta PIV (cart\u00e3o de verifica\u00e7\u00e3o de identidade pessoal)<\/h3>\n<\/li>\n<li>\n<h3>Suporta placas microprocessadas com protocolo T=0 ou T=1<\/h3>\n<\/li>\n<li>\n<h3>Suporta cart\u00f5es de mem\u00f3ria<\/h3>\n<\/li>\n<li>\n<h3>Slot SAM compat\u00edvel com ISO 7816 (Classe A)<\/h3>\n<\/li>\n<\/ul>\n<\/li>\n<li>\n<h2>Interface de programa\u00e7\u00e3o de aplicativos:<\/h2>\n<ul>\n<li>\n<h3>Suporta PC\/SC<\/h3>\n<\/li>\n<\/ul>\n<\/li>\n<li>\n<h2>Perif\u00e9ricos:<\/h2>\n<ul>\n<li>\n<h3>LED bicolor control\u00e1vel pelo usu\u00e1rio (azul e verde)<\/h3>\n<\/li>\n<li>\n<h3>Campainha control\u00e1vel pelo usu\u00e1rio<\/h3>\n<\/li>\n<\/ul>\n<\/li>\n<li>\n<h2>Capacidade de atualiza\u00e7\u00e3o de firmware USB<\/h2>\n<\/li>\n<li>\n<div>\n<table width=\"483\">\n<tbody>\n<tr>\n<td colspan=\"2\" width=\"483\">Caracter\u00edsticas f\u00edsicas<\/td>\n<\/tr>\n<tr>\n<td width=\"188\">Dimens\u00f5es (mm)<\/td>\n<td width=\"295\">120,5 mm (C) x 72,0 mm (L) x 20,4 mm (A)<\/td>\n<\/tr>\n<tr>\n<td width=\"188\">Peso (g)<\/td>\n<td width=\"295\">143g<\/td>\n<\/tr>\n<tr>\n<td colspan=\"2\" width=\"483\">Interface USB<\/td>\n<\/tr>\n<tr>\n<td width=\"188\">Protocolo<\/td>\n<td width=\"295\">IDCC USB<\/td>\n<\/tr>\n<tr>\n<td width=\"188\">Tipo de conector<\/td>\n<td width=\"295\">USB Tipo A (ACR1581U-C1), USB Tipo C (ACR1581U-CF)<\/td>\n<\/tr>\n<tr>\n<td width=\"188\">Fonte de energia<\/td>\n<td width=\"295\">Da porta USB<\/td>\n<\/tr>\n<tr>\n<td width=\"188\">Velocidade<\/td>\n<td width=\"295\">Velocidade total USB (12 Mbps)<\/td>\n<\/tr>\n<tr>\n<td width=\"188\">Comprimento do cabo<\/td>\n<td width=\"295\">2m, n\u00e3o destac\u00e1vel<\/td>\n<\/tr>\n<tr>\n<td colspan=\"2\" width=\"483\">Interface de cart\u00e3o inteligente de contato<\/td>\n<\/tr>\n<tr>\n<td width=\"188\">N\u00famero de slots<\/td>\n<td width=\"295\">1 slot para cart\u00e3o de tamanho normal<\/td>\n<\/tr>\n<tr>\n<td width=\"188\">Padr\u00e3o<\/td>\n<td width=\"295\">ISO 7816 Classe A, B, C (5 V, 3 V, 1,8 V)<\/td>\n<\/tr>\n<tr>\n<td width=\"188\">Protocolo<\/td>\n<td width=\"295\">T=0; T=1<\/td>\n<\/tr>\n<tr>\n<td colspan=\"2\" width=\"483\">Interface de cart\u00e3o inteligente sem contato<\/td>\n<\/tr>\n<tr>\n<td width=\"188\">Padr\u00e3o<\/td>\n<td width=\"295\">ISO 14443 Tipo A e B, ISO 15693, MIFARE\u00ae, FeliCa<\/td>\n<\/tr>\n<tr>\n<td rowspan=\"4\" width=\"188\">Protocolo<\/td>\n<td width=\"295\">Placa compat\u00edvel com ISO 14443-4, T=CL<\/td>\n<\/tr>\n<tr>\n<td width=\"295\">ISO 15693<\/td>\n<\/tr>\n<tr>\n<td width=\"295\">Cart\u00e3o Cl\u00e1ssico MIFARE\u00ae, T=CL<\/td>\n<\/tr>\n<tr>\n<td width=\"295\">FeliCa<\/td>\n<\/tr>\n<tr>\n<td colspan=\"2\" width=\"483\">Interface do cart\u00e3o SAM<\/td>\n<\/tr>\n<tr>\n<td width=\"188\">N\u00famero de slots<\/td>\n<td width=\"295\">1 slot para cart\u00e3o de tamanho SIM padr\u00e3o<\/td>\n<\/tr>\n<tr>\n<td width=\"188\">Padr\u00e3o<\/td>\n<td width=\"295\">ISO 7816 Classe A (5V)<\/td>\n<\/tr>\n<tr>\n<td width=\"188\">Protocolo<\/td>\n<td width=\"295\">T=0; T=1<\/td>\n<\/tr>\n<tr>\n<td colspan=\"2\" width=\"483\">Perif\u00e9ricos integrados<\/td>\n<\/tr>\n<tr>\n<td width=\"188\">LIDERADO<\/td>\n<td width=\"295\">2 cores \u00fanicas: Azul e Verde<\/td>\n<\/tr>\n<tr>\n<td width=\"188\">Campainha<\/td>\n<td width=\"295\">Mon\u00f3tono<\/td>\n<\/tr>\n<tr>\n<td colspan=\"2\" width=\"483\">Outras caracter\u00edsticas<\/td>\n<\/tr>\n<tr>\n<td rowspan=\"5\" width=\"188\">Outras caracter\u00edsticas<\/td>\n<td width=\"295\">Tipos de cart\u00e3o suportados:<\/td>\n<\/tr>\n<tr>\n<td width=\"295\">ISO 14443 Tipo A e B Partes 1-4,<\/td>\n<\/tr>\n<tr>\n<td width=\"295\">ISO 15693, MIFARE\u00ae, FeliCa, Tags NFC, SRI\/SRIX, CTS, Innovatron, Picopass, Cart\u00e3o Top\u00e1zio<\/td>\n<\/tr>\n<tr>\n<td width=\"295\">Outros recursos NFC:<\/td>\n<\/tr>\n<tr>\n<td width=\"295\">Leitor\/gravador de cart\u00e3o inteligente, emula\u00e7\u00e3o de teclado, emula\u00e7\u00e3o de cart\u00e3o<\/td>\n<\/tr>\n<tr>\n<td width=\"188\">Atualiza\u00e7\u00e3o de firmware<\/td>\n<td width=\"295\">Suportado<\/td>\n<\/tr>\n<tr>\n<td colspan=\"2\" width=\"483\">Certifica\u00e7\u00f5es\/Conformidade<\/td>\n<\/tr>\n<tr>\n<td rowspan=\"4\" width=\"188\">Certifica\u00e7\u00f5es\/Conformidade<\/td>\n<td width=\"295\">Certifica\u00e7\u00f5es:<\/td>\n<\/tr>\n<tr>\n<td width=\"295\">IEC\/EN 62368, CE, FCC, UKCA, VCCI, RoHS, REACH, WEEE<\/td>\n<\/tr>\n<tr>\n<td width=\"295\">Conformidades:<\/td>\n<\/tr>\n<tr>\n<td width=\"295\">CCID USB, PC\/SC<\/td>\n<\/tr>\n<tr>\n<td colspan=\"2\" width=\"483\">Suporte ao sistema operacional de driver de dispositivo<\/td>\n<\/tr>\n<tr>\n<td width=\"188\">Suporte ao sistema operacional de driver de dispositivo<\/td>\n<td width=\"295\">Windows\u00ae, Linux\u00ae, macOS, Android\u2122, iOS\/iPadOS (16 ou superior)<\/td>\n<\/tr>\n<\/tbody>\n<\/table>\n<\/div>\n<\/li>\n<\/ul>","protected":false},"excerpt":{"rendered":"<p>O ACR1581U \u00e9 um leitor de cart\u00e3o inteligente NFC de alta velocidade, oferecendo suporte para NFC e ISO\/IEC 15693, 14443.<\/p>","protected":false},"featured_media":1605,"template":"","meta":[],"product_brand":[],"product_cat":[45,40],"product_tag":[],"class_list":{"0":"post-1603","1":"product","2":"type-product","3":"status-publish","4":"has-post-thumbnail","6":"product_cat-contactless-nfc-reader","7":"product_cat-rfid-nfc-reader","9":"first","10":"instock","11":"shipping-taxable","12":"product-type-simple"},"_links":{"self":[{"href":"https:\/\/nfc-readers.com\/pt\/wp-json\/wp\/v2\/product\/1603","targetHints":{"allow":["GET"]}}],"collection":[{"href":"https:\/\/nfc-readers.com\/pt\/wp-json\/wp\/v2\/product"}],"about":[{"href":"https:\/\/nfc-readers.com\/pt\/wp-json\/wp\/v2\/types\/product"}],"wp:featuredmedia":[{"embeddable":true,"href":"https:\/\/nfc-readers.com\/pt\/wp-json\/wp\/v2\/media\/1605"}],"wp:attachment":[{"href":"https:\/\/nfc-readers.com\/pt\/wp-json\/wp\/v2\/media?parent=1603"}],"wp:term":[{"taxonomy":"product_brand","embeddable":true,"href":"https:\/\/nfc-readers.com\/pt\/wp-json\/wp\/v2\/product_brand?post=1603"},{"taxonomy":"product_cat","embeddable":true,"href":"https:\/\/nfc-readers.com\/pt\/wp-json\/wp\/v2\/product_cat?post=1603"},{"taxonomy":"product_tag","embeddable":true,"href":"https:\/\/nfc-readers.com\/pt\/wp-json\/wp\/v2\/product_tag?post=1603"}],"curies":[{"name":"wp","href":"https:\/\/api.w.org\/{rel}","templated":true}]}}