{"id":1608,"date":"2024-04-07T07:46:35","date_gmt":"2024-04-07T07:46:35","guid":{"rendered":"https:\/\/nfc-readers.com\/?post_type=product&#038;p=1608"},"modified":"2024-10-16T02:43:39","modified_gmt":"2024-10-16T02:43:39","slug":"acr1251t-usb-token-nfc-reader-ii","status":"publish","type":"product","link":"https:\/\/nfc-readers.com\/pt\/ic-reader\/acr1251t-usb-token-nfc-reader-ii\/","title":{"rendered":"Leitor NFC II de token USB ACR1251T"},"content":{"rendered":"<h1>Leitor NFC II de token USB ACR1251T<\/h1>\n<p>O ACR1251T \u00e9 um leitor de cart\u00e3o inteligente NFC avan\u00e7ado e de alta velocidade, ideal para empresas que buscam uma solu\u00e7\u00e3o port\u00e1til e eficiente. Com funcionalidade anticolis\u00e3o, ampla compatibilidade e recursos adicionais de f\u00e1cil utiliza\u00e7\u00e3o, ele se destaca como uma op\u00e7\u00e3o robusta para transa\u00e7\u00f5es NFC r\u00e1pidas e seguras em diversos ambientes de trabalho.<\/p>\n<ul>\n<li>\n<h2>Interface USB de velocidade total<\/h2>\n<\/li>\n<li>\n<h2>Conformidade com CCID<\/h2>\n<\/li>\n<li>\n<h2>Leitor de cart\u00e3o inteligente:<\/h2>\n<ul>\n<li>\n<h3>Interface sem contato:<\/h3>\n<ul>\n<li>Velocidade de leitura\/grava\u00e7\u00e3o de at\u00e9 424 kbps<\/li>\n<li>Antena integrada para acesso a tags sem contato, com dist\u00e2ncia de leitura de cart\u00e3o de at\u00e9 30 mm (dependendo do tipo de tag)<\/li>\n<li>Suporta cart\u00f5es ISO 14443 Tipo A e B, MIFARE\u00ae, FeliCa e todos os 4 tipos de tags NFC (ISO\/IEC 18092)<\/li>\n<li>Recurso anticolis\u00e3o integrado (apenas 1 tag \u00e9 acessada por vez)<\/li>\n<li>Suporte NFC<\/li>\n<li>Modo leitor\/gravador de cart\u00e3o<\/li>\n<\/ul>\n<\/li>\n<\/ul>\n<\/li>\n<li>\n<h2>Perif\u00e9ricos integrados:<\/h2>\n<ul>\n<li>\n<h3>LEDs:<\/h3>\n<ul>\n<li>LED bicolor control\u00e1vel pelo usu\u00e1rio<\/li>\n<\/ul>\n<\/li>\n<\/ul>\n<\/li>\n<li>\n<h2>Interface de programa\u00e7\u00e3o de aplicativos:<\/h2>\n<ul>\n<li>\n<h3>Suporta PC\/SC<\/h3>\n<\/li>\n<li>\n<h3>Suporta CT-API (atrav\u00e9s de wrapper em cima de PC\/SC)<\/h3>\n<\/li>\n<\/ul>\n<\/li>\n<li>\n<h2>Capacidade de atualiza\u00e7\u00e3o de firmware USB<\/h2>\n<\/li>\n<li>\n<h2>Suporta Android\u2122 3.1 e posterior<\/h2>\n<\/li>\n<li>\n<div>\n<table width=\"582\">\n<tbody>\n<tr>\n<td colspan=\"2\" width=\"582\">Caracter\u00edsticas f\u00edsicas<\/td>\n<\/tr>\n<tr>\n<td width=\"215\">Dimens\u00f5es (mm)<\/td>\n<td width=\"367\">75,0 mm (C) x 30,0 mm (L) x 12,7 mm (A)<\/td>\n<\/tr>\n<tr>\n<td width=\"215\">Peso (g)<\/td>\n<td width=\"367\">15,8g<\/td>\n<\/tr>\n<tr>\n<td colspan=\"2\" width=\"582\">Interface USB<\/td>\n<\/tr>\n<tr>\n<td width=\"215\">Protocolo<\/td>\n<td width=\"367\">IDCC USB<\/td>\n<\/tr>\n<tr>\n<td width=\"215\">Tipo de conector<\/td>\n<td width=\"367\">Padr\u00e3o Tipo A<\/td>\n<\/tr>\n<tr>\n<td width=\"215\">Fonte de energia<\/td>\n<td width=\"367\">Da porta USB<\/td>\n<\/tr>\n<tr>\n<td width=\"215\">Velocidade<\/td>\n<td width=\"367\">Velocidade total USB (12 Mbps)<\/td>\n<\/tr>\n<tr>\n<td colspan=\"2\" width=\"582\">Interface de cart\u00e3o inteligente sem contato<\/td>\n<\/tr>\n<tr>\n<td width=\"215\">Padr\u00e3o<\/td>\n<td width=\"367\">ISO\/IEC 18092 NFC, ISO 14443 Tipo A e B, MIFARE\u00ae, FeliCa<\/td>\n<\/tr>\n<tr>\n<td rowspan=\"4\" width=\"215\">Protocolo<\/td>\n<td width=\"367\">Cart\u00f5es compat\u00edveis com ISO14443-4, T=CL<\/td>\n<\/tr>\n<tr>\n<td width=\"367\">Protocolo de cart\u00e3o cl\u00e1ssico MIFARE\u00ae, T=CL<\/td>\n<\/tr>\n<tr>\n<td width=\"367\">ISO 18092, etiquetas NFC<\/td>\n<\/tr>\n<tr>\n<td width=\"367\">FeliCa<\/td>\n<\/tr>\n<tr>\n<td colspan=\"2\" width=\"582\">Perif\u00e9ricos integrados<\/td>\n<\/tr>\n<tr>\n<td width=\"215\">LIDERADO<\/td>\n<td width=\"367\">1 bicolor: verde e vermelho<\/td>\n<\/tr>\n<tr>\n<td colspan=\"2\" width=\"582\">Outras caracter\u00edsticas<\/td>\n<\/tr>\n<tr>\n<td width=\"215\">Atualiza\u00e7\u00e3o de firmware<\/td>\n<td width=\"367\">Suportado<\/td>\n<\/tr>\n<tr>\n<td colspan=\"2\" width=\"582\">Certifica\u00e7\u00f5es\/Conformidade<\/td>\n<\/tr>\n<tr>\n<td rowspan=\"13\" width=\"215\">Certifica\u00e7\u00f5es\/Conformidade<\/td>\n<td width=\"367\">EN 60950\/IEC 60950<\/td>\n<\/tr>\n<tr>\n<td width=\"367\">ISO 18092<\/td>\n<\/tr>\n<tr>\n<td width=\"367\">ISO 14443<\/td>\n<\/tr>\n<tr>\n<td width=\"367\">Velocidade total USB<\/td>\n<\/tr>\n<tr>\n<td width=\"367\">PC\/SC<\/td>\n<\/tr>\n<tr>\n<td width=\"367\">CCID<\/td>\n<\/tr>\n<tr>\n<td width=\"367\">VCCI (Jap\u00e3o)<\/td>\n<\/tr>\n<tr>\n<td width=\"367\">MIC (Jap\u00e3o)<\/td>\n<\/tr>\n<tr>\n<td width=\"367\">Microsoft\u00aeWHQL<\/td>\n<\/tr>\n<tr>\n<td width=\"367\">CE<\/td>\n<\/tr>\n<tr>\n<td width=\"367\">FCC<\/td>\n<\/tr>\n<tr>\n<td width=\"367\">RoHS<\/td>\n<\/tr>\n<tr>\n<td width=\"367\">ALCAN\u00c7AR<\/td>\n<\/tr>\n<tr>\n<td colspan=\"2\" width=\"582\">Suporte ao sistema operacional de driver de dispositivo<\/td>\n<\/tr>\n<tr>\n<td rowspan=\"6\" width=\"215\">Suporte ao sistema operacional de driver de dispositivo<\/td>\n<td width=\"367\">Windows\u00ae CE<\/td>\n<\/tr>\n<tr>\n<td width=\"367\">Windows\u00ae<\/td>\n<\/tr>\n<tr>\n<td width=\"367\">Linux\u00ae<\/td>\n<\/tr>\n<tr>\n<td width=\"367\">MAC OS\u00ae 10.7 e posterior<\/td>\n<\/tr>\n<tr>\n<td width=\"367\">Solaris<\/td>\n<\/tr>\n<tr>\n<td width=\"367\">Android\u2122 3.1 e posterior<\/td>\n<\/tr>\n<\/tbody>\n<\/table>\n<\/div>\n<\/li>\n<\/ul>","protected":false},"excerpt":{"rendered":"<p>O ACR1251T \u00e9 um leitor de cart\u00e3o inteligente NFC port\u00e1til de alta velocidade, compat\u00edvel com NFC e ISO\/IEC 18092, garantindo leitura eficiente de cart\u00f5es em v\u00e1rios sistemas.<\/p>","protected":false},"featured_media":1609,"template":"","meta":[],"product_brand":[],"product_cat":[45,40],"product_tag":[],"class_list":{"0":"post-1608","1":"product","2":"type-product","3":"status-publish","4":"has-post-thumbnail","6":"product_cat-contactless-nfc-reader","7":"product_cat-rfid-nfc-reader","9":"first","10":"instock","11":"shipping-taxable","12":"product-type-simple"},"_links":{"self":[{"href":"https:\/\/nfc-readers.com\/pt\/wp-json\/wp\/v2\/product\/1608","targetHints":{"allow":["GET"]}}],"collection":[{"href":"https:\/\/nfc-readers.com\/pt\/wp-json\/wp\/v2\/product"}],"about":[{"href":"https:\/\/nfc-readers.com\/pt\/wp-json\/wp\/v2\/types\/product"}],"wp:featuredmedia":[{"embeddable":true,"href":"https:\/\/nfc-readers.com\/pt\/wp-json\/wp\/v2\/media\/1609"}],"wp:attachment":[{"href":"https:\/\/nfc-readers.com\/pt\/wp-json\/wp\/v2\/media?parent=1608"}],"wp:term":[{"taxonomy":"product_brand","embeddable":true,"href":"https:\/\/nfc-readers.com\/pt\/wp-json\/wp\/v2\/product_brand?post=1608"},{"taxonomy":"product_cat","embeddable":true,"href":"https:\/\/nfc-readers.com\/pt\/wp-json\/wp\/v2\/product_cat?post=1608"},{"taxonomy":"product_tag","embeddable":true,"href":"https:\/\/nfc-readers.com\/pt\/wp-json\/wp\/v2\/product_tag?post=1608"}],"curies":[{"name":"wp","href":"https:\/\/api.w.org\/{rel}","templated":true}]}}