{"id":1613,"date":"2024-04-07T07:49:24","date_gmt":"2024-04-07T07:49:24","guid":{"rendered":"https:\/\/nfc-readers.com\/?post_type=product&#038;p=1613"},"modified":"2024-10-16T02:39:20","modified_gmt":"2024-10-16T02:39:20","slug":"acm1552u-y3-nfc-module-reader","status":"publish","type":"product","link":"https:\/\/nfc-readers.com\/pt\/ic-reader\/acm1552u-y3-nfc-module-reader\/","title":{"rendered":"LEITOR DE M\u00d3DULO NFC ACM1552U-Y3"},"content":{"rendered":"<h1>LEITOR DE M\u00d3DULO NFC ACM1552U-Y3<\/h1>\n<p>O ACM1552U-Y3 \u00e9 um m\u00f3dulo leitor NFC vers\u00e1til e poderoso, oferecendo velocidade avan\u00e7ada e uma ampla faixa operacional. Sua compatibilidade com m\u00faltiplos protocolos NFC e ISO, combinada com seus modos f\u00e1ceis de usar, posiciona-o como uma solu\u00e7\u00e3o ideal para implementar transa\u00e7\u00f5es baseadas em NFC em diversas \u00e1reas de aplica\u00e7\u00e3o.<\/p>\n<ul>\n<li>\n<h2>Interface USB 2.0 de velocidade total<\/h2>\n<\/li>\n<li>\n<h2>Conformidade com CCID<\/h2>\n<\/li>\n<li>\n<h2>Leitor de cart\u00e3o inteligente sem contato:<\/h2>\n<ul>\n<li>\n<h3>Velocidade de leitura\/grava\u00e7\u00e3o de at\u00e9 848 kbps<\/h3>\n<\/li>\n<li>\n<h3>Antena integrada para acesso a tags sem contato, com dist\u00e2ncia de leitura de cart\u00e3o de at\u00e9 70 mm (dependendo do tipo de tag)<\/h3>\n<\/li>\n<li>\n<h3>Suporta cart\u00f5es ISO 14443 Tipo A e B, cart\u00f5es ISO 15693 e ISO18092 NFC<\/h3>\n<\/li>\n<li>\n<h3>Suporta cart\u00e3o MIFARE Classic\u00ae, MIFARE\u00ae Mini, MIFARE Ultralight\u00ae (T=CL), FeliCa e Topaz<\/h3>\n<\/li>\n<li>\n<h3>Recurso anticolis\u00e3o integrado<\/h3>\n<\/li>\n<li>\n<h3>Suporta APDU estendido (m\u00e1x. 64 kbytes)<\/h3>\n<\/li>\n<li>\n<h3>Um slot SAM compat\u00edvel com ISO7816 (Classe A) (mediante solicita\u00e7\u00e3o)<\/h3>\n<\/li>\n<\/ul>\n<\/li>\n<li>\n<h2>Suporte NFC<\/h2>\n<ul>\n<li>\n<h3>Modo leitor\/gravador de cart\u00e3o inteligente<\/h3>\n<\/li>\n<li>\n<h3>Modo de emula\u00e7\u00e3o de cart\u00e3o<\/h3>\n<\/li>\n<li>\n<h3>Modo de emula\u00e7\u00e3o de teclado<\/h3>\n<\/li>\n<\/ul>\n<\/li>\n<li>\n<h2>Interface de programa\u00e7\u00e3o de aplicativos:<\/h2>\n<ul>\n<li>\n<h3>Suporta PC\/SC<\/h3>\n<\/li>\n<li>\n<h3>Suporta CT-API (atrav\u00e9s de wrapper em cima de PC\/SC)<\/h3>\n<\/li>\n<\/ul>\n<\/li>\n<li>\n<h2>Perif\u00e9ricos:<\/h2>\n<ul>\n<li>\n<h3>LED bicolor control\u00e1vel pelo usu\u00e1rio (azul e verde)<\/h3>\n<\/li>\n<li>\n<h3>Campainha control\u00e1vel pelo usu\u00e1rio (mon\u00f3tono)<\/h3>\n<\/li>\n<li>\n<h3>Um slot SAM (mediante solicita\u00e7\u00e3o)<\/h3>\n<\/li>\n<\/ul>\n<\/li>\n<li>\n<h2>Capacidade de atualiza\u00e7\u00e3o de firmware USB<\/h2>\n<\/li>\n<li>\n<div>\n<table width=\"640\">\n<tbody>\n<tr>\n<td colspan=\"2\" width=\"640\">Caracter\u00edsticas f\u00edsicas<\/td>\n<\/tr>\n<tr>\n<td rowspan=\"2\" width=\"257\">Dimens\u00f5es (mm)<\/td>\n<td width=\"383\">Placa principal: 55,0 x 45,0 x 6,5<\/td>\n<\/tr>\n<tr>\n<td width=\"383\">Placa de antena: 91,0 x 49,5 x 5,0<\/td>\n<\/tr>\n<tr>\n<td width=\"257\">Peso (g)<\/td>\n<td width=\"383\">27.7<\/td>\n<\/tr>\n<tr>\n<td colspan=\"2\" width=\"640\">Interface USB<\/td>\n<\/tr>\n<tr>\n<td width=\"257\">Protocolo<\/td>\n<td width=\"383\">IDCC USB<\/td>\n<\/tr>\n<tr>\n<td width=\"257\">Tipo de conector<\/td>\n<td width=\"383\">USB tipo A<\/td>\n<\/tr>\n<tr>\n<td width=\"257\">Fonte de energia<\/td>\n<td width=\"383\">Da porta USB<\/td>\n<\/tr>\n<tr>\n<td width=\"257\">Velocidade<\/td>\n<td width=\"383\">Velocidade total USB (12 Mbps)<\/td>\n<\/tr>\n<tr>\n<td width=\"257\">Comprimento do cabo<\/td>\n<td width=\"383\">1m, destac\u00e1vel (opcional)<\/td>\n<\/tr>\n<tr>\n<td colspan=\"2\" width=\"640\">Interface de cart\u00e3o inteligente sem contato<\/td>\n<\/tr>\n<tr>\n<td width=\"257\">Padr\u00e3o<\/td>\n<td width=\"383\">ISO 18092 NFC, ISO 14443 Tipo A e B, ISO 15693, MIFARE\u00ae, FeliCa<\/td>\n<\/tr>\n<tr>\n<td rowspan=\"5\" width=\"257\">Protocolo<\/td>\n<td width=\"383\">Placa compat\u00edvel com ISO 14443-4, T=CL<\/td>\n<\/tr>\n<tr>\n<td width=\"383\">Cart\u00e3o Cl\u00e1ssico MIFARE\u00ae, T=CL<\/td>\n<\/tr>\n<tr>\n<td width=\"383\">ISO 15693<\/td>\n<\/tr>\n<tr>\n<td width=\"383\">Etiquetas NFC ISO 18092<\/td>\n<\/tr>\n<tr>\n<td width=\"383\">FeliCa<\/td>\n<\/tr>\n<tr>\n<td colspan=\"2\" width=\"640\">Perif\u00e9ricos integrados<\/td>\n<\/tr>\n<tr>\n<td width=\"257\">LIDERADO<\/td>\n<td width=\"383\">1 bicolor: Azul e Verde<\/td>\n<\/tr>\n<tr>\n<td width=\"257\">Campainha<\/td>\n<td width=\"383\">Mon\u00f3tono<\/td>\n<\/tr>\n<tr>\n<td colspan=\"2\" width=\"640\">Outras caracter\u00edsticas<\/td>\n<\/tr>\n<tr>\n<td rowspan=\"4\" width=\"257\">Outras caracter\u00edsticas<\/td>\n<td width=\"383\">Tipos de cart\u00e3o suportados:<\/td>\n<\/tr>\n<tr>\n<td width=\"383\">ISO 14443 Tipo A e B Partes 1-4, ISO 15693, ISO 18092 NFC, MIFARE Classic\u00ae, MIFARE\u00ae Mini, MIFARE Ultralight\u00ae (T=CL), FeliCa e Topaz Card<\/td>\n<\/tr>\n<tr>\n<td width=\"383\">Outros recursos NFC:<\/td>\n<\/tr>\n<tr>\n<td width=\"383\">Leitor\/gravador de cart\u00e3o inteligente, emula\u00e7\u00e3o de teclado, emula\u00e7\u00e3o de cart\u00e3o<\/td>\n<\/tr>\n<tr>\n<td width=\"257\">Atualiza\u00e7\u00e3o de firmware<\/td>\n<td width=\"383\">Suportado<\/td>\n<\/tr>\n<tr>\n<td colspan=\"2\" width=\"640\">Certifica\u00e7\u00f5es\/Conformidade<\/td>\n<\/tr>\n<tr>\n<td rowspan=\"4\" width=\"257\">Certifica\u00e7\u00f5es\/Conformidade<\/td>\n<td width=\"383\">Certifica\u00e7\u00f5es:<\/td>\n<\/tr>\n<tr>\n<td width=\"383\">IEC\/EN 62368, CE, UKCA, FCC, VCCI, RoHS, REACH, WEEE, Microsoft\u00ae WHQL<\/td>\n<\/tr>\n<tr>\n<td width=\"383\">Conformidade:<\/td>\n<\/tr>\n<tr>\n<td width=\"383\">CCID USB, PC\/SC<\/td>\n<\/tr>\n<tr>\n<td colspan=\"2\" width=\"640\">Suporte ao sistema operacional de driver de dispositivo<\/td>\n<\/tr>\n<tr>\n<td width=\"257\">Suporte ao sistema operacional de driver de dispositivo<\/td>\n<td width=\"383\">Windows\u00ae, Linux\u00ae, macOS, Android\u2122<\/td>\n<\/tr>\n<\/tbody>\n<\/table>\n<\/div>\n<\/li>\n<\/ul>","protected":false},"excerpt":{"rendered":"<p>O ACM1552U-Y3 \u00e9 um m\u00f3dulo NFC USB de alta velocidade que oferece suporte a diversas tecnologias, incluindo emula\u00e7\u00e3o de cart\u00e3o, ideal para diversas aplica\u00e7\u00f5es NFC.<\/p>","protected":false},"featured_media":1614,"template":"","meta":[],"product_brand":[],"product_cat":[41,40],"product_tag":[],"class_list":{"0":"post-1613","1":"product","2":"type-product","3":"status-publish","4":"has-post-thumbnail","6":"product_cat-module-ic-reader","7":"product_cat-rfid-nfc-reader","9":"first","10":"instock","11":"shipping-taxable","12":"product-type-simple"},"_links":{"self":[{"href":"https:\/\/nfc-readers.com\/pt\/wp-json\/wp\/v2\/product\/1613","targetHints":{"allow":["GET"]}}],"collection":[{"href":"https:\/\/nfc-readers.com\/pt\/wp-json\/wp\/v2\/product"}],"about":[{"href":"https:\/\/nfc-readers.com\/pt\/wp-json\/wp\/v2\/types\/product"}],"wp:featuredmedia":[{"embeddable":true,"href":"https:\/\/nfc-readers.com\/pt\/wp-json\/wp\/v2\/media\/1614"}],"wp:attachment":[{"href":"https:\/\/nfc-readers.com\/pt\/wp-json\/wp\/v2\/media?parent=1613"}],"wp:term":[{"taxonomy":"product_brand","embeddable":true,"href":"https:\/\/nfc-readers.com\/pt\/wp-json\/wp\/v2\/product_brand?post=1613"},{"taxonomy":"product_cat","embeddable":true,"href":"https:\/\/nfc-readers.com\/pt\/wp-json\/wp\/v2\/product_cat?post=1613"},{"taxonomy":"product_tag","embeddable":true,"href":"https:\/\/nfc-readers.com\/pt\/wp-json\/wp\/v2\/product_tag?post=1613"}],"curies":[{"name":"wp","href":"https:\/\/api.w.org\/{rel}","templated":true}]}}