{"id":1615,"date":"2024-04-07T07:52:08","date_gmt":"2024-04-07T07:52:08","guid":{"rendered":"https:\/\/nfc-readers.com\/?post_type=product&#038;p=1615"},"modified":"2024-10-16T02:36:24","modified_gmt":"2024-10-16T02:36:24","slug":"acm1552u-z2-small-multi-iso-nfc-module-reader-writer","status":"publish","type":"product","link":"https:\/\/nfc-readers.com\/pt\/ic-reader\/acm1552u-z2-small-multi-iso-nfc-module-reader-writer\/","title":{"rendered":"ACM1552U-Z2 \u2013 Leitor\/gravador de m\u00f3dulo NFC pequeno e multi-ISO"},"content":{"rendered":"<h1>ACM1552U-Z2 \u2013 Leitor\/gravador de m\u00f3dulo NFC pequeno e multi-ISO<\/h1>\n<p>O ACM1552U-Z2 se destaca por ser um m\u00f3dulo compacto e vers\u00e1til, oferecendo recursos NFC de alta velocidade e compatibilidade com diversos padr\u00f5es. Com seus recursos adicionais de seguran\u00e7a e efici\u00eancia energ\u00e9tica, juntamente com uma interface amig\u00e1vel, representa uma solu\u00e7\u00e3o sofisticada para comunica\u00e7\u00e3o sem contato em dispositivos compactos.<\/p>\n<ul>\n<li>\n<h2>Interface USB 2.0 de velocidade total<\/h2>\n<\/li>\n<li>\n<h2>Conformidade com CCID<\/h2>\n<\/li>\n<li>\n<h2>Suporte para cart\u00e3o inteligente sem contato:<\/h2>\n<ul>\n<li>\n<h3>Velocidade de leitura\/grava\u00e7\u00e3o de at\u00e9 848 kbps<\/h3>\n<\/li>\n<li>\n<h3>Antena integrada para acesso a tags sem contato, com dist\u00e2ncia de leitura de cart\u00e3o de at\u00e9 70 mm (dependendo do tipo de tag)<\/h3>\n<\/li>\n<li>\n<h3>Suporta cart\u00f5es ISO 14443 Tipo A e B, cart\u00f5es ISO 15693 e ISO18092 NFC<\/h3>\n<\/li>\n<li>\n<h3>Suporta MIFARE Classic\u00ae, MIFARE\u00ae, DESFire\u00ae, MIFARE Ultralight\u00ae, MIFARE Plus\u00ae, FeliCa e Topaz<\/h3>\n<\/li>\n<li>\n<h3>Recurso anticolis\u00e3o integrado<\/h3>\n<\/li>\n<li>\n<h3>Suporta APDU estendido (m\u00e1x. 64 kbytes)<\/h3>\n<\/li>\n<\/ul>\n<\/li>\n<li>\n<h2>Suporte NFC:<\/h2>\n<ul>\n<li>\n<h3>Modo leitor\/gravador de cart\u00e3o inteligente<\/h3>\n<\/li>\n<li>\n<h3>Modo de emula\u00e7\u00e3o de cart\u00e3o<\/h3>\n<\/li>\n<li>\n<h3>Modo de emula\u00e7\u00e3o de teclado<\/h3>\n<\/li>\n<\/ul>\n<\/li>\n<li>\n<h2>Interface de programa\u00e7\u00e3o de aplicativos:<\/h2>\n<ul>\n<li>\n<h3>Suporta PC\/SC<\/h3>\n<\/li>\n<li>\n<h3>Suporta CT-API (atrav\u00e9s de wrapper em cima de PC\/SC)<\/h3>\n<\/li>\n<\/ul>\n<\/li>\n<li>\n<h2>Perif\u00e9ricos:<\/h2>\n<ul>\n<li>\n<h3>LED bicolor control\u00e1vel pelo usu\u00e1rio (azul e verde)<\/h3>\n<\/li>\n<\/ul>\n<\/li>\n<li>\n<h2>Tamanho compacto<\/h2>\n<\/li>\n<li>\n<h2>Capacidade de atualiza\u00e7\u00e3o de firmware USB<\/h2>\n<\/li>\n<li>\n<div>\n<table width=\"545\">\n<tbody>\n<tr>\n<td colspan=\"2\" width=\"545\">Caracter\u00edsticas f\u00edsicas<\/td>\n<\/tr>\n<tr>\n<td width=\"228\">Dimens\u00f5es (mm)<\/td>\n<td width=\"317\">52,0 x 20,0 x 5,7<\/td>\n<\/tr>\n<tr>\n<td width=\"228\">Peso (g)<\/td>\n<td width=\"317\">3.4<\/td>\n<\/tr>\n<tr>\n<td colspan=\"2\" width=\"545\">Interface USB<\/td>\n<\/tr>\n<tr>\n<td width=\"228\">Protocolo<\/td>\n<td width=\"317\">IDCC USB<\/td>\n<\/tr>\n<tr>\n<td width=\"228\">Tipo de conector<\/td>\n<td width=\"317\">5 pinos, passo de 1 mm, compat\u00edvel com a s\u00e9rie JST SH<\/td>\n<\/tr>\n<tr>\n<td width=\"228\">Fonte de energia<\/td>\n<td width=\"317\">Da porta USB<\/td>\n<\/tr>\n<tr>\n<td width=\"228\">Velocidade<\/td>\n<td width=\"317\">USB 2.0 Full Speed (12 Mbps) compat\u00edvel com USB 3.0<\/td>\n<\/tr>\n<tr>\n<td width=\"228\">Comprimento do cabo<\/td>\n<td width=\"317\">1m, destac\u00e1vel (mediante solicita\u00e7\u00e3o)<\/td>\n<\/tr>\n<tr>\n<td colspan=\"2\" width=\"545\">Interface de cart\u00e3o inteligente sem contato<\/td>\n<\/tr>\n<tr>\n<td width=\"228\">Padr\u00e3o<\/td>\n<td width=\"317\">ISO 18092 NFC, ISO 14443 Tipo A e B, ISO 15693, MIFARE\u00ae, FeliCa<\/td>\n<\/tr>\n<tr>\n<td rowspan=\"5\" width=\"228\">Protocolo<\/td>\n<td width=\"317\">Placa compat\u00edvel com ISO 14443-4, T=CL<\/td>\n<\/tr>\n<tr>\n<td width=\"317\">Cart\u00e3o Cl\u00e1ssico MIFARE\u00ae, T=CL<\/td>\n<\/tr>\n<tr>\n<td width=\"317\">ISO 15693<\/td>\n<\/tr>\n<tr>\n<td width=\"317\">Etiquetas NFC ISO 18092<\/td>\n<\/tr>\n<tr>\n<td width=\"317\">FeliCa<\/td>\n<\/tr>\n<tr>\n<td colspan=\"2\" width=\"545\">Perif\u00e9ricos integrados<\/td>\n<\/tr>\n<tr>\n<td width=\"228\">LIDERADO<\/td>\n<td width=\"317\">1 bicolor: Azul e Verde<\/td>\n<\/tr>\n<tr>\n<td colspan=\"2\" width=\"545\">Outras caracter\u00edsticas<\/td>\n<\/tr>\n<tr>\n<td rowspan=\"6\" width=\"228\">Outras caracter\u00edsticas<\/td>\n<td width=\"317\">Tipos de cart\u00e3o suportados:<\/td>\n<\/tr>\n<tr>\n<td width=\"317\">ISO 14443 Tipo A e B Partes 1-4,<\/td>\n<\/tr>\n<tr>\n<td width=\"317\">ISO 15693, ISO 18092 NFC,<\/td>\n<\/tr>\n<tr>\n<td width=\"317\">MIFARE Classic\u00ae, MIFARE DESFire\u00ae, MIFARE Ultralight\u00ae, MIFARE Plus\u00ae, FeliCa e Top\u00e1zio<\/td>\n<\/tr>\n<tr>\n<td width=\"317\">Outros recursos NFC:<\/td>\n<\/tr>\n<tr>\n<td width=\"317\">Leitor\/gravador de cart\u00e3o inteligente, emula\u00e7\u00e3o de teclado, emula\u00e7\u00e3o de cart\u00e3o<\/td>\n<\/tr>\n<tr>\n<td width=\"228\">Atualiza\u00e7\u00e3o de firmware<\/td>\n<td width=\"317\">Suportado<\/td>\n<\/tr>\n<tr>\n<td colspan=\"2\" width=\"545\">Certifica\u00e7\u00f5es\/Conformidade<\/td>\n<\/tr>\n<tr>\n<td rowspan=\"4\" width=\"228\">Certifica\u00e7\u00f5es\/Conformidade<\/td>\n<td width=\"317\">Certifica\u00e7\u00f5es:<\/td>\n<\/tr>\n<tr>\n<td width=\"317\">IEC\/EN 62368, CE, UKCA, FCC, VCCI, RoHS, REACH, WEEE, Microsoft\u00ae WHQL<\/td>\n<\/tr>\n<tr>\n<td width=\"317\">\u00a0 Conformidade:<\/td>\n<\/tr>\n<tr>\n<td width=\"317\">CCID USB, PC\/SC<\/td>\n<\/tr>\n<tr>\n<td colspan=\"2\" width=\"545\">Suporte ao sistema operacional de driver de dispositivo<\/td>\n<\/tr>\n<tr>\n<td width=\"228\">Suporte ao sistema operacional de driver de dispositivo<\/td>\n<td width=\"317\">Windows\u00ae, Linux\u00ae, macOS, Android\u2122<\/td>\n<\/tr>\n<\/tbody>\n<\/table>\n<\/div>\n<\/li>\n<\/ul>","protected":false},"excerpt":{"rendered":"<p>O ACM1552U-Z2 \u00e9 um m\u00f3dulo NFC USB de alta velocidade com suporte para leitor\/gravador de cart\u00e3o inteligente e emula\u00e7\u00e3o de cart\u00e3o, projetado para opera\u00e7\u00f5es sem contato eficientes e seguras.<\/p>","protected":false},"featured_media":1616,"template":"","meta":[],"product_brand":[],"product_cat":[41,40],"product_tag":[],"class_list":{"0":"post-1615","1":"product","2":"type-product","3":"status-publish","4":"has-post-thumbnail","6":"product_cat-module-ic-reader","7":"product_cat-rfid-nfc-reader","9":"first","10":"instock","11":"shipping-taxable","12":"product-type-simple"},"_links":{"self":[{"href":"https:\/\/nfc-readers.com\/pt\/wp-json\/wp\/v2\/product\/1615","targetHints":{"allow":["GET"]}}],"collection":[{"href":"https:\/\/nfc-readers.com\/pt\/wp-json\/wp\/v2\/product"}],"about":[{"href":"https:\/\/nfc-readers.com\/pt\/wp-json\/wp\/v2\/types\/product"}],"wp:featuredmedia":[{"embeddable":true,"href":"https:\/\/nfc-readers.com\/pt\/wp-json\/wp\/v2\/media\/1616"}],"wp:attachment":[{"href":"https:\/\/nfc-readers.com\/pt\/wp-json\/wp\/v2\/media?parent=1615"}],"wp:term":[{"taxonomy":"product_brand","embeddable":true,"href":"https:\/\/nfc-readers.com\/pt\/wp-json\/wp\/v2\/product_brand?post=1615"},{"taxonomy":"product_cat","embeddable":true,"href":"https:\/\/nfc-readers.com\/pt\/wp-json\/wp\/v2\/product_cat?post=1615"},{"taxonomy":"product_tag","embeddable":true,"href":"https:\/\/nfc-readers.com\/pt\/wp-json\/wp\/v2\/product_tag?post=1615"}],"curies":[{"name":"wp","href":"https:\/\/api.w.org\/{rel}","templated":true}]}}