{"id":1619,"date":"2024-04-07T07:56:40","date_gmt":"2024-04-07T07:56:40","guid":{"rendered":"https:\/\/nfc-readers.com\/?post_type=product&#038;p=1619"},"modified":"2024-10-16T02:33:14","modified_gmt":"2024-10-16T02:33:14","slug":"acm39u-y3-smart-card-reader-module","status":"publish","type":"product","link":"https:\/\/nfc-readers.com\/pt\/ic-reader\/acm39u-y3-smart-card-reader-module\/","title":{"rendered":"M\u00f3dulo leitor de cart\u00e3o inteligente ACM39U-Y3"},"content":{"rendered":"<h1>M\u00f3dulo leitor de cart\u00e3o inteligente ACM39U-Y3<\/h1>\n<p>O ACM39U-Y3 \u00e9 um m\u00f3dulo flex\u00edvel e f\u00e1cil de instalar que suporta uma ampla variedade de plataformas e interfaces, tornando-o ideal para solu\u00e7\u00f5es de cart\u00f5es inteligentes incorporados. Tamb\u00e9m oferece a op\u00e7\u00e3o de integra\u00e7\u00e3o de um M\u00f3dulo de Acesso Seguro (SAM) para maior seguran\u00e7a.<\/p>\n<ul>\n<li>\n<h2>Interface USB 2.0 de velocidade total<\/h2>\n<\/li>\n<li>\n<h2>Plug and Play \u2013 o suporte CCID traz m\u00e1xima mobilidade<\/h2>\n<\/li>\n<li>\n<h2>Leitor de cart\u00e3o inteligente:<\/h2>\n<ul>\n<li>\n<h3>Suporta placas ISO 7816 Classe A, B e C (5 V, 3 V, 1,8 V)<\/h3>\n<\/li>\n<li>\n<h3>Suporta CAC (cart\u00e3o de acesso comum)<\/h3>\n<\/li>\n<li>\n<h3>Suporta cart\u00e3o SIPRNET<\/h3>\n<\/li>\n<li>\n<h3>Suporta cart\u00e3o J-LIS<\/h3>\n<\/li>\n<li>\n<h3>Suporta placas microprocessadas com protocolo T=0 ou T=1<\/h3>\n<\/li>\n<li>\n<h3>Suporta cart\u00f5es de mem\u00f3ria<\/h3>\n<\/li>\n<li>\n<h3>Suporta PPS (sele\u00e7\u00e3o de protocolo e par\u00e2metros)<\/h3>\n<\/li>\n<li>\n<h3>Possui prote\u00e7\u00e3o contra curto-circuito<\/h3>\n<\/li>\n<\/ul>\n<\/li>\n<li>\n<h2>Interface de programa\u00e7\u00e3o de aplicativos:<\/h2>\n<ul>\n<li>\n<h3>Suporta PC\/SC<\/h3>\n<\/li>\n<li>\n<h3>Suporta CT-API (atrav\u00e9s de wrapper em cima de PC\/SC)<\/h3>\n<\/li>\n<\/ul>\n<\/li>\n<li>\n<h2>Suporta Android\u2122 3.1 e posterior<\/h2>\n<\/li>\n<li>\n<div>\n<table width=\"491\">\n<tbody>\n<tr>\n<td colspan=\"2\" width=\"491\">Caracter\u00edsticas f\u00edsicas<\/td>\n<\/tr>\n<tr>\n<td width=\"172\">Dimens\u00f5es (mm)<\/td>\n<td width=\"319\">70,0 mm (C) \u00d7 82,0 mm (L) \u00d7 10,0 mm (A)<\/td>\n<\/tr>\n<tr>\n<td width=\"172\">Peso (g)<\/td>\n<td width=\"319\">32g<\/td>\n<\/tr>\n<tr>\n<td colspan=\"2\" width=\"491\">Interface USB<\/td>\n<\/tr>\n<tr>\n<td width=\"172\">Protocolo<\/td>\n<td width=\"319\">IDCC USB<\/td>\n<\/tr>\n<tr>\n<td rowspan=\"2\" width=\"172\">Tipo de conector<\/td>\n<td width=\"319\">1 x conector de cabe\u00e7alho de 5 pinos;<\/td>\n<\/tr>\n<tr>\n<td width=\"319\">Conector de cabe\u00e7alho de 2x3 pinos<\/td>\n<\/tr>\n<tr>\n<td width=\"172\">Fonte de energia<\/td>\n<td width=\"319\">Da porta USB<\/td>\n<\/tr>\n<tr>\n<td width=\"172\">Velocidade<\/td>\n<td width=\"319\">Velocidade total USB (12 Mbps)<\/td>\n<\/tr>\n<tr>\n<td colspan=\"2\" width=\"491\">Interface de cart\u00e3o inteligente de contato<\/td>\n<\/tr>\n<tr>\n<td width=\"172\">N\u00famero de slots<\/td>\n<td width=\"319\">1 slot para cart\u00e3o de tamanho normal<\/td>\n<\/tr>\n<tr>\n<td width=\"172\">Padr\u00e3o<\/td>\n<td width=\"319\">ISO 7816 Partes 1-4, Classe A, B, C (5 V, 3 V, 1,8 V)<\/td>\n<\/tr>\n<tr>\n<td width=\"172\">Protocolo<\/td>\n<td width=\"319\">T=0; T=1; Suporte para cart\u00e3o de mem\u00f3ria<\/td>\n<\/tr>\n<tr>\n<td width=\"172\">Outros<\/td>\n<td width=\"319\">Cart\u00f5es inteligentes CAC, PIV, SIPRNET, J-LIS<\/td>\n<\/tr>\n<tr>\n<td colspan=\"2\" width=\"491\">Certifica\u00e7\u00f5es\/Conformidade<\/td>\n<\/tr>\n<tr>\n<td rowspan=\"12\" width=\"172\">Certifica\u00e7\u00f5es\/Conformidade<\/td>\n<td width=\"319\">EN60950\/IEC 60950<\/td>\n<\/tr>\n<tr>\n<td width=\"319\">ISO 7816<\/td>\n<\/tr>\n<tr>\n<td width=\"319\">Velocidade total USB<\/td>\n<\/tr>\n<tr>\n<td width=\"319\">EMV\u2122 N\u00edvel 1 (Contato)<\/td>\n<\/tr>\n<tr>\n<td width=\"319\">PC\/SC<\/td>\n<\/tr>\n<tr>\n<td width=\"319\">CCID<\/td>\n<\/tr>\n<tr>\n<td width=\"319\">CE<\/td>\n<\/tr>\n<tr>\n<td width=\"319\">FCC<\/td>\n<\/tr>\n<tr>\n<td width=\"319\">REEE<\/td>\n<\/tr>\n<tr>\n<td width=\"319\">RoHS<\/td>\n<\/tr>\n<tr>\n<td width=\"319\">ALCAN\u00c7AR<\/td>\n<\/tr>\n<tr>\n<td width=\"319\">Microsoft\u00aeWHQL<\/td>\n<\/tr>\n<tr>\n<td colspan=\"2\" width=\"491\">Suporte ao sistema operacional de driver de dispositivo<\/td>\n<\/tr>\n<tr>\n<td rowspan=\"5\" width=\"172\">Suporte ao sistema operacional de driver de dispositivo<\/td>\n<td width=\"319\">Windows\u00ae<\/td>\n<\/tr>\n<tr>\n<td width=\"319\">Linux\u00ae<\/td>\n<\/tr>\n<tr>\n<td width=\"319\">MAC OS\u00ae<\/td>\n<\/tr>\n<tr>\n<td width=\"319\">Android\u2122<\/td>\n<\/tr>\n<tr>\n<td width=\"319\">Solaris<\/td>\n<\/tr>\n<\/tbody>\n<\/table>\n<\/div>\n<\/li>\n<\/ul>","protected":false},"excerpt":{"rendered":"<p>O ACM39U-Y3 \u00e9 um m\u00f3dulo leitor de contato USB de alta velocidade para aplica\u00e7\u00f5es de cart\u00e3o inteligente, com suporte a v\u00e1rios sistemas operacionais e leitor de cart\u00e3o SAM opcional.<\/p>","protected":false},"featured_media":1620,"template":"","meta":[],"product_brand":[],"product_cat":[41],"product_tag":[],"class_list":{"0":"post-1619","1":"product","2":"type-product","3":"status-publish","4":"has-post-thumbnail","6":"product_cat-module-ic-reader","8":"first","9":"instock","10":"shipping-taxable","11":"product-type-simple"},"_links":{"self":[{"href":"https:\/\/nfc-readers.com\/pt\/wp-json\/wp\/v2\/product\/1619","targetHints":{"allow":["GET"]}}],"collection":[{"href":"https:\/\/nfc-readers.com\/pt\/wp-json\/wp\/v2\/product"}],"about":[{"href":"https:\/\/nfc-readers.com\/pt\/wp-json\/wp\/v2\/types\/product"}],"wp:featuredmedia":[{"embeddable":true,"href":"https:\/\/nfc-readers.com\/pt\/wp-json\/wp\/v2\/media\/1620"}],"wp:attachment":[{"href":"https:\/\/nfc-readers.com\/pt\/wp-json\/wp\/v2\/media?parent=1619"}],"wp:term":[{"taxonomy":"product_brand","embeddable":true,"href":"https:\/\/nfc-readers.com\/pt\/wp-json\/wp\/v2\/product_brand?post=1619"},{"taxonomy":"product_cat","embeddable":true,"href":"https:\/\/nfc-readers.com\/pt\/wp-json\/wp\/v2\/product_cat?post=1619"},{"taxonomy":"product_tag","embeddable":true,"href":"https:\/\/nfc-readers.com\/pt\/wp-json\/wp\/v2\/product_tag?post=1619"}],"curies":[{"name":"wp","href":"https:\/\/api.w.org\/{rel}","templated":true}]}}