{"id":1623,"date":"2024-04-07T07:59:43","date_gmt":"2024-04-07T07:59:43","guid":{"rendered":"https:\/\/nfc-readers.com\/?post_type=product&#038;p=1623"},"modified":"2024-09-29T07:34:42","modified_gmt":"2024-09-29T07:34:42","slug":"acr40t-type-a-usb-sim-sized-smart-card-reader","status":"publish","type":"product","link":"https:\/\/nfc-readers.com\/pt\/ic-reader\/acr40t-type-a-usb-sim-sized-smart-card-reader\/","title":{"rendered":"Leitor de cart\u00e3o inteligente USB tipo ACR40T tipo A (bot\u00e3o integrado e corda de loop inclu\u00eddos)"},"content":{"rendered":"<h1>Leitor de cart\u00e3o inteligente USB tipo ACR40T tipo A (bot\u00e3o integrado e corda de loop inclu\u00eddos)<\/h1>\n<p>O ACR40T \u00e9 um leitor de cart\u00e3o inteligente altamente eficiente e atualiz\u00e1vel que oferece ampla compatibilidade com cart\u00f5es inteligentes ISO 7816 e v\u00e1rios cart\u00f5es de mem\u00f3ria, apresentando um slot para cart\u00e3o inteligente de f\u00e1cil utiliza\u00e7\u00e3o em um design notavelmente pequeno.<\/p>\n<ul>\n<li>\n<h2><strong>Suporta v\u00e1rios tipos de cart\u00f5es de contato<\/strong><\/h2>\n<ul>\n<li>\n<h3>ISO 7816 Classe A, B e C (5 V, 3 V e 1,8 V)<\/h3>\n<\/li>\n<li>\n<h3>Cart\u00e3o Microprocessador (T=0, T=1)<\/h3>\n<\/li>\n<li>\n<h3>Cart\u00e3o de mem\u00f3ria<\/h3>\n<\/li>\n<li>\n<h3>Possui prote\u00e7\u00e3o contra curto-circuito<\/h3>\n<\/li>\n<\/ul>\n<\/li>\n<li>\n<h2><strong>Interface de programa\u00e7\u00e3o de aplicativos:<\/strong><\/h2>\n<ul>\n<li>\n<h3>Suporta PC\/SC<\/h3>\n<\/li>\n<\/ul>\n<\/li>\n<li>\n<h2><strong>Perif\u00e9ricos integrados<\/strong><\/h2>\n<ul>\n<li>\n<h3>1 x LED program\u00e1vel (verde)<\/h3>\n<\/li>\n<li>\n<table width=\"591\">\n<tbody>\n<tr>\n<td colspan=\"2\" width=\"591\">Caracter\u00edsticas f\u00edsicas<\/td>\n<\/tr>\n<tr>\n<td rowspan=\"2\" width=\"266\">Dimens\u00f5es (mm)<\/td>\n<td width=\"325\">ACR40T-A1: 48,9 mm (C) \u00d7 17,7 mm (L) \u00d7 8,0 mm (A)<\/td>\n<\/tr>\n<tr>\n<td width=\"325\">ACR40T-A5: 44,7 mm (C) \u00d7 17,7 mm (L) \u00d7 8,0 mm (A)<\/td>\n<\/tr>\n<tr>\n<td rowspan=\"2\" width=\"266\">Peso (g)<\/td>\n<td width=\"325\">ACR40T-A1: 6,8g \u00b1 1,0g<\/td>\n<\/tr>\n<tr>\n<td width=\"325\">ACR40T-A5: 5,3g \u00b1 1,0g<\/td>\n<\/tr>\n<tr>\n<td colspan=\"2\" width=\"591\">Interface USB<\/td>\n<\/tr>\n<tr>\n<td width=\"266\">Protocolo<\/td>\n<td width=\"325\">IDCC USB<\/td>\n<\/tr>\n<tr>\n<td rowspan=\"2\" width=\"266\">Tipo de conector<\/td>\n<td width=\"325\">USB tipo A<\/td>\n<\/tr>\n<tr>\n<td width=\"325\">USB tipo C<\/td>\n<\/tr>\n<tr>\n<td width=\"266\">Fonte de energia<\/td>\n<td width=\"325\">Da porta USB<\/td>\n<\/tr>\n<tr>\n<td width=\"266\">Velocidade<\/td>\n<td width=\"325\">Velocidade total USB (12 Mbps)<\/td>\n<\/tr>\n<tr>\n<td colspan=\"2\" width=\"591\">Interface de cart\u00e3o inteligente de contato<\/td>\n<\/tr>\n<tr>\n<td width=\"266\">N\u00famero de slots<\/td>\n<td width=\"325\">1 slot para cart\u00e3o do tamanho SIM (2FF)<\/td>\n<\/tr>\n<tr>\n<td width=\"266\">Protocolo<\/td>\n<td width=\"325\">T=0; T=1<\/td>\n<\/tr>\n<tr>\n<td colspan=\"2\" width=\"591\">Perif\u00e9ricos integrados<\/td>\n<\/tr>\n<tr>\n<td width=\"266\">LIDERADO<\/td>\n<td width=\"325\">Verde<\/td>\n<\/tr>\n<tr>\n<td colspan=\"2\" width=\"591\">Outras caracter\u00edsticas<\/td>\n<\/tr>\n<tr>\n<td width=\"266\">Outras caracter\u00edsticas<\/td>\n<td width=\"325\">Suporta atualiza\u00e7\u00e3o de firmware<\/td>\n<\/tr>\n<tr>\n<td colspan=\"2\" width=\"591\">Certifica\u00e7\u00f5es\/Conformidade<\/td>\n<\/tr>\n<tr>\n<td rowspan=\"12\" width=\"266\">Certifica\u00e7\u00f5es\/Conformidade<\/td>\n<td width=\"325\">Certifica\u00e7\u00f5es:<\/td>\n<\/tr>\n<tr>\n<td width=\"325\">UL 62368<\/td>\n<\/tr>\n<tr>\n<td width=\"325\">CE<\/td>\n<\/tr>\n<tr>\n<td width=\"325\">UKCA<\/td>\n<\/tr>\n<tr>\n<td width=\"325\">FCC<\/td>\n<\/tr>\n<tr>\n<td width=\"325\">RoHS<\/td>\n<\/tr>\n<tr>\n<td width=\"325\">ALCAN\u00c7AR<\/td>\n<\/tr>\n<tr>\n<td width=\"325\">VCCI<\/td>\n<\/tr>\n<tr>\n<td width=\"325\">Microsoft\u00aeWHQL<\/td>\n<\/tr>\n<tr>\n<td width=\"325\">Conformidades:<\/td>\n<\/tr>\n<tr>\n<td width=\"325\">IDCC USB<\/td>\n<\/tr>\n<tr>\n<td width=\"325\">PC\/SC<\/td>\n<\/tr>\n<tr>\n<td colspan=\"2\" width=\"591\">Suporte ao sistema operacional de driver de dispositivo<\/td>\n<\/tr>\n<tr>\n<td rowspan=\"4\" width=\"266\">Suporte ao sistema operacional de driver de dispositivo<\/td>\n<td width=\"325\">Windows\u00ae<\/td>\n<\/tr>\n<tr>\n<td width=\"325\">Linux\u00ae<\/td>\n<\/tr>\n<tr>\n<td width=\"325\">Mac OS<\/td>\n<\/tr>\n<tr>\n<td width=\"325\">Android\u2122<\/td>\n<\/tr>\n<\/tbody>\n<\/table>\n<\/li>\n<\/ul>\n<\/li>\n<\/ul>","protected":false},"excerpt":{"rendered":"<p>O ACR40T \u00e9 um leitor de contatos USB de alta velocidade desenvolvido especialmente para cart\u00f5es SIM, oferecendo atualiza\u00e7\u00f5es de firmware e compatibilidade com v\u00e1rios cart\u00f5es inteligentes e de mem\u00f3ria.<\/p>","protected":false},"featured_media":1624,"template":"","meta":[],"product_brand":[],"product_cat":[39],"product_tag":[],"class_list":{"0":"post-1623","1":"product","2":"type-product","3":"status-publish","4":"has-post-thumbnail","6":"product_cat-usb-ic-smartcard-reader","8":"first","9":"instock","10":"shipping-taxable","11":"product-type-simple"},"_links":{"self":[{"href":"https:\/\/nfc-readers.com\/pt\/wp-json\/wp\/v2\/product\/1623","targetHints":{"allow":["GET"]}}],"collection":[{"href":"https:\/\/nfc-readers.com\/pt\/wp-json\/wp\/v2\/product"}],"about":[{"href":"https:\/\/nfc-readers.com\/pt\/wp-json\/wp\/v2\/types\/product"}],"wp:featuredmedia":[{"embeddable":true,"href":"https:\/\/nfc-readers.com\/pt\/wp-json\/wp\/v2\/media\/1624"}],"wp:attachment":[{"href":"https:\/\/nfc-readers.com\/pt\/wp-json\/wp\/v2\/media?parent=1623"}],"wp:term":[{"taxonomy":"product_brand","embeddable":true,"href":"https:\/\/nfc-readers.com\/pt\/wp-json\/wp\/v2\/product_brand?post=1623"},{"taxonomy":"product_cat","embeddable":true,"href":"https:\/\/nfc-readers.com\/pt\/wp-json\/wp\/v2\/product_cat?post=1623"},{"taxonomy":"product_tag","embeddable":true,"href":"https:\/\/nfc-readers.com\/pt\/wp-json\/wp\/v2\/product_tag?post=1623"}],"curies":[{"name":"wp","href":"https:\/\/api.w.org\/{rel}","templated":true}]}}