{"id":1626,"date":"2024-04-07T08:02:18","date_gmt":"2024-04-07T08:02:18","guid":{"rendered":"https:\/\/nfc-readers.com\/?post_type=product&#038;p=1626"},"modified":"2024-09-29T07:31:36","modified_gmt":"2024-09-29T07:31:36","slug":"acr40u-high-speed-contact-reader-writer","status":"publish","type":"product","link":"https:\/\/nfc-readers.com\/pt\/ic-reader\/acr40u-high-speed-contact-reader-writer\/","title":{"rendered":"Gravador de leitor de contato de alta velocidade ACR40U"},"content":{"rendered":"<h1>Gravador de leitor de contato de alta velocidade ACR40U<\/h1>\n<p>o leitor de cart\u00e3o inteligente ACR40U oferece uma solu\u00e7\u00e3o sofisticada para transa\u00e7\u00f5es digitais seguras e controle de acesso, enfatizando velocidade, durabilidade e facilidade de uso em diversas plataformas e aplicativos.<\/p>\n<ul>\n<li>\n<h2>Interface USB 2.0 de velocidade total<\/h2>\n<\/li>\n<li>\n<h2>USB Tipo A<\/h2>\n<\/li>\n<li>\n<h2>Plug and Play \u2013 o suporte CCID traz m\u00e1xima mobilidade<\/h2>\n<\/li>\n<li>\n<h2>Leitor de cart\u00e3o inteligente:<\/h2>\n<\/li>\n<li>\n<h2>Suporta placas ISO 7816 Classe A, B e C (5 V, 3 V, 1,8 V)<\/h2>\n<ul>\n<li>\n<h3>Suporta CAC<\/h3>\n<\/li>\n<li>\n<h3>Suporta cart\u00e3o SIPRNET<\/h3>\n<\/li>\n<li>\n<h3>Suporta MyKad<\/h3>\n<\/li>\n<li>\n<h3>Suporta cart\u00e3o J-LIS<\/h3>\n<\/li>\n<li>\n<h3>Suporta placas microprocessadas com protocolo T=0 ou T=1<\/h3>\n<\/li>\n<li>\n<h3>Suporta cart\u00f5es de mem\u00f3ria<\/h3>\n<\/li>\n<li>\n<h3>Suporta PPS (sele\u00e7\u00e3o de protocolo e par\u00e2metros)<\/h3>\n<\/li>\n<li>\n<h3>Possui prote\u00e7\u00e3o contra curto-circuito<\/h3>\n<\/li>\n<\/ul>\n<\/li>\n<li>\n<h2>Interface de programa\u00e7\u00e3o de aplicativos:<\/h2>\n<ul>\n<li>\n<h3>Suporta PC\/SC<\/h3>\n<\/li>\n<li>\n<h3>Suporte CT-API<\/h3>\n<\/li>\n<\/ul>\n<\/li>\n<li>\n<h2>Suporta todos os principais sistemas operacionais<\/h2>\n<ul>\n<li>\n<h3>Windows\u00ae, Linux\u00ae, macOS, iOS, iPadOS, Android\u2122, Solaris\u2122<\/h3>\n<\/li>\n<li>\n<div>\n<table width=\"566\">\n<tbody>\n<tr>\n<td colspan=\"2\" width=\"566\">Caracter\u00edsticas f\u00edsicas<\/td>\n<\/tr>\n<tr>\n<td width=\"207\">Dimens\u00f5es (mm)<\/td>\n<td width=\"359\">55 mm (C) \u00d7 65,0 mm (L) \u00d7 9,0 mm (A)<\/td>\n<\/tr>\n<tr>\n<td width=\"207\">Peso (g)<\/td>\n<td width=\"359\">40,0g \u00b1 5,0g<\/td>\n<\/tr>\n<tr>\n<td colspan=\"2\" width=\"566\">Interface USB<\/td>\n<\/tr>\n<tr>\n<td width=\"207\">Protocolo<\/td>\n<td width=\"359\">IDCC USB<\/td>\n<\/tr>\n<tr>\n<td width=\"207\">Tipo de conector<\/td>\n<td width=\"359\">Padr\u00e3o Tipo A, Tipo C<\/td>\n<\/tr>\n<tr>\n<td width=\"207\">Fonte de energia<\/td>\n<td width=\"359\">Da porta USB<\/td>\n<\/tr>\n<tr>\n<td width=\"207\">Velocidade<\/td>\n<td width=\"359\">Velocidade total USB 2.0 (12 Mbps)<\/td>\n<\/tr>\n<tr>\n<td width=\"207\">Comprimento do cabo<\/td>\n<td width=\"359\">1m, Fixo<\/td>\n<\/tr>\n<tr>\n<td colspan=\"2\" width=\"566\">Interface de cart\u00e3o inteligente de contato<\/td>\n<\/tr>\n<tr>\n<td width=\"207\">N\u00famero de slots<\/td>\n<td width=\"359\">1 slot para cart\u00e3o de tamanho normal<\/td>\n<\/tr>\n<tr>\n<td width=\"207\">Padr\u00e3o<\/td>\n<td width=\"359\">ISO 7816 Partes 1-4, Classe A, B, C (5 V, 3 V, 1,8 V)<\/td>\n<\/tr>\n<tr>\n<td width=\"207\">Protocolo<\/td>\n<td width=\"359\">T=0; T=1; Suporte para cart\u00e3o de mem\u00f3ria<\/td>\n<\/tr>\n<tr>\n<td width=\"207\">Outros<\/td>\n<td width=\"359\">Cart\u00e3o Mykad, CAC, J-LIS, SIPRNET<\/td>\n<\/tr>\n<tr>\n<td colspan=\"2\" width=\"566\">Certifica\u00e7\u00f5es\/Conformidade<\/td>\n<\/tr>\n<tr>\n<td rowspan=\"17\" width=\"207\">Certifica\u00e7\u00f5es\/Conformidade<\/td>\n<td width=\"359\">EN62368\/IEC 62368<\/td>\n<\/tr>\n<tr>\n<td width=\"359\">CE<\/td>\n<\/tr>\n<tr>\n<td width=\"359\">FCC<\/td>\n<\/tr>\n<tr>\n<td width=\"359\">RoHS<\/td>\n<\/tr>\n<tr>\n<td width=\"359\">ALCAN\u00c7AR<\/td>\n<\/tr>\n<tr>\n<td width=\"359\">EMV\u2122 N\u00edvel 1 (Contato)<\/td>\n<\/tr>\n<tr>\n<td width=\"359\">UL 62368<\/td>\n<\/tr>\n<tr>\n<td width=\"359\">J-LIS<\/td>\n<\/tr>\n<tr>\n<td width=\"359\">KC<\/td>\n<\/tr>\n<tr>\n<td width=\"359\">PBOC N\u00edvel 1 (Contato)<\/td>\n<\/tr>\n<tr>\n<td width=\"359\">TAA<\/td>\n<\/tr>\n<tr>\n<td width=\"359\">UKCA<\/td>\n<\/tr>\n<tr>\n<td width=\"359\">UL<\/td>\n<\/tr>\n<tr>\n<td width=\"359\">VCCI<\/td>\n<\/tr>\n<tr>\n<td width=\"359\">REEE<\/td>\n<\/tr>\n<tr>\n<td width=\"359\">Velocidade total USB 2.0<\/td>\n<\/tr>\n<tr>\n<td width=\"359\">Microsoft\u00aeWHQL<\/td>\n<\/tr>\n<tr>\n<td colspan=\"2\" width=\"566\">Suporte ao sistema operacional de driver de dispositivo<\/td>\n<\/tr>\n<tr>\n<td rowspan=\"7\" width=\"207\">Suporte ao sistema operacional de driver de dispositivo<\/td>\n<td width=\"359\">Windows\u00ae<\/td>\n<\/tr>\n<tr>\n<td width=\"359\">Linux\u00ae<\/td>\n<\/tr>\n<tr>\n<td width=\"359\">Mac OS<\/td>\n<\/tr>\n<tr>\n<td width=\"359\">iOS<\/td>\n<\/tr>\n<tr>\n<td width=\"359\">iPadOS<\/td>\n<\/tr>\n<tr>\n<td width=\"359\">Android\u2122<\/td>\n<\/tr>\n<tr>\n<td width=\"359\">Solaris\u00ae<\/td>\n<\/tr>\n<\/tbody>\n<\/table>\n<\/div>\n<\/li>\n<\/ul>\n<\/li>\n<\/ul>","protected":false},"excerpt":{"rendered":"<p>O ACR40U \u00e9 um leitor de contatos USB de alta velocidade que suporta cart\u00f5es EMV, oferecendo desempenho confi\u00e1vel e compatibilidade entre v\u00e1rios sistemas operacionais para diversas aplica\u00e7\u00f5es.<\/p>","protected":false},"featured_media":1628,"template":"","meta":[],"product_brand":[],"product_cat":[39],"product_tag":[],"class_list":{"0":"post-1626","1":"product","2":"type-product","3":"status-publish","4":"has-post-thumbnail","6":"product_cat-usb-ic-smartcard-reader","8":"first","9":"instock","10":"shipping-taxable","11":"product-type-simple"},"_links":{"self":[{"href":"https:\/\/nfc-readers.com\/pt\/wp-json\/wp\/v2\/product\/1626","targetHints":{"allow":["GET"]}}],"collection":[{"href":"https:\/\/nfc-readers.com\/pt\/wp-json\/wp\/v2\/product"}],"about":[{"href":"https:\/\/nfc-readers.com\/pt\/wp-json\/wp\/v2\/types\/product"}],"wp:featuredmedia":[{"embeddable":true,"href":"https:\/\/nfc-readers.com\/pt\/wp-json\/wp\/v2\/media\/1628"}],"wp:attachment":[{"href":"https:\/\/nfc-readers.com\/pt\/wp-json\/wp\/v2\/media?parent=1626"}],"wp:term":[{"taxonomy":"product_brand","embeddable":true,"href":"https:\/\/nfc-readers.com\/pt\/wp-json\/wp\/v2\/product_brand?post=1626"},{"taxonomy":"product_cat","embeddable":true,"href":"https:\/\/nfc-readers.com\/pt\/wp-json\/wp\/v2\/product_cat?post=1626"},{"taxonomy":"product_tag","embeddable":true,"href":"https:\/\/nfc-readers.com\/pt\/wp-json\/wp\/v2\/product_tag?post=1626"}],"curies":[{"name":"wp","href":"https:\/\/api.w.org\/{rel}","templated":true}]}}