{"id":1909,"date":"2024-10-15T13:42:27","date_gmt":"2024-10-15T13:42:27","guid":{"rendered":"https:\/\/nfc-readers.com\/?post_type=product&#038;p=1909"},"modified":"2024-10-28T15:36:29","modified_gmt":"2024-10-28T15:36:29","slug":"acr1222l-contactless-rfid-nfc-reader-writer","status":"publish","type":"product","link":"https:\/\/nfc-readers.com\/pt\/ic-reader\/acr1222l-contactless-rfid-nfc-reader-writer\/","title":{"rendered":"Leitor e gravador RFID NFC sem contato ACR1222L"},"content":{"rendered":"<p><iframe loading=\"lazy\" title=\"Leitor NFC ACR1222L\" width=\"1020\" height=\"765\" src=\"https:\/\/www.youtube.com\/embed\/i-7zrKP8WJo?feature=oembed\" frameborder=\"0\" allow=\"accelerometer; autoplay; clipboard-write; encrypted-media; gyroscope; picture-in-picture; web-share\" referrerpolicy=\"strict-origin-when-cross-origin\" allowfullscreen><\/iframe><\/p>\n<div>\n<h1><strong>Leitor e gravador RFID NFC sem contato ACR1222L<\/strong><\/h1>\n<p>O\u00a0<strong>Leitor e gravador RFID NFC sem contato ACR1222L<\/strong>\u00a0\u00e9 um dispositivo premium projetado para facilitar a intera\u00e7\u00e3o perfeita com uma ampla gama de cart\u00f5es inteligentes sem contato e tags NFC. Com integra\u00e7\u00e3o de tecnologia avan\u00e7ada e recursos f\u00e1ceis de usar, este\u00a0<strong>Leitor NFC<\/strong>\u00a0\u00e9 ideal para v\u00e1rias aplica\u00e7\u00f5es, incluindo controle de acesso seguro, pagamentos sem contato e coleta de dados. Se voc\u00ea est\u00e1 procurando aprimorar suas opera\u00e7\u00f5es com um sistema confi\u00e1vel e eficiente\u00a0<strong>leitor de cart\u00e3o<\/strong>, vale a pena considerar o ACR1222L.<\/p>\n<p>Este dispositivo oferece compatibilidade excepcional com v\u00e1rias etiquetas NFC e cart\u00f5es inteligentes, auxiliando as empresas a obter transa\u00e7\u00f5es simplificadas e melhor envolvimento do usu\u00e1rio. Os benef\u00edcios de investir no ACR1222L incluem seus recursos avan\u00e7ados de seguran\u00e7a, interface interativa com um LCD integrado e amplo suporte para v\u00e1rios tipos de cart\u00e3o. Saiba mais sobre por que este dispositivo \u00e9 essencial para empresas que buscam aproveitar o poder de\u00a0<strong>RFID<\/strong>\u00a0tecnologia.<\/p>\n<h3>1. Compatibilidade abrangente com v\u00e1rias tecnologias NFC<\/h3>\n<p>O ACR1222L \u00e9 constru\u00eddo com base no avan\u00e7ado\u00a0<strong>Tecnologia RFID de 13,56 MHz<\/strong>, garantindo compatibilidade com um amplo espectro de cart\u00f5es sem contato e\u00a0<strong>NFC<\/strong>\u00a0tags. Isso inclui\u00a0<strong>Cart\u00f5es ISO 14443 Tipo A e B, MIFARE<\/strong>, FeliCa e todos os quatro tipos de tags NFC. Essa versatilidade torna o ACR1222L uma ferramenta essencial para empresas que buscam integrar tecnologia sem contato em suas opera\u00e7\u00f5es.<\/p>\n<p>Al\u00e9m disso, o\u00a0<strong>ACR1222L<\/strong>\u00a0suporta\u00a0<strong>Funcionalidades NFC<\/strong>\u00a0que permitem ler e gravar tags NFC de forma eficiente. Essa capacidade pode ser especialmente ben\u00e9fica para empresas que utilizam\u00a0<strong>smartphone<\/strong>\u00a0transa\u00e7\u00f5es, como\u00a0<strong>Google Pagar<\/strong>, permitindo um processamento de pagamento suave por meio de dispositivos habilitados para NFC. Quer voc\u00ea esteja trabalhando com cart\u00f5es RFID tradicionais ou com os mais recentes\u00a0<strong>Chips NFC<\/strong>, este dispositivo se destaca como uma das principais op\u00e7\u00f5es do mercado.<\/p>\n<h3>2. Recursos de seguran\u00e7a aprimorados para transa\u00e7\u00f5es seguras<\/h3>\n<p>A seguran\u00e7a \u00e9 uma preocupa\u00e7\u00e3o primordial para qualquer organiza\u00e7\u00e3o que lida com dados sens\u00edveis. O ACR1222L apresenta\u00a0<strong>tr\u00eas M\u00f3dulos de Acesso Seguro (SAM) compat\u00edveis com ISO 7816<\/strong>\u00a0slots, fornecendo seguran\u00e7a aprimorada para opera\u00e7\u00f5es sem contato. Esses slots SAM permitem o gerenciamento seguro de chaves criptogr\u00e1ficas e garantem que apenas transa\u00e7\u00f5es autorizadas sejam processadas.<\/p>\n<p>Com tecnologia anticolis\u00e3o integrada, o ACR1222L pode manipular v\u00e1rios cart\u00f5es NFC simultaneamente, garantindo que apenas uma etiqueta seja acessada por vez. Esse recurso aprimora a integridade dos dados e reduz o risco de acesso n\u00e3o autorizado, uma considera\u00e7\u00e3o cr\u00edtica para sistemas de controle de acesso e transa\u00e7\u00f5es financeiras. Como resultado, isso\u00a0<strong>Leitor NFC<\/strong>\u00a0n\u00e3o apenas atende, mas excede os padr\u00f5es de seguran\u00e7a da ind\u00fastria.<\/p>\n<h3>3. Interface de usu\u00e1rio intuitiva para intera\u00e7\u00e3o perfeita<\/h3>\n<p>O ACR1222L est\u00e1 equipado com um\u00a0<strong>LCD gr\u00e1fico de duas linhas<\/strong>\u00a0que suporta v\u00e1rios idiomas, incluindo chin\u00eas, ingl\u00eas, japon\u00eas e v\u00e1rios idiomas europeus. Esse suporte multil\u00edngue facilita as intera\u00e7\u00f5es para uma base de usu\u00e1rios diversa, garantindo que todos os usu\u00e1rios possam entender o dispositivo e suas funcionalidades.<\/p>\n<p>Al\u00e9m disso, o LCD interativo permite que os usu\u00e1rios naveguem pelas op\u00e7\u00f5es e acessem v\u00e1rias configura\u00e7\u00f5es facilmente. Juntamente com\u00a0<strong>quatro LEDs control\u00e1veis pelo usu\u00e1rio<\/strong>\u00a0e um buzzer aud\u00edvel para notifica\u00e7\u00f5es de status, o ACR1222L garante uma experi\u00eancia de usu\u00e1rio clara e envolvente. Esta interface intuitiva \u00e9 projetada para melhorar a compreens\u00e3o do usu\u00e1rio e agilizar os fluxos de trabalho operacionais, tornando-a uma excelente adi\u00e7\u00e3o a qualquer pilha de tecnologia.<\/p>\n<h3>4. Aplica\u00e7\u00f5es vers\u00e1teis em todos os setores<\/h3>\n<p>O ACR1222L Contactless RFID NFC Reader Writer pode ser utilizado em v\u00e1rios setores, incluindo varejo, sa\u00fade e transporte. No varejo, a capacidade de ler e escrever tags NFC permite que as empresas otimizem as transa\u00e7\u00f5es e melhorem o envolvimento do cliente.\u00a0<strong>Ferramentas NFC<\/strong>\u00a0pode ser integrado para gerenciar programas de fidelidade ou facilitar pagamentos sem contato, melhorando a satisfa\u00e7\u00e3o geral do cliente.<\/p>\n<p>Na \u00e1rea da sa\u00fade, o ACR1222L pode ajudar a agilizar os check-ins de pacientes, manter acesso seguro a informa\u00e7\u00f5es confidenciais e garantir que a equipe m\u00e9dica tenha acesso r\u00e1pido aos dados. Al\u00e9m disso, sua compatibilidade com cart\u00f5es RFID o torna ideal para controlar o acesso a \u00e1reas restritas, aumentando a seguran\u00e7a em centros de transporte.<\/p>\n<h3>5. Especifica\u00e7\u00f5es t\u00e9cnicas e m\u00e9tricas de desempenho<\/h3>\n<p>A capacidade t\u00e9cnica do ACR1222L \u00e9 evidenciada por suas especifica\u00e7\u00f5es impressionantes:<\/p>\n<\/div>\n<div>\n<table width=\"702\">\n<tbody>\n<tr>\n<td colspan=\"2\" width=\"702\">Caracter\u00edsticas f\u00edsicas<\/td>\n<\/tr>\n<tr>\n<td rowspan=\"2\" width=\"250\">Dimens\u00f5es (mm)<\/td>\n<td width=\"452\">Corpo principal: 133,5 mm (C) x 88,5 mm (L) x 21,0 mm (A)<\/td>\n<\/tr>\n<tr>\n<td width=\"452\">Com suporte: 158,0 mm (C) x 95,0 mm (L) x 95,0 mm (A)<\/td>\n<\/tr>\n<tr>\n<td rowspan=\"2\" width=\"250\">Peso (g)<\/td>\n<td width=\"452\">Corpo principal: 173g<\/td>\n<\/tr>\n<tr>\n<td width=\"452\">Com suporte: 415g<\/td>\n<\/tr>\n<tr>\n<td colspan=\"2\" width=\"702\">Interface USB<\/td>\n<\/tr>\n<tr>\n<td width=\"250\">Protocolo<\/td>\n<td width=\"452\">IDCC USB<\/td>\n<\/tr>\n<tr>\n<td width=\"250\">Tipo de conector<\/td>\n<td width=\"452\">Padr\u00e3o Tipo A<\/td>\n<\/tr>\n<tr>\n<td width=\"250\">Fonte de energia<\/td>\n<td width=\"452\">Da porta USB<\/td>\n<\/tr>\n<tr>\n<td width=\"250\">Velocidade<\/td>\n<td width=\"452\">Velocidade total USB (12 Mbps)<\/td>\n<\/tr>\n<tr>\n<td width=\"250\">Comprimento do cabo<\/td>\n<td width=\"452\">1,5 m, Fixo<\/td>\n<\/tr>\n<tr>\n<td colspan=\"2\" width=\"702\">Interface de cart\u00e3o inteligente sem contato<\/td>\n<\/tr>\n<tr>\n<td width=\"250\">Padr\u00e3o<\/td>\n<td width=\"452\">ISO\/IEC 18092 NFC, ISO 14443 Tipo A e B, MIFARE\u00ae, FeliCa<\/td>\n<\/tr>\n<tr>\n<td rowspan=\"4\" width=\"250\">Protocolo<\/td>\n<td width=\"452\">Placa compat\u00edvel com ISO 14443-4, T=CL<\/td>\n<\/tr>\n<tr>\n<td width=\"452\">Cart\u00e3o Cl\u00e1ssico MIFARE\u00ae, T=CL<\/td>\n<\/tr>\n<tr>\n<td width=\"452\">ISO18092, etiquetas NFC<\/td>\n<\/tr>\n<tr>\n<td width=\"452\">FeliCa<\/td>\n<\/tr>\n<tr>\n<td colspan=\"2\" width=\"702\">Interface do cart\u00e3o SAM<\/td>\n<\/tr>\n<tr>\n<td width=\"250\">N\u00famero de slots<\/td>\n<td width=\"452\">3 slots de cart\u00e3o de tamanho SIM padr\u00e3o<\/td>\n<\/tr>\n<tr>\n<td width=\"250\">Padr\u00e3o<\/td>\n<td width=\"452\">ISO 7816 Classe A (5V)<\/td>\n<\/tr>\n<tr>\n<td width=\"250\">Protocolo<\/td>\n<td width=\"452\">T=0; T=1<\/td>\n<\/tr>\n<tr>\n<td colspan=\"2\" width=\"702\">Perif\u00e9ricos integrados<\/td>\n<\/tr>\n<tr>\n<td rowspan=\"3\" width=\"250\">LCD<\/td>\n<td width=\"452\">LCD gr\u00e1fico com luz de fundo amarelo-verde<\/td>\n<\/tr>\n<tr>\n<td width=\"452\">Resolu\u00e7\u00e3o: 128 x 32 pixels<\/td>\n<\/tr>\n<tr>\n<td width=\"452\">N\u00famero de caracteres: 16 caracteres x 2 linhas<\/td>\n<\/tr>\n<tr>\n<td width=\"250\">LIDERADO<\/td>\n<td width=\"452\">4 cores \u00fanicas: Verde, Azul, Laranja e Vermelho<\/td>\n<\/tr>\n<tr>\n<td width=\"250\">Campainha<\/td>\n<td width=\"452\">Mon\u00f3tono<\/td>\n<\/tr>\n<tr>\n<td colspan=\"2\" width=\"702\">Outras caracter\u00edsticas<\/td>\n<\/tr>\n<tr>\n<td width=\"250\">Atualiza\u00e7\u00e3o de firmware<\/td>\n<td width=\"452\">Suportado<\/td>\n<\/tr>\n<tr>\n<td colspan=\"2\" width=\"702\">Certifica\u00e7\u00f5es\/Conformidade<\/td>\n<\/tr>\n<tr>\n<td rowspan=\"13\" width=\"250\">Certifica\u00e7\u00f5es\/Conformidade<\/td>\n<td width=\"452\">ISO 18092<\/td>\n<\/tr>\n<tr>\n<td width=\"452\">ISO 14443<\/td>\n<\/tr>\n<tr>\n<td width=\"452\">ISO 7816 (slot SAM)<\/td>\n<\/tr>\n<tr>\n<td width=\"452\">Velocidade total USB<\/td>\n<\/tr>\n<tr>\n<td width=\"452\">PC\/SC<\/td>\n<\/tr>\n<tr>\n<td width=\"452\">CCID<\/td>\n<\/tr>\n<tr>\n<td width=\"452\">VCCI (Jap\u00e3o)<\/td>\n<\/tr>\n<tr>\n<td width=\"452\">KC (Coreia)<\/td>\n<\/tr>\n<tr>\n<td width=\"452\">Microsoft\u00aeWHQL<\/td>\n<\/tr>\n<tr>\n<td width=\"452\">CE<\/td>\n<\/tr>\n<tr>\n<td width=\"452\">FCC<\/td>\n<\/tr>\n<tr>\n<td width=\"452\">RoHS<\/td>\n<\/tr>\n<tr>\n<td width=\"452\">ALCAN\u00c7AR<\/td>\n<\/tr>\n<tr>\n<td colspan=\"2\" width=\"702\">Suporte ao sistema operacional de driver de dispositivo<\/td>\n<\/tr>\n<tr>\n<td rowspan=\"5\" width=\"250\">Suporte ao sistema operacional de driver de dispositivo<\/td>\n<td width=\"452\">Windows\u00ae<\/td>\n<\/tr>\n<tr>\n<td width=\"452\">Linux\u00ae<\/td>\n<\/tr>\n<tr>\n<td width=\"452\">MAC OS\u00ae<\/td>\n<\/tr>\n<tr>\n<td width=\"452\">Solaris<\/td>\n<\/tr>\n<tr>\n<td width=\"452\">Android\u2122<\/td>\n<\/tr>\n<\/tbody>\n<\/table>\n<\/div>\n<div><\/div>\n<div>\n<p>Com sua alta velocidade de leitura e flexibilidade no gerenciamento de v\u00e1rios cart\u00f5es, o ACR1222L se destaca como um poderoso\u00a0<strong>leitor de cart\u00e3o inteligente<\/strong>.<\/p>\n<h3>6. Configura\u00e7\u00e3o e integra\u00e7\u00e3o f\u00e1ceis de usar<\/h3>\n<p>A configura\u00e7\u00e3o do ACR1222L \u00e9 simples, tornando-o acess\u00edvel para usu\u00e1rios t\u00e9cnicos e n\u00e3o t\u00e9cnicos. O dispositivo pode ser facilmente integrado em sistemas existentes por meio de\u00a0<strong>USB<\/strong>, garantindo compatibilidade com sistemas operacionais populares, incluindo Windows, Linux e macOS. Al\u00e9m disso, o\u00a0<strong>Capacidade de atualiza\u00e7\u00e3o do firmware USB<\/strong>\u00a0O recurso permite que os usu\u00e1rios mantenham seus dispositivos atualizados com os mais recentes aprimoramentos e recursos de seguran\u00e7a.<\/p>\n<p>Essa facilidade de configura\u00e7\u00e3o \u00e9 particularmente ben\u00e9fica para empresas que buscam implementar rapidamente\u00a0<strong>solu\u00e7\u00f5es sem contato<\/strong>\u00a0sem tempo de inatividade prolongado ou instala\u00e7\u00f5es complicadas.<\/p>\n<h3>7. Impacto Ambiental e Uso Sustent\u00e1vel<\/h3>\n<p>\u00c0 medida que as empresas se tornam cada vez mais conscientes de seu impacto ambiental, o ACR1222L adere aos princ\u00edpios de uso sustent\u00e1vel. Com baixo consumo de energia, o dispositivo n\u00e3o apenas reduz os custos de energia, mas tamb\u00e9m contribui para uma pegada de carbono menor.<\/p>\n<p>Al\u00e9m disso, o dispositivo \u00e9 projetado para desempenho dur\u00e1vel, minimizando a necessidade de substitui\u00e7\u00f5es frequentes e reduzindo o lixo eletr\u00f4nico ao longo do tempo. Esse apelo de sustentabilidade \u00e9 um fator essencial para organiza\u00e7\u00f5es que buscam promover iniciativas verdes em suas opera\u00e7\u00f5es.<\/p>\n<h3>8. Coment\u00e1rios e feedback do cliente<\/h3>\n<p>O feedback do cliente sobre o ACR1222L destaca sua confiabilidade, facilidade de uso e funcionalidades abrangentes. Os usu\u00e1rios apreciam o desempenho perfeito ao ler e escrever tags NFC, juntamente com seus recursos de seguran\u00e7a robustos.<\/p>\n<p>Um usu\u00e1rio declarou: \u201cO ACR1222L transformou nossos processos de transa\u00e7\u00e3o. Ele \u00e9 r\u00e1pido, seguro e o display integrado \u00e9 incrivelmente \u00fatil para manter nossos clientes informados.\u201d<\/p>\n<\/div>\n<div><\/div>\n<div><\/div>","protected":false},"excerpt":{"rendered":"<p>O leitor e gravador NFC RFID sem contato ACR1222L pode ser utilizado em v\u00e1rios setores, incluindo varejo, sa\u00fade e transporte. No varejo, a capacidade de ler e escrever tags NFC permite que as empresas otimizem as transa\u00e7\u00f5es e melhorem o envolvimento do cliente. <strong>Ferramentas NFC<\/strong>\u00a0pode ser integrado para gerenciar programas de fidelidade ou facilitar pagamentos sem contato, melhorando a satisfa\u00e7\u00e3o geral do cliente.<\/p>","protected":false},"featured_media":1563,"template":"","meta":[],"product_brand":[],"product_cat":[45,40],"product_tag":[],"class_list":{"0":"post-1909","1":"product","2":"type-product","3":"status-publish","4":"has-post-thumbnail","6":"product_cat-contactless-nfc-reader","7":"product_cat-rfid-nfc-reader","9":"first","10":"instock","11":"shipping-taxable","12":"product-type-simple"},"_links":{"self":[{"href":"https:\/\/nfc-readers.com\/pt\/wp-json\/wp\/v2\/product\/1909","targetHints":{"allow":["GET"]}}],"collection":[{"href":"https:\/\/nfc-readers.com\/pt\/wp-json\/wp\/v2\/product"}],"about":[{"href":"https:\/\/nfc-readers.com\/pt\/wp-json\/wp\/v2\/types\/product"}],"wp:featuredmedia":[{"embeddable":true,"href":"https:\/\/nfc-readers.com\/pt\/wp-json\/wp\/v2\/media\/1563"}],"wp:attachment":[{"href":"https:\/\/nfc-readers.com\/pt\/wp-json\/wp\/v2\/media?parent=1909"}],"wp:term":[{"taxonomy":"product_brand","embeddable":true,"href":"https:\/\/nfc-readers.com\/pt\/wp-json\/wp\/v2\/product_brand?post=1909"},{"taxonomy":"product_cat","embeddable":true,"href":"https:\/\/nfc-readers.com\/pt\/wp-json\/wp\/v2\/product_cat?post=1909"},{"taxonomy":"product_tag","embeddable":true,"href":"https:\/\/nfc-readers.com\/pt\/wp-json\/wp\/v2\/product_tag?post=1909"}],"curies":[{"name":"wp","href":"https:\/\/api.w.org\/{rel}","templated":true}]}}