{"id":2027,"date":"2024-04-19T13:31:13","date_gmt":"2024-04-19T13:31:13","guid":{"rendered":"https:\/\/nfc-readers.com\/?post_type=product&#038;p=2027"},"modified":"2024-09-29T07:26:17","modified_gmt":"2024-09-29T07:26:17","slug":"d60-smart-pos","status":"publish","type":"product","link":"https:\/\/nfc-readers.com\/pt\/ic-reader\/d60-smart-pos\/","title":{"rendered":"PDV inteligente D60"},"content":{"rendered":"<h1>PDV inteligente D60<\/h1>\n<p>Apresentando o Smart POS D60, nossa mais nova m\u00e1quina POS Android carro-chefe. Com uma tela sens\u00edvel ao toque espa\u00e7osa de 6,5 polegadas e velocidade de impress\u00e3o extremamente r\u00e1pida, ele oferece uma experi\u00eancia de usu\u00e1rio envolvente e processamento de transa\u00e7\u00f5es eficiente. Seu design ergon\u00f4mico garante uma pegada confort\u00e1vel, enquanto a c\u00e2mera integrada permite a leitura r\u00e1pida de c\u00f3digo QR para pagamentos perfeitos. F\u00e1cil de guardar no bolso e duradouro, o D60 \u00e9 seu parceiro confi\u00e1vel durante todo o dia. Experimente um novo n\u00edvel de conveni\u00eancia e inova\u00e7\u00e3o com o Smart POS D60.<\/p>\n<table width=\"589\">\n<tbody>\n<tr>\n<td width=\"177\">SO<\/td>\n<td width=\"412\">Android 11<\/td>\n<\/tr>\n<tr>\n<td width=\"177\"><\/td>\n<td width=\"412\">CPU de aplica\u00e7\u00e3o: 4 * A53 @ 2,0 GHz<\/td>\n<\/tr>\n<tr>\n<td width=\"177\">Processador<\/td>\n<td width=\"412\">CPU de seguran\u00e7a: ARM de 32 bits 192 MHz<\/td>\n<\/tr>\n<tr>\n<td width=\"177\">Mem\u00f3ria<\/td>\n<td width=\"412\">1 GB LPDDR3, 16 GB eMMC<\/td>\n<\/tr>\n<tr>\n<td width=\"177\"><\/td>\n<td width=\"412\">Tela TFT IPS de 6,5\u201d 1600*720<\/td>\n<\/tr>\n<tr>\n<td width=\"177\">Mostrar<\/td>\n<td width=\"412\">Tela sens\u00edvel ao toque<\/td>\n<\/tr>\n<tr>\n<td width=\"177\"><\/td>\n<td width=\"412\">LTE, WCDMA, GSM<\/td>\n<\/tr>\n<tr>\n<td width=\"177\">Comunica\u00e7\u00f5es<\/td>\n<td width=\"412\">Bluetooth 5.0 I WiFi: 802.11 a\/b\/g\/n\/ac, 2,4 GHz e 5G, suporta AP<\/td>\n<\/tr>\n<tr>\n<td width=\"177\">Posicionamento por sat\u00e9lite<\/td>\n<td width=\"412\">GPS | A-GPS | GLONASS | BEIDOU<\/td>\n<\/tr>\n<tr>\n<td width=\"177\">C\u00e2mera<\/td>\n<td width=\"412\">2 milh\u00f5es de pixels FF<\/td>\n<\/tr>\n<tr>\n<td width=\"177\">Impressora<\/td>\n<td width=\"412\">Impressora t\u00e9rmica de alta velocidade I Rolo de papel, largura: 58 mm I Di\u00e2metro do rolo de papel: 40 mm<\/td>\n<\/tr>\n<tr>\n<td width=\"177\">Leitor de cart\u00e3o EMV<\/td>\n<td width=\"412\">Leitor de cart\u00e3o com chip EMV\/PBOC, compat\u00edvel com ISO 7816 Classe A, B, C<\/td>\n<\/tr>\n<tr>\n<td width=\"177\">Leitor NFC<\/td>\n<td width=\"412\">EMV sem contato, ISO 14443A\/B, Mifare<\/td>\n<\/tr>\n<tr>\n<td width=\"177\">Leitor de cart\u00e3o de tarja magn\u00e9tica<\/td>\n<td width=\"412\">ISO-7811\/7813\/7810<\/td>\n<\/tr>\n<tr>\n<td width=\"177\">Gerenciamento de Chaves<\/td>\n<td width=\"412\">DUKPT, MK\/SK<\/td>\n<\/tr>\n<tr>\n<td width=\"177\">Algoritmo de criptografia<\/td>\n<td width=\"412\">DES, 3DES, RSA, AES, SHA-256<\/td>\n<\/tr>\n<tr>\n<td width=\"177\"><\/td>\n<td width=\"412\">PCI PTS 6.x SRED<\/td>\n<\/tr>\n<tr>\n<td width=\"177\">Certifica\u00e7\u00f5es<\/td>\n<td width=\"412\">EMV L1 e L2, L1 sem contato<\/td>\n<\/tr>\n<tr>\n<td width=\"177\"><\/td>\n<td width=\"412\">Visa Paywave, MasterCard Paypass, Amex Expresspay, MasterCard TQM CE, FCC, RoHS<\/td>\n<\/tr>\n<tr>\n<td width=\"177\">Adaptador<\/td>\n<td width=\"412\">CC 5V 2A<\/td>\n<\/tr>\n<tr>\n<td width=\"177\">Bateria<\/td>\n<td width=\"412\">2500mAh, 7,2V<\/td>\n<\/tr>\n<tr>\n<td width=\"177\"><\/td>\n<td width=\"412\">1Tipo C (OTG)<\/td>\n<\/tr>\n<tr>\n<td width=\"177\">Portas perif\u00e9ricas<\/td>\n<td width=\"412\">1 Nano SIM + 1 Mini SIM + 1 Mini SAM<\/td>\n<\/tr>\n<tr>\n<td width=\"177\"><\/td>\n<td width=\"412\">1 slot para cart\u00e3o Micro SD, suporta at\u00e9 128 GB<\/td>\n<\/tr>\n<tr>\n<td width=\"177\"><\/td>\n<td width=\"412\">Temperatura operacional (0\u2103 a + 50\u2103)<\/td>\n<\/tr>\n<tr>\n<td width=\"177\">Condi\u00e7\u00f5es ambientais<\/td>\n<td width=\"412\">Umidade operacional (5% a 95% sem condensa\u00e7\u00e3o)<\/td>\n<\/tr>\n<tr>\n<td width=\"177\">Dimens\u00f5es<\/td>\n<td width=\"412\">186,4 mm x 79 mm x 54,6 ~ 25,85 mm, 384g (incluindo bateria)<\/td>\n<\/tr>\n<tr>\n<td width=\"177\">Acess\u00f3rios padr\u00e3o<\/td>\n<td width=\"412\">1 adaptador de energia, 1 cabo tipo C<\/td>\n<\/tr>\n<\/tbody>\n<\/table>","protected":false},"excerpt":{"rendered":"<p>Conhe\u00e7a o Smart POS D60, um mPOS Android compacto com tela sens\u00edvel ao toque de 6,5\u2033, leitura r\u00e1pida de c\u00f3digo QR e um leitor RFID para transa\u00e7\u00f5es eficientes o dia todo.<\/p>","protected":false},"featured_media":2028,"template":"","meta":[],"product_brand":[],"product_cat":[15,45],"product_tag":[],"class_list":{"0":"post-2027","1":"product","2":"type-product","3":"status-publish","4":"has-post-thumbnail","6":"product_cat-pos-machine","7":"product_cat-contactless-nfc-reader","9":"first","10":"instock","11":"shipping-taxable","12":"product-type-simple"},"_links":{"self":[{"href":"https:\/\/nfc-readers.com\/pt\/wp-json\/wp\/v2\/product\/2027","targetHints":{"allow":["GET"]}}],"collection":[{"href":"https:\/\/nfc-readers.com\/pt\/wp-json\/wp\/v2\/product"}],"about":[{"href":"https:\/\/nfc-readers.com\/pt\/wp-json\/wp\/v2\/types\/product"}],"wp:featuredmedia":[{"embeddable":true,"href":"https:\/\/nfc-readers.com\/pt\/wp-json\/wp\/v2\/media\/2028"}],"wp:attachment":[{"href":"https:\/\/nfc-readers.com\/pt\/wp-json\/wp\/v2\/media?parent=2027"}],"wp:term":[{"taxonomy":"product_brand","embeddable":true,"href":"https:\/\/nfc-readers.com\/pt\/wp-json\/wp\/v2\/product_brand?post=2027"},{"taxonomy":"product_cat","embeddable":true,"href":"https:\/\/nfc-readers.com\/pt\/wp-json\/wp\/v2\/product_cat?post=2027"},{"taxonomy":"product_tag","embeddable":true,"href":"https:\/\/nfc-readers.com\/pt\/wp-json\/wp\/v2\/product_tag?post=2027"}],"curies":[{"name":"wp","href":"https:\/\/api.w.org\/{rel}","templated":true}]}}