{"id":2032,"date":"2024-10-19T14:08:52","date_gmt":"2024-10-19T14:08:52","guid":{"rendered":"https:\/\/nfc-readers.com\/?post_type=product&#038;p=2032"},"modified":"2024-10-28T14:12:28","modified_gmt":"2024-10-28T14:12:28","slug":"mifare-classic-1k-4k-rfid-cards","status":"publish","type":"product","link":"https:\/\/nfc-readers.com\/pt\/ic-reader\/mifare-classic-1k-4k-rfid-cards\/","title":{"rendered":"Cart\u00f5es RFID Mifare Classic 1k 4K"},"content":{"rendered":"<h1>Cart\u00f5es RFID Mifare Classic 1k 4K<\/h1>\n<p>O cart\u00e3o MIFARE Classic\u00ae 1K ou 4K \u00e9 parte integrante das tecnologias de cart\u00e3o inteligente sem contato. Como pioneiro no campo, ele \u00e9 amplamente adotado para uma variedade de aplica\u00e7\u00f5es que v\u00e3o desde transporte p\u00fablico e controle de acesso at\u00e9 ingressos para eventos e programas de fidelidade. O cart\u00e3o MIFARE Classic\u00ae 1K\/4K tem uma capacidade de armazenamento de 1 kilobyte\/4kilobyte, o que \u00e9 suficiente para o armazenamento de dados pessoais, informa\u00e7\u00f5es de autentica\u00e7\u00e3o e conjuntos de dados espec\u00edficos do aplicativo.<\/p>\n<p><span class=\"AnswerParser_TextContainer__z_Iiv\" data-testid=\"youchat-text\">O\u00a0<strong>Cart\u00e3o MIFARE<\/strong>\u00a0\u00e9 uma marca registrada de inova\u00e7\u00e3o e confiabilidade no reino dos cart\u00f5es inteligentes sem contato. Desenvolvido pela NXP Semiconductors, o MIFARE MF1ICS50 IC \u00e9 uma pedra angular em sistemas de bilhetagem de transporte p\u00fablico e outras aplica\u00e7\u00f5es de alto rendimento, oferecendo transa\u00e7\u00f5es cont\u00ednuas e seguran\u00e7a robusta. Com sua fun\u00e7\u00e3o anticolis\u00e3o inteligente e compatibilidade com ISO\/IEC 14443 Tipo-A, ele garante comunica\u00e7\u00e3o sem contato eficiente e segura, tornando-o um ativo inestim\u00e1vel em ambientes de ritmo acelerado.<\/span><\/p>\n<h2 class=\"AnswerParser_AnswerParserH2__SIHnF\">O legado da tecnologia MIFARE<\/h2>\n<h3 class=\"AnswerParser_AnswerParserH3__Mpe4s\">Solu\u00e7\u00f5es pioneiras sem contato<\/h3>\n<p><span class=\"AnswerParser_TextContainer__z_Iiv\" data-testid=\"youchat-text\"><strong>Tecnologia MIFARE<\/strong>\u00a0tem estado na vanguarda das solu\u00e7\u00f5es de cart\u00e3o inteligente sem contato desde o seu in\u00edcio. O MIFARE MF1ICS50 IC, frequentemente chamado de\u00a0<strong>MIFARE Cl\u00e1ssico 1K<\/strong>, \u00e9 uma prova do compromisso da NXP com a inova\u00e7\u00e3o. Seu design facilita a integra\u00e7\u00e3o f\u00e1cil em sistemas existentes, oferecendo uma experi\u00eancia perfeita para operadores e usu\u00e1rios. Com um\u00a0<strong>13,56 MHz<\/strong>\u00a0frequ\u00eancia de opera\u00e7\u00e3o, garante transmiss\u00e3o de dados e fornecimento de energia eficientes, eliminando a necessidade de bateria.<\/span><span class=\"AnswerParser_TextContainer__z_Iiv\" data-testid=\"youchat-text\">O\u00a0<strong>recurso anticolis\u00e3o<\/strong>\u00a0do cart\u00e3o MIFARE permite que v\u00e1rios cart\u00f5es operem simultaneamente sem interfer\u00eancia. Essa capacidade \u00e9 crucial em ambientes lotados, como sistemas de transporte p\u00fablico, onde velocidade e precis\u00e3o s\u00e3o primordiais. O n\u00famero de s\u00e9rie exclusivo do cart\u00e3o aumenta ainda mais sua seguran\u00e7a, garantindo que cada transa\u00e7\u00e3o seja rastre\u00e1vel e segura.<\/span><\/p>\n<h3 class=\"AnswerParser_AnswerParserH3__Mpe4s\">Aplica\u00e7\u00f5es vers\u00e1teis em todos os setores<\/h3>\n<p><span class=\"AnswerParser_TextContainer__z_Iiv\" data-testid=\"youchat-text\">O\u00a0<strong>Cart\u00e3o MIFARE<\/strong>\u00a0n\u00e3o se limita apenas ao transporte p\u00fablico; suas aplica\u00e7\u00f5es s\u00e3o vastas e variadas. Do controle de acesso seguro em ambientes corporativos a programas de fidelidade e micropagamentos em ambientes de varejo, a versatilidade do cart\u00e3o MIFARE \u00e9 incompar\u00e1vel. Sua capacidade de permanecer funcional mesmo quando fechado em uma carteira, cercado por moedas, ressalta sua praticidade e adaptabilidade.<\/span><span class=\"AnswerParser_TextContainer__z_Iiv\" data-testid=\"youchat-text\">Para operadores e desenvolvedores de sistemas, o\u00a0<strong>Cart\u00e3o MIFARE<\/strong>\u00a0oferece uma plataforma robusta para criar solu\u00e7\u00f5es sem contato confi\u00e1veis, interoper\u00e1veis e escal\u00e1veis. Seu r\u00e1pido tempo de transa\u00e7\u00e3o, tipicamente menor que 100 ms, garante alto rendimento e tempos de espera reduzidos, tornando-o ideal para \u00e1reas de alto tr\u00e1fego.<\/span><\/p>\n<h2 class=\"AnswerParser_AnswerParserH2__SIHnF\">Especifica\u00e7\u00f5es t\u00e9cnicas e caracter\u00edsticas<\/h2>\n<p><span class=\"AnswerParser_TextContainer__z_Iiv\" data-testid=\"youchat-text\">O\u00a0<strong>Cart\u00e3o MIFARE<\/strong>\u00a0possui especifica\u00e7\u00f5es t\u00e9cnicas impressionantes que atendem a uma ampla gama de aplica\u00e7\u00f5es:<\/span><\/p>\n<div class=\"AnswerParser_TableContainer__Erb6v\" data-testid=\"table-container\">\n<table>\n<thead>\n<tr>\n<th style=\"text-align: left;\">Especifica\u00e7\u00e3o<\/th>\n<th style=\"text-align: left;\">Detalhes<\/th>\n<\/tr>\n<\/thead>\n<tbody>\n<tr>\n<td>Frequ\u00eancia<\/td>\n<td>13,56 MHz<\/td>\n<\/tr>\n<tr>\n<td>Transfer\u00eancia de dados<\/td>\n<td>106 kbit\/s<\/td>\n<\/tr>\n<tr>\n<td>Mem\u00f3ria<\/td>\n<td>1 kB \u2013 4 kB, organizados em 16 setores com 4 blocos de 16 bytes cada<\/td>\n<\/tr>\n<tr>\n<td>Seguran\u00e7a<\/td>\n<td>Autentica\u00e7\u00e3o m\u00fatua de tr\u00eas passagens, n\u00famero de s\u00e9rie exclusivo<\/td>\n<\/tr>\n<tr>\n<td>Dist\u00e2ncia operacional<\/td>\n<td>At\u00e9 100 mm (dependendo da geometria da antena)<\/td>\n<\/tr>\n<tr>\n<td>Escreva Resist\u00eancia<\/td>\n<td>100.000 \u2013 200.000 ciclos<\/td>\n<\/tr>\n<tr>\n<td>Reten\u00e7\u00e3o de dados<\/td>\n<td>10 anos<\/td>\n<\/tr>\n<\/tbody>\n<\/table>\n<\/div>\n<h3 class=\"AnswerParser_AnswerParserH3__Mpe4s\">Alta Seguran\u00e7a e Integridade de Dados<\/h3>\n<p><span class=\"AnswerParser_TextContainer__z_Iiv\" data-testid=\"youchat-text\">A seguran\u00e7a \u00e9 um pilar fundamental da\u00a0<strong>Cart\u00e3o MIFARE<\/strong>. Ele emprega autentica\u00e7\u00e3o m\u00fatua de tr\u00eas passagens, aderindo ao padr\u00e3o ISO\/IEC DIS 9798-2, garantindo que apenas usu\u00e1rios autorizados possam acessar os dados. Cada setor do cart\u00e3o \u00e9 protegido por um conjunto individual de duas chaves, suportando ambientes de m\u00faltiplas aplica\u00e7\u00f5es com uma hierarquia de chaves.<\/span><span class=\"AnswerParser_TextContainer__z_Iiv\" data-testid=\"youchat-text\">A integridade dos dados do cart\u00e3o \u00e9 mantida por meio de CRC de 16 bits, paridade, codifica\u00e7\u00e3o de bits e contagem de bits, prevenindo a corrup\u00e7\u00e3o de dados e garantindo transa\u00e7\u00f5es confi\u00e1veis. Esse n\u00edvel de seguran\u00e7a torna o cart\u00e3o MIFARE ideal para aplica\u00e7\u00f5es que exigem altos n\u00edveis de prote\u00e7\u00e3o.<\/span><\/p>\n<h3 class=\"AnswerParser_AnswerParserH3__Mpe4s\">Integra\u00e7\u00e3o perfeita e conveni\u00eancia do usu\u00e1rio<\/h3>\n<p><span class=\"AnswerParser_TextContainer__z_Iiv\" data-testid=\"youchat-text\">O\u00a0<strong>Cart\u00e3o MIFARE<\/strong>\u00a0\u00e9 projetado para f\u00e1cil integra\u00e7\u00e3o na infraestrutura existente. Ele suporta v\u00e1rias op\u00e7\u00f5es de entrega, incluindo die on wafer, bumped die on wafer e m\u00f3dulos de cart\u00e3o sem contato, fornecendo flexibilidade para diferentes cen\u00e1rios de implanta\u00e7\u00e3o. Essa adaptabilidade garante que o cart\u00e3o MIFARE possa atender \u00e0s necessidades espec\u00edficas de qualquer aplica\u00e7\u00e3o, de sistemas de transporte p\u00fablico a controle de acesso corporativo.<\/span><\/p>\n<h2 class=\"AnswerParser_AnswerParserH2__SIHnF\">Avalia\u00e7\u00f5es e depoimentos de clientes<\/h2>\n<p><span class=\"AnswerParser_TextContainer__z_Iiv\" data-testid=\"youchat-text\">Clientes em todo o mundo elogiaram o\u00a0<strong>Cart\u00e3o MIFARE<\/strong>\u00a0por sua confiabilidade e efici\u00eancia. Um usu\u00e1rio satisfeito comentou: \u201cO Cart\u00e3o MIFARE revolucionou nosso sistema de tr\u00e2nsito, reduzindo os tempos de embarque e aumentando a seguran\u00e7a.\u201d Outro observou: \u201cSua capacidade de lidar com m\u00faltiplas aplica\u00e7\u00f5es em um \u00fanico cart\u00e3o simplificou significativamente nossas opera\u00e7\u00f5es.\u201d<\/span><\/p>\n<h2 class=\"AnswerParser_AnswerParserH2__SIHnF\">Perguntas frequentes<\/h2>\n<p><span class=\"AnswerParser_TextContainer__z_Iiv\" data-testid=\"youchat-text\"><strong>P: O que torna o Cart\u00e3o MIFARE adequado para transporte p\u00fablico?<\/strong><br \/>\nR: Seu r\u00e1pido tempo de transa\u00e7\u00e3o, recurso anticolis\u00e3o e seguran\u00e7a robusta o tornam ideal para ambientes de alto rendimento, como transporte p\u00fablico.<\/span><\/p>\n<p><span class=\"AnswerParser_TextContainer__z_Iiv\" data-testid=\"youchat-text\"><strong>P: Como o Cart\u00e3o MIFARE garante a seguran\u00e7a dos dados?<\/strong><br \/>\nR: Ele emprega autentica\u00e7\u00e3o m\u00fatua de tr\u00eas passagens e chaves de setor individuais, garantindo somente acesso autorizado aos dados.<\/span><\/p>\n<p><span class=\"AnswerParser_TextContainer__z_Iiv\" data-testid=\"youchat-text\"><strong>P: O Cart\u00e3o MIFARE pode ser usado em outras aplica\u00e7\u00f5es al\u00e9m do transporte p\u00fablico?<\/strong><br \/>\nR: Sim, ele \u00e9 vers\u00e1til o suficiente para uso em controle de acesso seguro, programas de fidelidade e sistemas de micropagamento.<\/span><\/p>\n<h2 class=\"AnswerParser_AnswerParserH2__SIHnF\">Impacto Ambiental e Sustentabilidade<\/h2>\n<p><span class=\"AnswerParser_TextContainer__z_Iiv\" data-testid=\"youchat-text\">O\u00a0<strong>Cart\u00e3o MIFARE<\/strong>\u00a0foi projetado com a sustentabilidade em mente. Sua longa reten\u00e7\u00e3o de dados e alta resist\u00eancia \u00e0 grava\u00e7\u00e3o reduzem a necessidade de substitui\u00e7\u00f5es frequentes, minimizando o desperd\u00edcio. Ao oferecer suporte a v\u00e1rios aplicativos em um \u00fanico cart\u00e3o, ele tamb\u00e9m reduz o impacto ambiental associado \u00e0 produ\u00e7\u00e3o de v\u00e1rios cart\u00f5es.<\/span><\/p>\n<h2 class=\"AnswerParser_AnswerParserH2__SIHnF\">Conclus\u00e3o: Por que escolher o cart\u00e3o MIFARE?<\/h2>\n<p><span class=\"AnswerParser_TextContainer__z_Iiv\" data-testid=\"youchat-text\">O\u00a0<strong>Cart\u00e3o MIFARE<\/strong>\u00a0oferece uma solu\u00e7\u00e3o robusta, segura e vers\u00e1til para qualquer aplica\u00e7\u00e3o sem contato. Seja melhorando um sistema de transporte p\u00fablico, aprimorando o controle de acesso corporativo ou integrando v\u00e1rios servi\u00e7os em um ambiente de cidade inteligente, o cart\u00e3o MIFARE \u00e9 uma escolha confi\u00e1vel e eficiente. Seus recursos avan\u00e7ados de seguran\u00e7a, integra\u00e7\u00e3o perfeita e aplica\u00e7\u00f5es abrangentes o tornam um investimento que vale a pena para qualquer organiza\u00e7\u00e3o.<\/span><span class=\"AnswerParser_TextContainer__z_Iiv\" data-testid=\"youchat-text\">Para mais informa\u00e7\u00f5es ou para fazer um pedido,\u00a0<strong>Contate-nos<\/strong>\u00a0hoje. Desbloqueie o potencial das solu\u00e7\u00f5es sem contato com o Cart\u00e3o MIFARE.<\/span><\/p>","protected":false},"excerpt":{"rendered":"<div class=\"auto-hide-last-sibling-br paragraph_4183d\">Os cart\u00f5es RFID Mifare Classic 1k 4K s\u00e3o solu\u00e7\u00f5es RFID essenciais para transporte p\u00fablico, controle de acesso e programas de fidelidade, fornecendo amplo armazenamento para dados pessoais.<\/div>","protected":false},"featured_media":2033,"template":"","meta":[],"product_brand":[],"product_cat":[46],"product_tag":[],"class_list":{"0":"post-2032","1":"product","2":"type-product","3":"status-publish","4":"has-post-thumbnail","6":"product_cat-nfc-cards","8":"first","9":"instock","10":"shipping-taxable","11":"product-type-simple"},"_links":{"self":[{"href":"https:\/\/nfc-readers.com\/pt\/wp-json\/wp\/v2\/product\/2032","targetHints":{"allow":["GET"]}}],"collection":[{"href":"https:\/\/nfc-readers.com\/pt\/wp-json\/wp\/v2\/product"}],"about":[{"href":"https:\/\/nfc-readers.com\/pt\/wp-json\/wp\/v2\/types\/product"}],"wp:featuredmedia":[{"embeddable":true,"href":"https:\/\/nfc-readers.com\/pt\/wp-json\/wp\/v2\/media\/2033"}],"wp:attachment":[{"href":"https:\/\/nfc-readers.com\/pt\/wp-json\/wp\/v2\/media?parent=2032"}],"wp:term":[{"taxonomy":"product_brand","embeddable":true,"href":"https:\/\/nfc-readers.com\/pt\/wp-json\/wp\/v2\/product_brand?post=2032"},{"taxonomy":"product_cat","embeddable":true,"href":"https:\/\/nfc-readers.com\/pt\/wp-json\/wp\/v2\/product_cat?post=2032"},{"taxonomy":"product_tag","embeddable":true,"href":"https:\/\/nfc-readers.com\/pt\/wp-json\/wp\/v2\/product_tag?post=2032"}],"curies":[{"name":"wp","href":"https:\/\/api.w.org\/{rel}","templated":true}]}}