{"id":2038,"date":"2024-04-19T14:36:49","date_gmt":"2024-04-19T14:36:49","guid":{"rendered":"https:\/\/nfc-readers.com\/?post_type=product&#038;p=2038"},"modified":"2024-09-29T07:24:42","modified_gmt":"2024-09-29T07:24:42","slug":"d20-smart-mpos","status":"publish","type":"product","link":"https:\/\/nfc-readers.com\/pt\/ic-reader\/d20-smart-mpos\/","title":{"rendered":"MPOs inteligentes D20"},"content":{"rendered":"<h1>MPOs inteligentes D20<\/h1>\n<div class=\"p\">Um POS inteligente Android com design ergon\u00f4mico que cabe perfeitamente na m\u00e3o. Tela sens\u00edvel ao toque de 4\u201d, leitor de c\u00f3digo QR e ampla gama de op\u00e7\u00f5es de conectividade proporcionam uma experi\u00eancia de pagamento mais confort\u00e1vel.<\/div>\n<div><\/div>\n<div class=\"p_list\">\n<div class=\"span clearfix\">Alta performance<\/div>\n<div><\/div>\n<div class=\"span clearfix\">Multiconectividade: 4G\/3G\/2G\/WIFI\/BT<\/div>\n<div><\/div>\n<div class=\"span clearfix\">Suporte de pagamento completo: MSR\/IC\/NFC<\/div>\n<div><\/div>\n<\/div>\n<table width=\"539\">\n<tbody>\n<tr>\n<td width=\"166\">SO<\/td>\n<td width=\"373\">Android 10<\/td>\n<\/tr>\n<tr>\n<td width=\"166\"><\/td>\n<td rowspan=\"2\" width=\"373\">CPU de aplica\u00e7\u00e3o: 4 * A53 @ 1,8 GHz CPU de seguran\u00e7a: ARM de 32 bits 192 MHz<\/td>\n<\/tr>\n<tr>\n<td width=\"166\">Processador<\/td>\n<\/tr>\n<tr>\n<td rowspan=\"2\" width=\"166\">Mem\u00f3ria<\/td>\n<td width=\"373\">1 GB + 16 GB<\/td>\n<\/tr>\n<tr>\n<td width=\"373\">2 GB + 16 GB (opcional)<\/td>\n<\/tr>\n<tr>\n<td width=\"166\"><\/td>\n<td width=\"373\">Tela TFT IPS de 4,0\u201d 480*800<\/td>\n<\/tr>\n<tr>\n<td width=\"166\">Mostrar<\/td>\n<td width=\"373\">Tela sens\u00edvel ao toque<\/td>\n<\/tr>\n<tr>\n<td width=\"166\"><\/td>\n<td width=\"373\">LTE, WCDMA, GSM<\/td>\n<\/tr>\n<tr>\n<td width=\"166\">Comunica\u00e7\u00f5es<\/td>\n<td width=\"373\">Bluetooth 5.0 I WiFi: 802.11 a\/b\/g\/n\/ac, 2,4 GHz e 5G, suporta AP<\/td>\n<\/tr>\n<tr>\n<td width=\"166\">Posicionamento por sat\u00e9lite<\/td>\n<td width=\"373\">GPS | A-GPS | GLONASS<\/td>\n<\/tr>\n<tr>\n<td width=\"166\">C\u00e2mera<\/td>\n<td width=\"373\">Traseira: 0,3 milh\u00f5es de pixels FF<\/td>\n<\/tr>\n<tr>\n<td width=\"166\">Leitor de cart\u00e3o EMV<\/td>\n<td width=\"373\">EMV L1 e L2<\/td>\n<\/tr>\n<tr>\n<td width=\"166\">Leitor NFC<\/td>\n<td width=\"373\">EMV sem contato L1<\/td>\n<\/tr>\n<tr>\n<td width=\"166\">Leitor de cart\u00e3o de tarja magn\u00e9tica<\/td>\n<td width=\"373\">ISO-7811\/7813\/7810<\/td>\n<\/tr>\n<tr>\n<td width=\"166\"><\/td>\n<td width=\"373\">PCI PTS 5.x SRED<\/td>\n<\/tr>\n<tr>\n<td width=\"166\"><\/td>\n<td width=\"373\">EMV L1 e L2, EMV sem contato L1<\/td>\n<\/tr>\n<tr>\n<td width=\"166\">Certifica\u00e7\u00f5es<\/td>\n<td width=\"373\">Visa Paywave, MasterCard Paypass, Amex Expresspay Discovery D-PAS, Rupay qSPARC<\/td>\n<\/tr>\n<tr>\n<td width=\"166\"><\/td>\n<td width=\"373\">Seguran\u00e7a PIN PCI, MasterCard TQM CE, FCC, BQB, RoHS, WEEE<\/td>\n<\/tr>\n<tr>\n<td width=\"166\">Adaptador<\/td>\n<td width=\"373\">CC 5V\/1A<\/td>\n<\/tr>\n<tr>\n<td width=\"166\">Bateria<\/td>\n<td width=\"373\">4,35V\/2450mAh<\/td>\n<\/tr>\n<tr>\n<td width=\"166\">\u00c1udio<\/td>\n<td width=\"373\">Palestrante<\/td>\n<\/tr>\n<tr>\n<td width=\"166\"><\/td>\n<td width=\"373\">1Tipo C (OTG)<\/td>\n<\/tr>\n<tr>\n<td width=\"166\">Portas perif\u00e9ricas<\/td>\n<td width=\"373\">1 Nano SIM + 1 Mini SIM + 1 Mini SAM<\/td>\n<\/tr>\n<tr>\n<td width=\"166\"><\/td>\n<td width=\"373\">1 slot para cart\u00e3o Micro SD, suporta at\u00e9 32 GB<\/td>\n<\/tr>\n<tr>\n<td width=\"166\"><\/td>\n<td width=\"373\">Temperatura operacional: 0 \u2103 a + 45 \u2103<\/td>\n<\/tr>\n<tr>\n<td width=\"166\">Condi\u00e7\u00f5es ambientais<\/td>\n<td width=\"373\">Temperatura de armazenamento: 0\u2103a+50\u2103<\/td>\n<\/tr>\n<tr>\n<td width=\"166\"><\/td>\n<td width=\"373\">Umidade relativa: 10% a 90% sem condensa\u00e7\u00e3o<\/td>\n<\/tr>\n<tr>\n<td width=\"166\">Dimens\u00f5es<\/td>\n<td width=\"373\">129 mm x 68,5 mm x 17,4 mm, 168g (incluindo bateria)<\/td>\n<\/tr>\n<\/tbody>\n<\/table>","protected":false},"excerpt":{"rendered":"<p>Este ergon\u00f4mico Android mPOS possui uma tela sens\u00edvel ao toque de 4\u2033 e um leitor de c\u00f3digo QR, garantindo uma experi\u00eancia de pagamento perfeita com op\u00e7\u00f5es de conectividade robustas.<\/p>","protected":false},"featured_media":2039,"template":"","meta":[],"product_brand":[],"product_cat":[15],"product_tag":[],"class_list":{"0":"post-2038","1":"product","2":"type-product","3":"status-publish","4":"has-post-thumbnail","6":"product_cat-pos-machine","8":"first","9":"instock","10":"shipping-taxable","11":"product-type-simple"},"_links":{"self":[{"href":"https:\/\/nfc-readers.com\/pt\/wp-json\/wp\/v2\/product\/2038","targetHints":{"allow":["GET"]}}],"collection":[{"href":"https:\/\/nfc-readers.com\/pt\/wp-json\/wp\/v2\/product"}],"about":[{"href":"https:\/\/nfc-readers.com\/pt\/wp-json\/wp\/v2\/types\/product"}],"wp:featuredmedia":[{"embeddable":true,"href":"https:\/\/nfc-readers.com\/pt\/wp-json\/wp\/v2\/media\/2039"}],"wp:attachment":[{"href":"https:\/\/nfc-readers.com\/pt\/wp-json\/wp\/v2\/media?parent=2038"}],"wp:term":[{"taxonomy":"product_brand","embeddable":true,"href":"https:\/\/nfc-readers.com\/pt\/wp-json\/wp\/v2\/product_brand?post=2038"},{"taxonomy":"product_cat","embeddable":true,"href":"https:\/\/nfc-readers.com\/pt\/wp-json\/wp\/v2\/product_cat?post=2038"},{"taxonomy":"product_tag","embeddable":true,"href":"https:\/\/nfc-readers.com\/pt\/wp-json\/wp\/v2\/product_tag?post=2038"}],"curies":[{"name":"wp","href":"https:\/\/api.w.org\/{rel}","templated":true}]}}