{"id":2046,"date":"2024-04-20T12:17:56","date_gmt":"2024-04-20T12:17:56","guid":{"rendered":"https:\/\/nfc-readers.com\/?post_type=product&#038;p=2046"},"modified":"2024-09-29T07:20:59","modified_gmt":"2024-09-29T07:20:59","slug":"fudan-f08-nfc-card","status":"publish","type":"product","link":"https:\/\/nfc-readers.com\/pt\/ic-reader\/fudan-f08-nfc-card\/","title":{"rendered":"Cart\u00e3o NFC Fudan F08"},"content":{"rendered":"<h1>Cart\u00e3o NFC Fudan F08<\/h1>\n<p>O cart\u00e3o Fudan F08 NFC \u00e9 um cart\u00e3o inteligente sem contato de alta frequ\u00eancia desenvolvido pelo Fudan Microelectronics Group com sede em Xangai, China. Ele incorpora tecnologias avan\u00e7adas de seguran\u00e7a e algoritmos de criptografia, oferecendo verifica\u00e7\u00e3o de identidade e transmiss\u00e3o de dados segura e confi\u00e1vel para diversas aplica\u00e7\u00f5es. O Fudan F08 \u00e9 empregado principalmente em sistemas de controle de acesso, sistemas de atendimento, emiss\u00e3o de bilhetes de transporte, cart\u00f5es de campus e muito mais. o cart\u00e3o Fudan F08 \u00e9 compat\u00edvel com aplica\u00e7\u00f5es do cart\u00e3o MIFARE Classic\u00ae 1K, oferecendo aos usu\u00e1rios op\u00e7\u00f5es adicionais.<\/p>\n<table width=\"388\">\n<tbody>\n<tr style=\"font-style: inherit; font-weight: inherit;\">\n<td style=\"font-style: inherit;\" width=\"137\">\n<p data-spm-anchor-id=\"a2700.details.0.i74.641d36fcHPDT7G\">Material<\/p>\n<\/td>\n<td style=\"font-style: inherit;\" width=\"251\">PVC, PETG<\/td>\n<\/tr>\n<tr style=\"font-style: inherit; font-weight: inherit;\">\n<td style=\"font-style: inherit;\" width=\"137\">Tamanho<\/td>\n<td style=\"font-style: inherit;\" width=\"251\">\n<p data-spm-anchor-id=\"a2700.details.0.i69.641d36fcHPDT7G\">CR80 85,5*54mm como cart\u00e3o de cr\u00e9dito ou tamanho personalizado ou formato irregular<\/p>\n<\/td>\n<\/tr>\n<tr style=\"font-style: inherit; font-weight: inherit;\">\n<td style=\"font-style: inherit;\" width=\"137\">Grossura<\/td>\n<td style=\"font-style: inherit;\" width=\"251\">0,84 mm como cart\u00e3o de cr\u00e9dito ou espessura personalizada<\/td>\n<\/tr>\n<tr style=\"font-style: inherit; font-weight: inherit;\">\n<td style=\"font-style: inherit;\" width=\"137\">Impress\u00e3o<\/td>\n<td style=\"font-style: inherit;\" width=\"251\">Impress\u00e3o offset Heidelberg \/ Impress\u00e3o em cores Pantone \/ Serigrafia: 100% corresponde \u00e0 cor ou amostra exigida pelo cliente<\/td>\n<\/tr>\n<tr style=\"font-style: inherit; font-weight: inherit;\">\n<td style=\"font-style: inherit;\" width=\"137\">Superf\u00edcie<\/td>\n<td style=\"font-style: inherit;\" width=\"251\">Brilhante, fosco, glitter, met\u00e1lico, laser ou com sobreposi\u00e7\u00e3o para impressora t\u00e9rmica ou com laca especial para impressora jato de tinta Epson<\/td>\n<\/tr>\n<tr style=\"font-style: inherit; font-weight: inherit;\">\n<td style=\"font-style: inherit;\" rowspan=\"10\" width=\"137\">Personaliza\u00e7\u00e3o ou artesanato especial<\/td>\n<td style=\"font-style: inherit;\" width=\"251\">Tarja magn\u00e9tica: Loco 300oe, Hico 2750oe, 2 ou 3 faixas, revista preta\/dourada\/prata<\/td>\n<\/tr>\n<tr>\n<td width=\"251\">C\u00f3digo de barras: EAN-13,EAN-128,CODE128,CODE39, c\u00f3digo de barras QR, etc.<\/td>\n<\/tr>\n<tr>\n<td width=\"251\">Grava\u00e7\u00e3o de n\u00fameros ou letras em prata ou ouro<\/td>\n<\/tr>\n<tr>\n<td width=\"251\">Impress\u00e3o met\u00e1lica em fundo dourado ou prateado<\/td>\n<\/tr>\n<tr>\n<td width=\"251\">Painel de assinatura\/Painel raspado<\/td>\n<\/tr>\n<tr>\n<td width=\"251\">N\u00fameros gravados a laser<\/td>\n<\/tr>\n<tr>\n<td width=\"251\">Estampagem em folha de ouro\/siver<\/td>\n<\/tr>\n<tr>\n<td width=\"251\">Impress\u00e3o UV localizada<\/td>\n<\/tr>\n<tr>\n<td width=\"251\">Bolsa com furo redondo ou oval<\/td>\n<\/tr>\n<tr>\n<td width=\"251\">Impress\u00e3o de seguran\u00e7a: holograma, impress\u00e3o de seguran\u00e7a OVI, Braille, anti-falsifica\u00e7\u00e3o fluorescente, impress\u00e3o de microtexto<\/td>\n<\/tr>\n<tr style=\"font-style: inherit; font-weight: inherit;\">\n<td style=\"font-style: inherit;\" width=\"137\">Chip de 13,56 MHz dispon\u00edvel<\/td>\n<td style=\"font-style: inherit;\" width=\"251\">NTAG213,NTAG215,NTAG216 etc.<\/td>\n<\/tr>\n<tr style=\"font-style: inherit; font-weight: inherit;\">\n<td style=\"font-style: inherit;\" rowspan=\"2\" width=\"137\">Formul\u00e1rios<\/td>\n<td style=\"font-style: inherit;\" width=\"251\">\n<p data-spm-anchor-id=\"a2700.details.0.i70.641d36fcHPDT7G\">Empresas, escola, clube, publicidade, tr\u00e2nsito, supermercado, estacionamento, banco, governo, seguros, cuidados m\u00e9dicos, promo\u00e7\u00e3o,<\/p>\n<\/td>\n<\/tr>\n<tr>\n<td width=\"251\">visitando etc<\/td>\n<\/tr>\n<\/tbody>\n<\/table>","protected":false},"excerpt":{"rendered":"<p>O chip Fudan F08 NFC \u00e9 um cart\u00e3o inteligente seguro, ideal para controle de acesso e emiss\u00e3o de bilhetes, compat\u00edvel com aplica\u00e7\u00f5es RFID MIFARE Classic\u00ae 1K para maior flexibilidade.<\/p>","protected":false},"featured_media":2047,"template":"","meta":[],"product_brand":[],"product_cat":[46],"product_tag":[],"class_list":{"0":"post-2046","1":"product","2":"type-product","3":"status-publish","4":"has-post-thumbnail","6":"product_cat-nfc-cards","8":"first","9":"instock","10":"shipping-taxable","11":"product-type-simple"},"_links":{"self":[{"href":"https:\/\/nfc-readers.com\/pt\/wp-json\/wp\/v2\/product\/2046","targetHints":{"allow":["GET"]}}],"collection":[{"href":"https:\/\/nfc-readers.com\/pt\/wp-json\/wp\/v2\/product"}],"about":[{"href":"https:\/\/nfc-readers.com\/pt\/wp-json\/wp\/v2\/types\/product"}],"wp:featuredmedia":[{"embeddable":true,"href":"https:\/\/nfc-readers.com\/pt\/wp-json\/wp\/v2\/media\/2047"}],"wp:attachment":[{"href":"https:\/\/nfc-readers.com\/pt\/wp-json\/wp\/v2\/media?parent=2046"}],"wp:term":[{"taxonomy":"product_brand","embeddable":true,"href":"https:\/\/nfc-readers.com\/pt\/wp-json\/wp\/v2\/product_brand?post=2046"},{"taxonomy":"product_cat","embeddable":true,"href":"https:\/\/nfc-readers.com\/pt\/wp-json\/wp\/v2\/product_cat?post=2046"},{"taxonomy":"product_tag","embeddable":true,"href":"https:\/\/nfc-readers.com\/pt\/wp-json\/wp\/v2\/product_tag?post=2046"}],"curies":[{"name":"wp","href":"https:\/\/api.w.org\/{rel}","templated":true}]}}