{"id":2081,"date":"2024-10-22T01:16:34","date_gmt":"2024-10-22T01:16:34","guid":{"rendered":"https:\/\/nfc-readers.com\/?post_type=product&#038;p=2081"},"modified":"2024-10-28T14:02:37","modified_gmt":"2024-10-28T14:02:37","slug":"mifare-plus-s-2k-4k-rfid-cards","status":"publish","type":"product","link":"https:\/\/nfc-readers.com\/pt\/ic-reader\/mifare-plus-s-2k-4k-rfid-cards\/","title":{"rendered":"\u00a0Cart\u00f5es RFID MIFARE Plus\u00ae S 2k 4k"},"content":{"rendered":"<h1>\u00a0Cart\u00f5es RFID MIFARE Plus\u00ae S 2k 4k<\/h1>\n<table style=\"height: 505px;\" width=\"655\">\n<tbody>\n<tr style=\"font-style: inherit; font-weight: inherit;\">\n<td style=\"font-style: inherit;\" width=\"172\">\n<p data-spm-anchor-id=\"a2700.details.0.i71.17213ba4RCuUOM\">Item<\/p>\n<\/td>\n<td style=\"font-style: inherit;\" width=\"252\">\u00a0Cart\u00e3o RFID MIFARE Plus\u00ae S 2k 4k<\/td>\n<\/tr>\n<tr style=\"font-style: inherit; font-weight: inherit;\">\n<td style=\"font-style: inherit;\" width=\"172\">Caracter\u00edsticas especiais<\/td>\n<td style=\"font-style: inherit;\" width=\"252\">\u00c0 prova d\u2019\u00e1gua\/\u00e0 prova de intemp\u00e9ries<\/td>\n<\/tr>\n<tr style=\"font-style: inherit; font-weight: inherit;\">\n<td style=\"font-style: inherit;\" width=\"172\">Interface de comunica\u00e7\u00e3o<\/td>\n<td style=\"font-style: inherit;\" width=\"252\">RFID<\/td>\n<\/tr>\n<tr style=\"font-style: inherit; font-weight: inherit;\">\n<td style=\"font-style: inherit;\" width=\"172\">Lugar de origem<\/td>\n<td style=\"font-style: inherit;\" width=\"252\">Guangdong, China<\/td>\n<\/tr>\n<tr style=\"font-style: inherit; font-weight: inherit;\">\n<td style=\"font-style: inherit;\" width=\"172\">Frequ\u00eancia<\/td>\n<td style=\"font-style: inherit;\" width=\"252\">13,56 MHz<\/td>\n<\/tr>\n<tr style=\"font-style: inherit; font-weight: inherit;\">\n<td style=\"font-style: inherit;\" width=\"172\">Lasca<\/td>\n<td style=\"font-style: inherit;\" width=\"252\">MIFARE Plus\u00ae S 2K (MIFARE\u00ae e MIFARE Plus\u00ae s\u00e3o marcas registradas da NXP BV e s\u00e3o usadas sob licen\u00e7a.)<\/td>\n<\/tr>\n<tr style=\"font-style: inherit; font-weight: inherit;\">\n<td style=\"font-style: inherit;\" width=\"172\">Material<\/td>\n<td style=\"font-style: inherit;\" width=\"252\">PVC<\/td>\n<\/tr>\n<tr style=\"font-style: inherit; font-weight: inherit;\">\n<td style=\"font-style: inherit;\" width=\"172\">Aplicativo<\/td>\n<td style=\"font-style: inherit;\" width=\"252\">Sistema de controle de acesso<\/td>\n<\/tr>\n<tr style=\"font-style: inherit; font-weight: inherit;\">\n<td style=\"font-style: inherit;\" width=\"172\">Protocolo<\/td>\n<td style=\"font-style: inherit;\" width=\"252\">ISO 14443A<\/td>\n<\/tr>\n<tr style=\"font-style: inherit; font-weight: inherit;\">\n<td style=\"font-style: inherit;\" width=\"172\">Grossura<\/td>\n<td style=\"font-style: inherit;\" width=\"252\">0,84 mm\/Personalizado<\/td>\n<\/tr>\n<tr style=\"font-style: inherit; font-weight: inherit;\">\n<td style=\"font-style: inherit;\" width=\"172\">Acabamento de superf\u00edcie<\/td>\n<td style=\"font-style: inherit;\" width=\"252\">Brilhante.fosco.fosco<\/td>\n<\/tr>\n<tr style=\"font-style: inherit; font-weight: inherit;\">\n<td style=\"font-style: inherit;\" width=\"172\">Capacit\u00e2ncia de entrada [pF]<\/td>\n<td style=\"font-style: inherit;\" width=\"252\">17\/70PF<\/td>\n<\/tr>\n<tr style=\"font-style: inherit; font-weight: inherit;\">\n<td style=\"font-style: inherit;\" width=\"172\">Comprimento da chave<\/td>\n<td style=\"font-style: inherit;\" width=\"252\">Cripto-1 de 48 bits, AES de 128 bits<\/td>\n<\/tr>\n<tr style=\"font-style: inherit; font-weight: inherit;\">\n<td style=\"font-style: inherit;\" width=\"172\">Modelo de mem\u00f3ria<\/td>\n<td style=\"font-style: inherit;\" width=\"252\">Compacto, setores e blocos de 16 bytes<\/td>\n<\/tr>\n<tr style=\"font-style: inherit; font-weight: inherit;\">\n<td style=\"font-style: inherit;\" width=\"172\">Conformidade com NFC<\/td>\n<td style=\"font-style: inherit;\" width=\"252\">Compat\u00edvel com NFC em SL3<\/td>\n<\/tr>\n<\/tbody>\n<\/table>\n<p>&nbsp;<\/p>\n<p><span class=\"AnswerParser_TextContainer__z_Iiv\" data-testid=\"youchat-text\"><strong>Cart\u00f5es RFID MIFARE Plus\u00ae S 2k 4k<\/strong>\u00a0s\u00e3o a solu\u00e7\u00e3o da ind\u00fastria para avan\u00e7ar seus sistemas existentes para o pr\u00f3ximo n\u00edvel. Esses cart\u00f5es fornecem uma migra\u00e7\u00e3o perfeita do MIFARE Classic, garantindo maior seguran\u00e7a por meio da criptografia AES-128 e mantendo a compatibilidade com sua infraestrutura atual. Com integridade de dados superior e comunica\u00e7\u00e3o segura, eles s\u00e3o a escolha definitiva para aprimorar seus aplicativos RFID.<\/span><\/p>\n<h2 class=\"AnswerParser_AnswerParserH2__SIHnF\">Desbloqueie solu\u00e7\u00f5es de alta seguran\u00e7a com MIFARE Plus\u00ae S<\/h2>\n<p><span class=\"AnswerParser_TextContainer__z_Iiv\" data-testid=\"youchat-text\">O\u00a0<strong>Cart\u00f5es RFID MIFARE Plus\u00ae S 2k 4k<\/strong>\u00a0destacam-se como uma op\u00e7\u00e3o vers\u00e1til para organiza\u00e7\u00f5es que buscam atualizar seus sistemas. Projetados com foco em seguran\u00e7a, esses cart\u00f5es implementam criptografia AES-128, garantindo que seus dados permane\u00e7am protegidos contra acesso n\u00e3o autorizado. O uso de m\u00e9todos criptogr\u00e1ficos avan\u00e7ados garante que suas informa\u00e7\u00f5es mantenham sua integridade e confidencialidade.<\/span><span class=\"AnswerParser_TextContainer__z_Iiv\" data-testid=\"youchat-text\">Esses cart\u00f5es inteligentes s\u00e3o compat\u00edveis com o MIFARE Classic, facilitando a transi\u00e7\u00e3o das empresas sem substituir o hardware existente. Essa compatibilidade permite uma atualiza\u00e7\u00e3o econ\u00f4mica, fornecendo recursos de seguran\u00e7a aprimorados sem interromper suas opera\u00e7\u00f5es.<\/span><\/p>\n<h3 class=\"AnswerParser_AnswerParserH3__Mpe4s\">Tecnologia RFID robusta<\/h3>\n<p><span class=\"AnswerParser_TextContainer__z_Iiv\" data-testid=\"youchat-text\">Com uma frequ\u00eancia de 13,56 MHz, o\u00a0<strong>Cart\u00f5es RFID MIFARE Plus\u00ae S 2k 4k<\/strong>\u00a0oferecem comunica\u00e7\u00e3o confi\u00e1vel e eficiente. Os cart\u00f5es s\u00e3o constru\u00eddos para suportar v\u00e1rias condi\u00e7\u00f5es ambientais, gra\u00e7as \u00e0 sua constru\u00e7\u00e3o \u00e0 prova d&#039;\u00e1gua e de intemp\u00e9ries. Feitos de material de PVC dur\u00e1vel, eles s\u00e3o projetados para uso de longo prazo em qualquer ambiente.<\/span><span class=\"AnswerParser_TextContainer__z_Iiv\" data-testid=\"youchat-text\">O design compacto desses cart\u00f5es RFID, com espessura de 0,84 mm, garante f\u00e1cil integra\u00e7\u00e3o aos seus sistemas atuais. Suas op\u00e7\u00f5es de acabamento de superf\u00edcie personaliz\u00e1veis, incluindo brilhante, fosco e fosco, oferecem flexibilidade adicional para atender \u00e0s suas necessidades espec\u00edficas de design.<\/span><\/p>\n<h3 class=\"AnswerParser_AnswerParserH3__Mpe4s\">Recursos avan\u00e7ados de seguran\u00e7a<\/h3>\n<p><span class=\"AnswerParser_TextContainer__z_Iiv\" data-testid=\"youchat-text\">A seguran\u00e7a est\u00e1 no centro da\u00a0<strong>Cart\u00f5es RFID MIFARE Plus\u00ae S 2k 4k<\/strong>. Ao incorporar a criptografia AES-128, esses cart\u00f5es oferecem um n\u00edvel avan\u00e7ado de prote\u00e7\u00e3o. Esse m\u00e9todo criptogr\u00e1fico n\u00e3o apenas autentica os usu\u00e1rios, mas tamb\u00e9m garante a integridade e a criptografia dos dados, protegendo informa\u00e7\u00f5es confidenciais de amea\u00e7as potenciais.<\/span><span class=\"AnswerParser_TextContainer__z_Iiv\" data-testid=\"youchat-text\">Os cart\u00f5es suportam comprimentos de chave Crypto-1 de 48 bits e AES de 128 bits, fornecendo m\u00faltiplas camadas de seguran\u00e7a. Isso os torna ideais para aplica\u00e7\u00f5es que exigem altos n\u00edveis de prote\u00e7\u00e3o, como sistemas de controle de acesso corporativo, transporte p\u00fablico e transa\u00e7\u00f5es financeiras.<\/span><\/p>\n<h3 class=\"AnswerParser_AnswerParserH3__Mpe4s\">Integra\u00e7\u00e3o e compatibilidade perfeitas<\/h3>\n<p><span class=\"AnswerParser_TextContainer__z_Iiv\" data-testid=\"youchat-text\">Uma das vantagens significativas do\u00a0<strong>Cart\u00f5es RFID MIFARE Plus\u00ae S 2k 4k<\/strong>\u00a0\u00e9 sua integra\u00e7\u00e3o perfeita com sistemas existentes. Esses cart\u00f5es n\u00e3o s\u00e3o apenas compat\u00edveis com o MIFARE Classic, mas tamb\u00e9m aderem aos padr\u00f5es do protocolo ISO 14443A, garantindo uma incorpora\u00e7\u00e3o suave em sua infraestrutura atual. A conformidade com NFC no SL3 aprimora ainda mais sua aplicabilidade em uma ampla gama de ambientes.<\/span><\/p>\n<h3 class=\"AnswerParser_AnswerParserH3__Mpe4s\">Avalia\u00e7\u00f5es e depoimentos de clientes<\/h3>\n<p><span class=\"AnswerParser_TextContainer__z_Iiv\" data-testid=\"youchat-text\"><strong>Os clientes elogiaram os cart\u00f5es RFID MIFARE Plus\u00ae S 2k 4k<\/strong>\u00a0por sua confiabilidade e facilidade de uso. Um usu\u00e1rio observou: \u201cAtualizar nosso sistema de controle de acesso com esses cart\u00f5es foi perfeito. Os recursos de seguran\u00e7a aprimorados nos d\u00e3o paz de esp\u00edrito.\u201d Outro acrescentou: \u201cApreciamos a durabilidade e o desempenho consistente desses cart\u00f5es em v\u00e1rios ambientes.\u201d<\/span><\/p>\n<h3 class=\"AnswerParser_AnswerParserH3__Mpe4s\">Perguntas frequentes<\/h3>\n<p><span class=\"AnswerParser_TextContainer__z_Iiv\" data-testid=\"youchat-text\"><strong>P: Como os cart\u00f5es RFID MIFARE Plus\u00ae S 2k 4k aumentam a seguran\u00e7a?<\/strong><br \/>\nR: Esses cart\u00f5es utilizam criptografia AES-128, garantindo a integridade dos dados e prote\u00e7\u00e3o contra acesso n\u00e3o autorizado.<\/span><\/p>\n<p><span class=\"AnswerParser_TextContainer__z_Iiv\" data-testid=\"youchat-text\"><strong>P: Esses cart\u00f5es s\u00e3o compat\u00edveis com os sistemas MIFARE Classic existentes?<\/strong><br \/>\nR: Sim, eles oferecem compatibilidade com o MIFARE Classic, permitindo uma transi\u00e7\u00e3o suave sem a necessidade de novo hardware.<\/span><\/p>\n<p><span class=\"AnswerParser_TextContainer__z_Iiv\" data-testid=\"youchat-text\"><strong>P: Qual \u00e9 a aplica\u00e7\u00e3o t\u00edpica desses cart\u00f5es RFID?<\/strong><br \/>\nR: Eles s\u00e3o ideais para sistemas de controle de acesso, ambientes corporativos e sistemas de transporte p\u00fablico que exigem alta seguran\u00e7a.<\/span><\/p>\n<h3 class=\"AnswerParser_AnswerParserH3__Mpe4s\">Impacto Ambiental e Sustentabilidade<\/h3>\n<p><span class=\"AnswerParser_TextContainer__z_Iiv\" data-testid=\"youchat-text\">O\u00a0<strong>Cart\u00f5es RFID MIFARE Plus\u00ae S 2k 4k<\/strong>\u00a0s\u00e3o projetados com a sustentabilidade em mente. Sua constru\u00e7\u00e3o dur\u00e1vel em PVC garante uma longa vida \u00fatil do produto, reduzindo o desperd\u00edcio e a necessidade de substitui\u00e7\u00f5es frequentes. Ao atualizar para o MIFARE Plus, as organiza\u00e7\u00f5es tamb\u00e9m podem minimizar sua pegada ambiental ao estender a vida \u00fatil dos sistemas existentes em vez de substitu\u00ed-los completamente.<\/span><\/p>\n<h3 class=\"AnswerParser_AnswerParserH3__Mpe4s\">Conclus\u00e3o: Por que escolher os cart\u00f5es RFID MIFARE Plus\u00ae S 2k 4k?<\/h3>\n<p><span class=\"AnswerParser_TextContainer__z_Iiv\" data-testid=\"youchat-text\">O\u00a0<strong>Cart\u00f5es RFID MIFARE Plus\u00ae S 2k 4k<\/strong>\u00a0oferecem um equil\u00edbrio perfeito de seguran\u00e7a, compatibilidade e durabilidade para qualquer sistema de controle de acesso. Quer voc\u00ea esteja procurando atualizar sua infraestrutura atual ou buscando uma solu\u00e7\u00e3o confi\u00e1vel para novas instala\u00e7\u00f5es, esses cart\u00f5es fornecem uma op\u00e7\u00e3o robusta e segura. Seus recursos avan\u00e7ados de criptografia e integra\u00e7\u00e3o perfeita os tornam um investimento que vale a pena para organiza\u00e7\u00f5es que priorizam seguran\u00e7a e efici\u00eancia.<\/span><span class=\"AnswerParser_TextContainer__z_Iiv\" data-testid=\"youchat-text\">Para mais informa\u00e7\u00f5es ou para fazer um pedido,\u00a0<strong>Contate-nos<\/strong>\u00a0hoje. Desbloqueie seguran\u00e7a e efici\u00eancia de n\u00edvel superior com MIFARE Plus.<\/span><\/p>","protected":false},"excerpt":{"rendered":"<p>O cart\u00e3o MIFARE Plus da NXP \u00e9 uma solu\u00e7\u00e3o de chip NFC segura, compat\u00edvel com os padr\u00f5es RFID, ideal para transporte p\u00fablico, controle de acesso e aplica\u00e7\u00f5es de pagamento.<\/p>","protected":false},"featured_media":2082,"template":"","meta":[],"product_brand":[],"product_cat":[46],"product_tag":[],"class_list":{"0":"post-2081","1":"product","2":"type-product","3":"status-publish","4":"has-post-thumbnail","6":"product_cat-nfc-cards","8":"first","9":"instock","10":"shipping-taxable","11":"product-type-simple"},"_links":{"self":[{"href":"https:\/\/nfc-readers.com\/pt\/wp-json\/wp\/v2\/product\/2081","targetHints":{"allow":["GET"]}}],"collection":[{"href":"https:\/\/nfc-readers.com\/pt\/wp-json\/wp\/v2\/product"}],"about":[{"href":"https:\/\/nfc-readers.com\/pt\/wp-json\/wp\/v2\/types\/product"}],"wp:featuredmedia":[{"embeddable":true,"href":"https:\/\/nfc-readers.com\/pt\/wp-json\/wp\/v2\/media\/2082"}],"wp:attachment":[{"href":"https:\/\/nfc-readers.com\/pt\/wp-json\/wp\/v2\/media?parent=2081"}],"wp:term":[{"taxonomy":"product_brand","embeddable":true,"href":"https:\/\/nfc-readers.com\/pt\/wp-json\/wp\/v2\/product_brand?post=2081"},{"taxonomy":"product_cat","embeddable":true,"href":"https:\/\/nfc-readers.com\/pt\/wp-json\/wp\/v2\/product_cat?post=2081"},{"taxonomy":"product_tag","embeddable":true,"href":"https:\/\/nfc-readers.com\/pt\/wp-json\/wp\/v2\/product_tag?post=2081"}],"curies":[{"name":"wp","href":"https:\/\/api.w.org\/{rel}","templated":true}]}}