{"id":2109,"date":"2024-04-22T02:26:55","date_gmt":"2024-04-22T02:26:55","guid":{"rendered":"https:\/\/nfc-readers.com\/?post_type=product&#038;p=2109"},"modified":"2024-09-29T01:56:55","modified_gmt":"2024-09-29T01:56:55","slug":"nfc-stickers-ntag213216","status":"publish","type":"product","link":"https:\/\/nfc-readers.com\/pt\/ic-reader\/nfc-stickers-ntag213216\/","title":{"rendered":"Adesivos NFC NTAG213 215 216"},"content":{"rendered":"<h1>Adesivos NFC NTAG213 215 216<\/h1>\n<table width=\"534\">\n<tbody>\n<tr style=\"font-style: inherit; font-weight: inherit;\">\n<td style=\"font-style: inherit;\" width=\"215\">\n<p data-spm-anchor-id=\"a2700.pc-decorate.0.i49.7c5c3333IeSDv6\">item<\/p>\n<\/td>\n<td width=\"319\">Especifica\u00e7\u00f5es<\/td>\n<\/tr>\n<tr style=\"font-style: inherit; font-weight: inherit;\">\n<td style=\"font-style: inherit;\" width=\"215\">\n<p data-spm-anchor-id=\"a2700.pc-decorate.0.i22.bd1b3333wXnVY0\">Lugar de origem<\/p>\n<\/td>\n<td width=\"319\">China<\/td>\n<\/tr>\n<tr style=\"font-style: inherit; font-weight: inherit;\">\n<td style=\"font-style: inherit;\" width=\"215\">\n<p data-spm-anchor-id=\"0.0.0.i10.277b4f05XiiaMd\">Certifica\u00e7\u00e3o<\/p>\n<\/td>\n<td width=\"319\">\n<p data-spm-anchor-id=\"a2700.pc-decorate.0.i10.bd1b3333wXnVY0\">CE\/ROHS<\/p>\n<\/td>\n<\/tr>\n<tr style=\"font-style: inherit; font-weight: inherit;\">\n<td style=\"font-style: inherit;\" width=\"215\">Material<\/td>\n<td width=\"319\">\n<p data-spm-anchor-id=\"a2700.pc-decorate.0.i50.7c5c3333IeSDv6\">PET, papel revestido, ep\u00f3xi, papel t\u00e9rmico, etc.<\/p>\n<\/td>\n<\/tr>\n<tr style=\"font-style: inherit; font-weight: inherit;\">\n<td style=\"font-style: inherit;\" width=\"215\">Lasca<\/td>\n<td width=\"319\">\n<p data-spm-anchor-id=\"a2700.pc-decorate.0.i50.bd1b3333wXnVY0\">NTAG 213\/NTAG 215\/Ntag 216\/Fudan F08 ou personalizar<\/p>\n<\/td>\n<\/tr>\n<tr style=\"font-style: inherit; font-weight: inherit;\">\n<td style=\"font-style: inherit;\" width=\"215\">Frequ\u00eancia<\/td>\n<td width=\"319\">\n<p data-spm-anchor-id=\"0.0.0.i5.277b4f05QIK8KU\">13,56 MHz<\/p>\n<\/td>\n<\/tr>\n<tr style=\"font-style: inherit; font-weight: inherit;\">\n<td style=\"font-style: inherit;\" width=\"215\">\n<p data-spm-anchor-id=\"a2700.pc-decorate.0.i90.6e273333nK6FqH\">Protocolo<\/p>\n<\/td>\n<td width=\"319\">\n<p data-spm-anchor-id=\"a2700.pc-decorate.0.i51.bd1b3333wXnVY0\">ISO 14443A<\/p>\n<\/td>\n<\/tr>\n<tr style=\"font-style: inherit; font-weight: inherit;\">\n<td style=\"font-style: inherit;\" rowspan=\"3\" width=\"215\">Tamanho<\/td>\n<td width=\"319\">\n<p data-spm-anchor-id=\"a2700.pc-decorate.0.i53.bd1b3333wXnVY0\">Redondo 18,25, 30, 35,40mm<\/p>\n<\/td>\n<\/tr>\n<tr>\n<td width=\"319\">\n<p data-spm-anchor-id=\"a2700.pc-decorate.0.i53.bd1b3333wXnVY0\">Quadrado 86*54,40*25,55*18,10*20,18*18,30*15<\/p>\n<\/td>\n<\/tr>\n<tr>\n<td width=\"319\">\n<p data-spm-anchor-id=\"a2700.pc-decorate.0.i53.bd1b3333wXnVY0\">ou tamanho personalizado<\/p>\n<\/td>\n<\/tr>\n<tr style=\"font-style: inherit; font-weight: inherit;\">\n<td style=\"font-style: inherit;\" width=\"215\">\n<p data-spm-anchor-id=\"0.0.0.i1.277b4f05XiiaMd\">Recurso<\/p>\n<\/td>\n<td width=\"319\">\n<p data-spm-anchor-id=\"a2700.pc-decorate.0.i47.bd1b3333wXnVY0\">ok para compartilhar dados por telefone habilitado para NFC, mais r\u00e1pido e conveniente do que tags normais<\/p>\n<\/td>\n<\/tr>\n<tr style=\"font-style: inherit; font-weight: inherit;\">\n<td style=\"font-style: inherit;\" width=\"215\">\n<p data-spm-anchor-id=\"0.0.0.i8.277b4f05XiiaMd\">Amostra<\/p>\n<\/td>\n<td width=\"319\">\n<p data-spm-anchor-id=\"a2700.pc-decorate.0.i39.6e273333nK6FqH\">dispon\u00edvel gratuitamente<\/p>\n<\/td>\n<\/tr>\n<tr style=\"font-style: inherit; font-weight: inherit;\">\n<td style=\"font-style: inherit;\" width=\"215\">\n<p data-spm-anchor-id=\"a2700.pc-decorate.0.i95.6e273333nK6FqH\">Ler dist\u00e2ncia<\/p>\n<\/td>\n<td width=\"319\">\n<p data-spm-anchor-id=\"a2700.pc-decorate.0.i89.6e273333nK6FqH\">0-10cm<\/p>\n<\/td>\n<\/tr>\n<tr style=\"font-style: inherit; font-weight: inherit;\">\n<td style=\"font-style: inherit;\" width=\"215\">\n<p data-spm-anchor-id=\"a2700.pc-decorate.0.i35.6e273333nK6FqH\">Nome do Produto<\/p>\n<\/td>\n<td width=\"319\">\n<p data-spm-anchor-id=\"a2700.pc-decorate.0.i12.bd1b3333wXnVY0\">Adesivos ntag 213 nfc personalizados redondos 18mm etiqueta branca em branco etiquetas ntag 213 funcionam perfeitamente com telefone celular habilitado para nfc<\/p>\n<\/td>\n<\/tr>\n<tr style=\"font-style: inherit; font-weight: inherit;\">\n<td style=\"font-style: inherit;\" rowspan=\"3\" width=\"215\">Personaliza\u00e7\u00e3o<\/td>\n<td style=\"font-style: inherit;\" width=\"319\">-logotipo personalizado, impresso em cores para papel de superf\u00edcie<\/td>\n<\/tr>\n<tr>\n<td width=\"319\">- material de superf\u00edcie personalizado<\/td>\n<\/tr>\n<tr>\n<td width=\"319\">-informa\u00e7\u00f5es de dados personalizadas grav\u00e1veis no chip, como url (site), n\u00fameros de s\u00e9rie, etc.<\/td>\n<\/tr>\n<tr style=\"font-style: inherit; font-weight: inherit;\">\n<td style=\"font-style: inherit;\" rowspan=\"3\" width=\"215\">Aplicativo<\/td>\n<td style=\"font-style: inherit;\" width=\"319\">M\u00eddia social NFC, log\u00edstica, gest\u00e3o, gest\u00e3o de ativos, gest\u00e3o da cadeia de suprimentos, gest\u00e3o de ve\u00edculos, controle de produ\u00e7\u00e3o,<\/td>\n<\/tr>\n<tr>\n<td width=\"319\">gerenciamento de armaz\u00e9m, gerenciamento de produtos, verifica\u00e7\u00e3o de produtos, rastreamento de ativos, rastreamento de manuseio de bagagem, gerenciamento de estoque,<\/td>\n<\/tr>\n<tr>\n<td width=\"319\">etc.<\/td>\n<\/tr>\n<\/tbody>\n<\/table>\n<p>&nbsp;<\/p>\n<p><img loading=\"lazy\" decoding=\"async\" class=\"alignnone wp-image-2110\" src=\"https:\/\/nfc-readers.com\/wp-content\/uploads\/2024\/04\/H13e28f218c5e4df380794f87c5769ff4e-300x252.jpg\" alt=\"\" width=\"573\" height=\"481\" srcset=\"https:\/\/nfc-readers.com\/wp-content\/uploads\/2024\/04\/H13e28f218c5e4df380794f87c5769ff4e-300x252.jpg 300w, https:\/\/nfc-readers.com\/wp-content\/uploads\/2024\/04\/H13e28f218c5e4df380794f87c5769ff4e-600x503.jpg 600w, https:\/\/nfc-readers.com\/wp-content\/uploads\/2024\/04\/H13e28f218c5e4df380794f87c5769ff4e.jpg 750w\" sizes=\"auto, (max-width: 573px) 100vw, 573px\" \/><\/p>\n<div class=\"J_module\">\n<div class=\"detail-decorate-json-renderer-container\">\n<div class=\"magic-1\">\n<div class=\"magic-2\">\n<div class=\"magic-3\">\n<div class=\"magic-4\">\n<div class=\"magic-5\" data-spm-anchor-id=\"a2700.details.0.i69.2c8dabc3vwGabt\"><b class=\"magic-6\"><span class=\"magic-7\">Adesivos ntag 213 nfc personalizados redondos 18mm etiqueta branca em branco etiquetas ntag 213 funcionam perfeitamente com telefone celular habilitado para nfc<\/span><\/b><\/div>\n<div>\n<div><\/div>\n<\/div>\n<\/div>\n<\/div>\n<\/div>\n<\/div>\n<\/div>\n<\/div>\n<div class=\"J_module\">\n<div class=\"detail-decorate-json-renderer-container\">\n<div class=\"magic-1\">\n<div class=\"magic-2\">\n<div class=\"magic-3\">\n<div class=\"magic-4\"><b><span class=\"magic-8\">O que \u00e9 uma etiqueta NFC e como funciona <\/span><\/b><br \/>\nTags NFC, Near Field Communication, s\u00e3o pequenos circuitos integrados projetados para armazenar informa\u00e7\u00f5es que podem ser recuperadas por<br \/>\nDispositivos habilitados para NFC, como smartphones e tablets. S\u00e3o pequenos adesivos, em formato redondo ou quadrado e t\u00eam aproximadamente o tamanho de uma moeda grande. Esses pequenos adesivos de tecnologia sem fio tamb\u00e9m permitem a transfer\u00eancia de dados entre dois dispositivos habilitados para NFC.<\/p>\n<div>\n<div>As tags NFC podem ter diferentes capacidades de mem\u00f3ria; voc\u00ea pode armazenar um n\u00famero de telefone ou um URL (endere\u00e7o da web) e, para adicionar prote\u00e7\u00e3o, as tags NFC podem ser bloqueadas para que, uma vez gravados, os dados n\u00e3o possam ser alterados. No entanto, eles podem ser recodificados v\u00e1rias vezes at\u00e9 serem bloqueados e, uma vez bloqueados, as tags NFC n\u00e3o podem ser desbloqueadas.<\/div>\n<div><\/div>\n<div>Para usar tags NFC, voc\u00ea precisa tocar no adesivo com seu dispositivo habilitado para NFC ou aproximar seu dispositivo o suficiente (talvez uma polegada de dist\u00e2ncia) para que o dispositivo cumpra seu lance programado.<\/div>\n<\/div>\n<\/div>\n<\/div>\n<\/div>\n<\/div>\n<\/div>\n<\/div>\n<div class=\"J_module\">\n<div class=\"detail-decorate-json-renderer-container\">\n<div class=\"magic-1\">\n<div class=\"magic-2\">\n<div class=\"magic-3\">\n<div class=\"magic-4\"><span class=\"magic-9\"><span class=\"magic-10\"><b>Tag RFID de 13,56 MHz, tag NFC \u00e9 f\u00e1cil de fazer program\u00e1vel, como URL codificado, para que possa funcionar com smartphone Andriod\/IOS com NFC.<br \/>\nQuando a etiqueta NFC \u00e9 fechada para a posi\u00e7\u00e3o NFC no smartphone, o link do site programado \u00e9 exibido imediatamente. \u00c9 usado principalmente para muitas aplica\u00e7\u00f5es, como cart\u00f5es de visita, promo\u00e7\u00e3o de empresas, p\u00f4steres inteligentes, ingressos para eventos, uso industrial, etc.<\/b><\/span><\/span><\/p>\n<div><b><span class=\"magic-9\">\u00a0<\/span><\/b><\/div>\n<div><span class=\"magic-10\"><b class=\"magic-9\">Nossos recursos:<br \/>\n<\/b><span class=\"magic-11\" style=\"font-family: Arial;\">1.Personalizado<br \/>\n2. Velocidade de entrega r\u00e1pida<br \/>\n3. Estrutura da etiqueta RFID: Chip RFID + Antena RFID + Materiais de superf\u00edcie<br \/>\n4.Fornecedor profissional de produtos RFID<\/span><\/span><\/div>\n<\/div>\n<\/div>\n<\/div>\n<\/div>\n<\/div>\n<\/div>\n<p>&nbsp;<\/p>\n<p>&nbsp;<\/p>","protected":false},"excerpt":{"rendered":"<p>Os adesivos NFC compactos com chips NTAG213 215 216 permitem publicidade inteligente, autentica\u00e7\u00e3o de produtos e emparelhamento r\u00e1pido, tornando as solu\u00e7\u00f5es RFID acess\u00edveis e eficazes.<\/p>","protected":false},"featured_media":2111,"template":"","meta":[],"product_brand":[],"product_cat":[48],"product_tag":[],"class_list":{"0":"post-2109","1":"product","2":"type-product","3":"status-publish","4":"has-post-thumbnail","6":"product_cat-nfc-stickers","8":"first","9":"instock","10":"shipping-taxable","11":"product-type-simple"},"_links":{"self":[{"href":"https:\/\/nfc-readers.com\/pt\/wp-json\/wp\/v2\/product\/2109","targetHints":{"allow":["GET"]}}],"collection":[{"href":"https:\/\/nfc-readers.com\/pt\/wp-json\/wp\/v2\/product"}],"about":[{"href":"https:\/\/nfc-readers.com\/pt\/wp-json\/wp\/v2\/types\/product"}],"wp:featuredmedia":[{"embeddable":true,"href":"https:\/\/nfc-readers.com\/pt\/wp-json\/wp\/v2\/media\/2111"}],"wp:attachment":[{"href":"https:\/\/nfc-readers.com\/pt\/wp-json\/wp\/v2\/media?parent=2109"}],"wp:term":[{"taxonomy":"product_brand","embeddable":true,"href":"https:\/\/nfc-readers.com\/pt\/wp-json\/wp\/v2\/product_brand?post=2109"},{"taxonomy":"product_cat","embeddable":true,"href":"https:\/\/nfc-readers.com\/pt\/wp-json\/wp\/v2\/product_cat?post=2109"},{"taxonomy":"product_tag","embeddable":true,"href":"https:\/\/nfc-readers.com\/pt\/wp-json\/wp\/v2\/product_tag?post=2109"}],"curies":[{"name":"wp","href":"https:\/\/api.w.org\/{rel}","templated":true}]}}