{"id":2133,"date":"2024-04-22T03:16:50","date_gmt":"2024-04-22T03:16:50","guid":{"rendered":"https:\/\/nfc-readers.com\/?post_type=product&#038;p=2133"},"modified":"2024-09-24T06:04:13","modified_gmt":"2024-09-24T06:04:13","slug":"silicone-rfid-nfc-wristbands","status":"publish","type":"product","link":"https:\/\/nfc-readers.com\/pt\/ic-reader\/silicone-rfid-nfc-wristbands\/","title":{"rendered":"Pulseiras RFID NFC de silicone"},"content":{"rendered":"<table width=\"476\">\n<tbody>\n<tr style=\"font-style: inherit; font-weight: inherit;\">\n<td style=\"font-style: inherit;\" width=\"187\"><span style=\"font-style: inherit; font-weight: inherit;\" data-spm-anchor-id=\"a2700.details.0.i62.23d334f5zYksZe\">produtos<\/span><\/td>\n<td style=\"font-style: inherit;\" width=\"289\"><span style=\"font-style: inherit; font-weight: inherit;\">\u00a0pulseira de silicone RFID\u00a0<\/span><\/td>\n<\/tr>\n<tr style=\"font-style: inherit; font-weight: inherit;\">\n<td style=\"font-style: inherit;\" width=\"187\"><span style=\"font-style: inherit; font-weight: inherit;\">\u00a0Material\u00a0<\/span><\/td>\n<td style=\"font-style: inherit;\" width=\"289\"><span style=\"font-style: inherit; font-weight: inherit;\">\u00a0Silicone<\/span><\/td>\n<\/tr>\n<tr style=\"font-style: inherit; font-weight: inherit;\">\n<td style=\"font-style: inherit;\" width=\"187\"><span style=\"font-style: inherit; font-weight: inherit;\">\u00a0Tamanho<\/span><\/td>\n<td style=\"font-style: inherit;\" width=\"289\"><span style=\"font-style: inherit; font-weight: inherit;\">\u00a0Personalizado<\/span><\/td>\n<\/tr>\n<tr style=\"font-style: inherit; font-weight: inherit;\">\n<td style=\"font-style: inherit;\" width=\"187\"><span style=\"font-style: inherit; font-weight: inherit;\">\u00a0Cor<\/span><\/td>\n<td style=\"font-style: inherit;\" width=\"289\"><span style=\"font-style: inherit; font-weight: inherit;\">\u00a0Azul\/vermelho\/preto\/branco\/amarelo\/cinza\/verde\/rosa, etc, ou personalizado<\/span><\/td>\n<\/tr>\n<tr style=\"font-style: inherit; font-weight: inherit;\">\n<td style=\"font-style: inherit;\" width=\"187\"><span style=\"font-style: inherit; font-weight: inherit;\">\u00a0Protocolo<\/span><\/td>\n<td width=\"289\"><span style=\"font-style: inherit; font-weight: inherit;\">\u00a0ISO14443A, ISO15693<\/span><\/td>\n<\/tr>\n<tr style=\"font-style: inherit; font-weight: inherit;\">\n<td style=\"font-style: inherit;\" width=\"187\"><span style=\"font-style: inherit; font-weight: inherit;\">\u00a0Chip HF (13,56 MHz)\u00a0<\/span><\/td>\n<td style=\"font-style: inherit;\" width=\"289\"><span style=\"font-style: inherit; font-weight: inherit;\">\u00a0FM11RF08, S50, S70, M1K, nfc tag213\/216 etc.<\/span><\/td>\n<\/tr>\n<tr style=\"font-style: inherit; font-weight: inherit;\">\n<td style=\"font-style: inherit;\" rowspan=\"4\" width=\"187\"><span style=\"font-style: inherit; font-weight: inherit;\">\u00a0Arte<\/span><\/td>\n<td style=\"font-style: inherit;\" width=\"289\"><span style=\"font-style: inherit; font-weight: inherit;\">\u00a0Personalize a impress\u00e3o<\/span><\/td>\n<\/tr>\n<tr>\n<td width=\"289\"><span style=\"font-style: inherit; font-weight: inherit;\">\u00a0Servi\u00e7o de codifica\u00e7\u00e3o dispon\u00edvel<\/span><\/td>\n<\/tr>\n<tr>\n<td width=\"289\">\u00a0Laser\/impress\u00e3o UID ou n\u00famero de s\u00e9rie no cart\u00e3o<\/td>\n<\/tr>\n<tr>\n<td width=\"289\">\u00a0UID e n\u00famero de s\u00e9rie podem ser fornecidos em formato Excel<\/td>\n<\/tr>\n<tr style=\"font-style: inherit; font-weight: inherit;\">\n<td style=\"font-style: inherit;\" width=\"187\"><span style=\"font-style: inherit; font-weight: inherit;\">\u00a0Caracter\u00edsticas<\/span><\/td>\n<td style=\"font-style: inherit;\" width=\"289\"><span style=\"font-style: inherit; font-weight: inherit;\">\u00a0F\u00e1cil de usar e usar, alto desempenho, baixo custo, ecol\u00f3gico, n\u00e3o t\u00f3xico<\/span><\/td>\n<\/tr>\n<tr style=\"font-style: inherit; font-weight: inherit;\">\n<td style=\"font-style: inherit;\" width=\"187\"><span style=\"font-style: inherit; font-weight: inherit;\">\u00a0Aplicativo\u00a0<\/span><\/td>\n<td style=\"font-style: inherit;\" width=\"289\"><span style=\"font-style: inherit; font-weight: inherit;\">\u00a0Amplamente aplicado em festas, eventos esportivos, academias, restaurantes, maratonas etc, como controle de acesso e pagamento<\/span><\/td>\n<\/tr>\n<\/tbody>\n<\/table>\n<div>Pulseiras RFID de silicone<\/div>\n<div><\/div>\n<div>PULSEIRAS RFID PARA PARQUES DE RV E ACAMPAMENTOS Conveni\u00eancia segura. Use pulseiras RFID em seu estacionamento para trailers ou acampamentos para permitir o controle de acesso seguro a diferentes \u00e1reas do seu local e para criar uma propriedade sem dinheiro, onde tudo \u00e9 tratado com um toque. Compras sem dinheiro.<\/div>\n<div><\/div>\n<div>Pulseiras RFID para centros de entretenimento familiar. Utilize as nossas pulseiras RFID para transa\u00e7\u00f5es seguras de d\u00e9bito, NFC e POS em centros de entretenimento familiar, sal\u00f5es de jogos, casinos e centros de jogos.<\/div>\n<div><\/div>\n<div>Para qualquer aplica\u00e7\u00e3o. Implante nossas pulseiras RFID de silicone \u00e0 prova d&#039;\u00e1gua em qualquer lugar: academia, piscina, spa, parque aqu\u00e1tico ou hotel. Pague por alimenta\u00e7\u00e3o, servi\u00e7os e comodidades com um toque em nosso sistema ou em seu terminal POS. As pulseiras RFID de silicone tamb\u00e9m s\u00e3o adequadas para aplica\u00e7\u00f5es de controle de acesso RFID, bloqueio e monitoramento de equipe em seu pr\u00e9dio, escrit\u00f3rio, laborat\u00f3rio ou armaz\u00e9m.<\/div>\n<div><\/div>\n<div><img loading=\"lazy\" decoding=\"async\" class=\"alignnone wp-image-2134\" src=\"https:\/\/nfc-readers.com\/wp-content\/uploads\/2024\/04\/H41cec2b20d6746e4bf71ea249b81ff01N-300x246.jpg\" alt=\"\" width=\"525\" height=\"431\" srcset=\"https:\/\/nfc-readers.com\/wp-content\/uploads\/2024\/04\/H41cec2b20d6746e4bf71ea249b81ff01N-300x246.jpg 300w, https:\/\/nfc-readers.com\/wp-content\/uploads\/2024\/04\/H41cec2b20d6746e4bf71ea249b81ff01N-1024x839.jpg 1024w, https:\/\/nfc-readers.com\/wp-content\/uploads\/2024\/04\/H41cec2b20d6746e4bf71ea249b81ff01N-768x629.jpg 768w, https:\/\/nfc-readers.com\/wp-content\/uploads\/2024\/04\/H41cec2b20d6746e4bf71ea249b81ff01N-1536x1258.jpg 1536w, https:\/\/nfc-readers.com\/wp-content\/uploads\/2024\/04\/H41cec2b20d6746e4bf71ea249b81ff01N-2048x1678.jpg 2048w, https:\/\/nfc-readers.com\/wp-content\/uploads\/2024\/04\/H41cec2b20d6746e4bf71ea249b81ff01N-600x491.jpg 600w\" sizes=\"auto, (max-width: 525px) 100vw, 525px\" \/><\/div>\n<div><img loading=\"lazy\" decoding=\"async\" class=\"alignnone wp-image-2135\" src=\"https:\/\/nfc-readers.com\/wp-content\/uploads\/2024\/04\/HTB1OdAhDr9YBuNjy0Fgq6AxcXXaH-300x300.jpg\" alt=\"\" width=\"527\" height=\"527\" srcset=\"https:\/\/nfc-readers.com\/wp-content\/uploads\/2024\/04\/HTB1OdAhDr9YBuNjy0Fgq6AxcXXaH-300x300.jpg 300w, https:\/\/nfc-readers.com\/wp-content\/uploads\/2024\/04\/HTB1OdAhDr9YBuNjy0Fgq6AxcXXaH-150x150.jpg 150w, https:\/\/nfc-readers.com\/wp-content\/uploads\/2024\/04\/HTB1OdAhDr9YBuNjy0Fgq6AxcXXaH-600x600.jpg 600w, https:\/\/nfc-readers.com\/wp-content\/uploads\/2024\/04\/HTB1OdAhDr9YBuNjy0Fgq6AxcXXaH-100x100.jpg 100w, https:\/\/nfc-readers.com\/wp-content\/uploads\/2024\/04\/HTB1OdAhDr9YBuNjy0Fgq6AxcXXaH.jpg 750w\" sizes=\"auto, (max-width: 527px) 100vw, 527px\" \/><\/div>\n<div><\/div>\n<div>\n<p>PERGUNTAS FREQUENTES:<\/p>\n<p><strong>1. VOC\u00ca PODE OFERECER-NOS ALGUMAS AMOSTRAS?<\/strong><\/p>\n<p>Depois de sabermos claramente quais produtos voc\u00ea precisa, poderemos oferecer amostras semelhantes existentes para sua refer\u00eancia.<\/p>\n<p>Amostra gr\u00e1tis com custo de envio que voc\u00ea pagou.<\/p>\n<p>Se voc\u00ea precisar de uma amostra de etiqueta personalizada com base em seu design e exig\u00eancia, h\u00e1 um custo de amostra razo\u00e1vel cobrado de acordo.<\/p>\n<p>&nbsp;<\/p>\n<p><strong>2. N\u00c3O SOMOS UM COMPRADOR ESPECIALISTA EM SUA TECNOLOGIA, QUE INFORMA\u00c7\u00d5ES VOC\u00ca PRECISA DE N\u00d3S PARA CITA\u00c7\u00c3O?<\/strong><\/p>\n<p>Caro amigo, informe-nos claramente a aplica\u00e7\u00e3o da tag, qual objetivo voc\u00ea deseja alcan\u00e7ar,<\/p>\n<p>n\u00f3s lhe propor\u00edamos o produto adequado com bom pre\u00e7o<\/p>\n<p>&nbsp;<\/p>\n<p><strong>3. PODEMOS VISITAR SUA F\u00c1BRICA?<\/strong><\/p>\n<p>Sim, d\u00ea boas-vindas calorosamente ao seu tour pela f\u00e1brica. E \u00e9 uma honra ser seu guia em sua viagem \u00e0 China.<\/p>\n<p>&nbsp;<\/p>\n<\/div>\n<p>&nbsp;<\/p>","protected":false},"excerpt":{"rendered":"<p>Pulseiras RFID de silicone com tecnologia de chip NFC permitem identifica\u00e7\u00e3o sem contato para emiss\u00e3o de bilhetes, controle de acesso e gerenciamento de eventos de forma eficiente.<\/p>","protected":false},"featured_media":2136,"template":"","meta":[],"product_brand":[],"product_cat":[50],"product_tag":[],"class_list":{"0":"post-2133","1":"product","2":"type-product","3":"status-publish","4":"has-post-thumbnail","6":"product_cat-silicone-rfid-nfc-wristbands","8":"first","9":"instock","10":"shipping-taxable","11":"product-type-simple"},"_links":{"self":[{"href":"https:\/\/nfc-readers.com\/pt\/wp-json\/wp\/v2\/product\/2133","targetHints":{"allow":["GET"]}}],"collection":[{"href":"https:\/\/nfc-readers.com\/pt\/wp-json\/wp\/v2\/product"}],"about":[{"href":"https:\/\/nfc-readers.com\/pt\/wp-json\/wp\/v2\/types\/product"}],"wp:featuredmedia":[{"embeddable":true,"href":"https:\/\/nfc-readers.com\/pt\/wp-json\/wp\/v2\/media\/2136"}],"wp:attachment":[{"href":"https:\/\/nfc-readers.com\/pt\/wp-json\/wp\/v2\/media?parent=2133"}],"wp:term":[{"taxonomy":"product_brand","embeddable":true,"href":"https:\/\/nfc-readers.com\/pt\/wp-json\/wp\/v2\/product_brand?post=2133"},{"taxonomy":"product_cat","embeddable":true,"href":"https:\/\/nfc-readers.com\/pt\/wp-json\/wp\/v2\/product_cat?post=2133"},{"taxonomy":"product_tag","embeddable":true,"href":"https:\/\/nfc-readers.com\/pt\/wp-json\/wp\/v2\/product_tag?post=2133"}],"curies":[{"name":"wp","href":"https:\/\/api.w.org\/{rel}","templated":true}]}}