{"id":2144,"date":"2024-04-22T03:53:51","date_gmt":"2024-04-22T03:53:51","guid":{"rendered":"https:\/\/nfc-readers.com\/?post_type=product&#038;p=2144"},"modified":"2024-09-24T06:02:28","modified_gmt":"2024-09-24T06:02:28","slug":"nfc-smart-ring","status":"publish","type":"product","link":"https:\/\/nfc-readers.com\/pt\/ic-reader\/nfc-smart-ring\/","title":{"rendered":"Anel inteligente NFC"},"content":{"rendered":"<table width=\"443\">\n<tbody>\n<tr style=\"font-style: inherit; font-weight: inherit;\">\n<td style=\"font-style: inherit;\" width=\"152\">Nome do Produto<\/td>\n<td style=\"font-style: inherit;\" width=\"291\">Anel NFC<\/td>\n<\/tr>\n<tr style=\"font-style: inherit; font-weight: inherit;\">\n<td style=\"font-style: inherit;\" width=\"152\">Material<\/td>\n<td style=\"font-style: inherit;\" width=\"291\">Cer\u00e2mica de zirc\u00f4nia do corpo principal, resina ep\u00f3xi da superf\u00edcie<\/td>\n<\/tr>\n<tr style=\"font-style: inherit; font-weight: inherit;\">\n<td style=\"font-style: inherit;\" width=\"152\">Di\u00e2metro interno do anel<\/td>\n<td style=\"font-style: inherit;\" width=\"291\">16mm, 17mm, 18mm, 19mm, 20mm, 21mm, 22mm, 23mm<\/td>\n<\/tr>\n<tr style=\"font-style: inherit; font-weight: inherit;\">\n<td style=\"font-style: inherit;\" width=\"152\">Lasca<\/td>\n<td style=\"font-style: inherit;\" width=\"291\">NFC 215 213 216, IC(UID),ID(EM4305)<\/td>\n<\/tr>\n<tr style=\"font-style: inherit; font-weight: inherit;\">\n<td style=\"font-style: inherit;\" width=\"152\">Protocolo<\/td>\n<td style=\"font-style: inherit;\" width=\"291\">F\u00f3rum NFC Tipo 2 ISO14443A<\/td>\n<\/tr>\n<tr style=\"font-style: inherit; font-weight: inherit;\">\n<td style=\"font-style: inherit;\" width=\"152\">Frequ\u00eancia<\/td>\n<td style=\"font-style: inherit;\" width=\"291\">13,56 MHz<\/td>\n<\/tr>\n<tr style=\"font-style: inherit; font-weight: inherit;\">\n<td style=\"font-style: inherit;\" width=\"152\">Dire\u00e7\u00e3o de detec\u00e7\u00e3o<\/td>\n<td style=\"font-style: inherit;\" width=\"291\">Detec\u00e7\u00e3o omnidirecional<\/td>\n<\/tr>\n<tr style=\"font-style: inherit; font-weight: inherit;\">\n<td style=\"font-style: inherit;\" width=\"152\">Dist\u00e2ncia de detec\u00e7\u00e3o<\/td>\n<td style=\"font-style: inherit;\" width=\"291\">0-10cm (Depende do leitor)<\/td>\n<\/tr>\n<tr style=\"font-style: inherit; font-weight: inherit;\">\n<td style=\"font-style: inherit;\" width=\"152\">Pacote<\/td>\n<td style=\"font-style: inherit;\" width=\"291\">Anel NFC + manual<\/td>\n<\/tr>\n<\/tbody>\n<\/table>\n<p>&nbsp;<\/p>\n<p>Recurso:<br \/>\nO anel inteligente \u00e9 um componente de gadget vest\u00edvel, executa fun\u00e7\u00f5es m\u00e1gicas no telefone celular, opera a fun\u00e7\u00e3o m\u00f3vel e compartilha os dados pela tecnologia de comunica\u00e7\u00e3o de frequ\u00eancia sem fio NFC, as fun\u00e7\u00f5es do design avan\u00e7ado da seguinte forma: bloqueio de APP, execu\u00e7\u00e3o autom\u00e1tica, oculta\u00e7\u00e3o de APP, Compartilhe cart\u00e3o de visita, compartilhe link de internet, compartilhe texto e compartilhe arquivo online. O formato do produto \u00e9 projetado de acordo com os elementos populares internacionais, criado pelo tit\u00e2nio m\u00e9dico puro, sem necessidade de carga, altamente imperme\u00e1vel e adequado para qualquer pessoa a qualquer momento.<\/p>\n<p>&nbsp;<\/p>\n<p><iframe loading=\"lazy\" title=\"Anel NFC\" width=\"1020\" height=\"574\" src=\"https:\/\/www.youtube.com\/embed\/rflL5fkvj6c?feature=oembed\" frameborder=\"0\" allow=\"accelerometer; autoplay; clipboard-write; encrypted-media; gyroscope; picture-in-picture; web-share\" referrerpolicy=\"strict-origin-when-cross-origin\" allowfullscreen><\/iframe><\/p>\n<p>&nbsp;<\/p>\n<p><span class=\"magic-26\"><b data-spm-anchor-id=\"a2700.details.0.i59.2acc580aDAbgjP\">A) Como eu poderia obter uma amostra? <\/b><\/span><\/p>\n<div><span class=\"magic-26\">Antes de recebermos o primeiro pedido, pague o custo da amostra e a taxa expressa. N\u00f3s devolveremos o<br \/>\ncusto da amostra de volta para voc\u00ea em seu primeiro pedido. <\/span><\/div>\n<div><\/div>\n<div><\/div>\n<div><\/div>\n<div><span class=\"magic-26\"><b>B) Se voc\u00ea poderia colocar nossa marca em seus produtos?<\/b><\/span><\/div>\n<div><span class=\"magic-26\">Sim. Podemos imprimir seu logotipo tanto nos produtos quanto nas embalagens se voc\u00ea atender ao nosso MOQ. <\/span><\/div>\n<div><span class=\"magic-26\">\u00a0<\/span><\/div>\n<div><span class=\"magic-26\"><b>C) Se voc\u00ea poderia fazer seus produtos com nossa cor? <\/b><\/span><\/div>\n<div><span class=\"magic-26\">Sim, a cor dos produtos pode ser personalizada se voc\u00ea atender ao nosso MOQ. <\/span><\/div>\n<div><span class=\"magic-26\">\u00a0<\/span><\/div>\n<div><span class=\"magic-26\"><b>D) Como garantir a qualidade dos seus produtos? <\/b><\/span><\/div>\n<div><span class=\"magic-26\" data-spm-anchor-id=\"a2700.details.0.i60.2acc580aDAbgjP\">1) Detec\u00e7\u00e3o rigorosa durante a produ\u00e7\u00e3o. <\/span><\/div>\n<div><span class=\"magic-26\">2) Inspe\u00e7\u00e3o rigorosa de amostragem em produtos antes do envio e embalagem intacta do produto garantem<\/span><\/div>","protected":false},"excerpt":{"rendered":"<p>O NFC Smart Ring, com um chip NFC e tecnologia RFID de 13,56 M, oferece uma maneira elegante de interagir sem fio com smartphones e sistemas de acesso.<\/p>","protected":false},"featured_media":2145,"template":"","meta":[],"product_brand":[],"product_cat":[52],"product_tag":[],"class_list":{"0":"post-2144","1":"product","2":"type-product","3":"status-publish","4":"has-post-thumbnail","6":"product_cat-nfc-smart-ring","8":"first","9":"instock","10":"shipping-taxable","11":"product-type-simple"},"_links":{"self":[{"href":"https:\/\/nfc-readers.com\/pt\/wp-json\/wp\/v2\/product\/2144","targetHints":{"allow":["GET"]}}],"collection":[{"href":"https:\/\/nfc-readers.com\/pt\/wp-json\/wp\/v2\/product"}],"about":[{"href":"https:\/\/nfc-readers.com\/pt\/wp-json\/wp\/v2\/types\/product"}],"wp:featuredmedia":[{"embeddable":true,"href":"https:\/\/nfc-readers.com\/pt\/wp-json\/wp\/v2\/media\/2145"}],"wp:attachment":[{"href":"https:\/\/nfc-readers.com\/pt\/wp-json\/wp\/v2\/media?parent=2144"}],"wp:term":[{"taxonomy":"product_brand","embeddable":true,"href":"https:\/\/nfc-readers.com\/pt\/wp-json\/wp\/v2\/product_brand?post=2144"},{"taxonomy":"product_cat","embeddable":true,"href":"https:\/\/nfc-readers.com\/pt\/wp-json\/wp\/v2\/product_cat?post=2144"},{"taxonomy":"product_tag","embeddable":true,"href":"https:\/\/nfc-readers.com\/pt\/wp-json\/wp\/v2\/product_tag?post=2144"}],"curies":[{"name":"wp","href":"https:\/\/api.w.org\/{rel}","templated":true}]}}