{"id":2249,"date":"2024-04-26T07:56:44","date_gmt":"2024-04-26T07:56:44","guid":{"rendered":"https:\/\/nfc-readers.com\/?post_type=product&#038;p=2249"},"modified":"2024-09-24T06:00:37","modified_gmt":"2024-09-24T06:00:37","slug":"contactless-acr1281u-c2-uid-card-reader","status":"publish","type":"product","link":"https:\/\/nfc-readers.com\/pt\/ic-reader\/contactless-acr1281u-c2-uid-card-reader\/","title":{"rendered":"Leitor de cart\u00e3o UID ACR1281U-C2"},"content":{"rendered":"<h1>Leitor de cart\u00e3o UID ACR1281U-C2<\/h1>\n<p>O leitor UID de cart\u00e3o ACR1281U-C2 \u00e9 uma solu\u00e7\u00e3o ideal para integra\u00e7\u00e3o sem esfor\u00e7o em ambientes de PC, livre dos problemas de instala\u00e7\u00e3o de driver (Pos No drive necess\u00e1rio) e projetado para funcionar com efici\u00eancia em v\u00e1rios sistemas. Juntamente com sua capacidade de ler o cart\u00e3o \u00e0 dist\u00e2ncia, design centrado no usu\u00e1rio e constru\u00e7\u00e3o dur\u00e1vel, ele oferece uma opera\u00e7\u00e3o confi\u00e1vel, r\u00e1pida e f\u00e1cil de usar, altamente adequada para diversas aplica\u00e7\u00f5es onde a identifica\u00e7\u00e3o r\u00e1pida e segura \u00e9 fundamental.<\/p>\n<ul>\n<li>\n<h2>Interface USB 2.0 de velocidade total<\/h2>\n<\/li>\n<li>\n<h2>Classe de teclado USB HID<\/h2>\n<\/li>\n<li>\n<h2>Suporte para cart\u00e3o sem contato:<\/h2>\n<ul>\n<li>\n<h3>Velocidade de leitura\/grava\u00e7\u00e3o de at\u00e9 848 kbps<\/h3>\n<\/li>\n<li>\n<h3>Antena integrada para acesso a tags sem contato, com dist\u00e2ncia de leitura de cart\u00e3o de at\u00e9 50 mm (dependendo do tipo de tag)<\/h3>\n<\/li>\n<li>\n<h3>Suporta cart\u00f5es ISO 14443 Parte 4 Tipo A e B e s\u00e9rie MIFARE\u00ae<\/h3>\n<\/li>\n<li>\n<h3>Recurso anticolis\u00e3o integrado (apenas uma tag \u00e9 acessada por vez)<\/h3>\n<\/li>\n<\/ul>\n<\/li>\n<li>\n<h2>Capacidade de atualiza\u00e7\u00e3o de firmware USB<\/h2>\n<\/li>\n<li>\n<table width=\"498\">\n<tbody>\n<tr>\n<td colspan=\"2\" width=\"498\">Caracter\u00edsticas f\u00edsicas<\/td>\n<\/tr>\n<tr>\n<td width=\"209\">Dimens\u00f5es (mm)<\/td>\n<td width=\"289\">120,5 mm (C) x 72,0 mm (L) x 20,4 mm (A)<\/td>\n<\/tr>\n<tr>\n<td width=\"209\">Peso (g)<\/td>\n<td width=\"289\">140g<\/td>\n<\/tr>\n<tr>\n<td colspan=\"2\" width=\"498\">Interface USB<\/td>\n<\/tr>\n<tr>\n<td width=\"209\">Protocolo<\/td>\n<td width=\"289\">Classe de teclado USB HID<\/td>\n<\/tr>\n<tr>\n<td width=\"209\">Tipo de conector<\/td>\n<td width=\"289\">Padr\u00e3o Tipo A<\/td>\n<\/tr>\n<tr>\n<td width=\"209\">Fonte de energia<\/td>\n<td width=\"289\">Da porta USB<\/td>\n<\/tr>\n<tr>\n<td width=\"209\">Velocidade<\/td>\n<td width=\"289\">Velocidade total USB (12 Mbps)<\/td>\n<\/tr>\n<tr>\n<td width=\"209\">Comprimento do cabo<\/td>\n<td width=\"289\">2,0 m, Fixo<\/td>\n<\/tr>\n<tr>\n<td colspan=\"2\" width=\"498\">Interface de cart\u00e3o inteligente sem contato<\/td>\n<\/tr>\n<tr>\n<td width=\"209\">Padr\u00e3o<\/td>\n<td width=\"289\">ISO 14443 A e B Partes 1-4, MIFARE\u00ae<\/td>\n<\/tr>\n<tr>\n<td rowspan=\"2\" width=\"209\">Protocolo<\/td>\n<td width=\"289\">Placa compat\u00edvel com ISO 14443-4, T=CL<\/td>\n<\/tr>\n<tr>\n<td width=\"289\">Cart\u00e3o Cl\u00e1ssico MIFARE\u00ae, T=CL<\/td>\n<\/tr>\n<tr>\n<td colspan=\"2\" width=\"498\">Perif\u00e9ricos integrados<\/td>\n<\/tr>\n<tr>\n<td width=\"209\">LIDERADO<\/td>\n<td width=\"289\">2 cores \u00fanicas: Vermelho e Verde<\/td>\n<\/tr>\n<tr>\n<td width=\"209\">Campainha<\/td>\n<td width=\"289\">Mon\u00f3tono<\/td>\n<\/tr>\n<tr>\n<td colspan=\"2\" width=\"498\">Outras caracter\u00edsticas<\/td>\n<\/tr>\n<tr>\n<td width=\"209\">Atualiza\u00e7\u00e3o de firmware<\/td>\n<td width=\"289\">Suportado<\/td>\n<\/tr>\n<tr>\n<td colspan=\"2\" width=\"498\">Certifica\u00e7\u00f5es\/Conformidade<\/td>\n<\/tr>\n<tr>\n<td rowspan=\"6\" width=\"209\">Certifica\u00e7\u00f5es\/Conformidade<\/td>\n<td width=\"289\">ISO 14443<\/td>\n<\/tr>\n<tr>\n<td width=\"289\">Velocidade total USB<\/td>\n<\/tr>\n<tr>\n<td width=\"289\">USB-HID<\/td>\n<\/tr>\n<tr>\n<td width=\"289\">CE<\/td>\n<\/tr>\n<tr>\n<td width=\"289\">FCC<\/td>\n<\/tr>\n<tr>\n<td width=\"289\">RoHS<\/td>\n<\/tr>\n<tr>\n<td colspan=\"2\" width=\"498\">Suporte ao sistema operacional de driver de dispositivo<\/td>\n<\/tr>\n<tr>\n<td rowspan=\"4\" width=\"209\">Suporte ao sistema operacional de driver de dispositivo<\/td>\n<td width=\"289\">Windows\u00ae<\/td>\n<\/tr>\n<tr>\n<td width=\"289\">Linux\u00ae<\/td>\n<\/tr>\n<tr>\n<td width=\"289\">MAC OS\u00ae<\/td>\n<\/tr>\n<tr>\n<td width=\"289\">Android\u2122<\/td>\n<\/tr>\n<\/tbody>\n<\/table>\n<\/li>\n<li><iframe loading=\"lazy\" title=\"Leitor UID de cart\u00e3o ACR1281U-C2 - Demonstra\u00e7\u00e3o (com ferramenta de configura\u00e7\u00e3o)\" width=\"1020\" height=\"574\" src=\"https:\/\/www.youtube.com\/embed\/1UjSlask-OY?feature=oembed\" frameborder=\"0\" allow=\"accelerometer; autoplay; clipboard-write; encrypted-media; gyroscope; picture-in-picture; web-share\" referrerpolicy=\"strict-origin-when-cross-origin\" allowfullscreen><\/iframe><\/li>\n<\/ul>","protected":false},"excerpt":{"rendered":"<p>O leitor de cart\u00e3o UID ACR1281U-C2 simplifica a configura\u00e7\u00e3o, capturando UIDs de cart\u00e3o RFID a 13,56 M sem drivers, ideal para verifica\u00e7\u00e3o de identidade e controle de acesso.<\/p>","protected":false},"featured_media":2250,"template":"","meta":[],"product_brand":[],"product_cat":[45,40],"product_tag":[],"class_list":{"0":"post-2249","1":"product","2":"type-product","3":"status-publish","4":"has-post-thumbnail","6":"product_cat-contactless-nfc-reader","7":"product_cat-rfid-nfc-reader","9":"first","10":"instock","11":"shipping-taxable","12":"product-type-simple"},"_links":{"self":[{"href":"https:\/\/nfc-readers.com\/pt\/wp-json\/wp\/v2\/product\/2249","targetHints":{"allow":["GET"]}}],"collection":[{"href":"https:\/\/nfc-readers.com\/pt\/wp-json\/wp\/v2\/product"}],"about":[{"href":"https:\/\/nfc-readers.com\/pt\/wp-json\/wp\/v2\/types\/product"}],"wp:featuredmedia":[{"embeddable":true,"href":"https:\/\/nfc-readers.com\/pt\/wp-json\/wp\/v2\/media\/2250"}],"wp:attachment":[{"href":"https:\/\/nfc-readers.com\/pt\/wp-json\/wp\/v2\/media?parent=2249"}],"wp:term":[{"taxonomy":"product_brand","embeddable":true,"href":"https:\/\/nfc-readers.com\/pt\/wp-json\/wp\/v2\/product_brand?post=2249"},{"taxonomy":"product_cat","embeddable":true,"href":"https:\/\/nfc-readers.com\/pt\/wp-json\/wp\/v2\/product_cat?post=2249"},{"taxonomy":"product_tag","embeddable":true,"href":"https:\/\/nfc-readers.com\/pt\/wp-json\/wp\/v2\/product_tag?post=2249"}],"curies":[{"name":"wp","href":"https:\/\/api.w.org\/{rel}","templated":true}]}}