{"id":2262,"date":"2024-04-26T08:49:56","date_gmt":"2024-04-26T08:49:56","guid":{"rendered":"https:\/\/nfc-readers.com\/?post_type=product&#038;p=2262"},"modified":"2024-09-24T03:06:20","modified_gmt":"2024-09-24T03:06:20","slug":"pocketkey-fido-certified-usb-security-key","status":"publish","type":"product","link":"https:\/\/nfc-readers.com\/pt\/ic-reader\/pocketkey-fido-certified-usb-security-key\/","title":{"rendered":"Chave de seguran\u00e7a USB certificada PocketKey FIDO\u00ae"},"content":{"rendered":"<h1>Chave de seguran\u00e7a USB certificada PocketKey FIDO\u00ae<\/h1>\n<p>O PocketKey afirma-se como uma ferramenta apelativa no setor da seguran\u00e7a digital, promovendo um m\u00e9todo de login seguro e sem palavra-passe, f\u00e1cil de transportar e utilizar em diferentes plataformas. Sua forte autentica\u00e7\u00e3o multifatorial, suporte multiplataforma e f\u00e1cil implanta\u00e7\u00e3o tornam o PocketKey uma escolha de primeira linha para usu\u00e1rios e administra\u00e7\u00f5es que buscam uma experi\u00eancia de autentica\u00e7\u00e3o fortalecida e eficiente.<\/p>\n<ul>\n<li>\n<h2>\u00a0Certifica\u00e7\u00f5es\/Conformidades<\/h2>\n<ul>\n<li>\n<h3>Sistemas\/Padr\u00f5es:<\/h3>\n<ul>\n<li>\n<h3>FIDO U2F<\/h3>\n<\/li>\n<li>\n<h3>FIDO2 L1<\/h3>\n<\/li>\n<\/ul>\n<\/li>\n<li>\n<h2>Regulat\u00f3rio\/Ambiental:<\/h2>\n<ul>\n<li>\n<h3>CE<\/h3>\n<\/li>\n<li>\n<h3>UKCA<\/h3>\n<\/li>\n<li>\n<h3>FCC<\/h3>\n<\/li>\n<li>\n<h3>RoHS<\/h3>\n<\/li>\n<li>\n<h3>ALCAN\u00c7AR<\/h3>\n<\/li>\n<\/ul>\n<\/li>\n<\/ul>\n<\/li>\n<li>\n<h2>Suporta os principais navegadores da web<\/h2>\n<ul>\n<li>\n<h3>ChromeTM, Safari\u00ae, Microsoft Edge\u00ae e Firefox\u00ae<\/h3>\n<\/li>\n<\/ul>\n<\/li>\n<li>\n<h2>Suporta gerenciador de chaves<\/h2>\n<\/li>\n<li>\n<h2>Especifica\u00e7\u00e3o criptogr\u00e1fica<\/h2>\n<ul>\n<li>\n<h3>ECC p256<\/h3>\n<\/li>\n<\/ul>\n<\/li>\n<li>\u00a0Perif\u00e9ricos\n<ul>\n<li>Chave Mec\u00e2nica para Valida\u00e7\u00e3o de Presen\u00e7a<\/li>\n<li>\n<table width=\"470\">\n<tbody>\n<tr>\n<td colspan=\"2\" width=\"470\">Caracter\u00edsticas f\u00edsicas<\/td>\n<\/tr>\n<tr>\n<td width=\"191\">Dimens\u00f5es (mm)<\/td>\n<td width=\"279\">29,0 mm (C) \u00d7 14,5 mm (L) \u00d7 10,5 mm (A)<\/td>\n<\/tr>\n<tr>\n<td width=\"191\">Peso (g)<\/td>\n<td width=\"279\">4,48g \u00b1 0,44g<\/td>\n<\/tr>\n<tr>\n<td colspan=\"2\" width=\"470\">Interface USB<\/td>\n<\/tr>\n<tr>\n<td width=\"191\">Protocolo<\/td>\n<td width=\"279\">USB ESCONDIDO<\/td>\n<\/tr>\n<tr>\n<td width=\"191\">Tipo de conector<\/td>\n<td width=\"279\">Padr\u00e3o USB Tipo-A<\/td>\n<\/tr>\n<tr>\n<td width=\"191\">Fonte de energia<\/td>\n<td width=\"279\">Da porta USB<\/td>\n<\/tr>\n<tr>\n<td width=\"191\">Velocidade<\/td>\n<td width=\"279\">Velocidade total USB 2.0 (12 Mbps)<\/td>\n<\/tr>\n<tr>\n<td colspan=\"2\" width=\"470\">Interface de cart\u00e3o inteligente de contato<\/td>\n<\/tr>\n<tr>\n<td rowspan=\"6\" width=\"191\">Outros<\/td>\n<td width=\"279\">Corrente de fornecimento<\/td>\n<\/tr>\n<tr>\n<td width=\"279\">M\u00e1x. 100mA<\/td>\n<\/tr>\n<tr>\n<td width=\"279\">Especifica\u00e7\u00e3o criptogr\u00e1fica<\/td>\n<\/tr>\n<tr>\n<td width=\"279\">ECC p256<\/td>\n<\/tr>\n<tr>\n<td width=\"279\">Gerente de Chaves<\/td>\n<\/tr>\n<tr>\n<td width=\"279\">Apoiar<\/td>\n<\/tr>\n<tr>\n<td colspan=\"2\" width=\"470\">Outras caracter\u00edsticas<\/td>\n<\/tr>\n<tr>\n<td rowspan=\"4\" width=\"191\">Seguran\u00e7a<\/td>\n<td width=\"279\">Autenticadores:<\/td>\n<\/tr>\n<tr>\n<td width=\"279\">FIDO U2F<\/td>\n<\/tr>\n<tr>\n<td width=\"279\">FIDO2<\/td>\n<\/tr>\n<tr>\n<td width=\"279\">FIDO2 CTAP2.1<\/td>\n<\/tr>\n<tr>\n<td colspan=\"2\" width=\"470\">Certifica\u00e7\u00f5es\/Conformidade<\/td>\n<\/tr>\n<tr>\n<td rowspan=\"9\" width=\"191\">Certifica\u00e7\u00f5es\/Conformidade<\/td>\n<td width=\"279\">Sistemas\/Padr\u00f5es:<\/td>\n<\/tr>\n<tr>\n<td width=\"279\">FIDO U2F<\/td>\n<\/tr>\n<tr>\n<td width=\"279\">FIDO2 L1<\/td>\n<\/tr>\n<tr>\n<td width=\"279\">Regulat\u00f3rio\/Ambiental:<\/td>\n<\/tr>\n<tr>\n<td width=\"279\">CE<\/td>\n<\/tr>\n<tr>\n<td width=\"279\">UKCA<\/td>\n<\/tr>\n<tr>\n<td width=\"279\">FCC<\/td>\n<\/tr>\n<tr>\n<td width=\"279\">RoHS<\/td>\n<\/tr>\n<tr>\n<td width=\"279\">ALCAN\u00c7AR<\/td>\n<\/tr>\n<tr>\n<td colspan=\"2\" width=\"470\">Suporte ao sistema operacional de driver de dispositivo<\/td>\n<\/tr>\n<tr>\n<td rowspan=\"9\" width=\"191\">Suporte ao sistema operacional de driver de dispositivo<\/td>\n<td width=\"279\">Windows\u00ae<\/td>\n<\/tr>\n<tr>\n<td width=\"279\">Linux\u00ae<\/td>\n<\/tr>\n<tr>\n<td width=\"279\">Mac OS<\/td>\n<\/tr>\n<tr>\n<td width=\"279\">Android\u2122<\/td>\n<\/tr>\n<tr>\n<td width=\"279\">Navegadores:<\/td>\n<\/tr>\n<tr>\n<td width=\"279\">Cromo\u2122<\/td>\n<\/tr>\n<tr>\n<td width=\"279\">Saf\u00e1ri\u00ae<\/td>\n<\/tr>\n<tr>\n<td width=\"279\">Firefox\u00ae<\/td>\n<\/tr>\n<tr>\n<td width=\"279\">Microsoft Edge\u00ae<\/td>\n<\/tr>\n<\/tbody>\n<\/table>\n<\/li>\n<li>1.\u00a0<a href=\"https:\/\/youtu.be\/fbDyXZaPvQM\" target=\"_blank\" rel=\"noopener\">Microsoft<sup>\u00ae<\/sup>\u00a0Panorama<sup>MT<\/sup>\u00a0Demonstra\u00e7\u00e3o de login<\/a><\/li>\n<li><iframe loading=\"lazy\" title=\"PocketKey: demonstra\u00e7\u00e3o de login do Microsoft\u00ae OutlookTM com autentica\u00e7\u00e3o sem senha\" width=\"1020\" height=\"574\" src=\"https:\/\/www.youtube.com\/embed\/fbDyXZaPvQM?feature=oembed\" frameborder=\"0\" allow=\"accelerometer; autoplay; clipboard-write; encrypted-media; gyroscope; picture-in-picture; web-share\" referrerpolicy=\"strict-origin-when-cross-origin\" allowfullscreen><\/iframe><\/li>\n<li>2.\u00a0<a href=\"https:\/\/www.youtube.com\/watch?v=1MTW9mSfv8A\" target=\"_blank\" rel=\"noopener\">\u00a0Google<sup>\u00ae<\/sup>\u00a0Demonstra\u00e7\u00e3o de login da conta<\/a><\/li>\n<li><iframe loading=\"lazy\" title=\"PocketKey: demonstra\u00e7\u00e3o de login da conta Google\u00ae\" width=\"1020\" height=\"574\" src=\"https:\/\/www.youtube.com\/embed\/1MTW9mSfv8A?feature=oembed\" frameborder=\"0\" allow=\"accelerometer; autoplay; clipboard-write; encrypted-media; gyroscope; picture-in-picture; web-share\" referrerpolicy=\"strict-origin-when-cross-origin\" allowfullscreen><\/iframe><\/li>\n<li>3. \u00a0<a href=\"https:\/\/youtu.be\/Pjeif9S-PMQ\" target=\"_blank\" rel=\"noopener\">identifica\u00e7\u00e3o da Apple<sup>\u00ae<\/sup>\u00a0e iCloud<sup>\u00ae<\/sup>\u00a0Demonstra\u00e7\u00e3o de login<\/a><\/li>\n<li><iframe loading=\"lazy\" title=\"PocketKey: demonstra\u00e7\u00e3o de login do Apple ID\u00ae e iCloud\u00ae\" width=\"1020\" height=\"574\" src=\"https:\/\/www.youtube.com\/embed\/Pjeif9S-PMQ?feature=oembed\" frameborder=\"0\" allow=\"accelerometer; autoplay; clipboard-write; encrypted-media; gyroscope; picture-in-picture; web-share\" referrerpolicy=\"strict-origin-when-cross-origin\" allowfullscreen><\/iframe><\/li>\n<\/ul>\n<\/li>\n<\/ul>","protected":false},"excerpt":{"rendered":"<p>O PocketKey aprimora a seguran\u00e7a digital com autentica\u00e7\u00e3o multifator, substituindo sistemas de senha desatualizados e oferecendo suporte aos protocolos FIDO U2F para acesso seguro.<\/p>","protected":false},"featured_media":2263,"template":"","meta":[],"product_brand":[],"product_cat":[39,46],"product_tag":[],"class_list":{"0":"post-2262","1":"product","2":"type-product","3":"status-publish","4":"has-post-thumbnail","6":"product_cat-usb-ic-smartcard-reader","7":"product_cat-nfc-cards","9":"first","10":"instock","11":"shipping-taxable","12":"product-type-simple"},"_links":{"self":[{"href":"https:\/\/nfc-readers.com\/pt\/wp-json\/wp\/v2\/product\/2262","targetHints":{"allow":["GET"]}}],"collection":[{"href":"https:\/\/nfc-readers.com\/pt\/wp-json\/wp\/v2\/product"}],"about":[{"href":"https:\/\/nfc-readers.com\/pt\/wp-json\/wp\/v2\/types\/product"}],"wp:featuredmedia":[{"embeddable":true,"href":"https:\/\/nfc-readers.com\/pt\/wp-json\/wp\/v2\/media\/2263"}],"wp:attachment":[{"href":"https:\/\/nfc-readers.com\/pt\/wp-json\/wp\/v2\/media?parent=2262"}],"wp:term":[{"taxonomy":"product_brand","embeddable":true,"href":"https:\/\/nfc-readers.com\/pt\/wp-json\/wp\/v2\/product_brand?post=2262"},{"taxonomy":"product_cat","embeddable":true,"href":"https:\/\/nfc-readers.com\/pt\/wp-json\/wp\/v2\/product_cat?post=2262"},{"taxonomy":"product_tag","embeddable":true,"href":"https:\/\/nfc-readers.com\/pt\/wp-json\/wp\/v2\/product_tag?post=2262"}],"curies":[{"name":"wp","href":"https:\/\/api.w.org\/{rel}","templated":true}]}}