{"id":2730,"date":"2024-06-07T08:01:07","date_gmt":"2024-06-07T08:01:07","guid":{"rendered":"https:\/\/nfc-readers.com\/?post_type=product&#038;p=2730"},"modified":"2024-09-24T02:54:03","modified_gmt":"2024-09-24T02:54:03","slug":"wallet-mate-nfc-reader-writer-support-apple-pay-and-google-vas","status":"publish","type":"product","link":"https:\/\/nfc-readers.com\/pt\/ic-reader\/wallet-mate-nfc-reader-writer-support-apple-pay-and-google-vas\/","title":{"rendered":"Wallet Mate NFC Reader Writer - Suporte Apple Pay e Google VAS"},"content":{"rendered":"<h1>Wallet Mate NFC Reader Writer - Suporte Apple Pay e Google VAS<\/h1>\n<div><\/div>\n<div class=\"auto-hide-last-sibling-br paragraph_1252f paragraph-element\"><strong>O leitor e gravador NFC Wallet Mate<\/strong> surge como um gadget de \u00faltima gera\u00e7\u00e3o, integrando protocolos VAS e recursos de leitor de controle de acesso NFC para uma intera\u00e7\u00e3o sem cart\u00e3o aprimorada. Acompanhado por um terminal POS com um leitor NFC, medidas de seguran\u00e7a robustas e ampla compatibilidade de aplicativos, ele \u00e9 pioneiro em um novo padr\u00e3o de conforto e efici\u00eancia. Seu design e funcionalidade o tornam um equipamento indispens\u00e1vel para aqueles que desejam utilizar os pontos fortes da tecnologia NFC para transa\u00e7\u00f5es seguras, suaves e r\u00e1pidas.<\/div>\n<div><\/div>\n<h2 class=\"auto-hide-last-sibling-br paragraph_1252f paragraph-element\">Interface USB 2.0 de alta velocidade<\/h2>\n<h3 class=\"auto-hide-last-sibling-br paragraph_1252f paragraph-element\"><br class=\"container_e695a wrapper_ad07b undefined\" \/>Conformidade com os padr\u00f5es CCID<br class=\"container_e695a wrapper_ad07b undefined\" \/>Carteira m\u00f3vel e leitor de cart\u00e3o inteligente sem contato:<br class=\"container_e695a wrapper_ad07b undefined\" \/>Certificado pela Apple VAS e Google Smart Tap (Observa\u00e7\u00e3o: o WalletMate \u00e9 certificado apenas para VAS, n\u00e3o para terminais de pagamento) Taxas de transfer\u00eancia de dados atingindo 424 kbps<br class=\"container_e695a wrapper_ad07b undefined\" \/>Antena integrada para acessibilidade de etiquetas sem contato, oferecendo dist\u00e2ncia de leitura de cart\u00e3o de at\u00e9 50 mm (dependendo do tipo de etiqueta)<br class=\"container_e695a wrapper_ad07b undefined\" \/>Compatibilidade com cart\u00f5es ISO 14443 Tipo A e B, MIFARE\u00ae, FeliCa e todos os quatro tipos de etiquetas NFC (ISO\/IEC 18092)<br class=\"container_e695a wrapper_ad07b undefined\" \/>Suporte para MIFARE\u00ae UID de 7 bytes, MIFARE\u00ae Plus e MIFARE\u00ae DESfire<br class=\"container_e695a wrapper_ad07b undefined\" \/>Recurso anticolis\u00e3o integrado (apenas uma \u00fanica etiqueta pode ser acessada a qualquer momento)<\/h3>\n<h2 class=\"auto-hide-last-sibling-br paragraph_1252f paragraph-element\"><br class=\"container_e695a wrapper_ad07b undefined\" \/>Suporte NFC:<\/h2>\n<h3 class=\"auto-hide-last-sibling-br paragraph_1252f paragraph-element\"><br class=\"container_e695a wrapper_ad07b undefined\" \/>Funcionalidade no Modo Leitor\/Gravador<br class=\"container_e695a wrapper_ad07b undefined\" \/>Modo ponto a ponto<br class=\"container_e695a wrapper_ad07b undefined\" \/>Modo de emula\u00e7\u00e3o de cart\u00e3o<\/h3>\n<h2 class=\"auto-hide-last-sibling-br paragraph_1252f paragraph-element\"><br class=\"container_e695a wrapper_ad07b undefined\" \/>Interface de programa\u00e7\u00e3o de aplicativos:<\/h2>\n<h3 class=\"auto-hide-last-sibling-br paragraph_1252f paragraph-element\"><br class=\"container_e695a wrapper_ad07b undefined\" \/>Compatibilidade do Apple VAS e Google Smart Tap API com plataformas Windows e Linux<br class=\"container_e695a wrapper_ad07b undefined\" \/>Suporte para PC\/SC<br class=\"container_e695a wrapper_ad07b undefined\" \/>Suporte para CT-API (facilitado por um wrapper baseado em PC\/SC)<\/h3>\n<h2 class=\"auto-hide-last-sibling-br paragraph_1252f paragraph-element\">Caracter\u00edsticas adicionais:<\/h2>\n<h3 class=\"auto-hide-last-sibling-br paragraph_1252f paragraph-element\"><br class=\"container_e695a wrapper_ad07b undefined\" \/>LED bicolor control\u00e1vel pelo usu\u00e1rio<br class=\"container_e695a wrapper_ad07b undefined\" \/>Sistema de alerta sonoro control\u00e1vel pelo usu\u00e1rio<br class=\"container_e695a wrapper_ad07b undefined\" \/>Capacidade para atualiza\u00e7\u00f5es de firmware USB<\/h3>\n<p>&nbsp;<\/p>\n<ul>\n<li>\n<table width=\"559\">\n<tbody>\n<tr>\n<td colspan=\"2\" width=\"559\">Caracter\u00edsticas f\u00edsicas<\/td>\n<\/tr>\n<tr>\n<td width=\"214\">Dimens\u00f5es (mm)<\/td>\n<td width=\"345\">98,0 mm (C) x 65,0 mm (L) x 12,8 mm (A)<\/td>\n<\/tr>\n<tr>\n<td width=\"214\">Peso (g)<\/td>\n<td width=\"345\">81g<\/td>\n<\/tr>\n<tr>\n<td colspan=\"2\" width=\"559\">Interface USB<\/td>\n<\/tr>\n<tr>\n<td width=\"214\">Protocolo<\/td>\n<td width=\"345\">IDCC USB<\/td>\n<\/tr>\n<tr>\n<td width=\"214\">Tipo de conector<\/td>\n<td width=\"345\">USB Tipo A (ACR1252U-MW)<\/td>\n<\/tr>\n<tr>\n<td width=\"214\">Fonte de energia<\/td>\n<td width=\"345\">Da porta USB<\/td>\n<\/tr>\n<tr>\n<td width=\"214\">Velocidade<\/td>\n<td width=\"345\">Velocidade total USB (12 Mbps)<\/td>\n<\/tr>\n<tr>\n<td width=\"214\">Comprimento do cabo<\/td>\n<td width=\"345\">1,0 m, n\u00e3o destac\u00e1vel<\/td>\n<\/tr>\n<tr>\n<td colspan=\"2\" width=\"559\">Interface de cart\u00e3o inteligente sem contato<\/td>\n<\/tr>\n<tr>\n<td width=\"214\">Padr\u00e3o<\/td>\n<td width=\"345\">ISO\/IEC 18092 NFC, ISO 14443 Tipo A e B, MIFARE\u00ae, FeliCa<\/td>\n<\/tr>\n<tr>\n<td rowspan=\"4\" width=\"214\">Protocolo<\/td>\n<td width=\"345\">Placa compat\u00edvel com ISO 14443-4, T=CL<\/td>\n<\/tr>\n<tr>\n<td width=\"345\">Cart\u00e3o Cl\u00e1ssico MIFARE\u00ae, T=CL<\/td>\n<\/tr>\n<tr>\n<td width=\"345\">ISO18092, etiquetas NFC<\/td>\n<\/tr>\n<tr>\n<td width=\"345\">FeliCa<\/td>\n<\/tr>\n<tr>\n<td colspan=\"2\" width=\"559\">Perif\u00e9ricos integrados<\/td>\n<\/tr>\n<tr>\n<td width=\"214\">LIDERADO<\/td>\n<td width=\"345\">1 bicolor: Vermelho e Verde<\/td>\n<\/tr>\n<tr>\n<td width=\"214\">Campainha<\/td>\n<td width=\"345\">Mon\u00f3tono<\/td>\n<\/tr>\n<tr>\n<td colspan=\"2\" width=\"559\">Outras caracter\u00edsticas<\/td>\n<\/tr>\n<tr>\n<td width=\"214\">Atualiza\u00e7\u00e3o de firmware<\/td>\n<td width=\"345\">Suportado<\/td>\n<\/tr>\n<tr>\n<td colspan=\"2\" width=\"559\">Certifica\u00e7\u00f5es\/Conformidade<\/td>\n<\/tr>\n<tr>\n<td rowspan=\"4\" width=\"214\">Certifica\u00e7\u00f5es\/Conformidade<\/td>\n<td width=\"345\">Certifica\u00e7\u00f5es:<\/td>\n<\/tr>\n<tr>\n<td width=\"345\">Apple VAS, Google Smart Tap, marca de certifica\u00e7\u00e3o NFC Forum, IEC\/EN 62368, CE, FCC, UKCA, J-LIS, VCCI, TELEC, KC, BIS, RoHS, REACH, WEEE<\/td>\n<\/tr>\n<tr>\n<td width=\"345\">Conformidades:<\/td>\n<\/tr>\n<tr>\n<td width=\"345\">CCID USB, PC\/SC<\/td>\n<\/tr>\n<tr>\n<td colspan=\"2\" width=\"559\">Suporte ao sistema operacional de driver de dispositivo<\/td>\n<\/tr>\n<tr>\n<td width=\"214\">Suporte ao sistema operacional de driver de dispositivo<\/td>\n<td width=\"345\">Windows\u00ae, Linux\u00ae, macOS (em desenvolvimento), Android\u2122 (em desenvolvimento)<\/td>\n<\/tr>\n<\/tbody>\n<\/table>\n<\/li>\n<\/ul>","protected":false},"excerpt":{"rendered":"<div>A carteira m\u00f3vel, leitor NFC inovador, oferece suporte ao uso sem cart\u00e3o com passes digitais, com suporte da VAS Apple e Google VAS para dispositivos iOS e Android.<\/div>\n<div><\/div>","protected":false},"featured_media":2731,"template":"","meta":[],"product_brand":[],"product_cat":[45,40],"product_tag":[],"class_list":{"0":"post-2730","1":"product","2":"type-product","3":"status-publish","4":"has-post-thumbnail","6":"product_cat-contactless-nfc-reader","7":"product_cat-rfid-nfc-reader","9":"first","10":"instock","11":"shipping-taxable","12":"product-type-simple"},"_links":{"self":[{"href":"https:\/\/nfc-readers.com\/pt\/wp-json\/wp\/v2\/product\/2730","targetHints":{"allow":["GET"]}}],"collection":[{"href":"https:\/\/nfc-readers.com\/pt\/wp-json\/wp\/v2\/product"}],"about":[{"href":"https:\/\/nfc-readers.com\/pt\/wp-json\/wp\/v2\/types\/product"}],"wp:featuredmedia":[{"embeddable":true,"href":"https:\/\/nfc-readers.com\/pt\/wp-json\/wp\/v2\/media\/2731"}],"wp:attachment":[{"href":"https:\/\/nfc-readers.com\/pt\/wp-json\/wp\/v2\/media?parent=2730"}],"wp:term":[{"taxonomy":"product_brand","embeddable":true,"href":"https:\/\/nfc-readers.com\/pt\/wp-json\/wp\/v2\/product_brand?post=2730"},{"taxonomy":"product_cat","embeddable":true,"href":"https:\/\/nfc-readers.com\/pt\/wp-json\/wp\/v2\/product_cat?post=2730"},{"taxonomy":"product_tag","embeddable":true,"href":"https:\/\/nfc-readers.com\/pt\/wp-json\/wp\/v2\/product_tag?post=2730"}],"curies":[{"name":"wp","href":"https:\/\/api.w.org\/{rel}","templated":true}]}}