{"id":2732,"date":"2024-10-07T08:34:31","date_gmt":"2024-10-07T08:34:31","guid":{"rendered":"https:\/\/nfc-readers.com\/?post_type=product&#038;p=2732"},"modified":"2024-10-28T14:32:27","modified_gmt":"2024-10-28T14:32:27","slug":"nfc-reader-writer-support-apple-pay-and-google-vas","status":"publish","type":"product","link":"https:\/\/nfc-readers.com\/pt\/ic-reader\/nfc-reader-writer-support-apple-pay-and-google-vas\/","title":{"rendered":"Leitor NFC Writer Suporte Apple Pay e Google VAS"},"content":{"rendered":"<div class=\"auto-hide-last-sibling-br paragraph_1252f paragraph-element\">\n<h1>Leitor NFC Writer Suporte Apple Pay e Google VAS<\/h1>\n<p>Entre no\u00a0<strong>Leitor NFC<\/strong>, uma sofisticada pe\u00e7a de tecnologia projetada para aprimorar transa\u00e7\u00f5es sem contato e agilizar o controle de acesso com efici\u00eancia inigual\u00e1vel. Quer voc\u00ea esteja procurando tornar suas transa\u00e7\u00f5es mais r\u00e1pidas, aumentar a seguran\u00e7a ou simplesmente atualizar sua tecnologia, um leitor NFC \u00e9 uma ferramenta essencial em seu arsenal. Com a capacidade de ler e escrever\u00a0<strong>Etiquetas NFC<\/strong>\u00a0e cart\u00f5es, incluindo formatos populares como\u00a0<strong>MIFARE<\/strong>, este dispositivo est\u00e1 na vanguarda das solu\u00e7\u00f5es de pagamento inovadoras.<\/p>\n<h2>Benef\u00edcios de escolher o leitor NFC<\/h2>\n<p>Investir em um leitor NFC n\u00e3o \u00e9 apenas uma compra; \u00e9 uma atualiza\u00e7\u00e3o para suas capacidades de pagamento que oferece in\u00fameras vantagens. Primeiro e mais importante, ele aumenta a seguran\u00e7a ao permitir\u00a0<strong>sem contato<\/strong>\u00a0pagamentos, reduzindo o risco associado a transa\u00e7\u00f5es em dinheiro. Ele tamb\u00e9m foi projetado para facilidade de uso, ostentando um processo de configura\u00e7\u00e3o simples que pode se conectar via USB a uma ampla gama de dispositivos, permitindo a integra\u00e7\u00e3o com seus sistemas existentes. O design compacto e port\u00e1til garante que voc\u00ea possa levar sua capacidade NFC para onde quer que v\u00e1, tornando-o ideal para comerciantes e indiv\u00edduos.<\/p>\n<h3>1.\u00a0<strong>Suporte NFC abrangente<\/strong><\/h3>\n<p>O\u00a0<strong>Leitor NFC<\/strong>\u00a0suporta m\u00faltiplas funcionalidades NFC, incluindo Modo Leitor\/Gravador, Modo Ponto-a-Ponto e Modo de Emula\u00e7\u00e3o de Cart\u00e3o. Essa versatilidade garante compatibilidade com v\u00e1rias transa\u00e7\u00f5es, desde leitura\u00a0<strong>Cart\u00f5es NFC<\/strong>\u00a0para facilitar os pagamentos m\u00f3veis via\u00a0<strong>Google Pagar<\/strong>\u00a0e\u00a0<strong>Apple Pagar<\/strong>.<\/p>\n<h4>Modo leitor\/escritor<\/h4>\n<p>Com o Modo Leitor\/Escritor, os usu\u00e1rios podem facilmente\u00a0<strong>ler e escrever<\/strong>\u00a0dados para tags NFC, tornando o dispositivo perfeito para aplica\u00e7\u00f5es em gerenciamento de estoque e campanhas de marketing.<\/p>\n<h4>Modo ponto a ponto<\/h4>\n<p>O modo ponto a ponto facilita o compartilhamento de dados entre dois dispositivos habilitados para NFC, permitindo transa\u00e7\u00f5es ou transfer\u00eancias de informa\u00e7\u00f5es sem interrup\u00e7\u00f5es, aumentando a conveni\u00eancia para os usu\u00e1rios.<\/p>\n<h3>2.\u00a0<strong>Altos padr\u00f5es de compatibilidade<\/strong><\/h3>\n<p>Este leitor NFC \u00e9 compat\u00edvel com uma ampla gama de cart\u00f5es inteligentes, incluindo cart\u00f5es ISO 14443 Tipo A e B, tornando-o uma solu\u00e7\u00e3o universal para empresas que exigem um\u00a0<strong>leitor de cart\u00e3o<\/strong>\u00a0para v\u00e1rios tipos de cart\u00e3o.<\/p>\n<h4>Suporta v\u00e1rias tags NFC<\/h4>\n<p>Al\u00e9m dos padr\u00f5es ISO, o dispositivo tamb\u00e9m acomoda formatos como MIFARE\u00ae e FeliCa, garantindo suporte abrangente para praticamente todos os usu\u00e1rios.<\/p>\n<h4>Conectividade USB<\/h4>\n<p>Com uma interface USB 2.0 de alta velocidade, voc\u00ea pode conectar facilmente o leitor NFC a smartphones ou tablets para transfer\u00eancias r\u00e1pidas de dados - tudo est\u00e1 pronto para uso\u00a0<strong>via USB<\/strong>.<\/p>\n<h3>3.\u00a0<strong>Recursos de seguran\u00e7a robustos<\/strong><\/h3>\n<p>A seguran\u00e7a \u00e9 fundamental para qualquer dispositivo de transa\u00e7\u00e3o, e o leitor NFC se destaca com seu recurso anticolis\u00e3o integrado, garantindo que apenas uma etiqueta seja lida por vez, reduzindo significativamente as chances de corrup\u00e7\u00e3o de dados ou fraude.<\/p>\n<h4>Criptografia Avan\u00e7ada<\/h4>\n<p>O leitor NFC suporta v\u00e1rias t\u00e9cnicas de criptografia para transfer\u00eancia segura de dados, garantindo que informa\u00e7\u00f5es confidenciais permane\u00e7am protegidas durante todo o processo de transa\u00e7\u00e3o.<\/p>\n<h4>Alertas de usu\u00e1rio<\/h4>\n<p>Equipado com um sistema de alerta sonoro control\u00e1vel pelo usu\u00e1rio, os usu\u00e1rios podem receber feedback imediato durante as opera\u00e7\u00f5es, melhorando a usabilidade e garantindo que os usu\u00e1rios estejam cientes das leituras bem-sucedidas.<\/p>\n<h3>4.\u00a0<strong>Impacto Ambiental<\/strong><\/h3>\n<p>\u00c0 medida que as empresas est\u00e3o se tornando cada vez mais conscientes de sua pegada ambiental, o NFC Reader foi projetado com a sustentabilidade em mente. O dispositivo utiliza o m\u00ednimo de energia e pode ser conectado a sistemas existentes sem atualiza\u00e7\u00f5es extensas de hardware, reduzindo o desperd\u00edcio.<\/p>\n<h4>Uso eficiente de energia<\/h4>\n<p>Operando a 13,56 MHz, o NFC Reader \u00e9 energeticamente eficiente, permitindo uso extensivo sem altos custos de eletricidade. As empresas podem utilizar essa tecnologia sem temer um aumento nas demandas de energia.<\/p>\n<h3>5.\u00a0<strong>Design amig\u00e1vel ao usu\u00e1rio<\/strong><\/h3>\n<p>O NFC Reader apresenta um design compacto e elegante que se integra perfeitamente ao seu fluxo de trabalho. O LED de duas cores control\u00e1vel pelo usu\u00e1rio fornece feedback visual imediato durante a opera\u00e7\u00e3o, notificando os usu\u00e1rios sobre os status das transa\u00e7\u00f5es de forma eficaz.<\/p>\n<h4>Portabilidade<\/h4>\n<p>Sua estrutura leve o torna uma solu\u00e7\u00e3o ideal para empresas em movimento, desde lojas de varejo at\u00e9 food trucks, permitindo r\u00e1pida implanta\u00e7\u00e3o onde for necess\u00e1rio, tornando-o altamente eficiente para instala\u00e7\u00f5es tempor\u00e1rias e permanentes.<\/p>\n<h3>6.\u00a0<strong>Compatibilidade do ecossistema<\/strong><\/h3>\n<p>O leitor NFC \u00e9 compat\u00edvel com v\u00e1rios sistemas operacionais, como Windows, Linux e Android, permitindo ampla aplica\u00e7\u00e3o em diversos ambientes.<\/p>\n<h4>F\u00e1cil integra\u00e7\u00e3o com sistemas estabelecidos<\/h4>\n<p>Eleve seus sistemas POS existentes usando o leitor NFC e aproveite sua compatibilidade com lojas de aplicativos amplamente utilizadas para baixar aplicativos relevantes para as necessidades do seu neg\u00f3cio.<\/p>\n<\/div>\n<table width=\"559\">\n<tbody>\n<tr>\n<td colspan=\"2\" width=\"559\">Caracter\u00edsticas f\u00edsicas<\/td>\n<\/tr>\n<tr>\n<td width=\"214\">Dimens\u00f5es (mm)<\/td>\n<td width=\"345\">98,0 mm (C) x 65,0 mm (L) x 12,8 mm (A)<\/td>\n<\/tr>\n<tr>\n<td width=\"214\">Peso (g)<\/td>\n<td width=\"345\">81g<\/td>\n<\/tr>\n<tr>\n<td colspan=\"2\" width=\"559\">Interface USB<\/td>\n<\/tr>\n<tr>\n<td width=\"214\">Protocolo<\/td>\n<td width=\"345\">IDCC USB<\/td>\n<\/tr>\n<tr>\n<td width=\"214\">Tipo de conector<\/td>\n<td width=\"345\">USB Tipo A (ACR1252U-MW)<\/td>\n<\/tr>\n<tr>\n<td width=\"214\">Fonte de energia<\/td>\n<td width=\"345\">Da porta USB<\/td>\n<\/tr>\n<tr>\n<td width=\"214\">Velocidade<\/td>\n<td width=\"345\">Velocidade total USB (12 Mbps)<\/td>\n<\/tr>\n<tr>\n<td width=\"214\">Comprimento do cabo<\/td>\n<td width=\"345\">1,0 m, n\u00e3o destac\u00e1vel<\/td>\n<\/tr>\n<tr>\n<td colspan=\"2\" width=\"559\">Interface de cart\u00e3o inteligente sem contato<\/td>\n<\/tr>\n<tr>\n<td width=\"214\">Padr\u00e3o<\/td>\n<td width=\"345\">ISO\/IEC 18092 NFC, ISO 14443 Tipo A e B, MIFARE\u00ae, FeliCa<\/td>\n<\/tr>\n<tr>\n<td rowspan=\"4\" width=\"214\">Protocolo<\/td>\n<td width=\"345\">Placa compat\u00edvel com ISO 14443-4, T=CL<\/td>\n<\/tr>\n<tr>\n<td width=\"345\">Cart\u00e3o Cl\u00e1ssico MIFARE\u00ae, T=CL<\/td>\n<\/tr>\n<tr>\n<td width=\"345\">ISO18092, etiquetas NFC<\/td>\n<\/tr>\n<tr>\n<td width=\"345\">FeliCa<\/td>\n<\/tr>\n<tr>\n<td colspan=\"2\" width=\"559\">Perif\u00e9ricos integrados<\/td>\n<\/tr>\n<tr>\n<td width=\"214\">LIDERADO<\/td>\n<td width=\"345\">1 bicolor: Vermelho e Verde<\/td>\n<\/tr>\n<tr>\n<td width=\"214\">Campainha<\/td>\n<td width=\"345\">Mon\u00f3tono<\/td>\n<\/tr>\n<tr>\n<td colspan=\"2\" width=\"559\">Outras caracter\u00edsticas<\/td>\n<\/tr>\n<tr>\n<td width=\"214\">Atualiza\u00e7\u00e3o de firmware<\/td>\n<td width=\"345\">Suportado<\/td>\n<\/tr>\n<tr>\n<td colspan=\"2\" width=\"559\">Certifica\u00e7\u00f5es\/Conformidade<\/td>\n<\/tr>\n<tr>\n<td rowspan=\"4\" width=\"214\">Certifica\u00e7\u00f5es\/Conformidade<\/td>\n<td width=\"345\">Certifica\u00e7\u00f5es:<\/td>\n<\/tr>\n<tr>\n<td width=\"345\">Apple VAS, Google Smart Tap, marca de certifica\u00e7\u00e3o NFC Forum, IEC\/EN 62368, CE, FCC, UKCA, J-LIS, VCCI, TELEC, KC, BIS, RoHS, REACH, WEEE<\/td>\n<\/tr>\n<tr>\n<td width=\"345\">Conformidades:<\/td>\n<\/tr>\n<tr>\n<td width=\"345\">CCID USB, PC\/SC<\/td>\n<\/tr>\n<tr>\n<td colspan=\"2\" width=\"559\">Suporte ao sistema operacional de driver de dispositivo<\/td>\n<\/tr>\n<tr>\n<td width=\"214\">Suporte ao sistema operacional de driver de dispositivo<\/td>\n<td width=\"345\">Windows\u00ae, Linux\u00ae, macOS (em desenvolvimento), Android\u2122 (em desenvolvimento)<\/td>\n<\/tr>\n<\/tbody>\n<\/table>\n<h2>Avalia\u00e7\u00f5es de clientes<\/h2>\n<blockquote><p>\u201cO NFC Reader transformou a forma como processamos pagamentos. \u00c9 r\u00e1pido, seguro e incrivelmente f\u00e1cil de integrar com nossos sistemas existentes!\u201d \u2013\u00a0<strong>James T.<\/strong>, Gerente de Varejo<\/p><\/blockquote>\n<blockquote><p>\u201cAdoro o qu\u00e3o port\u00e1til este Leitor NFC \u00e9! \u00c9 perfeito para o meu neg\u00f3cio de food truck.\u201d \u2013\u00a0<strong>Sandra W.<\/strong>, Propriet\u00e1rio de pequena empresa<\/p><\/blockquote>\n<h2>Perguntas Frequentes (FAQs)<\/h2>\n<p><strong>1. Que tipos de cart\u00f5es o leitor NFC pode ler?<\/strong><br \/>\nO leitor NFC suporta cart\u00f5es ISO 14443 Tipo A e B, MIFARE\u00ae, FeliCa e todas as etiquetas NFC que estejam em conformidade com os padr\u00f5es ISO\/IEC 18092.<\/p>\n<p><strong>2. O leitor NFC \u00e9 compat\u00edvel com smartphones?<\/strong><br \/>\nSim, voc\u00ea pode conectar facilmente o leitor NFC \u00e0 maioria dos smartphones via USB para facilitar transa\u00e7\u00f5es r\u00e1pidas e compartilhamento de dados.<\/p>\n<p><strong>3. Posso atualizar o firmware?<\/strong><br \/>\nSim, o leitor NFC suporta atualiza\u00e7\u00f5es de firmware USB, garantindo que voc\u00ea tenha os recursos e atualiza\u00e7\u00f5es de seguran\u00e7a mais recentes.<\/p>\n<p><strong>4. At\u00e9 que ponto posso ler as etiquetas NFC?<\/strong><br \/>\nO leitor NFC tem uma dist\u00e2ncia de leitura de at\u00e9 50 mm, dependendo do tipo de etiqueta e de suas capacidades espec\u00edficas.<\/p>\n<hr \/>\n<p>Ao escolher o Leitor NFC, voc\u00ea n\u00e3o est\u00e1 apenas investindo em um produto; voc\u00ea est\u00e1 adotando uma maneira mais inteligente de fazer transa\u00e7\u00f5es. Quer voc\u00ea esteja integrando-o para uso pessoal ou para um neg\u00f3cio, a efici\u00eancia, compatibilidade e seguran\u00e7a deste dispositivo o tornam verdadeiramente indispens\u00e1vel. Experimente a pr\u00f3xima gera\u00e7\u00e3o de pagamentos sem contato e descubra a diferen\u00e7a que ele pode fazer em suas transa\u00e7\u00f5es hoje!<\/p>","protected":false},"excerpt":{"rendered":"<div>Leitor NFC Writer com suporte Apple Pay e Google VAS, aprovado pelo VAS<strong>\u00a0Apple e Google VAS (servi\u00e7o de valor agregado) <\/strong> protocolos dos gigantes da ind\u00fastria Apple e Google, este dispositivo abre caminho para um envolvimento revolucion\u00e1rio sem cart\u00e3o, endossando uma ampla gama de passes digitais, incluindo, entre outros, esquemas de fidelidade, t\u00edquetes de acesso e credenciais de identifica\u00e7\u00e3o para indiv\u00edduos em ambientes corporativos ou educacionais no iOS e dispositivos Android.<\/div>\n<div><\/div>","protected":false},"featured_media":2731,"template":"","meta":[],"product_brand":[],"product_cat":[45,40],"product_tag":[],"class_list":{"0":"post-2732","1":"product","2":"type-product","3":"status-publish","4":"has-post-thumbnail","6":"product_cat-contactless-nfc-reader","7":"product_cat-rfid-nfc-reader","9":"first","10":"instock","11":"shipping-taxable","12":"product-type-simple"},"_links":{"self":[{"href":"https:\/\/nfc-readers.com\/pt\/wp-json\/wp\/v2\/product\/2732","targetHints":{"allow":["GET"]}}],"collection":[{"href":"https:\/\/nfc-readers.com\/pt\/wp-json\/wp\/v2\/product"}],"about":[{"href":"https:\/\/nfc-readers.com\/pt\/wp-json\/wp\/v2\/types\/product"}],"wp:featuredmedia":[{"embeddable":true,"href":"https:\/\/nfc-readers.com\/pt\/wp-json\/wp\/v2\/media\/2731"}],"wp:attachment":[{"href":"https:\/\/nfc-readers.com\/pt\/wp-json\/wp\/v2\/media?parent=2732"}],"wp:term":[{"taxonomy":"product_brand","embeddable":true,"href":"https:\/\/nfc-readers.com\/pt\/wp-json\/wp\/v2\/product_brand?post=2732"},{"taxonomy":"product_cat","embeddable":true,"href":"https:\/\/nfc-readers.com\/pt\/wp-json\/wp\/v2\/product_cat?post=2732"},{"taxonomy":"product_tag","embeddable":true,"href":"https:\/\/nfc-readers.com\/pt\/wp-json\/wp\/v2\/product_tag?post=2732"}],"curies":[{"name":"wp","href":"https:\/\/api.w.org\/{rel}","templated":true}]}}