{"id":2740,"date":"2024-06-11T01:53:04","date_gmt":"2024-06-11T01:53:04","guid":{"rendered":"https:\/\/nfc-readers.com\/?post_type=product&#038;p=2740"},"modified":"2024-09-24T02:48:08","modified_gmt":"2024-09-24T02:48:08","slug":"acr123u-nfc-lcd-contactless-reader-writer","status":"publish","type":"product","link":"https:\/\/nfc-readers.com\/pt\/ic-reader\/acr123u-nfc-lcd-contactless-reader-writer\/","title":{"rendered":"ACR123U NFC LCD leitor escritor sem contato"},"content":{"rendered":"<h1>ACR123U NFC LCD leitor escritor sem contato<\/h1>\n<p>O ACR123U, uma variante USB do ACR123S, funciona como um leitor sem contato acess\u00edvel, flex\u00edvel e inteligente. Pode ser facilmente incorporado em sistemas de pontos de venda (POS) existentes ou caixas registadoras, transformando-os em terminais de pagamento sem dinheiro. A introdu\u00e7\u00e3o do ACR123U acelera o processo de checkout, pois permite que os clientes finalizem seus pagamentos com um simples toque em seus cart\u00f5es. Este leitor sem contacto apresenta uma solu\u00e7\u00e3o eficaz para aumentar a efici\u00eancia dos sistemas de pagamento.<\/p>\n<ul>\n<li>\n<h2>Interface USB para comunica\u00e7\u00e3o de dados e fonte de alimenta\u00e7\u00e3o<\/h2>\n<\/li>\n<li>\n<h2>Processador ARM CortexTM-M3 de 32 bits<\/h2>\n<\/li>\n<li>\n<h2>Leitor de cart\u00e3o inteligente:<\/h2>\n<ul>\n<li>\n<h3>Velocidade de leitura\/grava\u00e7\u00e3o de at\u00e9 848 kbps<\/h3>\n<\/li>\n<li>\n<h3>Antena integrada para acesso por cart\u00e3o sem contato, com dist\u00e2ncia de leitura de cart\u00e3o de at\u00e9 50 mm (dependendo do tipo de tag)<\/h3>\n<\/li>\n<li>\n<h3>Suporte para cart\u00f5es ISO 14443 Parte 4 Tipo A e B e s\u00e9rie MIFARE<\/h3>\n<\/li>\n<li>\n<h3>Recurso anticolis\u00e3o integrado<\/h3>\n<\/li>\n<li>\n<h3>Tr\u00eas slots SAM compat\u00edveis com ISO 7816<\/h3>\n<\/li>\n<\/ul>\n<\/li>\n<li>\n<h2>Perif\u00e9ricos integrados:<\/h2>\n<ul>\n<li>\n<h3>LCD gr\u00e1fico de 16 caracteres alfanum\u00e9ricos x 8 linhas (128 x 64 pixels)<\/h3>\n<\/li>\n<li>\n<h3>Quatro LEDs control\u00e1veis pelo usu\u00e1rio (azul, amarelo, verde e vermelho)<\/h3>\n<\/li>\n<li>\n<h3>Luz de fundo da regi\u00e3o de toque control\u00e1vel pelo usu\u00e1rio (vermelho, verde e azul)<\/h3>\n<\/li>\n<li>\n<h3>Alto-falante control\u00e1vel pelo usu\u00e1rio (indica\u00e7\u00e3o de tom de \u00e1udio)<\/h3>\n<\/li>\n<\/ul>\n<\/li>\n<\/ul>\n<table style=\"height: 1395px;\" width=\"611\">\n<tbody>\n<tr>\n<td colspan=\"2\" width=\"511\">Caracter\u00edsticas f\u00edsicas<\/td>\n<\/tr>\n<tr>\n<td rowspan=\"2\" width=\"215\">Dimens\u00f5es (mm)<\/td>\n<td width=\"296\">Corpo principal: 159,0 mm (C) x 100,0 mm (L) x 21,0 mm (A)<\/td>\n<\/tr>\n<tr>\n<td width=\"296\">Com suporte: 177,4 mm (C) x 100,0 mm (L) x 94,5 mm (A)<\/td>\n<\/tr>\n<tr>\n<td rowspan=\"2\" width=\"215\">Peso (g)<\/td>\n<td width=\"296\">Corpo principal: 281g<\/td>\n<\/tr>\n<tr>\n<td width=\"296\">Com suporte: 506g<\/td>\n<\/tr>\n<tr>\n<td colspan=\"2\" width=\"511\">Interface USB<\/td>\n<\/tr>\n<tr>\n<td width=\"215\">Protocolo<\/td>\n<td width=\"296\">IDCC USB<\/td>\n<\/tr>\n<tr>\n<td width=\"215\">Tipo de conector<\/td>\n<td width=\"296\">Padr\u00e3o Tipo A<\/td>\n<\/tr>\n<tr>\n<td width=\"215\">Fonte de energia<\/td>\n<td width=\"296\">Da porta USB<\/td>\n<\/tr>\n<tr>\n<td width=\"215\">Velocidade<\/td>\n<td width=\"296\">Velocidade total USB (12 Mbps)<\/td>\n<\/tr>\n<tr>\n<td width=\"215\">Comprimento do cabo<\/td>\n<td width=\"296\">1,5 m, Fixo<\/td>\n<\/tr>\n<tr>\n<td colspan=\"2\" width=\"511\">Interface de cart\u00e3o inteligente sem contato<\/td>\n<\/tr>\n<tr>\n<td width=\"215\">Padr\u00e3o<\/td>\n<td width=\"296\">ISO 14443 A e B Partes 1-4<\/td>\n<\/tr>\n<tr>\n<td rowspan=\"2\" width=\"215\">Protocolo<\/td>\n<td width=\"296\">Placa compat\u00edvel com ISO 14443-4, T=CL<\/td>\n<\/tr>\n<tr>\n<td width=\"296\">Cart\u00e3o Cl\u00e1ssico MIFARE\u00ae, T=CL<\/td>\n<\/tr>\n<tr>\n<td colspan=\"2\" width=\"511\">Interface do cart\u00e3o SAM<\/td>\n<\/tr>\n<tr>\n<td width=\"215\">N\u00famero de slots<\/td>\n<td width=\"296\">3 slots de cart\u00e3o de tamanho SIM padr\u00e3o<\/td>\n<\/tr>\n<tr>\n<td width=\"215\">Padr\u00e3o<\/td>\n<td width=\"296\">ISO 7816 Classe A, B, C (5 V, 3 V, 1,8 V)<\/td>\n<\/tr>\n<tr>\n<td width=\"215\">Protocolo<\/td>\n<td width=\"296\">T=0; T=1<\/td>\n<\/tr>\n<tr>\n<td colspan=\"2\" width=\"511\">Perif\u00e9ricos integrados<\/td>\n<\/tr>\n<tr>\n<td rowspan=\"3\" width=\"215\">LCD<\/td>\n<td width=\"296\">LCD gr\u00e1fico com luz de fundo branca<\/td>\n<\/tr>\n<tr>\n<td width=\"296\">Resolu\u00e7\u00e3o: 128 x 64 pixels<\/td>\n<\/tr>\n<tr>\n<td width=\"296\">N\u00famero de caracteres: 16 caracteres x 8 linhas<\/td>\n<\/tr>\n<tr>\n<td width=\"215\">LIDERADO<\/td>\n<td width=\"296\">4 cores \u00fanicas: azul, amarelo, verde e vermelho<\/td>\n<\/tr>\n<tr>\n<td width=\"215\">Tocando na regi\u00e3o<\/td>\n<td width=\"296\">Retroilumina\u00e7\u00e3o tricolor: vermelho, verde e azul<\/td>\n<\/tr>\n<tr>\n<td width=\"215\">Palestrante<\/td>\n<td width=\"296\">Indica\u00e7\u00e3o de tom de \u00e1udio<\/td>\n<\/tr>\n<tr>\n<td colspan=\"2\" width=\"511\">Outras caracter\u00edsticas<\/td>\n<\/tr>\n<tr>\n<td width=\"215\">Seguran\u00e7a<\/td>\n<td width=\"296\">Interruptor Tamper (detec\u00e7\u00e3o e prote\u00e7\u00e3o anti-intrus\u00e3o interna)<\/td>\n<\/tr>\n<tr>\n<td width=\"215\">Atualiza\u00e7\u00e3o de firmware<\/td>\n<td width=\"296\">Suportado<\/td>\n<\/tr>\n<tr>\n<td width=\"215\">Rel\u00f3gio de tempo real<\/td>\n<td width=\"296\">Suportado<\/td>\n<\/tr>\n<tr>\n<td colspan=\"2\" width=\"511\">Certifica\u00e7\u00f5es\/Conformidade<\/td>\n<\/tr>\n<tr>\n<td rowspan=\"12\" width=\"215\">Certifica\u00e7\u00f5es\/Conformidade<\/td>\n<td width=\"296\">ISO 14443<\/td>\n<\/tr>\n<tr>\n<td width=\"296\">ISO 7816 (slot SAM)<\/td>\n<\/tr>\n<tr>\n<td width=\"296\">Velocidade total USB<\/td>\n<\/tr>\n<tr>\n<td width=\"296\">PC\/SC<\/td>\n<\/tr>\n<tr>\n<td width=\"296\">CCID<\/td>\n<\/tr>\n<tr>\n<td width=\"296\">VCCI (Jap\u00e3o)<\/td>\n<\/tr>\n<tr>\n<td width=\"296\">KC (Coreia)<\/td>\n<\/tr>\n<tr>\n<td width=\"296\">Microsoft\u00aeWHQL<\/td>\n<\/tr>\n<tr>\n<td width=\"296\">CE<\/td>\n<\/tr>\n<tr>\n<td width=\"296\">FCC<\/td>\n<\/tr>\n<tr>\n<td width=\"296\">RoHS 2<\/td>\n<\/tr>\n<tr>\n<td width=\"296\">ALCAN\u00c7AR<\/td>\n<\/tr>\n<tr>\n<td colspan=\"2\" width=\"511\">Suporte ao sistema operacional de driver de dispositivo<\/td>\n<\/tr>\n<tr>\n<td rowspan=\"4\" width=\"215\">Suporte ao sistema operacional de driver de dispositivo<\/td>\n<td width=\"296\">Windows\u00ae CE<\/td>\n<\/tr>\n<tr>\n<td width=\"296\">Windows\u00ae<\/td>\n<\/tr>\n<tr>\n<td width=\"296\">Linux\u00ae<\/td>\n<\/tr>\n<tr>\n<td width=\"296\">Solaris<\/td>\n<\/tr>\n<\/tbody>\n<\/table>","protected":false},"excerpt":{"rendered":"<div class=\"auto-hide-last-sibling-br paragraph_1252f paragraph-element\">\n<div class=\"auto-hide-last-sibling-br paragraph_1252f paragraph-element\">ACR123U, leitor USB LCD acess\u00edvel para pagamentos sem dinheiro, melhorando a efici\u00eancia do checkout com design intuitivo e compatibilidade com cart\u00f5es ISO 14443-4.<\/div>\n<\/div>","protected":false},"featured_media":2741,"template":"","meta":[],"product_brand":[],"product_cat":[45],"product_tag":[],"class_list":{"0":"post-2740","1":"product","2":"type-product","3":"status-publish","4":"has-post-thumbnail","6":"product_cat-contactless-nfc-reader","8":"first","9":"instock","10":"shipping-taxable","11":"product-type-simple"},"_links":{"self":[{"href":"https:\/\/nfc-readers.com\/pt\/wp-json\/wp\/v2\/product\/2740","targetHints":{"allow":["GET"]}}],"collection":[{"href":"https:\/\/nfc-readers.com\/pt\/wp-json\/wp\/v2\/product"}],"about":[{"href":"https:\/\/nfc-readers.com\/pt\/wp-json\/wp\/v2\/types\/product"}],"wp:featuredmedia":[{"embeddable":true,"href":"https:\/\/nfc-readers.com\/pt\/wp-json\/wp\/v2\/media\/2741"}],"wp:attachment":[{"href":"https:\/\/nfc-readers.com\/pt\/wp-json\/wp\/v2\/media?parent=2740"}],"wp:term":[{"taxonomy":"product_brand","embeddable":true,"href":"https:\/\/nfc-readers.com\/pt\/wp-json\/wp\/v2\/product_brand?post=2740"},{"taxonomy":"product_cat","embeddable":true,"href":"https:\/\/nfc-readers.com\/pt\/wp-json\/wp\/v2\/product_cat?post=2740"},{"taxonomy":"product_tag","embeddable":true,"href":"https:\/\/nfc-readers.com\/pt\/wp-json\/wp\/v2\/product_tag?post=2740"}],"curies":[{"name":"wp","href":"https:\/\/api.w.org\/{rel}","templated":true}]}}