{"id":2744,"date":"2024-06-11T02:10:05","date_gmt":"2024-06-11T02:10:05","guid":{"rendered":"https:\/\/nfc-readers.com\/?post_type=product&#038;p=2744"},"modified":"2024-09-23T08:58:36","modified_gmt":"2024-09-23T08:58:36","slug":"acr123s-rs232-nfc-lcd-contactless-reader-writer","status":"publish","type":"product","link":"https:\/\/nfc-readers.com\/pt\/ic-reader\/acr123s-rs232-nfc-lcd-contactless-reader-writer\/","title":{"rendered":"Escritor leitor sem contato ACR123S RS232 NFC LCD"},"content":{"rendered":"<h1>Escritor leitor sem contato ACR123S RS232 NFC LCD<\/h1>\n<div><\/div>\n<div class=\"auto-hide-last-sibling-br paragraph_1252f paragraph-element\">A ascens\u00e3o da tecnologia sem contacto est\u00e1 a remodelar o comportamento de compra dos consumidores em todo o mundo, aumentando a necessidade de uma solu\u00e7\u00e3o robusta que possa suportar aplica\u00e7\u00f5es de pagamento sem contacto. O ACR123S foi desenvolvido especificamente para atender a essa crescente demanda.<\/div>\n<div class=\"auto-hide-last-sibling-br paragraph_1252f paragraph-element\">O Leitor Inteligente sem Contato ACR123S \u00e9 um leitor sem contato econ\u00f4mico, vers\u00e1til e inteligente que pode ser facilmente integrado em sistemas POS (Ponto de Venda) ou caixas registradoras pr\u00e9-existentes, proporcionando assim as vantagens de um sistema de pagamento sem dinheiro. Constru\u00eddo com base na tecnologia sem contato (RFID) de 13,56 MHz, \u00e9 compat\u00edvel com qualquer cart\u00e3o sem contato que atenda ao padr\u00e3o ISO 14443-4.<\/div>\n<div>\n<ul>\n<li>\n<h2>Interface serial RS232 com conector RJ45<\/h2>\n<\/li>\n<li>\n<h2>Interface USB para fonte de alimenta\u00e7\u00e3o<\/h2>\n<\/li>\n<li>\n<h2>Processador ARM CortexTM-M3 de 32 bits<\/h2>\n<\/li>\n<li>\n<h2>Leitor de cart\u00e3o inteligente:<\/h2>\n<ul>\n<li>\n<h3>Velocidade de leitura\/grava\u00e7\u00e3o de at\u00e9 848 kbps<\/h3>\n<\/li>\n<li>\n<h3>Antena integrada para acesso por cart\u00e3o sem contato, com dist\u00e2ncia de leitura de cart\u00e3o de at\u00e9 50 mm (dependendo do tipo de tag)<\/h3>\n<\/li>\n<li>\n<h3>Suporte para cart\u00f5es ISO 14443 Parte 4 Tipo A e B e s\u00e9rie MIFARE<\/h3>\n<\/li>\n<li>\n<h3>Recurso anticolis\u00e3o integrado<\/h3>\n<\/li>\n<li>\n<h3>Tr\u00eas slots SAM compat\u00edveis com ISO 7816<\/h3>\n<\/li>\n<\/ul>\n<\/li>\n<li>\n<h2>Perif\u00e9ricos integrados:<\/h2>\n<ul>\n<li>\n<h3>LCD gr\u00e1fico de 16 caracteres alfanum\u00e9ricos x 8 linhas (128 x 64 pixels)<\/h3>\n<\/li>\n<li>\n<h3>Quatro LEDs control\u00e1veis pelo usu\u00e1rio (azul, amarelo, verde e vermelho)<\/h3>\n<\/li>\n<li>\n<h3>Luz de fundo da regi\u00e3o de toque control\u00e1vel pelo usu\u00e1rio (vermelho, verde e azul)<\/h3>\n<\/li>\n<li>\n<h3>Alto-falante control\u00e1vel pelo usu\u00e1rio (indica\u00e7\u00e3o de tom de \u00e1udio)<\/h3>\n<\/li>\n<\/ul>\n<\/li>\n<\/ul>\n<table width=\"514\">\n<tbody>\n<tr>\n<td colspan=\"2\" width=\"514\">Caracter\u00edsticas f\u00edsicas<\/td>\n<\/tr>\n<tr>\n<td rowspan=\"2\" width=\"233\">Dimens\u00f5es (mm)<\/td>\n<td width=\"281\">Corpo principal: 159,0 mm (C) x 100,0 mm (L) x 21,0 mm (A)<\/td>\n<\/tr>\n<tr>\n<td width=\"281\">Com suporte: 177,4 mm (C) x 100,0 mm (L) x 94,5 mm (A)<\/td>\n<\/tr>\n<tr>\n<td rowspan=\"2\" width=\"233\">Peso (g)<\/td>\n<td width=\"281\">Corpo principal: 281g<\/td>\n<\/tr>\n<tr>\n<td width=\"281\">Com suporte: 506g<\/td>\n<\/tr>\n<tr>\n<td colspan=\"2\" width=\"514\">Interface serial<\/td>\n<\/tr>\n<tr>\n<td width=\"233\">Protocolo<\/td>\n<td width=\"281\">RS-232<\/td>\n<\/tr>\n<tr>\n<td width=\"233\">Tipo de conector<\/td>\n<td width=\"281\">Conector RJ45<\/td>\n<\/tr>\n<tr>\n<td width=\"233\">Fonte de energia<\/td>\n<td width=\"281\">Da porta USB<\/td>\n<\/tr>\n<tr>\n<td width=\"233\">Comprimento do cabo<\/td>\n<td width=\"281\">1,5 m, Fixo (RJ45 + USB)<\/td>\n<\/tr>\n<tr>\n<td colspan=\"2\" width=\"514\">Interface de cart\u00e3o inteligente sem contato<\/td>\n<\/tr>\n<tr>\n<td width=\"233\">Padr\u00e3o<\/td>\n<td width=\"281\">ISO 14443 A e B Partes 1-4<\/td>\n<\/tr>\n<tr>\n<td rowspan=\"2\" width=\"233\">Protocolo<\/td>\n<td width=\"281\">Placa compat\u00edvel com ISO 14443-4, T=CL<\/td>\n<\/tr>\n<tr>\n<td width=\"281\">Cart\u00e3o Cl\u00e1ssico MIFARE\u00ae, T=CL<\/td>\n<\/tr>\n<tr>\n<td colspan=\"2\" width=\"514\">Interface do cart\u00e3o SAM<\/td>\n<\/tr>\n<tr>\n<td width=\"233\">N\u00famero de slots<\/td>\n<td width=\"281\">3 slots de cart\u00e3o de tamanho SIM padr\u00e3o<\/td>\n<\/tr>\n<tr>\n<td width=\"233\">Padr\u00e3o<\/td>\n<td width=\"281\">ISO 7816 Classe A, B, C (5 V, 3 V, 1,8 V)<\/td>\n<\/tr>\n<tr>\n<td width=\"233\">Protocolo<\/td>\n<td width=\"281\">T=0; T=1<\/td>\n<\/tr>\n<tr>\n<td colspan=\"2\" width=\"514\">Perif\u00e9ricos integrados<\/td>\n<\/tr>\n<tr>\n<td rowspan=\"3\" width=\"233\">LCD<\/td>\n<td width=\"281\">LCD gr\u00e1fico com luz de fundo branca<\/td>\n<\/tr>\n<tr>\n<td width=\"281\">Resolu\u00e7\u00e3o: 128 x 64 pixels<\/td>\n<\/tr>\n<tr>\n<td width=\"281\">N\u00famero de caracteres: 16 caracteres x 8 linhas<\/td>\n<\/tr>\n<tr>\n<td width=\"233\">LIDERADO<\/td>\n<td width=\"281\">4 cores \u00fanicas: azul, amarelo, verde e vermelho<\/td>\n<\/tr>\n<tr>\n<td width=\"233\">Tocando na regi\u00e3o<\/td>\n<td width=\"281\">Retroilumina\u00e7\u00e3o tricolor: vermelho, verde e azul<\/td>\n<\/tr>\n<tr>\n<td width=\"233\">Palestrante<\/td>\n<td width=\"281\">Indica\u00e7\u00e3o de tom de \u00e1udio<\/td>\n<\/tr>\n<tr>\n<td colspan=\"2\" width=\"514\">Outras caracter\u00edsticas<\/td>\n<\/tr>\n<tr>\n<td width=\"233\">Seguran\u00e7a<\/td>\n<td width=\"281\">Interruptor Tamper (detec\u00e7\u00e3o e prote\u00e7\u00e3o anti-intrus\u00e3o interna)<\/td>\n<\/tr>\n<tr>\n<td width=\"233\">Atualiza\u00e7\u00e3o de firmware<\/td>\n<td width=\"281\">Suportado<\/td>\n<\/tr>\n<tr>\n<td width=\"233\">Rel\u00f3gio de tempo real<\/td>\n<td width=\"281\">Suportado<\/td>\n<\/tr>\n<tr>\n<td colspan=\"2\" width=\"514\">Certifica\u00e7\u00f5es\/Conformidade<\/td>\n<\/tr>\n<tr>\n<td rowspan=\"8\" width=\"233\">Certifica\u00e7\u00f5es\/Conformidade<\/td>\n<td width=\"281\">ISO 14443<\/td>\n<\/tr>\n<tr>\n<td width=\"281\">ISO 7816 (slot SAM)<\/td>\n<\/tr>\n<tr>\n<td width=\"281\">VCCI (Jap\u00e3o)<\/td>\n<\/tr>\n<tr>\n<td width=\"281\">KC (Coreia)<\/td>\n<\/tr>\n<tr>\n<td width=\"281\">CE<\/td>\n<\/tr>\n<tr>\n<td width=\"281\">FCC<\/td>\n<\/tr>\n<tr>\n<td width=\"281\">RoHS 2<\/td>\n<\/tr>\n<tr>\n<td width=\"281\">ALCAN\u00c7AR<\/td>\n<\/tr>\n<tr>\n<td colspan=\"2\" width=\"514\">Suporte ao sistema operacional de driver de dispositivo<\/td>\n<\/tr>\n<tr>\n<td rowspan=\"3\" width=\"233\">Suporte ao sistema operacional de driver de dispositivo<\/td>\n<td width=\"281\">Windows\u00ae CE<\/td>\n<\/tr>\n<tr>\n<td width=\"281\">Windows\u00ae<\/td>\n<\/tr>\n<tr>\n<td width=\"281\">Linux\u00ae<\/td>\n<\/tr>\n<\/tbody>\n<\/table>\n<\/div>","protected":false},"excerpt":{"rendered":"<div class=\"auto-hide-last-sibling-br paragraph_1252f paragraph-element\">O ACR123S \u00e9 um inovador leitor RFID LCD USB de 13,56 mhz que aprimora os sistemas POS com recursos de pagamento sem contato para uma experi\u00eancia de checkout mais tranquila.<\/div>","protected":false},"featured_media":2745,"template":"","meta":[],"product_brand":[],"product_cat":[45],"product_tag":[],"class_list":{"0":"post-2744","1":"product","2":"type-product","3":"status-publish","4":"has-post-thumbnail","6":"product_cat-contactless-nfc-reader","8":"first","9":"instock","10":"shipping-taxable","11":"product-type-simple"},"_links":{"self":[{"href":"https:\/\/nfc-readers.com\/pt\/wp-json\/wp\/v2\/product\/2744","targetHints":{"allow":["GET"]}}],"collection":[{"href":"https:\/\/nfc-readers.com\/pt\/wp-json\/wp\/v2\/product"}],"about":[{"href":"https:\/\/nfc-readers.com\/pt\/wp-json\/wp\/v2\/types\/product"}],"wp:featuredmedia":[{"embeddable":true,"href":"https:\/\/nfc-readers.com\/pt\/wp-json\/wp\/v2\/media\/2745"}],"wp:attachment":[{"href":"https:\/\/nfc-readers.com\/pt\/wp-json\/wp\/v2\/media?parent=2744"}],"wp:term":[{"taxonomy":"product_brand","embeddable":true,"href":"https:\/\/nfc-readers.com\/pt\/wp-json\/wp\/v2\/product_brand?post=2744"},{"taxonomy":"product_cat","embeddable":true,"href":"https:\/\/nfc-readers.com\/pt\/wp-json\/wp\/v2\/product_cat?post=2744"},{"taxonomy":"product_tag","embeddable":true,"href":"https:\/\/nfc-readers.com\/pt\/wp-json\/wp\/v2\/product_tag?post=2744"}],"curies":[{"name":"wp","href":"https:\/\/api.w.org\/{rel}","templated":true}]}}