{"id":2752,"date":"2024-06-11T12:30:21","date_gmt":"2024-06-11T12:30:21","guid":{"rendered":"https:\/\/nfc-readers.com\/?post_type=product&#038;p=2752"},"modified":"2024-09-23T06:29:25","modified_gmt":"2024-09-23T06:29:25","slug":"acm1323u-hid-contactless-reader-writer","status":"publish","type":"product","link":"https:\/\/nfc-readers.com\/pt\/ic-reader\/acm1323u-hid-contactless-reader-writer\/","title":{"rendered":"ACM1323U HID leitor escritor sem contato"},"content":{"rendered":"<h1>ACM1323U HID leitor escritor sem contato<\/h1>\n<p>ACM1323 \u00e9 um m\u00f3dulo leitor de cart\u00e3o inteligente baseado na tecnologia sem contato de 13,56 MHz. Adota o protocolo HID e nenhum driver \u00e9 instalado na interface USB. Ele suporta leitura e grava\u00e7\u00e3o de cart\u00f5es inteligentes Classe A em conformidade com ISO144431 at\u00e9 a Parte 4, incluindo cart\u00f5es CPU, MIFARE Classic, Mifare 1K\/4K, Mifare Plus e DESFire. O ACM1323 \u00e9 um verdadeiro dispositivo plug and play que pode ser usado sem drivers e foi projetado para r\u00e1pida integra\u00e7\u00e3o em sistemas embarcados, adequado para uma variedade de cen\u00e1rios de aplica\u00e7\u00e3o, como pontos de carregamento, tablets, m\u00e1quinas de venda autom\u00e1tica, transporte p\u00fablico, controle de acesso \u00e0 rede, atendimento e outros sistemas integrados. Ele tamb\u00e9m oferece suporte a atualiza\u00e7\u00f5es de firmware sem a necessidade de modifica\u00e7\u00f5es adicionais de hardware.<\/p>\n<table width=\"628\">\n<tbody>\n<tr>\n<td colspan=\"2\" width=\"628\">Caracter\u00edsticas f\u00edsicas<\/td>\n<\/tr>\n<tr>\n<td width=\"335\">Dimens\u00f5es (mm)<\/td>\n<td width=\"293\">73,5x40,0x5,0<\/td>\n<\/tr>\n<tr>\n<td width=\"335\">Peso (g)<\/td>\n<td width=\"293\">7.2<\/td>\n<\/tr>\n<tr>\n<td colspan=\"2\" width=\"628\">Interface USB<\/td>\n<\/tr>\n<tr>\n<td width=\"335\">Protocolo<\/td>\n<td width=\"293\">ESCONDIDO<\/td>\n<\/tr>\n<tr>\n<td width=\"335\">Tipo de conector<\/td>\n<td width=\"293\">USB<\/td>\n<\/tr>\n<tr>\n<td width=\"335\">Fonte de energia<\/td>\n<td width=\"293\">Da porta USB<\/td>\n<\/tr>\n<tr>\n<td width=\"335\">Velocidade<\/td>\n<td width=\"293\">USB 2.0 Full Speed (12 Mbps) compat\u00edvel com USB 3.0<\/td>\n<\/tr>\n<tr>\n<td width=\"335\">Comprimento do cabo<\/td>\n<td width=\"293\">1m, destac\u00e1vel (mediante solicita\u00e7\u00e3o)<\/td>\n<\/tr>\n<tr>\n<td colspan=\"2\" width=\"628\">Interface de cart\u00e3o inteligente sem contato<\/td>\n<\/tr>\n<tr>\n<td width=\"335\">Padr\u00e3o<\/td>\n<td width=\"293\">Placa CPU ISO 14443 Tipo A MIFARE Classic, Mifare 1K\/4K, Mifare Plus e DESFire<\/td>\n<\/tr>\n<tr>\n<td rowspan=\"2\" width=\"335\">Protocolo<\/td>\n<td width=\"293\">Placa compat\u00edvel com ISO 14443-4, T=CL<\/td>\n<\/tr>\n<tr>\n<td width=\"293\">Cart\u00e3o Cl\u00e1ssico MIFARE\u00ae, T=CL<\/td>\n<\/tr>\n<tr>\n<td colspan=\"2\" width=\"628\">Perif\u00e9ricos integrados<\/td>\n<\/tr>\n<tr>\n<td width=\"335\">LIDERADO<\/td>\n<td width=\"293\">1 bicolor: Azul e Verde<\/td>\n<\/tr>\n<tr>\n<td colspan=\"2\" width=\"628\">Outras caracter\u00edsticas<\/td>\n<\/tr>\n<tr>\n<td rowspan=\"3\" width=\"335\">Outras caracter\u00edsticas<\/td>\n<td width=\"293\">Tipos de cart\u00e3o suportados:<\/td>\n<\/tr>\n<tr>\n<td width=\"293\">ISO 14443 Tipo A e B Partes 1-4,<\/td>\n<\/tr>\n<tr>\n<td width=\"293\">MIFARE Classic\u00ae, MIFARE DESFire\u00ae, MIFARE Ultralight\u00ae, MIFARE Plus\u00ae<\/td>\n<\/tr>\n<tr>\n<td width=\"335\">Atualiza\u00e7\u00e3o de firmware<\/td>\n<td width=\"293\">Suportado<\/td>\n<\/tr>\n<tr>\n<td colspan=\"2\" width=\"628\">Certifica\u00e7\u00f5es\/Conformidade<\/td>\n<\/tr>\n<tr>\n<td rowspan=\"4\" width=\"335\">Certifica\u00e7\u00f5es\/Conformidade<\/td>\n<td width=\"293\">Certifica\u00e7\u00f5es:<\/td>\n<\/tr>\n<tr>\n<td width=\"293\">IEC\/EN 62368, CE, UKCA, FCC, VCCI, RoHS, REACH, WEEE, Microsoft\u00ae WHQL<\/td>\n<\/tr>\n<tr>\n<td width=\"293\">\u00a0 Conformidade:<\/td>\n<\/tr>\n<tr>\n<td width=\"293\">escondido<\/td>\n<\/tr>\n<tr>\n<td colspan=\"2\" width=\"628\">Suporte ao sistema operacional de driver de dispositivo<\/td>\n<\/tr>\n<tr>\n<td width=\"335\">Suporte ao sistema operacional de driver de dispositivo<\/td>\n<td width=\"293\">Windows\u00ae, Linux\u00ae, macOS, Android\u2122<\/td>\n<\/tr>\n<\/tbody>\n<\/table>","protected":false},"excerpt":{"rendered":"<p>O ACM1323U \u00e9 um leitor de cart\u00e3o USB HID vers\u00e1til que suporta v\u00e1rios cart\u00f5es Classe A e se integra perfeitamente em sistemas embarcados.<\/p>","protected":false},"featured_media":2753,"template":"","meta":[],"product_brand":[],"product_cat":[41],"product_tag":[],"class_list":{"0":"post-2752","1":"product","2":"type-product","3":"status-publish","4":"has-post-thumbnail","6":"product_cat-module-ic-reader","8":"first","9":"instock","10":"shipping-taxable","11":"product-type-simple"},"_links":{"self":[{"href":"https:\/\/nfc-readers.com\/pt\/wp-json\/wp\/v2\/product\/2752","targetHints":{"allow":["GET"]}}],"collection":[{"href":"https:\/\/nfc-readers.com\/pt\/wp-json\/wp\/v2\/product"}],"about":[{"href":"https:\/\/nfc-readers.com\/pt\/wp-json\/wp\/v2\/types\/product"}],"wp:featuredmedia":[{"embeddable":true,"href":"https:\/\/nfc-readers.com\/pt\/wp-json\/wp\/v2\/media\/2753"}],"wp:attachment":[{"href":"https:\/\/nfc-readers.com\/pt\/wp-json\/wp\/v2\/media?parent=2752"}],"wp:term":[{"taxonomy":"product_brand","embeddable":true,"href":"https:\/\/nfc-readers.com\/pt\/wp-json\/wp\/v2\/product_brand?post=2752"},{"taxonomy":"product_cat","embeddable":true,"href":"https:\/\/nfc-readers.com\/pt\/wp-json\/wp\/v2\/product_cat?post=2752"},{"taxonomy":"product_tag","embeddable":true,"href":"https:\/\/nfc-readers.com\/pt\/wp-json\/wp\/v2\/product_tag?post=2752"}],"curies":[{"name":"wp","href":"https:\/\/api.w.org\/{rel}","templated":true}]}}