{"id":2765,"date":"2024-06-11T13:24:05","date_gmt":"2024-06-11T13:24:05","guid":{"rendered":"https:\/\/nfc-readers.com\/?post_type=product&#038;p=2765"},"modified":"2024-09-23T06:21:32","modified_gmt":"2024-09-23T06:21:32","slug":"acr1552u-a2-aquaguard-nfc-usb-contactless-reader-writer","status":"publish","type":"product","link":"https:\/\/nfc-readers.com\/pt\/ic-reader\/acr1552u-a2-aquaguard-nfc-usb-contactless-reader-writer\/","title":{"rendered":"ACR1552U-A2 AquaGuard NFC USB leitor gravador sem contato"},"content":{"rendered":"<h1>ACR1552U-A2 AquaGuard NFC USB leitor gravador sem contato<\/h1>\n<p>O leitor USB AquaGuard NFC ACR1552U-A2 \u00e9 um dispositivo robusto de quarta gera\u00e7\u00e3o constru\u00eddo com tecnologia sem contato de 13,56 MHz. Ele opera com cart\u00f5es e dispositivos sem contato que atendem aos padr\u00f5es IS0 14443 Tipo A e B, ISO 15693 e ISO 18092. A classifica\u00e7\u00e3o IP67 significa sua excepcional resist\u00eancia \u00e0 poeira e \u00e0 \u00e1gua, garantindo opera\u00e7\u00e3o ininterrupta mesmo sob condi\u00e7\u00f5es desafiadoras. Em conformidade com os padr\u00f5es CCID e PC\/SC, o leitor USB AquaGuard NFC ACR1552U-A2 oferece comunica\u00e7\u00e3o de alta velocidade de at\u00e9 848 kbps. O shell do leitor com certifica\u00e7\u00e3o IP67 abriga recursos atualiz\u00e1veis de firmware USB, ampliando sua versatilidade e economia em v\u00e1rios setores, incluindo finan\u00e7as, sa\u00fade e governo. Este leitor NFC com classifica\u00e7\u00e3o IP67 suporta de forma inteligente tr\u00eas modos de NFC: leitor\/gravador, emula\u00e7\u00e3o de cart\u00e3o e emula\u00e7\u00e3o de teclado. Sua robustez e versatilidade abrem uma ampla gama de aplica\u00e7\u00f5es potenciais, como pagamento eletr\u00f4nico, sistemas de controle de acesso e emiss\u00e3o de bilhetes de transporte. O leitor USB NFC ACR1552U-A2AquaGuard, com suporte IP67, \u00e9 uma escolha resiliente e confi\u00e1vel em tecnologia NFC.<\/p>\n<ul>\n<li>\n<h2>Interface USB 2.0 de velocidade total<\/h2>\n<\/li>\n<li>\n<h2>Conformidade com CCID<\/h2>\n<\/li>\n<li>\n<h2>Leitor de cart\u00e3o inteligente sem contato:<\/h2>\n<ul>\n<li>\n<h3>Velocidade de leitura\/grava\u00e7\u00e3o de at\u00e9 848 kbps<\/h3>\n<\/li>\n<li>\n<h3>Antena integrada para acesso a tags sem contato, com dist\u00e2ncia de leitura de cart\u00e3o de at\u00e9 70 mm (dependendo do tipo de tag)<\/h3>\n<\/li>\n<li>\n<h3>Suporta cart\u00f5es ISO 14443 Tipo A e B, cart\u00f5es ISO 15693 e ISO18092 NFC<\/h3>\n<\/li>\n<li>\n<h3>Suporta MIFARE\u00ae (T=CL), FeliCa, tags NFC, SRI\/SRIX, CTS, Innovatron, Picopass, Topaz Card<\/h3>\n<\/li>\n<li>\n<h3>Recurso anticolis\u00e3o integrado<\/h3>\n<\/li>\n<li>\n<h3>Suporta APDU estendido (m\u00e1x. 64 kbytes)<\/h3>\n<\/li>\n<li>\n<h3>Um slot SAM compat\u00edvel com ISO7816 (Classe A)<\/h3>\n<\/li>\n<li>\n<h3>Suporte NFC<\/h3>\n<ul>\n<li>\u00a0 \u00a0Modo leitor\/gravador de cart\u00e3o inteligente<\/li>\n<li>\u00a0 \u00a0Modo de emula\u00e7\u00e3o de cart\u00e3o<\/li>\n<li>\u00a0 \u00a0Modo de emula\u00e7\u00e3o de teclado<\/li>\n<\/ul>\n<\/li>\n<\/ul>\n<\/li>\n<li>\n<h2>Interface de programa\u00e7\u00e3o de aplicativos:<\/h2>\n<ul>\n<li>\n<h3>Suporta PC\/SC<\/h3>\n<\/li>\n<li>\n<h3>Suporta CT-API (atrav\u00e9s de wrapper em cima de PC\/SC)<\/h3>\n<\/li>\n<\/ul>\n<\/li>\n<li>\n<h2>Perif\u00e9ricos:<\/h2>\n<ul>\n<li>\n<h3>LED bicolor control\u00e1vel pelo usu\u00e1rio (azul e verde)<\/h3>\n<\/li>\n<li>\n<h3>Campainha control\u00e1vel pelo usu\u00e1rio (mon\u00f3tono)<\/h3>\n<\/li>\n<li>\n<h3>Um slot SAM<\/h3>\n<\/li>\n<\/ul>\n<\/li>\n<li>\n<h2>Capacidade de atualiza\u00e7\u00e3o de firmware USB<\/h2>\n<\/li>\n<\/ul>\n<table width=\"598\">\n<tbody>\n<tr>\n<td colspan=\"2\" width=\"598\">Caracter\u00edsticas f\u00edsicas<\/td>\n<\/tr>\n<tr>\n<td width=\"225\">Dimens\u00f5es (mm)<\/td>\n<td width=\"373\">Corpo principal: 98 x 65 x 12,8 mm<\/td>\n<\/tr>\n<tr>\n<td width=\"225\">Peso (g)<\/td>\n<td width=\"373\">89g<\/td>\n<\/tr>\n<tr>\n<td colspan=\"2\" width=\"598\">Interface USB<\/td>\n<\/tr>\n<tr>\n<td width=\"225\">Protocolo<\/td>\n<td width=\"373\">IDCC USB<\/td>\n<\/tr>\n<tr>\n<td width=\"225\">Tipo de conector<\/td>\n<td width=\"373\">USB Tipo A (ACR1552U-A2), USB Tipo C (ACR1552U-MF)<\/td>\n<\/tr>\n<tr>\n<td width=\"225\">Fonte de energia<\/td>\n<td width=\"373\">Da porta USB<\/td>\n<\/tr>\n<tr>\n<td width=\"225\">Velocidade<\/td>\n<td width=\"373\">Velocidade total USB (12 Mbps)<\/td>\n<\/tr>\n<tr>\n<td width=\"225\">Comprimento do cabo<\/td>\n<td width=\"373\">1m, n\u00e3o destac\u00e1vel<\/td>\n<\/tr>\n<tr>\n<td colspan=\"2\" width=\"598\">Interface de cart\u00e3o inteligente sem contato<\/td>\n<\/tr>\n<tr>\n<td width=\"225\">Padr\u00e3o<\/td>\n<td width=\"373\">ISO\/IEC 18092 NFC, ISO 14443 Tipo A e B, ISO 15693, MIFARE\u00ae, FeliCa<\/td>\n<\/tr>\n<tr>\n<td rowspan=\"5\" width=\"225\">Protocolo<\/td>\n<td width=\"373\">Placa compat\u00edvel com ISO 14443-4, T=CL<\/td>\n<\/tr>\n<tr>\n<td width=\"373\">Cart\u00e3o Cl\u00e1ssico MIFARE\u00ae, T=CL<\/td>\n<\/tr>\n<tr>\n<td width=\"373\">ISO 15693<\/td>\n<\/tr>\n<tr>\n<td width=\"373\">Etiquetas NFC ISO 18092<\/td>\n<\/tr>\n<tr>\n<td width=\"373\">FeliCa<\/td>\n<\/tr>\n<tr>\n<td colspan=\"2\" width=\"598\">Perif\u00e9ricos integrados<\/td>\n<\/tr>\n<tr>\n<td width=\"225\">LIDERADO<\/td>\n<td width=\"373\">1 bicolor: Azul e Verde<\/td>\n<\/tr>\n<tr>\n<td width=\"225\">Campainha<\/td>\n<td width=\"373\">Sim<\/td>\n<\/tr>\n<tr>\n<td colspan=\"2\" width=\"598\">Outras caracter\u00edsticas<\/td>\n<\/tr>\n<tr>\n<td rowspan=\"4\" width=\"225\">Outras caracter\u00edsticas<\/td>\n<td width=\"373\">Tipos de cart\u00e3o suportados:<\/td>\n<\/tr>\n<tr>\n<td width=\"373\">ISO 14443 Tipo A e B Partes 1-4, ISO 15693, ISO 18092 NFC, MIFARE\u00ae, FeliCa, SRI\/SRIX, CTS, Innovatron, Picopass, Topaz Card<\/td>\n<\/tr>\n<tr>\n<td width=\"373\">\u00a0 Recursos NFC:<\/td>\n<\/tr>\n<tr>\n<td width=\"373\">Leitor\/gravador de cart\u00e3o inteligente, emula\u00e7\u00e3o de teclado, emula\u00e7\u00e3o de cart\u00e3o<\/td>\n<\/tr>\n<tr>\n<td width=\"225\">Atualiza\u00e7\u00e3o de firmware<\/td>\n<td width=\"373\">Suportado<\/td>\n<\/tr>\n<tr>\n<td colspan=\"2\" width=\"598\">Certifica\u00e7\u00f5es\/Conformidade<\/td>\n<\/tr>\n<tr>\n<td rowspan=\"4\" width=\"225\">Certifica\u00e7\u00f5es\/Conformidade<\/td>\n<td width=\"373\">Certifica\u00e7\u00f5es:<\/td>\n<\/tr>\n<tr>\n<td width=\"373\">IEC\/EN 62368, CE, UKCA, FCC, VCCI, KC, J-LIS, RoHS, REACH, WEEE, Microsoft\u00ae WHQL, IP67<\/td>\n<\/tr>\n<tr>\n<td width=\"373\">Conformidade:<\/td>\n<\/tr>\n<tr>\n<td width=\"373\">CCID USB, PC\/SC<\/td>\n<\/tr>\n<tr>\n<td colspan=\"2\" width=\"598\">Suporte ao sistema operacional de driver de dispositivo<\/td>\n<\/tr>\n<tr>\n<td width=\"225\">Suporte ao sistema operacional de driver de dispositivo<\/td>\n<td width=\"373\">Windows\u00ae, Linux\u00ae, macOS, Android\u2122, iOS\/iPadOS (16 ou superior)<\/td>\n<\/tr>\n<tr>\n<td><\/td>\n<td><\/td>\n<\/tr>\n<\/tbody>\n<\/table>","protected":false},"excerpt":{"rendered":"<p>O leitor de cart\u00e3o UID USB NFC AquaGuard ACR1552U-A2 \u00e9 um dispositivo robusto projetado para desempenho confi\u00e1vel em ambientes desafiadores.<\/p>","protected":false},"featured_media":2770,"template":"","meta":[],"product_brand":[],"product_cat":[45,40],"product_tag":[],"class_list":{"0":"post-2765","1":"product","2":"type-product","3":"status-publish","4":"has-post-thumbnail","6":"product_cat-contactless-nfc-reader","7":"product_cat-rfid-nfc-reader","9":"first","10":"instock","11":"shipping-taxable","12":"product-type-simple"},"_links":{"self":[{"href":"https:\/\/nfc-readers.com\/pt\/wp-json\/wp\/v2\/product\/2765","targetHints":{"allow":["GET"]}}],"collection":[{"href":"https:\/\/nfc-readers.com\/pt\/wp-json\/wp\/v2\/product"}],"about":[{"href":"https:\/\/nfc-readers.com\/pt\/wp-json\/wp\/v2\/types\/product"}],"wp:featuredmedia":[{"embeddable":true,"href":"https:\/\/nfc-readers.com\/pt\/wp-json\/wp\/v2\/media\/2770"}],"wp:attachment":[{"href":"https:\/\/nfc-readers.com\/pt\/wp-json\/wp\/v2\/media?parent=2765"}],"wp:term":[{"taxonomy":"product_brand","embeddable":true,"href":"https:\/\/nfc-readers.com\/pt\/wp-json\/wp\/v2\/product_brand?post=2765"},{"taxonomy":"product_cat","embeddable":true,"href":"https:\/\/nfc-readers.com\/pt\/wp-json\/wp\/v2\/product_cat?post=2765"},{"taxonomy":"product_tag","embeddable":true,"href":"https:\/\/nfc-readers.com\/pt\/wp-json\/wp\/v2\/product_tag?post=2765"}],"curies":[{"name":"wp","href":"https:\/\/api.w.org\/{rel}","templated":true}]}}