{"id":2780,"date":"2024-06-12T02:05:36","date_gmt":"2024-06-12T02:05:36","guid":{"rendered":"https:\/\/nfc-readers.com\/?post_type=product&#038;p=2780"},"modified":"2024-09-23T06:11:23","modified_gmt":"2024-09-23T06:11:23","slug":"acr40u-premium-high-speed-usb-contact-smartcard-reader-writer","status":"publish","type":"product","link":"https:\/\/nfc-readers.com\/pt\/ic-reader\/acr40u-premium-high-speed-usb-contact-smartcard-reader-writer\/","title":{"rendered":"ACR40U Premium de alta velocidade USB contato leitor de cart\u00e3o inteligente gravador"},"content":{"rendered":"<h1>ACR40U Premium de alta velocidade USB contato leitor de cart\u00e3o inteligente gravador<\/h1>\n<div class=\"auto-hide-last-sibling-br paragraph_1252f paragraph-element\">Apresentando o ACR40U, leitor de cart\u00e3o inteligente de contato USB de alta velocidade. Ele fornece suporte cont\u00ednuo para cart\u00f5es inteligentes ISO 7816 Classe A, B e C, cart\u00f5es microprocessados usando protocolos T = 0 e T = 1 e uma ampla variedade de cart\u00f5es de mem\u00f3ria dispon\u00edveis no mercado. O ACR40U possui luzes LED duplas que indicam o status do cart\u00e3o e do leitor. As principais melhorias incluem a op\u00e7\u00e3o de atualizar o firmware e salvar dados do usu\u00e1rio no dispositivo, atendendo a uma ampla variedade de cen\u00e1rios de aplica\u00e7\u00e3o. Ele tamb\u00e9m inclui um acess\u00f3rio de suporte que permite configura\u00e7\u00f5es variadas, incluindo orienta\u00e7\u00f5es verticais e horizontais. Aderindo aos padr\u00f5es CCID, PC\/SC e Microsoft\u00ae WHQL, o ACR40U garante integra\u00e7\u00e3o f\u00e1cil com v\u00e1rios sistemas operacionais, como Windows\u00ae, Linux\u00ae, macOS , iOS, iPadOS e Android\u2122. Suporta interfaces USB Tipo A e Tipo C, oferecendo op\u00e7\u00f5es de conectividade flex\u00edveis.<\/div>\n<div>\n<ul>\n<li>\n<h2>Interface USB 2.0 de velocidade total<\/h2>\n<\/li>\n<li>\n<h2>USB Tipo A<\/h2>\n<\/li>\n<li>\n<h2>Plug and Play \u2013 o suporte CCID traz m\u00e1xima mobilidade<\/h2>\n<\/li>\n<li>\n<h2>Leitor de cart\u00e3o inteligente:<\/h2>\n<ul>\n<li>\n<h3>Suporta placas ISO 7816 Classe A, B e C (5 V, 3 V, 1,8 V)<\/h3>\n<\/li>\n<li>\n<h3>Suporta CAC<\/h3>\n<\/li>\n<li>\n<h3>Suporta cart\u00e3o SIPRNET<\/h3>\n<\/li>\n<li>\n<h3>Suporta MyKad<\/h3>\n<\/li>\n<li>\n<h3>Suporta cart\u00e3o J-LIS<\/h3>\n<\/li>\n<li>\n<h3>Suporta placas microprocessadas com protocolo T=0 ou T=1<\/h3>\n<\/li>\n<li>\n<h3>Suporta cart\u00f5es de mem\u00f3ria<\/h3>\n<\/li>\n<li>\n<h3>Suporta PPS (sele\u00e7\u00e3o de protocolo e par\u00e2metros)<\/h3>\n<\/li>\n<li>\n<h3>Possui prote\u00e7\u00e3o contra curto-circuito<\/h3>\n<\/li>\n<\/ul>\n<\/li>\n<li>\n<h2>Interface de programa\u00e7\u00e3o de aplicativos:<\/h2>\n<ul>\n<li>\n<h3>Suporta PC\/SC<\/h3>\n<\/li>\n<li>\n<h3>Suporte CT-API<\/h3>\n<\/li>\n<\/ul>\n<\/li>\n<li>\n<h2>Suporta todos os principais sistemas operacionais<\/h2>\n<ul>\n<li>\n<h3>Windows\u00ae, Linux\u00ae, macOS, iOS, iPadOS, Android\u2122, Solaris\u2122<\/h3>\n<\/li>\n<\/ul>\n<\/li>\n<\/ul>\n<table width=\"606\">\n<tbody>\n<tr>\n<td colspan=\"2\" width=\"606\">Caracter\u00edsticas f\u00edsicas<\/td>\n<\/tr>\n<tr>\n<td width=\"211\">Dimens\u00f5es (mm)<\/td>\n<td width=\"395\">62,5 mm (C) \u00d7 67,6 mm (L) \u00d7 58,5 mm (A)<\/td>\n<\/tr>\n<tr>\n<td width=\"211\">Peso (g)<\/td>\n<td width=\"395\">40,0g \u00b1 5,0g<\/td>\n<\/tr>\n<tr>\n<td colspan=\"2\" width=\"606\">Interface USB<\/td>\n<\/tr>\n<tr>\n<td width=\"211\">Protocolo<\/td>\n<td width=\"395\">IDCC USB<\/td>\n<\/tr>\n<tr>\n<td width=\"211\">Tipo de conector<\/td>\n<td width=\"395\">Padr\u00e3o Tipo A, Tipo C<\/td>\n<\/tr>\n<tr>\n<td width=\"211\">Fonte de energia<\/td>\n<td width=\"395\">Da porta USB<\/td>\n<\/tr>\n<tr>\n<td width=\"211\">Velocidade<\/td>\n<td width=\"395\">Velocidade total USB 2.0 (12 Mbps)<\/td>\n<\/tr>\n<tr>\n<td width=\"211\">Comprimento do cabo<\/td>\n<td width=\"395\">1m, Fixo<\/td>\n<\/tr>\n<tr>\n<td colspan=\"2\" width=\"606\">Interface de cart\u00e3o inteligente de contato<\/td>\n<\/tr>\n<tr>\n<td width=\"211\">N\u00famero de slots<\/td>\n<td width=\"395\">1 slot para cart\u00e3o de tamanho normal<\/td>\n<\/tr>\n<tr>\n<td width=\"211\">Padr\u00e3o<\/td>\n<td width=\"395\">ISO 7816 Partes 1-4, Classe A, B, C (5 V, 3 V, 1,8 V)<\/td>\n<\/tr>\n<tr>\n<td width=\"211\">Protocolo<\/td>\n<td width=\"395\">T=0; T=1; Suporte para cart\u00e3o de mem\u00f3ria<\/td>\n<\/tr>\n<tr>\n<td width=\"211\">Outros<\/td>\n<td width=\"395\">Cart\u00e3o Mykad, CAC, J-LIS, SIPRNET<\/td>\n<\/tr>\n<tr>\n<td colspan=\"2\" width=\"606\">Certifica\u00e7\u00f5es\/Conformidade<\/td>\n<\/tr>\n<tr>\n<td width=\"211\">Certifica\u00e7\u00f5es\/Conformidade<\/td>\n<td width=\"395\">EN62368\/IEC 62368 CE FCC RoHS REACH EMV\u2122 N\u00edvel 1 (Contato) UL 62368 J-LIS KC PBOC N\u00edvel 1 (Contato) TAA UKCA UL VCCI WEEE USB 2.0 Full Speed Microsoft\u00ae WHQL<\/td>\n<\/tr>\n<tr>\n<td colspan=\"2\" width=\"606\">Suporte ao sistema operacional de driver de dispositivo<\/td>\n<\/tr>\n<tr>\n<td width=\"211\">Suporte ao sistema operacional de driver de dispositivo<\/td>\n<td width=\"395\">Windows\u00ae Linux\u00ae macOS IOS iPadOS Android\u2122 Solaris\u2122<\/td>\n<\/tr>\n<tr>\n<td><\/td>\n<td><\/td>\n<\/tr>\n<\/tbody>\n<\/table>\n<\/div>","protected":false},"excerpt":{"rendered":"<div class=\"auto-hide-last-sibling-br paragraph_1252f paragraph-element\">O ACR40U \u00e9 um leitor de cart\u00e3o EMV PBOC compacto que suporta v\u00e1rios cart\u00f5es inteligentes e oferece op\u00e7\u00f5es de conectividade flex\u00edveis.<\/div>","protected":false},"featured_media":2783,"template":"","meta":[],"product_brand":[],"product_cat":[39],"product_tag":[],"class_list":{"0":"post-2780","1":"product","2":"type-product","3":"status-publish","4":"has-post-thumbnail","6":"product_cat-usb-ic-smartcard-reader","8":"first","9":"instock","10":"shipping-taxable","11":"product-type-simple"},"_links":{"self":[{"href":"https:\/\/nfc-readers.com\/pt\/wp-json\/wp\/v2\/product\/2780","targetHints":{"allow":["GET"]}}],"collection":[{"href":"https:\/\/nfc-readers.com\/pt\/wp-json\/wp\/v2\/product"}],"about":[{"href":"https:\/\/nfc-readers.com\/pt\/wp-json\/wp\/v2\/types\/product"}],"wp:featuredmedia":[{"embeddable":true,"href":"https:\/\/nfc-readers.com\/pt\/wp-json\/wp\/v2\/media\/2783"}],"wp:attachment":[{"href":"https:\/\/nfc-readers.com\/pt\/wp-json\/wp\/v2\/media?parent=2780"}],"wp:term":[{"taxonomy":"product_brand","embeddable":true,"href":"https:\/\/nfc-readers.com\/pt\/wp-json\/wp\/v2\/product_brand?post=2780"},{"taxonomy":"product_cat","embeddable":true,"href":"https:\/\/nfc-readers.com\/pt\/wp-json\/wp\/v2\/product_cat?post=2780"},{"taxonomy":"product_tag","embeddable":true,"href":"https:\/\/nfc-readers.com\/pt\/wp-json\/wp\/v2\/product_tag?post=2780"}],"curies":[{"name":"wp","href":"https:\/\/api.w.org\/{rel}","templated":true}]}}