{"id":2784,"date":"2024-06-12T02:17:57","date_gmt":"2024-06-12T02:17:57","guid":{"rendered":"https:\/\/nfc-readers.com\/?post_type=product&#038;p=2784"},"modified":"2024-09-23T06:09:10","modified_gmt":"2024-09-23T06:09:10","slug":"acr40t-premium-high-speed-usb-contact-sim-sized-smartcard-reader-writer","status":"publish","type":"product","link":"https:\/\/nfc-readers.com\/pt\/ic-reader\/acr40t-premium-high-speed-usb-contact-sim-sized-smartcard-reader-writer\/","title":{"rendered":"ACR40T Premium de alta velocidade USB contato leitor de cart\u00e3o inteligente gravador de tamanho SIM"},"content":{"rendered":"<h1>ACR40T Premium de alta velocidade USB contato leitor de cart\u00e3o inteligente gravador de tamanho SIM<\/h1>\n<div class=\"auto-hide-last-sibling-br paragraph_1252f paragraph-element\">Apresentando o ACR40T, o mais recente leitor de cart\u00e3o inteligente compacto de alta velocidade com contato USB do tamanho de SIM. Ele suporta atualiza\u00e7\u00f5es de firmware e \u00e9 compat\u00edvel com cart\u00f5es inteligentes ISO 7816 Classe A, B e C (5 V, 3 V, 1,8 V), placas microprocessadas com protocolos T=0 e T=1 e uma ampla gama de cart\u00f5es de mem\u00f3ria dispon\u00edveis no mercado.<\/div>\n<div class=\"auto-hide-last-sibling-br paragraph_1252f paragraph-element\">Combinando tecnologia avan\u00e7ada e inovadora, a vantagem distintiva do ACR40T \u00e9 seu design compacto e slot deslizante de entrada de cart\u00e3o inteligente para uma experi\u00eancia suave e descomplicada. O design premium do ACR40T-A6\/A7 inclui um bot\u00e3o integrado para aplica\u00e7\u00f5es espec\u00edficas, um recurso crucial para validar a presen\u00e7a do usu\u00e1rio, garantindo que o usu\u00e1rio esteja fisicamente presente para interagir com o aplicativo. Aderindo aos padr\u00f5es CCID e PC\/SC, bem como aos padr\u00f5es Microsoft\u00ae WHQL, o ACR40T \u00e9 compat\u00edvel com v\u00e1rios sistemas operacionais, como Windows\u00ae, Linux\u00ae, macOS, Android\u2122. Ele acomoda conex\u00f5es USB Tipo A e USB Tipo C.<\/div>\n<div>\n<ul>\n<li>\n<h2><strong>Suporta v\u00e1rios tipos de cart\u00f5es de contato<\/strong><\/h2>\n<ul>\n<li>\n<h3>ISO 7816 Classe A, B e C (5 V, 3 V e 1,8 V)<\/h3>\n<\/li>\n<li>\n<h3>Cart\u00e3o Microprocessador (T=0, T=1)<\/h3>\n<\/li>\n<li>\n<h3>Cart\u00e3o de mem\u00f3ria<\/h3>\n<\/li>\n<li>\n<h3>Possui prote\u00e7\u00e3o contra curto-circuito<\/h3>\n<\/li>\n<\/ul>\n<\/li>\n<li>\n<h2><strong>Interface de programa\u00e7\u00e3o de aplicativos:<\/strong><\/h2>\n<ul>\n<li>\n<h3>Suporta PC\/SC<\/h3>\n<\/li>\n<\/ul>\n<\/li>\n<li>\n<h2><strong>Perif\u00e9ricos integrados<\/strong><\/h2>\n<ul>\n<li>\n<h3>1 x LED program\u00e1vel (verde)<\/h3>\n<\/li>\n<li>\n<h3>1 x bot\u00e3o embutido<\/h3>\n<\/li>\n<\/ul>\n<\/li>\n<\/ul>\n<table width=\"560\">\n<tbody>\n<tr>\n<td colspan=\"2\" width=\"560\">Caracter\u00edsticas f\u00edsicas<\/td>\n<\/tr>\n<tr>\n<td rowspan=\"2\" width=\"197\">Dimens\u00f5es (mm)<\/td>\n<td width=\"363\">ACR40T-A6: 49,5 mm (C) \u00d7 17,7 mm (L) \u00d7 8,0 mm (A)<\/td>\n<\/tr>\n<tr>\n<td width=\"363\">ACR40T-A7: 45,9 mm (C) \u00d7 17,7 mm (L) \u00d7 8,0 mm (A)<\/td>\n<\/tr>\n<tr>\n<td rowspan=\"2\" width=\"197\">Peso (g)<\/td>\n<td width=\"363\">ACR40T-A6: 8,1g \u00b1 1,0g<\/td>\n<\/tr>\n<tr>\n<td width=\"363\">ACR40T-A7: 6,2g \u00b1 1,0g<\/td>\n<\/tr>\n<tr>\n<td colspan=\"2\" width=\"560\">Interface USB<\/td>\n<\/tr>\n<tr>\n<td width=\"197\">Protocolo<\/td>\n<td width=\"363\">IDCC USB<\/td>\n<\/tr>\n<tr>\n<td rowspan=\"2\" width=\"197\">Tipo de conector<\/td>\n<td width=\"363\">USB tipo A<\/td>\n<\/tr>\n<tr>\n<td width=\"363\">USB tipo C<\/td>\n<\/tr>\n<tr>\n<td width=\"197\">Fonte de energia<\/td>\n<td width=\"363\">Da porta USB<\/td>\n<\/tr>\n<tr>\n<td width=\"197\">Velocidade<\/td>\n<td width=\"363\">Velocidade total USB (12 Mbps)<\/td>\n<\/tr>\n<tr>\n<td colspan=\"2\" width=\"560\">Interface de cart\u00e3o inteligente de contato<\/td>\n<\/tr>\n<tr>\n<td width=\"197\">N\u00famero de slots<\/td>\n<td width=\"363\">1 slot para cart\u00e3o do tamanho SIM (2FF)<\/td>\n<\/tr>\n<tr>\n<td width=\"197\">Protocolo<\/td>\n<td width=\"363\">T=0; T=1<\/td>\n<\/tr>\n<tr>\n<td colspan=\"2\" width=\"560\">Perif\u00e9ricos integrados<\/td>\n<\/tr>\n<tr>\n<td width=\"197\">Bot\u00f5es<\/td>\n<td width=\"363\">1<\/td>\n<\/tr>\n<tr>\n<td width=\"197\">LIDERADO<\/td>\n<td width=\"363\">Verde<\/td>\n<\/tr>\n<tr>\n<td colspan=\"2\" width=\"560\">Outras caracter\u00edsticas<\/td>\n<\/tr>\n<tr>\n<td width=\"197\">Outras caracter\u00edsticas<\/td>\n<td width=\"363\">Suporta atualiza\u00e7\u00e3o de firmware<\/td>\n<\/tr>\n<tr>\n<td colspan=\"2\" width=\"560\">Certifica\u00e7\u00f5es\/Conformidade<\/td>\n<\/tr>\n<tr>\n<td rowspan=\"12\" width=\"197\">Certifica\u00e7\u00f5es\/Conformidade<\/td>\n<td width=\"363\">Certifica\u00e7\u00f5es:<\/td>\n<\/tr>\n<tr>\n<td width=\"363\">UL 62368<\/td>\n<\/tr>\n<tr>\n<td width=\"363\">CE<\/td>\n<\/tr>\n<tr>\n<td width=\"363\">UKCA<\/td>\n<\/tr>\n<tr>\n<td width=\"363\">FCC<\/td>\n<\/tr>\n<tr>\n<td width=\"363\">RoHS<\/td>\n<\/tr>\n<tr>\n<td width=\"363\">ALCAN\u00c7AR<\/td>\n<\/tr>\n<tr>\n<td width=\"363\">VCCI<\/td>\n<\/tr>\n<tr>\n<td width=\"363\">Microsoft\u00aeWHQL<\/td>\n<\/tr>\n<tr>\n<td width=\"363\">Conformidades:<\/td>\n<\/tr>\n<tr>\n<td width=\"363\">IDCC USB<\/td>\n<\/tr>\n<tr>\n<td width=\"363\">PC\/SC<\/td>\n<\/tr>\n<tr>\n<td colspan=\"2\" width=\"560\">Suporte ao sistema operacional de driver de dispositivo<\/td>\n<\/tr>\n<tr>\n<td rowspan=\"4\" width=\"197\">Suporte ao sistema operacional de driver de dispositivo<\/td>\n<td width=\"363\">Windows\u00ae<\/td>\n<\/tr>\n<tr>\n<td width=\"363\">Linux\u00ae<\/td>\n<\/tr>\n<tr>\n<td width=\"363\">Mac OS<\/td>\n<\/tr>\n<tr>\n<td width=\"363\">Android\u2122<\/td>\n<\/tr>\n<\/tbody>\n<\/table>\n<\/div>","protected":false},"excerpt":{"rendered":"<div class=\"auto-hide-last-sibling-br paragraph_1252f paragraph-element\">O ACR40T \u00e9 um leitor de cart\u00e3o inteligente CCID compacto que suporta v\u00e1rios cart\u00f5es inteligentes e \u00e9 compat\u00edvel com v\u00e1rios sistemas operacionais.<\/div>","protected":false},"featured_media":2785,"template":"","meta":[],"product_brand":[],"product_cat":[39],"product_tag":[],"class_list":{"0":"post-2784","1":"product","2":"type-product","3":"status-publish","4":"has-post-thumbnail","6":"product_cat-usb-ic-smartcard-reader","8":"first","9":"instock","10":"shipping-taxable","11":"product-type-simple"},"_links":{"self":[{"href":"https:\/\/nfc-readers.com\/pt\/wp-json\/wp\/v2\/product\/2784","targetHints":{"allow":["GET"]}}],"collection":[{"href":"https:\/\/nfc-readers.com\/pt\/wp-json\/wp\/v2\/product"}],"about":[{"href":"https:\/\/nfc-readers.com\/pt\/wp-json\/wp\/v2\/types\/product"}],"wp:featuredmedia":[{"embeddable":true,"href":"https:\/\/nfc-readers.com\/pt\/wp-json\/wp\/v2\/media\/2785"}],"wp:attachment":[{"href":"https:\/\/nfc-readers.com\/pt\/wp-json\/wp\/v2\/media?parent=2784"}],"wp:term":[{"taxonomy":"product_brand","embeddable":true,"href":"https:\/\/nfc-readers.com\/pt\/wp-json\/wp\/v2\/product_brand?post=2784"},{"taxonomy":"product_cat","embeddable":true,"href":"https:\/\/nfc-readers.com\/pt\/wp-json\/wp\/v2\/product_cat?post=2784"},{"taxonomy":"product_tag","embeddable":true,"href":"https:\/\/nfc-readers.com\/pt\/wp-json\/wp\/v2\/product_tag?post=2784"}],"curies":[{"name":"wp","href":"https:\/\/api.w.org\/{rel}","templated":true}]}}