{"id":2811,"date":"2024-06-19T06:28:23","date_gmt":"2024-06-19T06:28:23","guid":{"rendered":"https:\/\/nfc-readers.com\/?post_type=product&#038;p=2811"},"modified":"2024-09-23T05:57:05","modified_gmt":"2024-09-23T05:57:05","slug":"acr39t-a1-usb-contact-sim-sized-smartcard-reader-writer","status":"publish","type":"product","link":"https:\/\/nfc-readers.com\/pt\/ic-reader\/acr39t-a1-usb-contact-sim-sized-smartcard-reader-writer\/","title":{"rendered":"Leitor e gravador de cart\u00e3o inteligente de tamanho SIM com contato USB ACR39T-A1"},"content":{"rendered":"<h1>Leitor e gravador de cart\u00e3o inteligente de tamanho SIM com contato USB ACR39T-A1<\/h1>\n<p>O ACR39T-A1 \u00e9 uma inova\u00e7\u00e3o revolucion\u00e1ria no campo dos leitores de cart\u00e3o inteligente. Embora tenha um formato pequeno, do tamanho de um SIM, ele n\u00e3o compromete suas capacidades ricas em recursos. Ele combina perfeitamente tecnologia de ponta com um design elegante e contempor\u00e2neo para atender \u00e0s rigorosas demandas de v\u00e1rias aplica\u00e7\u00f5es relacionadas a cart\u00e3o inteligente.<\/p>\n<ul>\n<li>\n<h2>Interface USB 2.0 de velocidade total<\/h2>\n<\/li>\n<li>\n<h2>Compat\u00edvel com USB 3.0<\/h2>\n<\/li>\n<li>\n<h2>Plug and Play \u2013 o suporte CCID traz m\u00e1xima mobilidade<\/h2>\n<\/li>\n<li>\n<h2>Leitor de cart\u00e3o inteligente:<\/h2>\n<ul>\n<li>\n<h3>Suporta placas ISO 7816 Classe A, B e C (5 V, 3 V, 1,8 V)<\/h3>\n<\/li>\n<li>\n<h3>Suporta placas microprocessadas com protocolo T=0 ou T=1<\/h3>\n<\/li>\n<li>\n<h3>Suporta cart\u00f5es de mem\u00f3ria<\/h3>\n<\/li>\n<li>\n<h3>Suporta PPS (sele\u00e7\u00e3o de protocolo e par\u00e2metros)<\/h3>\n<\/li>\n<li>\n<h3>Possui prote\u00e7\u00e3o contra curto-circuito<\/h3>\n<\/li>\n<\/ul>\n<\/li>\n<li>\n<h2>Interface de programa\u00e7\u00e3o de aplicativos:<\/h2>\n<ul>\n<li>\n<h3>Suporta PC\/SC<\/h3>\n<\/li>\n<li>\n<h3>Suporta CT-API (atrav\u00e9s de wrapper em cima de PC\/SC)<\/h3>\n<\/li>\n<\/ul>\n<\/li>\n<li>\n<h2>Suporta Android\u2122 3.1 e posterior<\/h2>\n<\/li>\n<\/ul>\n<table width=\"527\">\n<tbody>\n<tr>\n<td colspan=\"2\" width=\"527\">Caracter\u00edsticas f\u00edsicas<\/td>\n<\/tr>\n<tr>\n<td width=\"203\">Dimens\u00f5es (mm)<\/td>\n<td width=\"324\">49,5 mm (C) x 21,5 mm (L) x 9,0 mm (A)<\/td>\n<\/tr>\n<tr>\n<td width=\"203\">Peso (g)<\/td>\n<td width=\"324\">8,5 g<\/td>\n<\/tr>\n<tr>\n<td colspan=\"2\" width=\"527\">Interface USB<\/td>\n<\/tr>\n<tr>\n<td width=\"203\">Protocolo<\/td>\n<td width=\"324\">IDCC USB<\/td>\n<\/tr>\n<tr>\n<td width=\"203\">Tipo de conector<\/td>\n<td width=\"324\">Padr\u00e3o Tipo A<\/td>\n<\/tr>\n<tr>\n<td width=\"203\">Fonte de energia<\/td>\n<td width=\"324\">Da porta USB<\/td>\n<\/tr>\n<tr>\n<td width=\"203\">Velocidade<\/td>\n<td width=\"324\">Velocidade total USB (12 Mbps)<\/td>\n<\/tr>\n<tr>\n<td colspan=\"2\" width=\"527\">Interface de cart\u00e3o inteligente de contato<\/td>\n<\/tr>\n<tr>\n<td width=\"203\">N\u00famero de slots<\/td>\n<td width=\"324\">1 slot para cart\u00e3o SIM padr\u00e3o<\/td>\n<\/tr>\n<tr>\n<td width=\"203\">Padr\u00e3o<\/td>\n<td width=\"324\">ISO 7816 Partes 1-4, Classe A, B, C (5 V, 3 V, 1,8 V)<\/td>\n<\/tr>\n<tr>\n<td width=\"203\">Protocolo<\/td>\n<td width=\"324\">T=0; T=1; Suporte para cart\u00e3o de mem\u00f3ria<\/td>\n<\/tr>\n<tr>\n<td colspan=\"2\" width=\"527\">Certifica\u00e7\u00f5es\/Conformidade<\/td>\n<\/tr>\n<tr>\n<td rowspan=\"13\" width=\"203\">Certifica\u00e7\u00f5es\/Conformidade<\/td>\n<td width=\"324\">EN62368\/IEC 62368<\/td>\n<\/tr>\n<tr>\n<td width=\"324\">CE<\/td>\n<\/tr>\n<tr>\n<td width=\"324\">FCC<\/td>\n<\/tr>\n<tr>\n<td width=\"324\">RoHS<\/td>\n<\/tr>\n<tr>\n<td width=\"324\">ALCAN\u00c7AR<\/td>\n<\/tr>\n<tr>\n<td width=\"324\">UKCA<\/td>\n<\/tr>\n<tr>\n<td width=\"324\">VCCI<\/td>\n<\/tr>\n<tr>\n<td width=\"324\">REEE<\/td>\n<\/tr>\n<tr>\n<td width=\"324\">ISO 7816<\/td>\n<\/tr>\n<tr>\n<td width=\"324\">Velocidade total USB 2.0<\/td>\n<\/tr>\n<tr>\n<td width=\"324\">PC\/SC<\/td>\n<\/tr>\n<tr>\n<td width=\"324\">CCID<\/td>\n<\/tr>\n<tr>\n<td width=\"324\">Microsoft\u00aeWHQL<\/td>\n<\/tr>\n<tr>\n<td colspan=\"2\" width=\"527\">Suporte ao sistema operacional de driver de dispositivo<\/td>\n<\/tr>\n<tr>\n<td rowspan=\"5\" width=\"203\">Suporte ao sistema operacional de driver de dispositivo<\/td>\n<td width=\"324\">Windows\u00ae<\/td>\n<\/tr>\n<tr>\n<td width=\"324\">Linux\u00ae<\/td>\n<\/tr>\n<tr>\n<td width=\"324\">macOS\u00ae<\/td>\n<\/tr>\n<tr>\n<td width=\"324\">Solaris\u00ae<\/td>\n<\/tr>\n<tr>\n<td width=\"324\">Android\u2122<\/td>\n<\/tr>\n<tr>\n<td><\/td>\n<td><\/td>\n<\/tr>\n<\/tbody>\n<\/table>","protected":false},"excerpt":{"rendered":"<div class=\"auto-hide-last-sibling-br paragraph_9dc5f paragraph-element\">O ACR39T-A1 \u00e9 um leitor de cart\u00e3o pcsc ccid compacto que combina tecnologia avan\u00e7ada com um design moderno para aplica\u00e7\u00f5es vers\u00e1teis de cart\u00e3o inteligente.<\/div>","protected":false},"featured_media":2812,"template":"","meta":[],"product_brand":[],"product_cat":[39],"product_tag":[],"class_list":{"0":"post-2811","1":"product","2":"type-product","3":"status-publish","4":"has-post-thumbnail","6":"product_cat-usb-ic-smartcard-reader","8":"first","9":"instock","10":"shipping-taxable","11":"product-type-simple"},"_links":{"self":[{"href":"https:\/\/nfc-readers.com\/pt\/wp-json\/wp\/v2\/product\/2811","targetHints":{"allow":["GET"]}}],"collection":[{"href":"https:\/\/nfc-readers.com\/pt\/wp-json\/wp\/v2\/product"}],"about":[{"href":"https:\/\/nfc-readers.com\/pt\/wp-json\/wp\/v2\/types\/product"}],"wp:featuredmedia":[{"embeddable":true,"href":"https:\/\/nfc-readers.com\/pt\/wp-json\/wp\/v2\/media\/2812"}],"wp:attachment":[{"href":"https:\/\/nfc-readers.com\/pt\/wp-json\/wp\/v2\/media?parent=2811"}],"wp:term":[{"taxonomy":"product_brand","embeddable":true,"href":"https:\/\/nfc-readers.com\/pt\/wp-json\/wp\/v2\/product_brand?post=2811"},{"taxonomy":"product_cat","embeddable":true,"href":"https:\/\/nfc-readers.com\/pt\/wp-json\/wp\/v2\/product_cat?post=2811"},{"taxonomy":"product_tag","embeddable":true,"href":"https:\/\/nfc-readers.com\/pt\/wp-json\/wp\/v2\/product_tag?post=2811"}],"curies":[{"name":"wp","href":"https:\/\/api.w.org\/{rel}","templated":true}]}}