{"id":2815,"date":"2024-06-19T06:35:44","date_gmt":"2024-06-19T06:35:44","guid":{"rendered":"https:\/\/nfc-readers.com\/?post_type=product&#038;p=2815"},"modified":"2024-09-23T05:48:48","modified_gmt":"2024-09-23T05:48:48","slug":"acr39u-h1-high-speed-usb-contact-smartcard-reader-writer","status":"publish","type":"product","link":"https:\/\/nfc-readers.com\/pt\/ic-reader\/acr39u-h1-high-speed-usb-contact-smartcard-reader-writer\/","title":{"rendered":"ACR39U-H1 Leitor e gravador de cart\u00e3o inteligente USB de alta velocidade"},"content":{"rendered":"<h1>ACR39U-H1 Leitor e gravador de cart\u00e3o inteligente USB de alta velocidade<\/h1>\n<p>O ACR39U-H1 \u00e9 um leitor de cart\u00e3o inteligente vers\u00e1til que suporta cart\u00f5es inteligentes ISO 7816 Classe A, B e C (5 V, 3 V e 1,8 V), cart\u00f5es de microprocessador com o protocolo T=0 ou T=1 e cart\u00f5es de mem\u00f3ria. Notavelmente, ele tamb\u00e9m \u00e9 compat\u00edvel com o Cart\u00e3o de Identidade da Mal\u00e1sia (Mykad). Ele possui uma interface USB de velocidade m\u00e1xima e possui uma velocidade de leitura\/grava\u00e7\u00e3o de cart\u00e3o inteligente de at\u00e9 600 Kbps. O ACR39U-H1 \u00e9 incrivelmente dur\u00e1vel, com uma vida \u00fatil de 200.000 ciclos de inser\u00e7\u00e3o de cart\u00e3o. Ele possui v\u00e1rias certifica\u00e7\u00f5es, incluindo EMV\u2122 N\u00edvel 1 (Contato) e PBOC (Banco Popular da China), tornando-o o leitor de cart\u00e3o inteligente perfeito para seus aplicativos de e-Banking e e-Payment.<\/p>\n<ul>\n<li>\n<h2>Interface USB de velocidade total<\/h2>\n<\/li>\n<li>\n<h2>Compat\u00edvel com USB 3.0<\/h2>\n<\/li>\n<li>\n<h2>Conector USB Tipo A<\/h2>\n<\/li>\n<li>\n<h2>Plug and Play \u2013 o suporte CCID traz m\u00e1xima mobilidade<\/h2>\n<\/li>\n<li>\n<h2>Leitor de cart\u00e3o inteligente:<\/h2>\n<ul>\n<li>\n<h3>Interface de contato:<\/h3>\n<ul>\n<li>Suporta placas ISO 7816 Classe A, B e C (5 V, 3 V, 1,8 V)<\/li>\n<li>Suporta CAC (cart\u00e3o de acesso comum)<\/li>\n<li>Suporta cart\u00e3o SIPRNET<\/li>\n<li>Suporta placas microprocessadas com protocolo T=0 ou T=1<\/li>\n<li>Suporta cart\u00f5es de mem\u00f3ria<\/li>\n<li>Suporta cart\u00e3o Mykad<\/li>\n<li>Suporta PPS (sele\u00e7\u00e3o de protocolo e par\u00e2metros)<\/li>\n<li>Possui prote\u00e7\u00e3o contra curto-circuito<\/li>\n<\/ul>\n<\/li>\n<\/ul>\n<\/li>\n<li>\n<h2>Interface de programa\u00e7\u00e3o de aplicativos:<\/h2>\n<ul>\n<li>\n<h3>Suporta PC\/SC<\/h3>\n<\/li>\n<li>\n<h3>Suporta CT-API (atrav\u00e9s de wrapper em cima de PC\/SC)<\/h3>\n<\/li>\n<\/ul>\n<\/li>\n<li>\n<h2>Suporta Android\u2122 3.1 e posterior<\/h2>\n<\/li>\n<\/ul>\n<table width=\"478\">\n<tbody>\n<tr>\n<td colspan=\"2\" width=\"478\">Caracter\u00edsticas f\u00edsicas<\/td>\n<\/tr>\n<tr>\n<td width=\"237\">Dimens\u00f5es (mm)<\/td>\n<td width=\"241\">71,5 mm (C) x 80,0 mm (L) x 80,0 mm (A)<\/td>\n<\/tr>\n<tr>\n<td width=\"237\">Peso (g)<\/td>\n<td width=\"241\">174 g<\/td>\n<\/tr>\n<tr>\n<td colspan=\"2\" width=\"478\">Modo aut\u00f4nomo<\/td>\n<\/tr>\n<tr>\n<td width=\"237\">Sistema operacional<\/td>\n<td width=\"241\">1 slot para cart\u00e3o de tamanho normal<\/td>\n<\/tr>\n<tr>\n<td colspan=\"2\" width=\"478\">Interface USB<\/td>\n<\/tr>\n<tr>\n<td width=\"237\">Protocolo<\/td>\n<td width=\"241\">IDCC USB<\/td>\n<\/tr>\n<tr>\n<td width=\"237\">Tipo de conector<\/td>\n<td width=\"241\">Padr\u00e3o Tipo-A<\/td>\n<\/tr>\n<tr>\n<td width=\"237\">Fonte de energia<\/td>\n<td width=\"241\">Da porta USB<\/td>\n<\/tr>\n<tr>\n<td width=\"237\">Velocidade<\/td>\n<td width=\"241\">Velocidade total USB 2.0 (12 Mbps)<\/td>\n<\/tr>\n<tr>\n<td width=\"237\">Comprimento do cabo<\/td>\n<td width=\"241\">1,5 m, Fixo<\/td>\n<\/tr>\n<tr>\n<td colspan=\"2\" width=\"478\">Interface de cart\u00e3o inteligente de contato<\/td>\n<\/tr>\n<tr>\n<td width=\"237\">N\u00famero de slots<\/td>\n<td width=\"241\">1 slot para cart\u00e3o de tamanho normal<\/td>\n<\/tr>\n<tr>\n<td width=\"237\">Padr\u00e3o<\/td>\n<td width=\"241\">ISO 7816 Partes 1-4, Classe A, B, C (5 V, 3 V, 1,8 V)<\/td>\n<\/tr>\n<tr>\n<td width=\"237\">Protocolo<\/td>\n<td width=\"241\">T=0; T=1; Suporte para cart\u00e3o de mem\u00f3ria<\/td>\n<\/tr>\n<tr>\n<td width=\"237\">Outros<\/td>\n<td width=\"241\">Cart\u00e3o Mykad, CAC, PIV, cart\u00f5es inteligentes SIPRNET<\/td>\n<\/tr>\n<tr>\n<td colspan=\"2\" width=\"478\">Certifica\u00e7\u00f5es\/Conformidade<\/td>\n<\/tr>\n<tr>\n<td rowspan=\"17\" width=\"237\">Certifica\u00e7\u00f5es\/Conformidade<\/td>\n<td width=\"241\">EN62368\/IEC 62368<\/td>\n<\/tr>\n<tr>\n<td width=\"241\">CE<\/td>\n<\/tr>\n<tr>\n<td width=\"241\">FCC<\/td>\n<\/tr>\n<tr>\n<td width=\"241\">RoHS<\/td>\n<\/tr>\n<tr>\n<td width=\"241\">ALCAN\u00c7AR<\/td>\n<\/tr>\n<tr>\n<td width=\"241\">EMV\u2122 N\u00edvel 1 (Contato)<\/td>\n<\/tr>\n<tr>\n<td width=\"241\">CCK<\/td>\n<\/tr>\n<tr>\n<td width=\"241\">PBOC<\/td>\n<\/tr>\n<tr>\n<td width=\"241\">TAA (EUA)<\/td>\n<\/tr>\n<tr>\n<td width=\"241\">UKCA<\/td>\n<\/tr>\n<tr>\n<td width=\"241\">VCCI<\/td>\n<\/tr>\n<tr>\n<td width=\"241\">REEE<\/td>\n<\/tr>\n<tr>\n<td width=\"241\">ISO 7816<\/td>\n<\/tr>\n<tr>\n<td width=\"241\">Velocidade total USB 2.0<\/td>\n<\/tr>\n<tr>\n<td width=\"241\">PC\/SC<\/td>\n<\/tr>\n<tr>\n<td width=\"241\">CCID<\/td>\n<\/tr>\n<tr>\n<td width=\"241\">Microsoft\u00aeWHQL<\/td>\n<\/tr>\n<tr>\n<td colspan=\"2\" width=\"478\">Suporte ao sistema operacional de driver de dispositivo<\/td>\n<\/tr>\n<tr>\n<td rowspan=\"5\" width=\"237\">Suporte ao sistema operacional de driver de dispositivo<\/td>\n<td width=\"241\">Windows\u00ae<\/td>\n<\/tr>\n<tr>\n<td width=\"241\">Linux\u00ae<\/td>\n<\/tr>\n<tr>\n<td width=\"241\">macOS\u00ae<\/td>\n<\/tr>\n<tr>\n<td width=\"241\">Solaris\u00ae<\/td>\n<\/tr>\n<tr>\n<td width=\"241\">Android\u2122<\/td>\n<\/tr>\n<tr>\n<td><\/td>\n<td><\/td>\n<\/tr>\n<\/tbody>\n<\/table>","protected":false},"excerpt":{"rendered":"<p>O ACR39U-H1 \u00e9 um leitor de cart\u00e3o EMV PBOC de f\u00e1cil utiliza\u00e7\u00e3o, projetado para diversas aplica\u00e7\u00f5es, incluindo governo eletr\u00f4nico e controle de acesso.<\/p>","protected":false},"featured_media":2816,"template":"","meta":[],"product_brand":[],"product_cat":[39],"product_tag":[],"class_list":{"0":"post-2815","1":"product","2":"type-product","3":"status-publish","4":"has-post-thumbnail","6":"product_cat-usb-ic-smartcard-reader","8":"first","9":"instock","10":"shipping-taxable","11":"product-type-simple"},"_links":{"self":[{"href":"https:\/\/nfc-readers.com\/pt\/wp-json\/wp\/v2\/product\/2815","targetHints":{"allow":["GET"]}}],"collection":[{"href":"https:\/\/nfc-readers.com\/pt\/wp-json\/wp\/v2\/product"}],"about":[{"href":"https:\/\/nfc-readers.com\/pt\/wp-json\/wp\/v2\/types\/product"}],"wp:featuredmedia":[{"embeddable":true,"href":"https:\/\/nfc-readers.com\/pt\/wp-json\/wp\/v2\/media\/2816"}],"wp:attachment":[{"href":"https:\/\/nfc-readers.com\/pt\/wp-json\/wp\/v2\/media?parent=2815"}],"wp:term":[{"taxonomy":"product_brand","embeddable":true,"href":"https:\/\/nfc-readers.com\/pt\/wp-json\/wp\/v2\/product_brand?post=2815"},{"taxonomy":"product_cat","embeddable":true,"href":"https:\/\/nfc-readers.com\/pt\/wp-json\/wp\/v2\/product_cat?post=2815"},{"taxonomy":"product_tag","embeddable":true,"href":"https:\/\/nfc-readers.com\/pt\/wp-json\/wp\/v2\/product_tag?post=2815"}],"curies":[{"name":"wp","href":"https:\/\/api.w.org\/{rel}","templated":true}]}}