{"id":2875,"date":"2024-07-02T01:48:57","date_gmt":"2024-07-02T01:48:57","guid":{"rendered":"https:\/\/nfc-readers.com\/?post_type=product&#038;p=2875"},"modified":"2024-09-23T05:44:47","modified_gmt":"2024-09-23T05:44:47","slug":"acr39t-a5-usb-type-c-contact-sim-sized-smartcard-reader-writer","status":"publish","type":"product","link":"https:\/\/nfc-readers.com\/pt\/ic-reader\/acr39t-a5-usb-type-c-contact-sim-sized-smartcard-reader-writer\/","title":{"rendered":"ACR39T-A5 USB Tipo C Contato SIM tamanho Smartcard Leitor Gravador"},"content":{"rendered":"<h1>ACR39T-A5 USB Tipo C Contato SIM tamanho Smartcard Leitor Gravador<\/h1>\n<div class=\"auto-hide-last-sibling-br paragraph_9dc5f paragraph-element\">O ACR39T-A5 representa um avan\u00e7o no reino dos leitores de cart\u00e3o inteligente, apresentando tecnologia avan\u00e7ada e design contempor\u00e2neo. Este leitor de cart\u00e3o inteligente do tamanho de um SIM pode ser compacto, mas \u00e9 repleto de v\u00e1rios recursos. Combinando tecnologia de ponta com um design elegante, o ACR39T-A5 foi projetado para atender aos requisitos rigorosos em v\u00e1rias aplica\u00e7\u00f5es de cart\u00e3o inteligente. O ACR39T-A5 \u00e9 compat\u00edvel com cart\u00f5es inteligentes ISO 7816 Classe A, B e C (operando a 5 V, 3 V e 1,8 V) e lida com efici\u00eancia com uma ampla gama de cart\u00f5es de mem\u00f3ria e cart\u00f5es de microprocessador que usam o protocolo T=0 e T=1. Apresentando uma interface USB Full Speed com um conector USB Tipo C, o dispositivo suporta velocidades de leitura\/grava\u00e7\u00e3o de cart\u00e3o inteligente de at\u00e9 600 Kbps. Isso o torna uma excelente escolha para uma variedade de solu\u00e7\u00f5es, incluindo Controle de Acesso F\u00edsico e L\u00f3gico, Assinaturas Digitais e Banco Online.<\/div>\n<div>\n<ul>\n<li>\n<h2>Interface USB 2.0 de velocidade total<\/h2>\n<\/li>\n<li>\n<h2>Conector USB Tipo C<\/h2>\n<\/li>\n<li>\n<h2>Plug and Play \u2013 o suporte CCID traz m\u00e1xima mobilidade<\/h2>\n<\/li>\n<li>\n<h2>Leitor de cart\u00e3o inteligente:<\/h2>\n<ul>\n<li>\n<h3>Suporta placas ISO 7816 Classe A, B e C (5 V, 3 V, 1,8 V)<\/h3>\n<\/li>\n<li>\n<h3>Suporta placas microprocessadas com protocolo T=0 ou T=1<\/h3>\n<\/li>\n<li>\n<h3>Suporta cart\u00f5es de mem\u00f3ria<\/h3>\n<\/li>\n<li>\n<h3>Suporta PPS (sele\u00e7\u00e3o de protocolo e par\u00e2metros)<\/h3>\n<\/li>\n<li>\n<h3>Possui prote\u00e7\u00e3o contra curto-circuito<\/h3>\n<\/li>\n<\/ul>\n<\/li>\n<li>\n<h2>Interface de programa\u00e7\u00e3o de aplicativos:<\/h2>\n<ul>\n<li>\n<h3>Suporta PC\/SC<\/h3>\n<\/li>\n<li>\n<h3>Suporta CT-API (atrav\u00e9s de wrapper em cima de PC\/SC)<\/h3>\n<\/li>\n<\/ul>\n<\/li>\n<li>\n<h2>Suporta Android\u2122 3.1 e posterior<\/h2>\n<\/li>\n<\/ul>\n<table width=\"636\">\n<tbody>\n<tr>\n<td colspan=\"2\" width=\"636\">\n<h2>Caracter\u00edsticas f\u00edsicas<\/h2>\n<\/td>\n<\/tr>\n<tr>\n<td width=\"223\">Dimens\u00f5es (mm)<\/td>\n<td width=\"413\">49,5 mm (C) \u00d7 21,5 mm (L) \u00d7 9,0 mm (A)<\/td>\n<\/tr>\n<tr>\n<td width=\"223\">Peso (g)<\/td>\n<td width=\"413\">7 g<\/td>\n<\/tr>\n<tr>\n<td colspan=\"2\" width=\"636\">Interface USB<\/td>\n<\/tr>\n<tr>\n<td width=\"223\">Protocolo<\/td>\n<td width=\"413\">IDCC USB<\/td>\n<\/tr>\n<tr>\n<td width=\"223\">Tipo de conector<\/td>\n<td width=\"413\">Padr\u00e3o Tipo C<\/td>\n<\/tr>\n<tr>\n<td width=\"223\">Fonte de energia<\/td>\n<td width=\"413\">Da porta USB<\/td>\n<\/tr>\n<tr>\n<td width=\"223\">Velocidade<\/td>\n<td width=\"413\">Velocidade total USB (12 Mbps)<\/td>\n<\/tr>\n<tr>\n<td colspan=\"2\" width=\"636\">Interface de cart\u00e3o inteligente de contato<\/td>\n<\/tr>\n<tr>\n<td width=\"223\">N\u00famero de slots<\/td>\n<td width=\"413\">1 slot para cart\u00e3o SIM<\/td>\n<\/tr>\n<tr>\n<td width=\"223\">Padr\u00e3o<\/td>\n<td width=\"413\">ISO 7816 Partes 1-4, Classe A, B, C (5 V, 3 V, 1,8 V)<\/td>\n<\/tr>\n<tr>\n<td width=\"223\">Protocolo<\/td>\n<td width=\"413\">T=0; T=1; Suporte para cart\u00e3o de mem\u00f3ria<\/td>\n<\/tr>\n<tr>\n<td colspan=\"2\" width=\"636\">Perif\u00e9ricos integrados<\/td>\n<\/tr>\n<tr>\n<td width=\"223\">LIDERADO<\/td>\n<td width=\"413\">1 cor \u00fanica: Verde<\/td>\n<\/tr>\n<tr>\n<td colspan=\"2\" width=\"636\">Certifica\u00e7\u00f5es\/Conformidade<\/td>\n<\/tr>\n<tr>\n<td rowspan=\"13\" width=\"223\">Certifica\u00e7\u00f5es\/Conformidade<\/td>\n<td width=\"413\">EN62368\/IEC 62368<\/td>\n<\/tr>\n<tr>\n<td width=\"413\">CE<\/td>\n<\/tr>\n<tr>\n<td width=\"413\">FCC<\/td>\n<\/tr>\n<tr>\n<td width=\"413\">RoHS<\/td>\n<\/tr>\n<tr>\n<td width=\"413\">ALCAN\u00c7AR<\/td>\n<\/tr>\n<tr>\n<td width=\"413\">UKCA<\/td>\n<\/tr>\n<tr>\n<td width=\"413\">VCCI<\/td>\n<\/tr>\n<tr>\n<td width=\"413\">REEE<\/td>\n<\/tr>\n<tr>\n<td width=\"413\">ISO 7816<\/td>\n<\/tr>\n<tr>\n<td width=\"413\">Velocidade total USB 2.0<\/td>\n<\/tr>\n<tr>\n<td width=\"413\">PC\/SC<\/td>\n<\/tr>\n<tr>\n<td width=\"413\">CCID<\/td>\n<\/tr>\n<tr>\n<td width=\"413\">Microsoft\u00aeWHQL<\/td>\n<\/tr>\n<tr>\n<td colspan=\"2\" width=\"636\">Suporte ao sistema operacional de driver de dispositivo<\/td>\n<\/tr>\n<tr>\n<td rowspan=\"4\" width=\"223\">Suporte ao sistema operacional de driver de dispositivo<\/td>\n<td width=\"413\">Windows\u00ae<\/td>\n<\/tr>\n<tr>\n<td width=\"413\">Linux\u00ae<\/td>\n<\/tr>\n<tr>\n<td width=\"413\">macOS\u00ae 10.7 e posterior<\/td>\n<\/tr>\n<tr>\n<td width=\"413\">Android\u2122 3.1 e posterior Solaris\u2122<\/td>\n<\/tr>\n<\/tbody>\n<\/table>\n<\/div>\n<div><\/div>","protected":false},"excerpt":{"rendered":"<div class=\"auto-hide-last-sibling-br paragraph_9dc5f paragraph-element\">O ACR39T-A5 \u00e9 um leitor de cart\u00e3o SIM compacto que utiliza tecnologia avan\u00e7ada para opera\u00e7\u00f5es eficientes de cart\u00e3o inteligente.<\/div>","protected":false},"featured_media":2876,"template":"","meta":[],"product_brand":[],"product_cat":[39],"product_tag":[],"class_list":{"0":"post-2875","1":"product","2":"type-product","3":"status-publish","4":"has-post-thumbnail","6":"product_cat-usb-ic-smartcard-reader","8":"first","9":"instock","10":"shipping-taxable","11":"product-type-simple"},"_links":{"self":[{"href":"https:\/\/nfc-readers.com\/pt\/wp-json\/wp\/v2\/product\/2875","targetHints":{"allow":["GET"]}}],"collection":[{"href":"https:\/\/nfc-readers.com\/pt\/wp-json\/wp\/v2\/product"}],"about":[{"href":"https:\/\/nfc-readers.com\/pt\/wp-json\/wp\/v2\/types\/product"}],"wp:featuredmedia":[{"embeddable":true,"href":"https:\/\/nfc-readers.com\/pt\/wp-json\/wp\/v2\/media\/2876"}],"wp:attachment":[{"href":"https:\/\/nfc-readers.com\/pt\/wp-json\/wp\/v2\/media?parent=2875"}],"wp:term":[{"taxonomy":"product_brand","embeddable":true,"href":"https:\/\/nfc-readers.com\/pt\/wp-json\/wp\/v2\/product_brand?post=2875"},{"taxonomy":"product_cat","embeddable":true,"href":"https:\/\/nfc-readers.com\/pt\/wp-json\/wp\/v2\/product_cat?post=2875"},{"taxonomy":"product_tag","embeddable":true,"href":"https:\/\/nfc-readers.com\/pt\/wp-json\/wp\/v2\/product_tag?post=2875"}],"curies":[{"name":"wp","href":"https:\/\/api.w.org\/{rel}","templated":true}]}}