{"id":3178,"date":"2024-10-29T13:08:37","date_gmt":"2024-10-29T13:08:37","guid":{"rendered":"https:\/\/nfc-readers.com\/?post_type=product&#038;p=3178"},"modified":"2024-10-29T14:04:44","modified_gmt":"2024-10-29T14:04:44","slug":"optional-random-id-mifare-ultralight-aes-sticker-iso1443a","status":"publish","type":"product","link":"https:\/\/nfc-readers.com\/pt\/ic-reader\/optional-random-id-mifare-ultralight-aes-sticker-iso1443a\/","title":{"rendered":"opcional Random ID Mifare Ultralight AES adesivo ISO1443A"},"content":{"rendered":"<h1><strong>opcional Random ID Mifare Ultralight AES adesivo ISO1443A<\/strong><\/h1>\n<p>O\u00a0<strong>Adesivo Mifare Ultralight AES de identifica\u00e7\u00e3o aleat\u00f3ria opcional ISO14443A<\/strong>\u00a0representa o que h\u00e1 de mais moderno em tecnologia de controle de acesso e bilhetagem. Combinando os benef\u00edcios da comunica\u00e7\u00e3o RFID e NFC, este vers\u00e1til cart\u00e3o inteligente garante alta seguran\u00e7a e conveni\u00eancia, tornando-o ideal para v\u00e1rias aplica\u00e7\u00f5es, como bilhetagem de eventos e cart\u00f5es de fidelidade. Se voc\u00ea est\u00e1 procurando uma solu\u00e7\u00e3o confi\u00e1vel que se destaca em desempenho ao mesmo tempo em que oferece experi\u00eancias de usu\u00e1rio perfeitas, n\u00e3o procure mais do que este produto inovador.<\/p>\n<h2>Por que escolher o adesivo Mifare Ultralight AES?<\/h2>\n<p>O Mifare Ultralight AES Sticker foi projetado para aumentar a seguran\u00e7a e a usabilidade em uma infinidade de casos de uso. Com sua criptografia AES, seus dados s\u00e3o protegidos contra acesso n\u00e3o autorizado, garantindo tranquilidade. O design compacto permite f\u00e1cil integra\u00e7\u00e3o em sistemas existentes, enquanto o amplo alcance de leitura (at\u00e9 100 cm) oferece conveni\u00eancia incompar\u00e1vel. Investir neste produto significa investir em tecnologia de ponta que atende a uma variedade de necessidades.<\/p>\n<h3><strong>Alta seguran\u00e7a com criptografia AES<\/strong><\/h3>\n<p>No centro do adesivo Mifare Ultralight AES est\u00e1 a seguran\u00e7a de alto n\u00edvel que ele fornece por meio de\u00a0<strong>AES (Padr\u00e3o de Criptografia Avan\u00e7ada)<\/strong>. Esta tecnologia de criptografia de \u00faltima gera\u00e7\u00e3o protege os dados do usu\u00e1rio e garante uma comunica\u00e7\u00e3o segura entre o adesivo e os leitores de cart\u00e3o. Como as preocupa\u00e7\u00f5es com a seguran\u00e7a continuam a aumentar no cen\u00e1rio digital de hoje, ter uma solu\u00e7\u00e3o de cart\u00e3o inteligente confi\u00e1vel \u00e9 essencial para empresas que buscam proteger informa\u00e7\u00f5es confidenciais.<\/p>\n<h3><strong>\u00c1reas de aplica\u00e7\u00e3o vers\u00e1teis<\/strong><\/h3>\n<p>O Mifare Ultralight AES Sticker n\u00e3o \u00e9 apenas um cart\u00e3o inteligente; \u00e9 uma solu\u00e7\u00e3o vers\u00e1til que pode ser usada em v\u00e1rias aplica\u00e7\u00f5es. Isso inclui ingressos para eventos, programas de fidelidade, cart\u00f5es de transporte e sistemas de controle de acesso.\u00a0<strong>ISO 14443A<\/strong>\u00a0a conformidade garante compatibilidade global, tornando-a altamente adapt\u00e1vel para empresas que buscam otimizar opera\u00e7\u00f5es e melhorar as experi\u00eancias do usu\u00e1rio.<\/p>\n<h3><strong>Design compacto e personaliz\u00e1vel<\/strong><\/h3>\n<p>O\u00a0<strong>Tamanho 30mm<\/strong>\u00a0do Mifare Ultralight AES Sticker se presta para f\u00e1cil fixa\u00e7\u00e3o em v\u00e1rios itens, de crach\u00e1s a chaveiros. Suas op\u00e7\u00f5es personaliz\u00e1veis oferecem \u00e0s empresas a oportunidade de incorporar a marca perfeitamente, garantindo que cada adesivo n\u00e3o apenas funcione de forma eficiente, mas tamb\u00e9m represente sua marca de forma eficaz.<\/p>\n<table class=\"preview\" style=\"height: 270px;\" width=\"553\">\n<thead>\n<tr>\n<th>Recurso<\/th>\n<th>Especifica\u00e7\u00e3o<\/th>\n<\/tr>\n<\/thead>\n<tbody>\n<tr>\n<td>Material<\/td>\n<td>PET\/Papel Revestido<\/td>\n<\/tr>\n<tr>\n<td>Lasca<\/td>\n<td>AES ultraleve<\/td>\n<\/tr>\n<tr>\n<td>Frequ\u00eancia<\/td>\n<td>13,56 MHz<\/td>\n<\/tr>\n<tr>\n<td>Faixa de leitura<\/td>\n<td>0-100 cm<\/td>\n<\/tr>\n<tr>\n<td>Mem\u00f3ria<\/td>\n<td>144 bytes<\/td>\n<\/tr>\n<tr>\n<td>Protocolo<\/td>\n<td>ISO 14443A<\/td>\n<\/tr>\n<tr>\n<td>Unidades de venda<\/td>\n<td>Item \u00fanico<\/td>\n<\/tr>\n<tr>\n<td>Tamanho da embalagem<\/td>\n<td>0,1 x 0,1 x 0,02 cm<\/td>\n<\/tr>\n<tr>\n<td>Peso bruto<\/td>\n<td>0,010 kg<\/td>\n<\/tr>\n<\/tbody>\n<\/table>\n<p>&nbsp;<\/p>","protected":false},"excerpt":{"rendered":"<p>O adesivo Random ID MIFARE Ultralight AES opcional, em conformidade com a ISO 14443A, oferece recursos de seguran\u00e7a aprimorados e gerenciamento de dados flex\u00edvel para solu\u00e7\u00f5es eficazes de controle de acesso e identifica\u00e7\u00e3o. Seu design compacto permite f\u00e1cil integra\u00e7\u00e3o em v\u00e1rios aplicativos, ao mesmo tempo em que garante desempenho confi\u00e1vel.<\/p>","protected":false},"featured_media":3179,"template":"","meta":[],"product_brand":[],"product_cat":[48],"product_tag":[],"class_list":{"0":"post-3178","1":"product","2":"type-product","3":"status-publish","4":"has-post-thumbnail","6":"product_cat-nfc-stickers","8":"first","9":"instock","10":"shipping-taxable","11":"product-type-simple"},"_links":{"self":[{"href":"https:\/\/nfc-readers.com\/pt\/wp-json\/wp\/v2\/product\/3178","targetHints":{"allow":["GET"]}}],"collection":[{"href":"https:\/\/nfc-readers.com\/pt\/wp-json\/wp\/v2\/product"}],"about":[{"href":"https:\/\/nfc-readers.com\/pt\/wp-json\/wp\/v2\/types\/product"}],"wp:featuredmedia":[{"embeddable":true,"href":"https:\/\/nfc-readers.com\/pt\/wp-json\/wp\/v2\/media\/3179"}],"wp:attachment":[{"href":"https:\/\/nfc-readers.com\/pt\/wp-json\/wp\/v2\/media?parent=3178"}],"wp:term":[{"taxonomy":"product_brand","embeddable":true,"href":"https:\/\/nfc-readers.com\/pt\/wp-json\/wp\/v2\/product_brand?post=3178"},{"taxonomy":"product_cat","embeddable":true,"href":"https:\/\/nfc-readers.com\/pt\/wp-json\/wp\/v2\/product_cat?post=3178"},{"taxonomy":"product_tag","embeddable":true,"href":"https:\/\/nfc-readers.com\/pt\/wp-json\/wp\/v2\/product_tag?post=3178"}],"curies":[{"name":"wp","href":"https:\/\/api.w.org\/{rel}","templated":true}]}}