{"id":3186,"date":"2024-10-29T13:27:39","date_gmt":"2024-10-29T13:27:39","guid":{"rendered":"https:\/\/nfc-readers.com\/?post_type=product&#038;p=3186"},"modified":"2024-10-29T13:59:52","modified_gmt":"2024-10-29T13:59:52","slug":"dia-30mm-ntag-424-dna-nfc-sticker-tamper-proof-high-security","status":"publish","type":"product","link":"https:\/\/nfc-readers.com\/pt\/ic-reader\/dia-30mm-ntag-424-dna-nfc-sticker-tamper-proof-high-security\/","title":{"rendered":"Dia 30mm NTAG 424 DNA NFC Adesivo \u00e0 prova de viola\u00e7\u00e3o de alta seguran\u00e7a"},"content":{"rendered":"<h2><strong>Dia 30mm NTAG 424 DNA NFC Adesivo \u00e0 prova de viola\u00e7\u00e3o de alta seguran\u00e7a<\/strong><\/h2>\n<p>Descubra o pr\u00f3ximo n\u00edvel de comunica\u00e7\u00e3o segura com o <strong>Adesivo NFC de DNA NTAG 424 de di\u00e2metro 30mm<\/strong>. Projetado para empresas que buscam aprimorar suas medidas de seguran\u00e7a, este\u00a0<strong>Cart\u00e3o NFC<\/strong>\u00a0utiliza tecnologia de ponta que n\u00e3o s\u00f3 previne adultera\u00e7\u00e3o, mas tamb\u00e9m garante rastreabilidade perfeita. Quer voc\u00ea esteja na ind\u00fastria do vinho enfatizando medidas anti-falsifica\u00e7\u00e3o ou em qualquer outro setor que precise de prote\u00e7\u00e3o avan\u00e7ada, este vers\u00e1til adesivo NFC \u00e9 um bem inestim\u00e1vel.<\/p>\n<p>&nbsp;<\/p>\n<h2><strong>Principais benef\u00edcios do adesivo NFC de DNA NTAG 424 Dia 30mm<\/strong><\/h2>\n<p>O\u00a0<strong>Adesivo NFC NTAG 424 DNA<\/strong>\u00a0integra recursos estelares para fornecer seguran\u00e7a e conveni\u00eancia de alto n\u00edvel. Sua flexibilidade e facilidade de uso o tornam uma solu\u00e7\u00e3o de destaque para empresas que buscam comunica\u00e7\u00e3o e rastreabilidade aprimoradas. Com a capacidade de transportar informa\u00e7\u00f5es vitais com seguran\u00e7a, esses\u00a0<strong>Produtos NFC<\/strong>\u00a0v\u00eam equipados com seguran\u00e7a AES de 128 bits, tornando-os resistentes \u00e0 falsifica\u00e7\u00e3o. Ao investir neste produto inovador, voc\u00ea n\u00e3o est\u00e1 apenas protegendo a integridade da sua marca, mas tamb\u00e9m melhorando a confian\u00e7a do cliente.<\/p>\n<p>&nbsp;<\/p>\n<h3><strong>Solu\u00e7\u00e3o inovadora de cart\u00e3o de visita NFC<\/strong><\/h3>\n<p>O\u00a0<strong>Adesivo NFC de DNA NTAG 424 de di\u00e2metro 30mm<\/strong>\u00a0redefine como percebemos os cart\u00f5es de visita tradicionais. Como um\u00a0<strong>cart\u00e3o de visita digital<\/strong>, permite que os usu\u00e1rios \u201ctoquem\u201d em seus smartphones para coletar informa\u00e7\u00f5es de contato sem esfor\u00e7o. Esque\u00e7a o inc\u00f4modo de carregar v\u00e1rios cart\u00f5es de papel; com um simples toque, os clientes podem acessar seus perfis de m\u00eddia social e detalhes de contato em um instante. Isso\u00a0<strong>Cart\u00e3o de visita NFC<\/strong>\u00a0n\u00e3o apenas melhora a imagem profissional da sua marca, mas tamb\u00e9m mostra seu comprometimento em adotar tecnologia moderna.<\/p>\n<p>Al\u00e9m disso, estes\u00a0<strong>Cart\u00f5es NFC<\/strong>\u00a0s\u00e3o perfeitos para eventos de networking onde as primeiras impress\u00f5es importam. Eles permitem que voc\u00ea se destaque em um ambiente competitivo ao tornar o compartilhamento de informa\u00e7\u00f5es interativo e memor\u00e1vel.<\/p>\n<p>&nbsp;<\/p>\n<h3><strong>Perguntas Frequentes (FAQs)<\/strong><\/h3>\n<p><strong>P: Como uso o adesivo NFC?<\/strong><br \/>\nR: Basta tocar seu smartphone no adesivo e as informa\u00e7\u00f5es incorporadas aparecer\u00e3o na tela.<\/p>\n<p><strong>P: Os adesivos NFC s\u00e3o personaliz\u00e1veis?<\/strong><br \/>\nR: Sim, oferecemos designs personaliz\u00e1veis, incluindo logotipos e op\u00e7\u00f5es de texto, permitindo que voc\u00ea crie uma experi\u00eancia NFC \u00fanica.<\/p>\n<p><strong>P: Qual \u00e9 a vida \u00fatil do adesivo NFC de DNA NTAG 424 de 30 mm de di\u00e2metro?<\/strong><br \/>\nR: Com uma resist\u00eancia de grava\u00e7\u00e3o de 200.000 ciclos, esses adesivos s\u00e3o feitos para uso a longo prazo e confiabilidade.<\/p>\n<p><strong>P: Posso usar esses adesivos para promo\u00e7\u00f5es?<\/strong><br \/>\nR: Definitivamente! Eles s\u00e3o perfeitos para campanhas promocionais interativas e podem ser usados para compartilhar ofertas, descontos ou informa\u00e7\u00f5es sobre produtos.<\/p>\n<p>&nbsp;<\/p>\n<p>&nbsp;<\/p>\n<h3><strong>Especifica\u00e7\u00f5es t\u00e9cnicas do cart\u00e3o NFC<\/strong><\/h3>\n<table class=\"preview\" style=\"height: 299px;\" width=\"532\">\n<thead>\n<tr>\n<th><strong>Recurso<\/strong><\/th>\n<th><strong>Detalhes<\/strong><\/th>\n<\/tr>\n<\/thead>\n<tbody>\n<tr>\n<td><strong>Tipo de chip<\/strong><\/td>\n<td>DNA NTAG 424<\/td>\n<\/tr>\n<tr>\n<td><strong>Mem\u00f3ria<\/strong><\/td>\n<td>416 bytes<\/td>\n<\/tr>\n<tr>\n<td><strong>Seguran\u00e7a<\/strong><\/td>\n<td>AES de 128 bits, LRP<\/td>\n<\/tr>\n<tr>\n<td><strong>Chaves de acesso<\/strong><\/td>\n<td>5 x 128 bits<\/td>\n<\/tr>\n<tr>\n<td><strong>Escreva Resist\u00eancia<\/strong><\/td>\n<td>200.000 ciclos<\/td>\n<\/tr>\n<tr>\n<td><strong>Interface de comunica\u00e7\u00e3o<\/strong><\/td>\n<td>F\u00f3rum NFC Tipo 4<\/td>\n<\/tr>\n<tr>\n<td><strong>Material<\/strong><\/td>\n<td>BICHO DE ESTIMA\u00c7\u00c3O<\/td>\n<\/tr>\n<tr>\n<td><strong>Tamanho da antena<\/strong><\/td>\n<td>Di\u00e2metro 30mm<\/td>\n<\/tr>\n<tr>\n<td><strong>Embalagem<\/strong><\/td>\n<td>1000-5000 PCS\/rolo<\/td>\n<\/tr>\n<tr>\n<td><strong>Certifica\u00e7\u00e3o<\/strong><\/td>\n<td>Normas ISO 14443A e ISO 15693<\/td>\n<\/tr>\n<\/tbody>\n<\/table>\n<p>&nbsp;<\/p>","protected":false},"excerpt":{"rendered":"<p>O adesivo NFC de DNA NTAG 424 Dia 30mm oferece alta seguran\u00e7a com tecnologia \u00e0 prova de viola\u00e7\u00e3o, garantindo prote\u00e7\u00e3o de dados confi\u00e1vel e experi\u00eancia de usu\u00e1rio perfeita. Perfeito para empresas que precisam de solu\u00e7\u00f5es seguras!<\/p>","protected":false},"featured_media":3188,"template":"","meta":[],"product_brand":[],"product_cat":[48],"product_tag":[],"class_list":{"0":"post-3186","1":"product","2":"type-product","3":"status-publish","4":"has-post-thumbnail","6":"product_cat-nfc-stickers","8":"first","9":"instock","10":"shipping-taxable","11":"product-type-simple"},"_links":{"self":[{"href":"https:\/\/nfc-readers.com\/pt\/wp-json\/wp\/v2\/product\/3186","targetHints":{"allow":["GET"]}}],"collection":[{"href":"https:\/\/nfc-readers.com\/pt\/wp-json\/wp\/v2\/product"}],"about":[{"href":"https:\/\/nfc-readers.com\/pt\/wp-json\/wp\/v2\/types\/product"}],"wp:featuredmedia":[{"embeddable":true,"href":"https:\/\/nfc-readers.com\/pt\/wp-json\/wp\/v2\/media\/3188"}],"wp:attachment":[{"href":"https:\/\/nfc-readers.com\/pt\/wp-json\/wp\/v2\/media?parent=3186"}],"wp:term":[{"taxonomy":"product_brand","embeddable":true,"href":"https:\/\/nfc-readers.com\/pt\/wp-json\/wp\/v2\/product_brand?post=3186"},{"taxonomy":"product_cat","embeddable":true,"href":"https:\/\/nfc-readers.com\/pt\/wp-json\/wp\/v2\/product_cat?post=3186"},{"taxonomy":"product_tag","embeddable":true,"href":"https:\/\/nfc-readers.com\/pt\/wp-json\/wp\/v2\/product_tag?post=3186"}],"curies":[{"name":"wp","href":"https:\/\/api.w.org\/{rel}","templated":true}]}}