{"id":3195,"date":"2024-10-29T13:40:47","date_gmt":"2024-10-29T13:40:47","guid":{"rendered":"https:\/\/nfc-readers.com\/?post_type=product&#038;p=3195"},"modified":"2024-10-29T14:03:42","modified_gmt":"2024-10-29T14:03:42","slug":"iso14443a-pet-wet-inlay-nfc-sticker-dia30mm-for-smart-phone","status":"publish","type":"product","link":"https:\/\/nfc-readers.com\/pt\/ic-reader\/iso14443a-pet-wet-inlay-nfc-sticker-dia30mm-for-smart-phone\/","title":{"rendered":"Adesivo NFC de PET com incrusta\u00e7\u00e3o \u00famida ISO14443A Dia30mm para smartphone"},"content":{"rendered":"<h2 style=\"text-align: center;\"><strong>Adesivo NFC de PET com incrusta\u00e7\u00e3o \u00famida ISO14443A Dia30mm para smartphone<\/strong><\/h2>\n<p>&nbsp;<\/p>\n<p>No mundo digital acelerado de hoje, a comunica\u00e7\u00e3o precisa ser cont\u00ednua e eficiente.\u00a0<strong>Adesivo NFC de PET com incrusta\u00e7\u00e3o \u00famida ISO14443A Dia30mm para smartphone<\/strong>\u00a0foi projetado para revolucionar a maneira como voc\u00ea compartilha suas informa\u00e7\u00f5es. Seja voc\u00ea um empres\u00e1rio, um profissional criativo ou algu\u00e9m que busca simplificar o compartilhamento de contatos, este cart\u00e3o NFC oferece uma infinidade de benef\u00edcios que o tornam uma ferramenta indispens\u00e1vel. Com sua constru\u00e7\u00e3o \u00e0 prova d&#039;\u00e1gua, recursos personaliz\u00e1veis e compatibilidade com todos os smartphones, ele n\u00e3o \u00e9 apenas uma solu\u00e7\u00e3o pr\u00e1tica, mas tamb\u00e9m uma adi\u00e7\u00e3o elegante ao seu kit de ferramentas de rede.<\/p>\n<p>Imagine compartilhar seus detalhes de contato, perfis de m\u00eddia social ou links personalizados simplesmente tocando seu smartphone contra este adesivo NFC! Vamos nos aprofundar no que faz este produto NFC se destacar e por que voc\u00ea deve considerar torn\u00e1-lo parte do seu arsenal digital.<\/p>\n<p>&nbsp;<\/p>\n<h3><strong>Principais caracter\u00edsticas do cart\u00e3o de visita NFC<\/strong><\/h3>\n<p>O\u00a0<strong>Cart\u00e3o de visita NFC<\/strong>\u00a0transcende os cart\u00f5es tradicionais por meio de seus recursos impressionantes que agregam valor \u00e0s suas intera\u00e7\u00f5es profissionais. Equipado com\u00a0<strong>Chips NTAG<\/strong>\u00a0(213, 215, 216), este produto NFC permite transfer\u00eancia de dados sem interrup\u00e7\u00f5es, permitindo que voc\u00ea compartilhe informa\u00e7\u00f5es essenciais sem o inc\u00f4modo de cart\u00f5es de papel. Sua durabilidade tamb\u00e9m garante que ele resista a v\u00e1rias condi\u00e7\u00f5es ambientais, tornando-o confi\u00e1vel para uso externo.<\/p>\n<p>&nbsp;<\/p>\n<h3><strong>Especifica\u00e7\u00f5es t\u00e9cnicas dos adesivos NFC<\/strong><\/h3>\n<table class=\"preview\" style=\"height: 234px;\" width=\"525\">\n<thead>\n<tr>\n<th>Especifica\u00e7\u00e3o<\/th>\n<th>Detalhe<\/th>\n<\/tr>\n<\/thead>\n<tbody>\n<tr>\n<td><strong>Protocolo<\/strong><\/td>\n<td>ISO14443A<\/td>\n<\/tr>\n<tr>\n<td><strong>Material<\/strong><\/td>\n<td>PET resiste \u00e0 umidade<\/td>\n<\/tr>\n<tr>\n<td><strong>Op\u00e7\u00f5es de Chip<\/strong><\/td>\n<td>NTAG 213, NTAG 215, NTAG 216<\/td>\n<\/tr>\n<tr>\n<td><strong>Tamanho<\/strong><\/td>\n<td>Dia30mm\/Personalizado<\/td>\n<\/tr>\n<tr>\n<td><strong>Capacidade de mem\u00f3ria<\/strong><\/td>\n<td>144 \/ 504 \/ 888 bytes<\/td>\n<\/tr>\n<tr>\n<td><strong>Dispositivos compat\u00edveis<\/strong><\/td>\n<td>Telefones com tecnologia NFC<\/td>\n<\/tr>\n<tr>\n<td><strong>Detalhes da embalagem<\/strong><\/td>\n<td>100 unidades\/saco, 5000 unidades\/caixa<\/td>\n<\/tr>\n<tr>\n<td><strong>Porta<\/strong><\/td>\n<td>Shenzhen<\/td>\n<\/tr>\n<\/tbody>\n<\/table>\n<p>&nbsp;<\/p>\n<h3><strong>Perguntas frequentes sobre cart\u00f5es NFC<\/strong><\/h3>\n<p>&nbsp;<\/p>\n<h3>O que \u00e9 um\u00a0<strong>Cart\u00e3o NFC<\/strong>?<\/h3>\n<p>Um cart\u00e3o NFC \u00e9 um cart\u00e3o inteligente sem contato que usa a tecnologia Near Field Communication para facilitar a transfer\u00eancia de dados simplesmente tocando-o em um dispositivo habilitado para NFC.<\/p>\n<h3>Como programo meu\u00a0<strong>Chip NFC<\/strong>?<\/h3>\n<p>Voc\u00ea pode usar v\u00e1rios aplicativos NFC dispon\u00edveis em smartphones para programar seus adesivos NFC. Esses aplicativos permitem que voc\u00ea insira os dados que gostaria de compartilhar, como detalhes de contato ou links espec\u00edficos.<\/p>\n<h3>S\u00e3o\u00a0<strong>Cart\u00f5es de visita digitais NFC<\/strong>\u00a0compat\u00edvel com todos os dispositivos?<\/h3>\n<p>Sim, nossos adesivos NFC s\u00e3o compat\u00edveis com todos os smartphones equipados com capacidades NFC. Isso garante um amplo alcance e acessibilidade, permitindo que voc\u00ea se conecte com mais pessoas.<\/p>\n<h3>Existe uma maneira de rastrear intera\u00e7\u00f5es com meus produtos NFC?<\/h3>\n<p>Embora os adesivos NFC independentes n\u00e3o tenham recursos de rastreamento, quando vinculados a URLs espec\u00edficos, voc\u00ea pode usar ferramentas anal\u00edticas para monitorar cliques e intera\u00e7\u00f5es.<\/p>\n<h3>Posso ter frete gr\u00e1tis no meu pedido?<\/h3>\n<p>Sim! Muitas vezes oferecemos frete gr\u00e1tis, especialmente para pedidos em massa. Confira nossas \u00faltimas promo\u00e7\u00f5es para mais detalhes.<\/p>\n<p>&nbsp;<\/p>\n<p>&nbsp;<\/p>","protected":false},"excerpt":{"rendered":"<p>O\u00a0<strong>Adesivo NFC de PET com incrusta\u00e7\u00e3o \u00famida ISO14443A Dia30mm<\/strong>\u00a0\u00e9 uma solu\u00e7\u00e3o NFC vers\u00e1til e \u00e0 prova d&#039;\u00e1gua, projetada para compartilhamento de dados sem interrup\u00e7\u00f5es com smartphones. Este adesivo compacto permite acesso r\u00e1pido \u00e0s suas informa\u00e7\u00f5es de contato e perfis digitais com apenas um toque, revolucionando a rede e a comunica\u00e7\u00e3o.<\/p>","protected":false},"featured_media":3196,"template":"","meta":[],"product_brand":[],"product_cat":[48],"product_tag":[],"class_list":{"0":"post-3195","1":"product","2":"type-product","3":"status-publish","4":"has-post-thumbnail","6":"product_cat-nfc-stickers","8":"first","9":"instock","10":"shipping-taxable","11":"product-type-simple"},"_links":{"self":[{"href":"https:\/\/nfc-readers.com\/pt\/wp-json\/wp\/v2\/product\/3195","targetHints":{"allow":["GET"]}}],"collection":[{"href":"https:\/\/nfc-readers.com\/pt\/wp-json\/wp\/v2\/product"}],"about":[{"href":"https:\/\/nfc-readers.com\/pt\/wp-json\/wp\/v2\/types\/product"}],"wp:featuredmedia":[{"embeddable":true,"href":"https:\/\/nfc-readers.com\/pt\/wp-json\/wp\/v2\/media\/3196"}],"wp:attachment":[{"href":"https:\/\/nfc-readers.com\/pt\/wp-json\/wp\/v2\/media?parent=3195"}],"wp:term":[{"taxonomy":"product_brand","embeddable":true,"href":"https:\/\/nfc-readers.com\/pt\/wp-json\/wp\/v2\/product_brand?post=3195"},{"taxonomy":"product_cat","embeddable":true,"href":"https:\/\/nfc-readers.com\/pt\/wp-json\/wp\/v2\/product_cat?post=3195"},{"taxonomy":"product_tag","embeddable":true,"href":"https:\/\/nfc-readers.com\/pt\/wp-json\/wp\/v2\/product_tag?post=3195"}],"curies":[{"name":"wp","href":"https:\/\/api.w.org\/{rel}","templated":true}]}}