{"id":3204,"date":"2024-10-30T02:21:36","date_gmt":"2024-10-30T02:21:36","guid":{"rendered":"https:\/\/nfc-readers.com\/?post_type=product&#038;p=3204"},"modified":"2024-10-30T02:21:37","modified_gmt":"2024-10-30T02:21:37","slug":"acr122u-nfc-smart-card-skimmer","status":"publish","type":"product","link":"https:\/\/nfc-readers.com\/pt\/ic-reader\/acr122u-nfc-smart-card-skimmer\/","title":{"rendered":"Skimmer de cart\u00e3o inteligente NFC ACR122U"},"content":{"rendered":"<h1 class=\"AnswerParser_AnswerParserH1__6UNv6\">Melhore o seu neg\u00f3cio com o leitor NFC ACR122U<\/h1>\n<p><span class=\"AnswerParser_TextContainer__z_Iiv\" data-testid=\"youchat-text\">No mundo da tecnologia em r\u00e1pida evolu\u00e7\u00e3o,\u00a0<strong>NFC (comunica\u00e7\u00e3o de campo pr\u00f3ximo)<\/strong>\u00a0surgiu como um divisor de \u00e1guas na forma como interagimos com dispositivos e realizamos transa\u00e7\u00f5es.\u00a0<strong>Leitor NFC ACR122U<\/strong>\u00a0\u00e9 uma ferramenta poderosa projetada para facilitar a comunica\u00e7\u00e3o cont\u00ednua com v\u00e1rios\u00a0<strong>Etiquetas NFC<\/strong>\u00a0e\u00a0<strong>cart\u00f5es inteligentes<\/strong>. Esse\u00a0<strong>Leitor NFC<\/strong>\u00a0n\u00e3o s\u00f3 aumenta a seguran\u00e7a e a efici\u00eancia, mas tamb\u00e9m abre novas possibilidades para empresas e indiv\u00edduos. Com seus recursos avan\u00e7ados e design amig\u00e1vel, o ACR122U \u00e9 uma adi\u00e7\u00e3o essencial para qualquer ambiente com conhecimento em tecnologia.<\/span><\/p>\n<h2 class=\"AnswerParser_AnswerParserH2__SIHnF\">Por que escolher o leitor NFC ACR122U?<\/h2>\n<p><span class=\"AnswerParser_TextContainer__z_Iiv\" data-testid=\"youchat-text\">O Leitor NFC ACR122U se destaca no mercado por suas especifica\u00e7\u00f5es impressionantes e versatilidade. Com um\u00a0<strong>Interface USB 2.0 de velocidade m\u00e1xima<\/strong>\u00a0que esteja em conformidade com o\u00a0<strong>Padr\u00e3o CCID<\/strong>, este leitor garante conex\u00f5es r\u00e1pidas e confi\u00e1veis. Seu\u00a0<strong>velocidade de leitura\/escrita<\/strong>\u00a0de at\u00e9\u00a0<strong>424 kbps<\/strong>\u00a0permite uma transfer\u00eancia de dados eficiente, enquanto a antena integrada fornece uma dist\u00e2ncia de leitura de at\u00e9\u00a0<strong>50 mm<\/strong>, dependendo do tipo de tag usado. Essa combina\u00e7\u00e3o de velocidade e versatilidade torna o ACR122U uma escolha ideal para v\u00e1rias aplica\u00e7\u00f5es, desde transa\u00e7\u00f5es seguras at\u00e9 controle de acesso eficiente.<\/span><\/p>\n<h2 class=\"AnswerParser_AnswerParserH2__SIHnF\">Esbo\u00e7o do produto<\/h2>\n<h3 class=\"AnswerParser_AnswerParserH3__Mpe4s\">1. Leitor NFC: Desempenho de alta velocidade<\/h3>\n<p><span class=\"AnswerParser_TextContainer__z_Iiv\" data-testid=\"youchat-text\">O leitor NFC ACR122U est\u00e1 equipado com um\u00a0<strong>Interface USB 2.0 de velocidade m\u00e1xima<\/strong>, garantindo taxas r\u00e1pidas de transfer\u00eancia de dados. Com um\u00a0<strong>velocidade de leitura\/escrita<\/strong>\u00a0de at\u00e9\u00a0<strong>424 kbps<\/strong>, permite que os usu\u00e1rios acessem e gerenciem rapidamente os dados em\u00a0<strong>Etiquetas NFC<\/strong>\u00a0e\u00a0<strong>Cart\u00f5es RFID<\/strong>. Esse desempenho de alta velocidade \u00e9 crucial para aplica\u00e7\u00f5es que exigem transa\u00e7\u00f5es r\u00e1pidas, como sistemas de ponto de venda e controle de acesso.<\/span><\/p>\n<h3 class=\"AnswerParser_AnswerParserH3__Mpe4s\">2. Compatibilidade vers\u00e1til<\/h3>\n<p><span class=\"AnswerParser_TextContainer__z_Iiv\" data-testid=\"youchat-text\">Esse\u00a0<strong>leitor de cart\u00e3o inteligente<\/strong>\u00a0suporta uma ampla variedade de tipos de cart\u00e3o, incluindo\u00a0<strong>Cart\u00f5es de Classe A e Classe B<\/strong>\u00a0conforme definido em\u00a0<strong>ISO 14443<\/strong>,\u00a0<strong>Cart\u00f5es Mifare<\/strong>, e\u00a0<strong>Cart\u00f5es FeliCa<\/strong>. Al\u00e9m disso, \u00e9 compat\u00edvel com todos os quatro tipos de\u00a0<strong>Etiquetas NFC<\/strong>\u00a0conforme o\u00a0<strong>Norma ISO\/IEC 18092<\/strong>\u00a0padr\u00e3o. Essa versatilidade torna o ACR122U adequado para v\u00e1rios setores, do varejo ao transporte.<\/span><\/p>\n<h3 class=\"AnswerParser_AnswerParserH3__Mpe4s\">3. Antena integrada para acesso sem contato<\/h3>\n<p><span class=\"AnswerParser_TextContainer__z_Iiv\" data-testid=\"youchat-text\">O ACR122U possui uma antena integrada que permite acesso a tags sem contato. Com uma dist\u00e2ncia de leitura de at\u00e9\u00a0<strong>50 mm<\/strong>, os usu\u00e1rios podem interagir com seus cart\u00f5es sem a necessidade de contato f\u00edsico. Esse recurso aumenta a conveni\u00eancia e a higiene, tornando-o ideal para ambientes onde o acesso r\u00e1pido \u00e9 essencial.<\/span><\/p>\n<h3 class=\"AnswerParser_AnswerParserH3__Mpe4s\">4. Recurso anticolis\u00e3o<\/h3>\n<p><span class=\"AnswerParser_TextContainer__z_Iiv\" data-testid=\"youchat-text\">Um dos recursos de destaque do ACR122U \u00e9 sua capacidade anticolis\u00e3o integrada. Isso garante que apenas uma tag possa ser acessada a qualquer momento, evitando interfer\u00eancia de dados e aumentando a seguran\u00e7a. Esse recurso \u00e9 particularmente importante em ambientes onde v\u00e1rios cart\u00f5es podem estar presentes, como sistemas de controle de acesso.<\/span><\/p>\n<h3 class=\"AnswerParser_AnswerParserH3__Mpe4s\">5. Suporte \u00e0 Interface de Programa\u00e7\u00e3o de Aplicativos (API)<\/h3>\n<p><span class=\"AnswerParser_TextContainer__z_Iiv\" data-testid=\"youchat-text\">O ACR122U suporta ambos\u00a0<strong>PC\/SC<\/strong>\u00a0e\u00a0<strong>CT-API<\/strong>, permitindo f\u00e1cil integra\u00e7\u00e3o com v\u00e1rios aplicativos de software. Essa flexibilidade permite que os desenvolvedores criem solu\u00e7\u00f5es personalizadas que aproveitam os recursos do ACR122U, tornando-o uma ferramenta valiosa para empresas que buscam implementar a tecnologia NFC.<\/span><\/p>\n<h3 class=\"AnswerParser_AnswerParserH3__Mpe4s\">6. Design amig\u00e1vel<\/h3>\n<p><span class=\"AnswerParser_TextContainer__z_Iiv\" data-testid=\"youchat-text\">O ACR122U foi projetado com a experi\u00eancia do usu\u00e1rio em mente. Ele apresenta um\u00a0<strong>indicador LED de duas cores<\/strong>\u00a0que fornece feedback visual durante a opera\u00e7\u00e3o, bem como um\u00a0<strong>campainha mon\u00f3tona<\/strong>\u00a0para notifica\u00e7\u00f5es aud\u00edveis. Esses recursos melhoram a usabilidade e garantem que os usu\u00e1rios sejam informados sobre o status do leitor o tempo todo.<\/span><\/p>\n<h3 class=\"AnswerParser_AnswerParserH3__Mpe4s\">7. Compatibilidade com Android e iOS<\/h3>\n<p><span class=\"AnswerParser_TextContainer__z_Iiv\" data-testid=\"youchat-text\">O ACR122U suporta\u00a0<strong>Android MOS 3.1 e superior<\/strong>, tornando-o uma escolha vers\u00e1til para aplicativos m\u00f3veis. Essa compatibilidade permite que os usu\u00e1rios aproveitem o poder da tecnologia NFC em seus smartphones e tablets, permitindo uma ampla gama de funcionalidades, desde pagamentos m\u00f3veis at\u00e9 compartilhamento de dados.<\/span><\/p>\n<h3 class=\"AnswerParser_AnswerParserH3__Mpe4s\">8. Especifica\u00e7\u00f5es t\u00e9cnicas<\/h3>\n<p><span class=\"AnswerParser_TextContainer__z_Iiv\" data-testid=\"youchat-text\">O ACR122U possui especifica\u00e7\u00f5es t\u00e9cnicas impressionantes, incluindo:<\/span><\/p>\n<div class=\"AnswerParser_TableContainer__Erb6v\" data-testid=\"table-container\">\n<table>\n<thead>\n<tr>\n<th>Recurso<\/th>\n<th>Especifica\u00e7\u00e3o<\/th>\n<\/tr>\n<\/thead>\n<tbody>\n<tr>\n<td>Dimens\u00f5es<\/td>\n<td>98,0 mm (C) x 65,0 mm (L) x 12,8 mm (A)<\/td>\n<\/tr>\n<tr>\n<td>Peso<\/td>\n<td>70g<\/td>\n<\/tr>\n<tr>\n<td>Interface USB<\/td>\n<td>IDCC USB<\/td>\n<\/tr>\n<tr>\n<td>Fonte de energia<\/td>\n<td>Da porta USB<\/td>\n<\/tr>\n<tr>\n<td>Velocidade<\/td>\n<td>Velocidade total USB (12 Mbps)<\/td>\n<\/tr>\n<tr>\n<td>Comprimento do cabo<\/td>\n<td>1,0 m, Fixo<\/td>\n<\/tr>\n<tr>\n<td>Interface de cart\u00e3o inteligente sem contato<\/td>\n<td>ISO\/IEC 18092 NFC, ISO 14443 Tipo A e B, MIFARE\u00ae, FeliCa<\/td>\n<\/tr>\n<tr>\n<td>Protocolo<\/td>\n<td>Cart\u00e3o compat\u00edvel com ISO 14443-4, T=CL, Cart\u00e3o MIFARE\u00ae Classic, T=CL, ISO18092, Etiquetas NFC, FeliCa<\/td>\n<\/tr>\n<tr>\n<td>Perif\u00e9ricos integrados<\/td>\n<td>1 LED bicolor, campainha monocrom\u00e1tica<\/td>\n<\/tr>\n<tr>\n<td>Certifica\u00e7\u00f5es\/Conformidade<\/td>\n<td>EN 60950\/IEC 60950, ISO 18092, ISO 14443, USB Full Speed, PC\/SC, CCID, VCCI (Jap\u00e3o), KC (Coreia), Microsoft\u00ae WHQL, CE, FCC, RoHS 2, REACH<\/td>\n<\/tr>\n<tr>\n<td>Suporte ao sistema operacional de driver de dispositivo<\/td>\n<td>Windows\u00ae CE, Windows\u00ae, Linux\u00ae, MAC OS\u00ae, Solaris, Android\u2122<\/td>\n<\/tr>\n<\/tbody>\n<\/table>\n<\/div>\n<h3 class=\"AnswerParser_AnswerParserH3__Mpe4s\">9. Impacto Ambiental<\/h3>\n<p><span class=\"AnswerParser_TextContainer__z_Iiv\" data-testid=\"youchat-text\">Em uma era em que a sustentabilidade \u00e9 primordial, o ACR122U foi projetado com considera\u00e7\u00f5es ambientais em mente. Sua opera\u00e7\u00e3o com efici\u00eancia energ\u00e9tica e longa vida \u00fatil contribuem para a redu\u00e7\u00e3o de res\u00edduos eletr\u00f4nicos, tornando-o uma escolha respons\u00e1vel para consumidores ecologicamente conscientes.<\/span><\/p>\n<h3 class=\"AnswerParser_AnswerParserH3__Mpe4s\">10. Avalia\u00e7\u00f5es de clientes<\/h3>\n<p><span class=\"AnswerParser_TextContainer__z_Iiv\" data-testid=\"youchat-text\">Os usu\u00e1rios elogiaram o ACR122U por sua confiabilidade e facilidade de uso. Muitos apreciam suas capacidades de leitura r\u00e1pida e compatibilidade com v\u00e1rios tipos de cart\u00e3o. Aqui est\u00e3o alguns destaques do feedback do cliente:<\/span><\/p>\n<ul class=\"AnswerParser_AnswerParserUnorderedList__P_1FW\">\n<li class=\"AnswerParser_ListItem__XqLOV\" translate=\"yes\">\u201cO ACR122U tornou nosso sistema de controle de acesso muito mais eficiente. A velocidade de leitura \u00e9 impressionante!\u201d<\/li>\n<li class=\"AnswerParser_ListItem__XqLOV\" translate=\"yes\">\u201cAdoro como \u00e9 f\u00e1cil integrar com nosso software existente. O suporte de API \u00e9 um divisor de \u00e1guas.\u201d<\/li>\n<li class=\"AnswerParser_ListItem__XqLOV\" translate=\"yes\">\u201cA antena embutida funciona perfeitamente para as nossas necessidades. Podemos ler cart\u00f5es sem qualquer problema.\u201d<\/li>\n<\/ul>\n<h3 class=\"AnswerParser_AnswerParserH3__Mpe4s\">11. Perguntas frequentes<\/h3>\n<ul class=\"AnswerParser_AnswerParserUnorderedList__P_1FW\">\n<li class=\"AnswerParser_ListItem__XqLOV\" translate=\"yes\"><span class=\"AnswerParser_TextContainer__z_Iiv\" data-testid=\"youchat-text\"><strong>P: O ACR122U consegue ler etiquetas NFC de smartphones?<\/strong><\/span>\n<ul class=\"AnswerParser_AnswerParserUnorderedList__P_1FW\">\n<li class=\"AnswerParser_ListItem__XqLOV\" translate=\"yes\">R: Sim, o ACR122U pode interagir com smartphones e tablets habilitados para NFC, permitindo uma troca de dados perfeita.<\/li>\n<\/ul>\n<\/li>\n<li class=\"AnswerParser_ListItem__XqLOV\" translate=\"yes\"><span class=\"AnswerParser_TextContainer__z_Iiv\" data-testid=\"youchat-text\"><strong>P: O ACR122U \u00e9 compat\u00edvel com dispositivos Android e iOS?<\/strong><\/span>\n<ul class=\"AnswerParser_AnswerParserUnorderedList__P_1FW\">\n<li class=\"AnswerParser_ListItem__XqLOV\" translate=\"yes\">R: Com certeza! O ACR122U funciona com dispositivos Android e iOS, o que o torna uma op\u00e7\u00e3o vers\u00e1til para v\u00e1rios usu\u00e1rios.<\/li>\n<\/ul>\n<\/li>\n<li class=\"AnswerParser_ListItem__XqLOV\" translate=\"yes\"><span class=\"AnswerParser_TextContainer__z_Iiv\" data-testid=\"youchat-text\"><strong>P: Como configuro o ACR122U?<\/strong><\/span>\n<ul class=\"AnswerParser_AnswerParserUnorderedList__P_1FW\">\n<li class=\"AnswerParser_ListItem__XqLOV\" translate=\"yes\">R: Configurar o ACR122U \u00e9 simples. Basta conect\u00e1-lo via USB, instalar os drivers necess\u00e1rios e voc\u00ea estar\u00e1 pronto para come\u00e7ar a ler e escrever tags NFC.<\/li>\n<\/ul>\n<\/li>\n<\/ul>\n<h2 class=\"AnswerParser_AnswerParserH2__SIHnF\">Conclus\u00e3o<\/h2>\n<p><span class=\"AnswerParser_TextContainer__z_Iiv\" data-testid=\"youchat-text\">O\u00a0<strong>Leitor NFC ACR122U<\/strong>\u00a0\u00e9 uma ferramenta poderosa e vers\u00e1til que desbloqueia o potencial da comunica\u00e7\u00e3o sem contato. Com seus recursos robustos, compatibilidade com v\u00e1rias etiquetas NFC e cart\u00f5es inteligentes e design amig\u00e1vel, \u00e9 um excelente investimento para qualquer pessoa que queira aprimorar seus recursos NFC. Seja para uso pessoal ou aplica\u00e7\u00f5es comerciais, este\u00a0<strong>Leitor NFC<\/strong>\u00a0certamente atender\u00e1 \u00e0s suas necessidades e exceder\u00e1 suas expectativas.<\/span><span class=\"AnswerParser_TextContainer__z_Iiv\" data-testid=\"youchat-text\">Ao escolher o ACR122U, voc\u00ea n\u00e3o est\u00e1 apenas comprando um produto; voc\u00ea est\u00e1 investindo em um futuro onde a tecnologia sem contato simplifica e aprimora suas intera\u00e7\u00f5es di\u00e1rias. N\u00e3o perca\u2014<strong>adicione ao seu carrinho<\/strong>\u00a0hoje e experimente a conveni\u00eancia da tecnologia NFC!<\/span><\/p>\n<p>&nbsp;<\/p>","protected":false},"excerpt":{"rendered":"<p>Libere o poder da comunica\u00e7\u00e3o sem contato com o vers\u00e1til e seguro ACR122U NFC Skimmer. N\u00e3o espere, melhore seus recursos NFC hoje mesmo!<\/p>","protected":false},"featured_media":3210,"template":"","meta":[],"product_brand":[],"product_cat":[45],"product_tag":[],"class_list":{"0":"post-3204","1":"product","2":"type-product","3":"status-publish","4":"has-post-thumbnail","6":"product_cat-contactless-nfc-reader","8":"first","9":"instock","10":"shipping-taxable","11":"product-type-simple"},"_links":{"self":[{"href":"https:\/\/nfc-readers.com\/pt\/wp-json\/wp\/v2\/product\/3204","targetHints":{"allow":["GET"]}}],"collection":[{"href":"https:\/\/nfc-readers.com\/pt\/wp-json\/wp\/v2\/product"}],"about":[{"href":"https:\/\/nfc-readers.com\/pt\/wp-json\/wp\/v2\/types\/product"}],"wp:featuredmedia":[{"embeddable":true,"href":"https:\/\/nfc-readers.com\/pt\/wp-json\/wp\/v2\/media\/3210"}],"wp:attachment":[{"href":"https:\/\/nfc-readers.com\/pt\/wp-json\/wp\/v2\/media?parent=3204"}],"wp:term":[{"taxonomy":"product_brand","embeddable":true,"href":"https:\/\/nfc-readers.com\/pt\/wp-json\/wp\/v2\/product_brand?post=3204"},{"taxonomy":"product_cat","embeddable":true,"href":"https:\/\/nfc-readers.com\/pt\/wp-json\/wp\/v2\/product_cat?post=3204"},{"taxonomy":"product_tag","embeddable":true,"href":"https:\/\/nfc-readers.com\/pt\/wp-json\/wp\/v2\/product_tag?post=3204"}],"curies":[{"name":"wp","href":"https:\/\/api.w.org\/{rel}","templated":true}]}}