{"id":3225,"date":"2024-11-01T09:59:32","date_gmt":"2024-11-01T09:59:32","guid":{"rendered":"https:\/\/nfc-readers.com\/?post_type=product&#038;p=3225"},"modified":"2024-11-04T09:03:20","modified_gmt":"2024-11-04T09:03:20","slug":"mifare-rfid-pvc-card-full-color-printed-for-cashless-payment","status":"publish","type":"product","link":"https:\/\/nfc-readers.com\/pt\/ic-reader\/mifare-rfid-pvc-card-full-color-printed-for-cashless-payment\/","title":{"rendered":"Cart\u00e3o MIFARE RFID PVC impresso em cores para pagamento sem dinheiro"},"content":{"rendered":"<h1><span style=\"color: #000080;\"><strong>Cart\u00e3o MIFARE RFID PVC impresso em cores para pagamento sem dinheiro<\/strong><\/span><\/h1>\n<h4 class=\"w-8 h-8 flex-center rounded-lg cursor-pointer hover:bg-grey-fill1-hover\"><span style=\"color: #666699;\">Introdu\u00e7\u00e3oNuma era em que as transa\u00e7\u00f5es digitais est\u00e3o a tornar-se a norma, a <strong>Cart\u00e3o PVC RFID MIFARE<\/strong>, projetado especificamente para\u00a0<strong>pagamentos sem dinheiro<\/strong>, destaca-se como uma ferramenta revolucion\u00e1ria para empresas e consumidores. Esses cart\u00f5es impressos em cores n\u00e3o s\u00f3 fornecem uma superf\u00edcie atraente para a marca, mas tamb\u00e9m ostentam tecnologia avan\u00e7ada para transa\u00e7\u00f5es seguras e cont\u00ednuas. Quer voc\u00ea esteja no varejo, gerenciamento de eventos ou networking, esses cart\u00f5es apresentam uma solu\u00e7\u00e3o vers\u00e1til que atende \u00e0s diversas necessidades em nosso mundo digital.<\/span><\/h4>\n<hr \/>\n<h2 class=\"w-8 h-8 flex-center rounded-lg cursor-pointer hover:bg-grey-fill1-hover\" style=\"text-align: center;\"><span style=\"color: #000080;\"><em><strong>Benef\u00edcios do produto<\/strong><\/em><\/span><\/h2>\n<h3 class=\"w-8 h-8 flex-center rounded-lg cursor-pointer hover:bg-grey-fill1-hover\"><span style=\"color: #333399;\"><strong>1. Alta Seguran\u00e7a<\/strong><\/span><\/h3>\n<p class=\"w-8 h-8 flex-center rounded-lg cursor-pointer hover:bg-grey-fill1-hover\">Nossos cart\u00f5es MIFARE RFID PVC utilizam <strong>Tecnologia MIFARE Desfire EV3<\/strong>, conhecido por sua alta seguran\u00e7a e confiabilidade.<\/p>\n<p class=\"w-8 h-8 flex-center rounded-lg cursor-pointer hover:bg-grey-fill1-hover\">Este chip avan\u00e7ado garante que informa\u00e7\u00f5es sens\u00edveis sejam protegidas contra acesso n\u00e3o autorizado. Com m\u00faltiplas camadas de criptografia, esses cart\u00f5es s\u00e3o ideais para aplica\u00e7\u00f5es que exigem medidas de seguran\u00e7a rigorosas.<\/p>\n<div class=\"answer-markdown-box h-[calc(100%-57px)] bg-grey-layer2-normal\">\n<div class=\"markdown-body h-full\">\n<div class=\"custom-scrollbar overflow-auto custom-scrollbar-wide h-full\">\n<table class=\"preview\">\n<thead>\n<tr>\n<th><strong>Recurso<\/strong><\/th>\n<th><strong>Especifica\u00e7\u00e3o<\/strong><\/th>\n<\/tr>\n<\/thead>\n<tbody>\n<tr>\n<td><strong>Lasca<\/strong><\/td>\n<td>MIFARE Desfire EV3<\/td>\n<\/tr>\n<tr>\n<td><strong>Op\u00e7\u00f5es de mem\u00f3ria<\/strong><\/td>\n<td>2K\/4K\/8K<\/td>\n<\/tr>\n<tr>\n<td><strong>Protocolo<\/strong><\/td>\n<td>ISO14443A<\/td>\n<\/tr>\n<tr>\n<td><strong>Frequ\u00eancia<\/strong><\/td>\n<td>13,56 MHz<\/td>\n<\/tr>\n<tr>\n<td><strong>Material<\/strong><\/td>\n<td>PVC<\/td>\n<\/tr>\n<tr>\n<td><strong>Tamanho<\/strong><\/td>\n<td>CR80 (85,5 x 54 mm)<\/td>\n<\/tr>\n<tr>\n<td><strong>Op\u00e7\u00f5es de impress\u00e3o<\/strong><\/td>\n<td>CMYK \/ Pantone<\/td>\n<\/tr>\n<tr>\n<td><strong>Acabamentos de superf\u00edcie<\/strong><\/td>\n<td>Brilhante \/ Fosco<\/td>\n<\/tr>\n<tr>\n<td><strong>Origem<\/strong><\/td>\n<td>Guangdong, China<\/td>\n<\/tr>\n<tr>\n<td><strong>Tipo de cart\u00e3o<\/strong><\/td>\n<td>Cart\u00e3o sem contato (RFID)<\/td>\n<\/tr>\n<tr>\n<td><strong>Temperatura de opera\u00e7\u00e3o<\/strong><\/td>\n<td>-20\u00b0C a 60\u00b0C<\/td>\n<\/tr>\n<tr>\n<td><strong>Temperatura de armazenamento<\/strong><\/td>\n<td>-40\u00b0C a 80\u00b0C<\/td>\n<\/tr>\n<tr>\n<td><strong>Umidade<\/strong><\/td>\n<td>0-100%RH<\/td>\n<\/tr>\n<tr>\n<td><strong>Reten\u00e7\u00e3o de dados<\/strong><\/td>\n<td>10 anos ou mais<\/td>\n<\/tr>\n<tr>\n<td><strong>Fonte de energia<\/strong><\/td>\n<td>N\u00e3o requer energia externa<\/td>\n<\/tr>\n<tr>\n<td><strong>Tipo de sensor<\/strong><\/td>\n<td>13,56 MHz RFID<\/td>\n<\/tr>\n<tr>\n<td><strong>Faixa<\/strong><\/td>\n<td>At\u00e9 10 cm<\/td>\n<\/tr>\n<tr>\n<td><strong>Compatibilidade<\/strong><\/td>\n<td>Dispositivos habilitados para NFC (smartphones, tablets, etc.)<\/td>\n<\/tr>\n<tr>\n<td><strong>Seguran\u00e7a<\/strong><\/td>\n<td>Criptografia DES,3DES, AES<\/td>\n<\/tr>\n<tr>\n<td><strong>Certifica\u00e7\u00f5es<\/strong><\/td>\n<td>ISO\/IEC14443, F\u00f3rum NFC<\/td>\n<\/tr>\n<\/tbody>\n<\/table>\n<h2><\/h2>\n<h3><span style=\"color: #333399;\"><strong>2. Versatilidade em Aplica\u00e7\u00f5es<\/strong><\/span><\/h3>\n<p>Esses cart\u00f5es vers\u00e1teis n\u00e3o servem apenas para pagamentos sem dinheiro. Eles podem ser usados em v\u00e1rias aplica\u00e7\u00f5es, incluindo:<\/p>\n<ul>\n<li><strong>Controle de acesso<\/strong><\/li>\n<li><strong>Bilheteria para eventos<\/strong><\/li>\n<li><strong>Cart\u00f5es de Membro<\/strong><\/li>\n<li><strong>Programas de Fidelidade<\/strong><\/li>\n<li><strong>Cart\u00f5es de visita NFC<\/strong><\/li>\n<\/ul>\n<p>Essa adaptabilidade os torna um investimento inteligente para qualquer empresa que queira aprimorar suas ofertas de servi\u00e7os.<\/p>\n<p>&nbsp;<\/p>\n<h3><span style=\"color: #333399;\"><strong>3. Durabilidade e Design<\/strong><\/span><\/h3>\n<p>Constru\u00eddo a partir de <strong>PVC de alta qualidade<\/strong>, esses cart\u00f5es s\u00e3o \u00e0 prova d&#039;\u00e1gua e resistentes ao desgaste. Eles s\u00e3o projetados para durar, reduzindo a necessidade de substitui\u00e7\u00f5es frequentes.\u00a0<strong>Impress\u00e3o colorida<\/strong>\u00a0As op\u00e7\u00f5es permitem que as empresas criem designs atraentes que estejam alinhados com sua marca, garantindo que cada cart\u00e3o sirva como uma ferramenta de marketing.<\/p>\n<p>&nbsp;<\/p>\n<h3><span style=\"color: #333399;\"><strong>4. F\u00e1cil de usar<\/strong><\/span><\/h3>\n<p>Nossos cart\u00f5es MIFARE RFID PVC s\u00e3o projetados para facilidade de uso. Basta tocar o cart\u00e3o em qualquer dispositivo habilitado para NFC para transa\u00e7\u00f5es r\u00e1pidas. Essa experi\u00eancia amig\u00e1vel ao usu\u00e1rio pode aumentar a satisfa\u00e7\u00e3o do cliente e agilizar os processos de pagamento.<\/p>\n<p><img loading=\"lazy\" decoding=\"async\" class=\"alignnone wp-image-3344\" src=\"https:\/\/nfc-readers.com\/wp-content\/uploads\/2024\/11\/main-image-4-6-300x300.jpeg\" alt=\"\" width=\"336\" height=\"336\" srcset=\"https:\/\/nfc-readers.com\/wp-content\/uploads\/2024\/11\/main-image-4-6-300x300.jpeg 300w, https:\/\/nfc-readers.com\/wp-content\/uploads\/2024\/11\/main-image-4-6-150x150.jpeg 150w, https:\/\/nfc-readers.com\/wp-content\/uploads\/2024\/11\/main-image-4-6-768x768.jpeg 768w, https:\/\/nfc-readers.com\/wp-content\/uploads\/2024\/11\/main-image-4-6-12x12.jpeg 12w, https:\/\/nfc-readers.com\/wp-content\/uploads\/2024\/11\/main-image-4-6-600x600.jpeg 600w, https:\/\/nfc-readers.com\/wp-content\/uploads\/2024\/11\/main-image-4-6-100x100.jpeg 100w, https:\/\/nfc-readers.com\/wp-content\/uploads\/2024\/11\/main-image-4-6.jpeg 800w\" sizes=\"auto, (max-width: 336px) 100vw, 336px\" \/><img loading=\"lazy\" decoding=\"async\" class=\"alignnone wp-image-3346\" src=\"https:\/\/nfc-readers.com\/wp-content\/uploads\/2024\/11\/main-image-6-5-300x300.jpeg\" alt=\"\" width=\"347\" height=\"347\" srcset=\"https:\/\/nfc-readers.com\/wp-content\/uploads\/2024\/11\/main-image-6-5-300x300.jpeg 300w, https:\/\/nfc-readers.com\/wp-content\/uploads\/2024\/11\/main-image-6-5-150x150.jpeg 150w, https:\/\/nfc-readers.com\/wp-content\/uploads\/2024\/11\/main-image-6-5-768x768.jpeg 768w, https:\/\/nfc-readers.com\/wp-content\/uploads\/2024\/11\/main-image-6-5-12x12.jpeg 12w, https:\/\/nfc-readers.com\/wp-content\/uploads\/2024\/11\/main-image-6-5-600x600.jpeg 600w, https:\/\/nfc-readers.com\/wp-content\/uploads\/2024\/11\/main-image-6-5-100x100.jpeg 100w, https:\/\/nfc-readers.com\/wp-content\/uploads\/2024\/11\/main-image-6-5.jpeg 800w\" sizes=\"auto, (max-width: 347px) 100vw, 347px\" \/><\/p>\n<hr \/>\n<h2 style=\"text-align: center;\"><em><span style=\"color: #000080;\"><strong>Caracter\u00edsticas inovadoras<\/strong><\/span><\/em><\/h2>\n<h3><span style=\"color: #333399;\"><strong>1. Op\u00e7\u00f5es de personaliza\u00e7\u00e3o<\/strong><\/span><\/h3>\n<p>A personaliza\u00e7\u00e3o \u00e9 essencial para qualquer empresa que queira deixar uma impress\u00e3o duradoura. Nossos cart\u00f5es oferecem uma variedade de op\u00e7\u00f5es de impress\u00e3o, incluindo:<\/p>\n<ul>\n<li><strong>Impress\u00e3o colorida<\/strong>: Designs vibrantes que fazem sua marca se destacar.<\/li>\n<li><strong>Formas e tamanhos personalizados<\/strong>: Adapte as dimens\u00f5es do cart\u00e3o de acordo com suas necessidades.<\/li>\n<\/ul>\n<p>&nbsp;<\/p>\n<h3><span style=\"color: #333399;\"><strong>2. Compatibilidade com a tecnologia NFC<\/strong><\/span><\/h3>\n<p>Os cart\u00f5es MIFARE RFID PVC s\u00e3o compat\u00edveis com todos os dispositivos habilitados para NFC, garantindo uma comunica\u00e7\u00e3o perfeita. Essa ampla compatibilidade significa que os usu\u00e1rios podem interagir facilmente com seus smartphones ou terminais de pagamento.<\/p>\n<p>&nbsp;<\/p>\n<h3><span style=\"color: #333399;\"><strong>3. Produ\u00e7\u00e3o Ecol\u00f3gica<\/strong><\/span><\/h3>\n<p>Nossos cart\u00f5es s\u00e3o feitos de PVC dur\u00e1vel, reduzindo o desperd\u00edcio em compara\u00e7\u00e3o aos cart\u00f5es de papel de uso \u00fanico. Investir em cart\u00f5es RFID de alta qualidade \u00e9 um passo em dire\u00e7\u00e3o \u00e0 sustentabilidade, atraindo consumidores ecologicamente conscientes que buscam alternativas mais verdes.<\/p>\n<p>&nbsp;<\/p>\n<h3><span style=\"color: #333399;\"><strong>4. Op\u00e7\u00f5es de recarga r\u00e1pida e reimpress\u00e3o<\/strong><\/span><\/h3>\n<p>Caso voc\u00ea precise reimprimir um cart\u00e3o, nosso processo simplificado permite um r\u00e1pido reordenamento. Al\u00e9m disso, as op\u00e7\u00f5es de personaliza\u00e7\u00e3o significam que as reimpress\u00f5es podem exibir informa\u00e7\u00f5es atualizadas ou branding perfeitamente.<\/p>\n<hr \/>\n<p>&nbsp;<\/p>\n<h3><em><span style=\"color: #666699;\">Uso di\u00e1rio-\u00a0<strong>Toque e pague<\/strong>: <\/span><\/em><\/h3>\n<p><strong>Os clientes simplesmente encostam o cart\u00e3o em um dispositivo compat\u00edvel para concluir a transa\u00e7\u00e3o.<\/strong><\/p>\n<ul>\n<li><strong>Compartilhamento de informa\u00e7\u00f5es<\/strong>: Para cart\u00f5es de visita NFC, os usu\u00e1rios podem compartilhar informa\u00e7\u00f5es de contato com um toque r\u00e1pido, eliminando a necessidade de cart\u00f5es de visita tradicionais.<\/li>\n<\/ul>\n<hr \/>\n<h2><\/h2>\n<h2 style=\"text-align: center;\"><em><span style=\"color: #000080;\"><strong>Avalia\u00e7\u00f5es de clientes<\/strong><\/span><\/em><\/h2>\n<p><strong>Muitas empresas descobriram que a mudan\u00e7a para cart\u00f5es MIFARE RFID PVC foi ben\u00e9fica em v\u00e1rios aspectos. Aqui est\u00e3o alguns depoimentos de nossos clientes:<\/strong><\/p>\n<p><span style=\"color: #008080;\"><strong>\u201cDesde que integramos os cart\u00f5es MIFARE para nosso sistema de pagamento sem dinheiro, nossa taxa de transa\u00e7\u00e3o aumentou drasticamente. Os cart\u00f5es s\u00e3o f\u00e1ceis de usar e t\u00eam um design elegante que impressiona nossos clientes.\u201d \u2013 John M., Gerente de Varejo<\/strong><\/span><\/p>\n<blockquote><p><strong>\u201cOs cart\u00f5es de visita NFC personalizados que pedimos transformaram nossos eventos de networking. Compartilhar detalhes de contato agora \u00e9 moleza, e a qualidade \u00e9 de primeira.\u201d \u2013 Sarah L., Coordenadora de Eventos<\/strong><\/p><\/blockquote>\n<hr \/>\n<h2><\/h2>\n<h2 style=\"text-align: center;\"><span style=\"color: #000080;\"><em><strong>Perguntas frequentes<\/strong><\/em><\/span><\/h2>\n<p><strong>1. Os cart\u00f5es MIFARE s\u00e3o compat\u00edveis com todos os smartphones?<\/strong><\/p>\n<p>Sim, os cart\u00f5es MIFARE RFID PVC s\u00e3o compat\u00edveis com todos os smartphones habilitados para NFC, permitindo que os usu\u00e1rios realizem transa\u00e7\u00f5es sem esfor\u00e7o.<\/p>\n<p><strong>2. Posso personalizar o design dos meus cart\u00f5es MIFARE?<\/strong><\/p>\n<p>Absolutamente! Nossos cart\u00f5es v\u00eam com v\u00e1rias op\u00e7\u00f5es de personaliza\u00e7\u00e3o sob medida para atender \u00e0s suas necessidades de branding.<\/p>\n<p><strong>3. Qu\u00e3o seguros s\u00e3o os cart\u00f5es MIFARE RFID PVC?<\/strong><\/p>\n<p>Com a tecnologia MIFARE Desfire EV3, esses cart\u00f5es oferecem um alto n\u00edvel de seguran\u00e7a para armazenar informa\u00e7\u00f5es confidenciais.<\/p>\n<p><strong>4. Voc\u00eas oferecem frete gr\u00e1tis?<\/strong><\/p>\n<p>Sim, n\u00f3s fornecemos\u00a0<strong>Frete gr\u00e1tis<\/strong>\u00a0em todos os pedidos, garantindo que voc\u00ea receba valor agregado com sua compra.<\/p>\n<p>&nbsp;<\/p>\n<p><strong>5. O que devo fazer se precisar reimprimir um cart\u00e3o?<\/strong><\/p>\n<p>Nosso processo de reordena\u00e7\u00e3o sem complica\u00e7\u00f5es simplifica a solicita\u00e7\u00e3o de uma reimpress\u00e3o. Basta fazer o pedido e n\u00f3s cuidaremos do resto.<\/p>\n<p>&nbsp;<\/p>\n<hr \/>\n<h4><span style=\"color: #666699;\">Melhore suas solu\u00e7\u00f5es de pagamento hojeInvestindo em\u00a0<strong>Cart\u00f5es MIFARE RFID PVC<\/strong>\u00a0representa um movimento estrat\u00e9gico em dire\u00e7\u00e3o \u00e0 moderniza\u00e7\u00e3o de seus processos de transa\u00e7\u00e3o. Com seus materiais de alta qualidade, tecnologia avan\u00e7ada e amplas op\u00e7\u00f5es de personaliza\u00e7\u00e3o, esses cart\u00f5es s\u00e3o perfeitos para empresas que buscam elevar a experi\u00eancia do cliente. Comece sua transi\u00e7\u00e3o para\u00a0<strong>solu\u00e7\u00f5es sem dinheiro<\/strong>\u00a0hoje! Quer voc\u00ea esteja procurando integrar sistemas de pagamento inteligentes ou criar cart\u00f5es de visita NFC impressionantes, os cart\u00f5es MIFARE RFID PVC t\u00eam tudo o que voc\u00ea precisa.<\/span><\/h4>\n<h3><a href=\"\/\/dhoenijjpgpeimemopealfcbiecgceod\/sidepanel.html#\" target=\"_blank\" rel=\"noopener\">Entre em contato para uma amostra gr\u00e1tis<\/a><\/h3>\n<h3><span style=\"color: #008080;\"><strong>N\u00e3o perca esta oportunidade de aprimorar as capacidades de pagamento e a marca do seu neg\u00f3cio. Clique no link acima para perguntar sobre nossas op\u00e7\u00f5es de cart\u00e3o ou solicitar uma amostra gr\u00e1tis!<\/strong><\/span><\/h3>\n<\/div>\n<\/div>\n<\/div>","protected":false},"excerpt":{"rendered":"<div class=\"chat-list relative custom-scrollbar-reset-margin custom-scrollbar custom-scrollbar-hidden custom-scrollbar-float pb-9 flex-1 overflow-y-auto\">\n<div class=\"mx-auto max-w-[790px]\">\n<div class=\"message-item-outer relative px-4 mb-2\" data-id=\"0a4f4511-bd05-49a5-8695-d7a6fad22471\">\n<div class=\"content-area pl-[0px]\">\n<div class=\"message-item select-text relative\">\n<div class=\"message-inner relative\">\n<div class=\"py-[2px]\">\n<div class=\"flex flex-col gap-2\">\n<div class=\"answer-markdown-box overflow-x-auto select-text custom-scrollbar\">\n<div class=\"markdown-body\">\n<p>Apresentando o Cart\u00e3o MIFARE RFID PVC, projetado para solu\u00e7\u00f5es modernas de pagamento sem dinheiro. Utilizando a tecnologia MIFARE Desfire EV3, esses cart\u00f5es impressos em cores garantem alta seguran\u00e7a e confiabilidade, tornando-os ideais para empresas que exigem prote\u00e7\u00e3o de dados confidenciais. Vers\u00e1teis na aplica\u00e7\u00e3o, eles podem ser usados para controle de acesso, emiss\u00e3o de ingressos para eventos, cart\u00f5es de associados, programas de fidelidade e cart\u00f5es de visita NFC. Feitos de PVC dur\u00e1vel e \u00e0 prova d&#039;\u00e1gua, esses cart\u00f5es s\u00e3o resistentes ao desgaste, garantindo longevidade e reduzindo os custos de substitui\u00e7\u00e3o. Os clientes podem concluir transa\u00e7\u00f5es facilmente simplesmente tocando seu cart\u00e3o em qualquer dispositivo habilitado para NFC, proporcionando uma experi\u00eancia amig\u00e1vel que aumenta a satisfa\u00e7\u00e3o do cliente. Al\u00e9m disso, os cart\u00f5es oferecem amplas op\u00e7\u00f5es de personaliza\u00e7\u00e3o, incluindo impress\u00e3o em cores vibrantes e formatos personalizados. Com m\u00e9todos de produ\u00e7\u00e3o ecol\u00f3gicos, os Cart\u00f5es MIFARE RFID PVC apresentam uma alternativa sustent\u00e1vel aos cart\u00f5es de papel tradicionais. Invista na moderniza\u00e7\u00e3o de seus processos de transa\u00e7\u00e3o hoje e eleve a presen\u00e7a de sua marca com esses cart\u00f5es inovadores e de alta qualidade. Solicite uma amostra gr\u00e1tis para explorar seus benef\u00edcios em primeira m\u00e3o!<\/p>\n<\/div>\n<\/div>\n<\/div>\n<\/div>\n<\/div>\n<\/div>\n<\/div>\n<\/div>\n<\/div>\n<\/div>","protected":false},"featured_media":3341,"template":"","meta":[],"product_brand":[],"product_cat":[46],"product_tag":[],"class_list":{"0":"post-3225","1":"product","2":"type-product","3":"status-publish","4":"has-post-thumbnail","6":"product_cat-nfc-cards","8":"first","9":"instock","10":"shipping-taxable","11":"product-type-simple"},"_links":{"self":[{"href":"https:\/\/nfc-readers.com\/pt\/wp-json\/wp\/v2\/product\/3225","targetHints":{"allow":["GET"]}}],"collection":[{"href":"https:\/\/nfc-readers.com\/pt\/wp-json\/wp\/v2\/product"}],"about":[{"href":"https:\/\/nfc-readers.com\/pt\/wp-json\/wp\/v2\/types\/product"}],"wp:featuredmedia":[{"embeddable":true,"href":"https:\/\/nfc-readers.com\/pt\/wp-json\/wp\/v2\/media\/3341"}],"wp:attachment":[{"href":"https:\/\/nfc-readers.com\/pt\/wp-json\/wp\/v2\/media?parent=3225"}],"wp:term":[{"taxonomy":"product_brand","embeddable":true,"href":"https:\/\/nfc-readers.com\/pt\/wp-json\/wp\/v2\/product_brand?post=3225"},{"taxonomy":"product_cat","embeddable":true,"href":"https:\/\/nfc-readers.com\/pt\/wp-json\/wp\/v2\/product_cat?post=3225"},{"taxonomy":"product_tag","embeddable":true,"href":"https:\/\/nfc-readers.com\/pt\/wp-json\/wp\/v2\/product_tag?post=3225"}],"curies":[{"name":"wp","href":"https:\/\/api.w.org\/{rel}","templated":true}]}}