{"id":3241,"date":"2024-10-30T12:36:28","date_gmt":"2024-10-30T12:36:28","guid":{"rendered":"https:\/\/nfc-readers.com\/?post_type=product&#038;p=3241"},"modified":"2024-10-30T12:36:28","modified_gmt":"2024-10-30T12:36:28","slug":"iso11784-5-125khz-tk4100-waterproof-smart-rfid-key-fob","status":"publish","type":"product","link":"https:\/\/nfc-readers.com\/pt\/ic-reader\/iso11784-5-125khz-tk4100-waterproof-smart-rfid-key-fob\/","title":{"rendered":"ISO11784\/5 125Khz TK4100 Chaveiro RFID inteligente \u00e0 prova d&#039;\u00e1gua"},"content":{"rendered":"<h1 style=\"text-align: center;\"><strong>ISO11784\/5 125Khz TK4100 Chaveiro RFID inteligente \u00e0 prova d&#039;\u00e1gua<\/strong><\/h1>\n<p>O <strong>ISO11784\/5 125KHz TK4100 Chave RFID Inteligente \u00c0 Prova D&#039;\u00c1gua Fob<\/strong>\u00a0representa o auge das solu\u00e7\u00f5es modernas de controle de acesso, combinando tecnologia avan\u00e7ada com design dur\u00e1vel para oferecer uma maneira confi\u00e1vel e eficiente de gerenciar pontos de entrada seguros. Com suas capacidades \u00e0 prova d&#039;\u00e1gua e tamanho compacto, este chaveiro RFID n\u00e3o \u00e9 apenas pr\u00e1tico, mas tamb\u00e9m essencial para v\u00e1rias aplica\u00e7\u00f5es. Seja para um ambiente seguro em um hotel, pr\u00e9dio de escrit\u00f3rios ou uso pessoal, este chaveiro RFID fornece autentica\u00e7\u00e3o e identifica\u00e7\u00e3o superiores com o m\u00ednimo de aborrecimento.<\/p>\n<p>&nbsp;<\/p>\n<h3><strong>Por que escolher o chaveiro RFID TK4100?<\/strong><\/h3>\n<p>&nbsp;<\/p>\n<p>Investir no chaveiro RFID TK4100 significa proteger seu ambiente com tecnologia de ponta projetada para suportar os desafios do uso di\u00e1rio. O design \u00e0 prova d&#039;\u00e1gua e de intemp\u00e9ries garante que o chaveiro permane\u00e7a confi\u00e1vel em qualquer condi\u00e7\u00e3o, tornando-o uma escolha ideal para aplica\u00e7\u00f5es internas e externas. Sua constru\u00e7\u00e3o leve em ABS, personaliz\u00e1vel com serigrafia e grava\u00e7\u00e3o a laser, permite personaliza\u00e7\u00e3o, mantendo a funcionalidade. A natureza passiva do chaveiro garante baixa manuten\u00e7\u00e3o e uma longa vida \u00fatil, tornando-o uma solu\u00e7\u00e3o econ\u00f4mica para acessar \u00e1reas restritas.<\/p>\n<p>&nbsp;<\/p>\n<h3><strong>Vis\u00e3o geral do produto<\/strong><\/h3>\n<p>&nbsp;<\/p>\n<p>O chaveiro RFID TK4100 opera em uma frequ\u00eancia de\u00a0<strong>125KHz<\/strong>, aderindo ao\u00a0<strong>Norma ISO 11784\/5<\/strong>\u00a0padr\u00f5es para sistemas de identifica\u00e7\u00e3o, tornando-o compat\u00edvel com v\u00e1rios leitores RFID e sistemas de controle de acesso. Este chaveiro \u00e9 projetado para efici\u00eancia, apresentando um tamanho compacto de\u00a0<strong>41*32mm<\/strong>, combinado com uma variedade de op\u00e7\u00f5es de cores, incluindo amarelo, azul, vermelho, preto e verde. Com um peso de apenas\u00a0<strong>5-8 g<\/strong>, este design leve garante conforto e facilidade ao usu\u00e1rio durante o uso di\u00e1rio.<\/p>\n<p>&nbsp;<\/p>\n<h3><strong>Principais caracter\u00edsticas do chaveiro RFID TK4100<\/strong><\/h3>\n<h3>Interface de comunica\u00e7\u00e3o RFID<\/h3>\n<p>A etiqueta TK4100 utiliza\u00a0<strong>RFID<\/strong>\u00a0tecnologia para comunica\u00e7\u00e3o eficaz. O design passivo significa que ele n\u00e3o requer uma fonte de energia interna; em vez disso, ele extrai energia do sinal do leitor RFID. Essa caracter\u00edstica n\u00e3o apenas estende a vida \u00fatil da etiqueta, mas tamb\u00e9m reduz a necessidade de manuten\u00e7\u00e3o regular, tornando-a uma escolha conveniente para empresas e indiv\u00edduos.<\/p>\n<p><strong>Benef\u00edcios<\/strong>:<\/p>\n<ul>\n<li><strong>Baixa manuten\u00e7\u00e3o<\/strong>: A tecnologia RFID passiva significa que n\u00e3o h\u00e1 necessidade de substitui\u00e7\u00e3o de baterias.<\/li>\n<li><strong>Design dur\u00e1vel<\/strong>: Resistente a fatores ambientais externos gra\u00e7as \u00e0s capacidades \u00e0 prova d&#039;\u00e1gua.<\/li>\n<\/ul>\n<h3>\u00c0 prova d&#039;\u00e1gua e de intemp\u00e9ries<\/h3>\n<p>Provavelmente uma das caracter\u00edsticas mais marcantes do chaveiro RFID TK4100 \u00e9 sua\u00a0<strong>imperme\u00e1vel<\/strong>\u00a0e\u00a0<strong>\u00e0 prova de intemp\u00e9ries<\/strong>\u00a0constru\u00e7\u00e3o. Seja usado em um ambiente \u00famido ou exposto a condi\u00e7\u00f5es clim\u00e1ticas adversas, este chaveiro permanece funcional.<\/p>\n<p><strong>Benef\u00edcios<\/strong>:<\/p>\n<ul>\n<li><strong>Confiabilidade em todas as condi\u00e7\u00f5es<\/strong>: Garanta que o controle de acesso permane\u00e7a eficaz em ambientes internos e externos.<\/li>\n<li><strong>Maior vida \u00fatil<\/strong>: Desgaste reduzido em compara\u00e7\u00e3o com alternativas n\u00e3o resistentes \u00e0 \u00e1gua.<\/li>\n<\/ul>\n<h3>Design compacto e leve<\/h3>\n<p>Com dimens\u00f5es de\u00a0<strong>41*32mm<\/strong>\u00a0e um peso de apenas\u00a0<strong>5-8 g<\/strong>, o chaveiro TK4100 foi projetado para m\u00e1xima portabilidade. Este tamanho ergon\u00f4mico e peso permitem que os usu\u00e1rios o carreguem convenientemente sem volume adicional, tornando-o f\u00e1cil de prender em chaveiros ou bolsas.<\/p>\n<p><strong>Benef\u00edcios<\/strong>:<\/p>\n<ul>\n<li><strong>Facilidade de uso<\/strong>: Obstru\u00e7\u00e3o m\u00ednima durante o transporte, adequado para usu\u00e1rios di\u00e1rios.<\/li>\n<li><strong>Op\u00e7\u00f5es de fixa\u00e7\u00e3o vers\u00e1teis<\/strong>: Compat\u00edvel com diversas solu\u00e7\u00f5es de transporte, de chaveiros a cord\u00f5es.<\/li>\n<\/ul>\n<p>&nbsp;<\/p>\n<table class=\"preview\" style=\"height: 195px;\" width=\"557\">\n<thead>\n<tr>\n<th>Especifica\u00e7\u00e3o<\/th>\n<th>Descri\u00e7\u00e3o<\/th>\n<\/tr>\n<\/thead>\n<tbody>\n<tr>\n<td><strong>Frequ\u00eancia<\/strong><\/td>\n<td>125KHz<\/td>\n<\/tr>\n<tr>\n<td><strong>Material<\/strong><\/td>\n<td>abd\u00f4men<\/td>\n<\/tr>\n<tr>\n<td><strong>Op\u00e7\u00f5es de tamanho<\/strong><\/td>\n<td>41<em>32 mm, 25<\/em>34,5 mm, 32<em>52 mm, 31<\/em>42 mm, 30,5*37,5 mm<\/td>\n<\/tr>\n<tr>\n<td><strong>Peso<\/strong><\/td>\n<td>5-8 g\/pe\u00e7as<\/td>\n<\/tr>\n<tr>\n<td><strong>Op\u00e7\u00f5es de impress\u00e3o<\/strong><\/td>\n<td>Serigrafia, logotipo gravado a laser<\/td>\n<\/tr>\n<tr>\n<td><strong>Outras caracter\u00edsticas<\/strong><\/td>\n<td>Personalizado com logotipo, n\u00famero de s\u00e9rie, c\u00f3digo HID<\/td>\n<\/tr>\n<\/tbody>\n<\/table>\n<p>&nbsp;<\/p>","protected":false},"excerpt":{"rendered":"<p>O ISO11784\/5 125KHz TK4100 Waterproof Smart RFID Key Fob oferece controle de acesso confi\u00e1vel em v\u00e1rios ambientes. Seu design dur\u00e1vel e \u00e0 prova d&#039;\u00e1gua garante desempenho duradouro.<\/p>","protected":false},"featured_media":3242,"template":"","meta":[],"product_brand":[],"product_cat":[49],"product_tag":[],"class_list":{"0":"post-3241","1":"product","2":"type-product","3":"status-publish","4":"has-post-thumbnail","6":"product_cat-nfc-key-fobs","8":"first","9":"instock","10":"shipping-taxable","11":"product-type-simple"},"_links":{"self":[{"href":"https:\/\/nfc-readers.com\/pt\/wp-json\/wp\/v2\/product\/3241","targetHints":{"allow":["GET"]}}],"collection":[{"href":"https:\/\/nfc-readers.com\/pt\/wp-json\/wp\/v2\/product"}],"about":[{"href":"https:\/\/nfc-readers.com\/pt\/wp-json\/wp\/v2\/types\/product"}],"wp:featuredmedia":[{"embeddable":true,"href":"https:\/\/nfc-readers.com\/pt\/wp-json\/wp\/v2\/media\/3242"}],"wp:attachment":[{"href":"https:\/\/nfc-readers.com\/pt\/wp-json\/wp\/v2\/media?parent=3241"}],"wp:term":[{"taxonomy":"product_brand","embeddable":true,"href":"https:\/\/nfc-readers.com\/pt\/wp-json\/wp\/v2\/product_brand?post=3241"},{"taxonomy":"product_cat","embeddable":true,"href":"https:\/\/nfc-readers.com\/pt\/wp-json\/wp\/v2\/product_cat?post=3241"},{"taxonomy":"product_tag","embeddable":true,"href":"https:\/\/nfc-readers.com\/pt\/wp-json\/wp\/v2\/product_tag?post=3241"}],"curies":[{"name":"wp","href":"https:\/\/api.w.org\/{rel}","templated":true}]}}